{"id":230078,"date":"2022-09-04T18:30:44","date_gmt":"2022-09-04T16:30:44","guid":{"rendered":"https:\/\/suwine.at\/?post_type=product&#038;p=230078"},"modified":"2026-03-30T10:25:47","modified_gmt":"2026-03-30T08:25:47","slug":"istrische-salami-mit-trueffeln-2","status":"publish","type":"product","link":"https:\/\/suwine.at\/hr\/produkt\/istrische-salami-mit-trueffeln-2\/","title":{"rendered":"Istrische Salami mit Tr\u00fcffeln"},"content":{"rendered":"<h2 style=\"font-weight: 400\">Handwerk und Tradition sind bei dieser Delikatesse wahrlich \u201ekostbar\u201c.<\/h2>\n<p style=\"font-weight: 400\">Luftgetrocknete Salami aus Istrien, nur die besten heimischen Zutaten werden verwendet. Tr\u00fcffel sind ein weithin bekanntes gastronomisches Gut in Istrien, das nur wenige Menschen gleichg\u00fcltig lassen wird. Der reiche Geschmack der istrischen Wurst macht sie zu einer beliebten Wahl und zu einer echten Delikatesse, die Sie Ihrer Familie und Ihren Freunden immer gerne servieren werden.<\/p>\n<p style=\"font-weight: 400\">Diese Salami ist sozusagen die Visitenkarte unserer Salami Produktion.<\/p>\n<p style=\"font-weight: 400\">Im Gegensatz zu herk\u00f6mmlichen Salamis werden in unserer Produktion ganze Fleischst\u00fccke verwendet und nach dem traditionellen Rezept, welches \u00fcber Generationen weitergegeben worden ist, hergestellt. Dieses Herstellungsverfahren wissen wird bis heute noch zu sch\u00e4tzen und zu lieben.<\/p>\n<p style=\"font-weight: 400\">Das gewisse Etwas bei dieser Salami ist ganz bestimmt die Lagerung\u00a0 und einmonatige Reifung, welche in alten istrischen Trockensteingem\u00e4uern erfolgt. Die Meeresluft und die k\u00fchlen Winde des U\u010dka Gebirges sorgen f\u00fcr die besten und einzigartigsten Konditionen.<\/p>\n<p style=\"font-weight: 400\">Die Textur ist knackig und zart, die Balance mit den Tr\u00fcffeln schreit nach mehr.<\/p>\n<p style=\"font-weight: 400\">Genusstipp: Blaufr\u00e4nkisch mit seiner dunklen Frucht und dem angenehmen Tannin- S\u00e4ure- Spiel l\u00e4sst die Salami w\u00f6rtlich im Mund schmelzen. Ein Blanc de Blancs Brut Champagne w\u00e4re definitiv ein prickelnder Kick.<\/p>\n<p style=\"font-weight: 400\"><strong>Inhalt: 200 Gramm<\/strong><br \/>\n<em>Luftdicht verpackt (vakuumiert)<\/em><\/p>\n<span class=\"et_bloom_bottom_trigger\"><\/span>","protected":false},"excerpt":{"rendered":"<p>Die Textur ist knackig und zart, die Balance mit den Tr\u00fcffeln schreit nach mehr.<\/p>\n","protected":false},"featured_media":231625,"template":"","meta":{"_et_pb_use_builder":"","_et_pb_old_content":"","_et_gb_content_width":""},"product_brand":[],"product_cat":[48],"product_tag":[66,810,824,62],"class_list":{"0":"post-230078","1":"product","2":"type-product","3":"status-publish","4":"has-post-thumbnail","6":"product_cat-genius-tartufi","7":"product_tag-salami","8":"product_tag-trueffelsalami","9":"product_tag-genussempfehlung-2210","10":"product_tag-trueffel","12":"first","13":"outofstock","14":"taxable","15":"shipping-taxable","16":"purchasable","17":"product-type-simple"},"yoast_head":"<!-- This site is optimized with the Yoast SEO plugin v27.2 - https:\/\/yoast.com\/product\/yoast-seo-wordpress\/ -->\n<title>Istrische Salami mit Tr\u00fcffeln - Suwine - Suwi Zlatic<\/title>\n<meta name=\"description\" content=\"Handwerk und Tradition sind bei dieser Delikatesse wahrlich \u201ekostbar\u201c. Die Textur ist knackig und zart, die Balance mit den Tr\u00fcffeln schreit nach mehr.\" \/>\n<meta name=\"robots\" content=\"index, follow, max-snippet:-1, max-image-preview:large, max-video-preview:-1\" \/>\n<link rel=\"canonical\" href=\"https:\/\/suwine.at\/hr\/produkt\/istrische-salami-mit-trueffeln-2\/\" \/>\n<meta property=\"og:locale\" content=\"hr_HR\" \/>\n<meta property=\"og:type\" content=\"article\" \/>\n<meta property=\"og:title\" content=\"Istrische Salami mit Tr\u00fcffeln - Suwine - Suwi Zlatic\" \/>\n<meta property=\"og:description\" content=\"Handwerk und Tradition sind bei dieser Delikatesse wahrlich \u201ekostbar\u201c. Die Textur ist knackig und zart, die Balance mit den Tr\u00fcffeln schreit nach mehr.\" \/>\n<meta property=\"og:url\" content=\"https:\/\/suwine.at\/hr\/produkt\/istrische-salami-mit-trueffeln-2\/\" \/>\n<meta property=\"og:site_name\" content=\"Suwine - Suwi Zlatic\" \/>\n<meta property=\"article:modified_time\" content=\"2026-03-30T08:25:47+00:00\" \/>\n<meta property=\"og:image\" content=\"https:\/\/suwine.at\/wp-content\/uploads\/2022\/01\/CF055238.jpg\" \/>\n\t<meta property=\"og:image:width\" content=\"1000\" \/>\n\t<meta property=\"og:image:height\" content=\"1000\" \/>\n\t<meta property=\"og:image:type\" content=\"image\/jpeg\" \/>\n<meta name=\"twitter:card\" content=\"summary_large_image\" \/>\n<meta name=\"twitter:label1\" content=\"Procijenjeno vrijeme \u010ditanja\" \/>\n\t<meta name=\"twitter:data1\" content=\"2 minute\" \/>\n<script type=\"application\/ld+json\" class=\"yoast-schema-graph\">{\"@context\":\"https:\/\/schema.org\",\"@graph\":[{\"@type\":\"WebPage\",\"@id\":\"https:\/\/suwine.at\/hr\/produkt\/istrische-salami-mit-trueffeln-2\/\",\"url\":\"https:\/\/suwine.at\/hr\/produkt\/istrische-salami-mit-trueffeln-2\/\",\"name\":\"Istrische Salami mit Tr\u00fcffeln - Suwine - Suwi Zlatic\",\"isPartOf\":{\"@id\":\"https:\/\/suwine.at\/hr\/#website\"},\"primaryImageOfPage\":{\"@id\":\"https:\/\/suwine.at\/hr\/produkt\/istrische-salami-mit-trueffeln-2\/#primaryimage\"},\"image\":{\"@id\":\"https:\/\/suwine.at\/hr\/produkt\/istrische-salami-mit-trueffeln-2\/#primaryimage\"},\"thumbnailUrl\":\"https:\/\/suwine.at\/wp-content\/uploads\/2022\/01\/CF055238.jpg\",\"datePublished\":\"2022-09-04T16:30:44+00:00\",\"dateModified\":\"2026-03-30T08:25:47+00:00\",\"description\":\"Handwerk und Tradition sind bei dieser Delikatesse wahrlich \u201ekostbar\u201c. Die Textur ist knackig und zart, die Balance mit den Tr\u00fcffeln schreit nach mehr.\",\"breadcrumb\":{\"@id\":\"https:\/\/suwine.at\/hr\/produkt\/istrische-salami-mit-trueffeln-2\/#breadcrumb\"},\"inLanguage\":\"hr\",\"potentialAction\":[{\"@type\":\"ReadAction\",\"target\":[\"https:\/\/suwine.at\/hr\/produkt\/istrische-salami-mit-trueffeln-2\/\"]}]},{\"@type\":\"ImageObject\",\"inLanguage\":\"hr\",\"@id\":\"https:\/\/suwine.at\/hr\/produkt\/istrische-salami-mit-trueffeln-2\/#primaryimage\",\"url\":\"https:\/\/suwine.at\/wp-content\/uploads\/2022\/01\/CF055238.jpg\",\"contentUrl\":\"https:\/\/suwine.at\/wp-content\/uploads\/2022\/01\/CF055238.jpg\",\"width\":1000,\"height\":1000,\"caption\":\"salami mit Tr\u00fcffel\"},{\"@type\":\"BreadcrumbList\",\"@id\":\"https:\/\/suwine.at\/hr\/produkt\/istrische-salami-mit-trueffeln-2\/#breadcrumb\",\"itemListElement\":[{\"@type\":\"ListItem\",\"position\":1,\"name\":\"Startseite\",\"item\":\"https:\/\/suwine.at\/hr\/\"},{\"@type\":\"ListItem\",\"position\":2,\"name\":\"Shop\",\"item\":\"https:\/\/suwine.at\/shop\/\"},{\"@type\":\"ListItem\",\"position\":3,\"name\":\"Istrische Salami mit Tr\u00fcffeln\"}]},{\"@type\":\"WebSite\",\"@id\":\"https:\/\/suwine.at\/hr\/#website\",\"url\":\"https:\/\/suwine.at\/hr\/\",\"name\":\"Suwine - Suwi Zlatic\",\"description\":\"Sommelier | Gourmet Play Store | Consulting\",\"potentialAction\":[{\"@type\":\"SearchAction\",\"target\":{\"@type\":\"EntryPoint\",\"urlTemplate\":\"https:\/\/suwine.at\/hr\/?s={search_term_string}\"},\"query-input\":{\"@type\":\"PropertyValueSpecification\",\"valueRequired\":true,\"valueName\":\"search_term_string\"}}],\"inLanguage\":\"hr\"}]}<\/script>\n<!-- \/ Yoast SEO plugin. -->","yoast_head_json":{"title":"Istrische Salami mit Tr\u00fcffeln - Suwine - Suwi Zlatic","description":"Handwerk und Tradition sind bei dieser Delikatesse wahrlich \u201ekostbar\u201c. Die Textur ist knackig und zart, die Balance mit den Tr\u00fcffeln schreit nach mehr.","robots":{"index":"index","follow":"follow","max-snippet":"max-snippet:-1","max-image-preview":"max-image-preview:large","max-video-preview":"max-video-preview:-1"},"canonical":"https:\/\/suwine.at\/hr\/produkt\/istrische-salami-mit-trueffeln-2\/","og_locale":"hr_HR","og_type":"article","og_title":"Istrische Salami mit Tr\u00fcffeln - Suwine - Suwi Zlatic","og_description":"Handwerk und Tradition sind bei dieser Delikatesse wahrlich \u201ekostbar\u201c. Die Textur ist knackig und zart, die Balance mit den Tr\u00fcffeln schreit nach mehr.","og_url":"https:\/\/suwine.at\/hr\/produkt\/istrische-salami-mit-trueffeln-2\/","og_site_name":"Suwine - Suwi Zlatic","article_modified_time":"2026-03-30T08:25:47+00:00","og_image":[{"width":1000,"height":1000,"url":"https:\/\/suwine.at\/wp-content\/uploads\/2022\/01\/CF055238.jpg","type":"image\/jpeg"}],"twitter_card":"summary_large_image","twitter_misc":{"Procijenjeno vrijeme \u010ditanja":"2 minute"},"schema":{"@context":"https:\/\/schema.org","@graph":[{"@type":"WebPage","@id":"https:\/\/suwine.at\/hr\/produkt\/istrische-salami-mit-trueffeln-2\/","url":"https:\/\/suwine.at\/hr\/produkt\/istrische-salami-mit-trueffeln-2\/","name":"Istrische Salami mit Tr\u00fcffeln - Suwine - Suwi Zlatic","isPartOf":{"@id":"https:\/\/suwine.at\/hr\/#website"},"primaryImageOfPage":{"@id":"https:\/\/suwine.at\/hr\/produkt\/istrische-salami-mit-trueffeln-2\/#primaryimage"},"image":{"@id":"https:\/\/suwine.at\/hr\/produkt\/istrische-salami-mit-trueffeln-2\/#primaryimage"},"thumbnailUrl":"https:\/\/suwine.at\/wp-content\/uploads\/2022\/01\/CF055238.jpg","datePublished":"2022-09-04T16:30:44+00:00","dateModified":"2026-03-30T08:25:47+00:00","description":"Handwerk und Tradition sind bei dieser Delikatesse wahrlich \u201ekostbar\u201c. Die Textur ist knackig und zart, die Balance mit den Tr\u00fcffeln schreit nach mehr.","breadcrumb":{"@id":"https:\/\/suwine.at\/hr\/produkt\/istrische-salami-mit-trueffeln-2\/#breadcrumb"},"inLanguage":"hr","potentialAction":[{"@type":"ReadAction","target":["https:\/\/suwine.at\/hr\/produkt\/istrische-salami-mit-trueffeln-2\/"]}]},{"@type":"ImageObject","inLanguage":"hr","@id":"https:\/\/suwine.at\/hr\/produkt\/istrische-salami-mit-trueffeln-2\/#primaryimage","url":"https:\/\/suwine.at\/wp-content\/uploads\/2022\/01\/CF055238.jpg","contentUrl":"https:\/\/suwine.at\/wp-content\/uploads\/2022\/01\/CF055238.jpg","width":1000,"height":1000,"caption":"salami mit Tr\u00fcffel"},{"@type":"BreadcrumbList","@id":"https:\/\/suwine.at\/hr\/produkt\/istrische-salami-mit-trueffeln-2\/#breadcrumb","itemListElement":[{"@type":"ListItem","position":1,"name":"Startseite","item":"https:\/\/suwine.at\/hr\/"},{"@type":"ListItem","position":2,"name":"Shop","item":"https:\/\/suwine.at\/shop\/"},{"@type":"ListItem","position":3,"name":"Istrische Salami mit Tr\u00fcffeln"}]},{"@type":"WebSite","@id":"https:\/\/suwine.at\/hr\/#website","url":"https:\/\/suwine.at\/hr\/","name":"Suwine - Suwi Zlatic","description":"Sommelier | Gourmet Play Store | Consulting","potentialAction":[{"@type":"SearchAction","target":{"@type":"EntryPoint","urlTemplate":"https:\/\/suwine.at\/hr\/?s={search_term_string}"},"query-input":{"@type":"PropertyValueSpecification","valueRequired":true,"valueName":"search_term_string"}}],"inLanguage":"hr"}]}},"_links":{"self":[{"href":"https:\/\/suwine.at\/hr\/wp-json\/wp\/v2\/product\/230078","targetHints":{"allow":["GET"]}}],"collection":[{"href":"https:\/\/suwine.at\/hr\/wp-json\/wp\/v2\/product"}],"about":[{"href":"https:\/\/suwine.at\/hr\/wp-json\/wp\/v2\/types\/product"}],"wp:featuredmedia":[{"embeddable":true,"href":"https:\/\/suwine.at\/hr\/wp-json\/wp\/v2\/media\/231625"}],"wp:attachment":[{"href":"https:\/\/suwine.at\/hr\/wp-json\/wp\/v2\/media?parent=230078"}],"wp:term":[{"taxonomy":"product_brand","embeddable":true,"href":"https:\/\/suwine.at\/hr\/wp-json\/wp\/v2\/product_brand?post=230078"},{"taxonomy":"product_cat","embeddable":true,"href":"https:\/\/suwine.at\/hr\/wp-json\/wp\/v2\/product_cat?post=230078"},{"taxonomy":"product_tag","embeddable":true,"href":"https:\/\/suwine.at\/hr\/wp-json\/wp\/v2\/product_tag?post=230078"}],"curies":[{"name":"wp","href":"https:\/\/api.w.org\/{rel}","templated":true}]}}