{"id":230081,"date":"2022-09-04T18:57:51","date_gmt":"2022-09-04T16:57:51","guid":{"rendered":"https:\/\/suwine.at\/?post_type=product&#038;p=230081"},"modified":"2026-03-30T10:26:04","modified_gmt":"2026-03-30T08:26:04","slug":"istrische-salami-mit-rosmarin","status":"publish","type":"product","link":"https:\/\/suwine.at\/hr\/produkt\/istrische-salami-mit-rosmarin\/","title":{"rendered":"Istrische Salami mit Rosmarin"},"content":{"rendered":"<h2>Die leicht rustikale Textur und die Aromen des Rosmarin lassen die sch\u00f6nsten Urlaubserinnerungen hochleben. Mediterran am Gaumen.<\/h2>\n<p>Im Laufe der Geschichte genoss Rosmarin bei den Menschen ein hohes Ansehen und einige Br\u00e4uche im Zusammenhang mit der Verwendung von Rosmarin haben sich bis heute gehalten. Die nadelartigen Bl\u00e4tter dieser mediterranen immergr\u00fcnen Pflanze haben einen intensiven, unverkennbaren und wunderbaren Duft. Aus diesem Grund ist Rosmarin zu einer einzigartigen Zutat dieser Salami geworden.<\/p>\n<p style=\"font-weight: 400\">Im Gegensatz zu herk\u00f6mmlichen Salamis werden in unserer Produktion ganze Fleischst\u00fccke verwendet und nach dem traditionellen Rezept, welches \u00fcber Generationen weitergegeben worden ist, hergestellt. Dieses Herstellungsverfahren wissen wird bis heute noch zu sch\u00e4tzen und zu lieben.<\/p>\n<p>Genusstipp: Pinot Noir, mit zartem Holzeinsatz und leichten Kr\u00e4uter Aromen, wird jedes Genie\u00dfer-Herz h\u00f6her schlagen lassen. Ein Meunier getragener Champagne Brut w\u00fcrde das \u201ei\u201c T\u00fcpfelchen schlechthin sein.<\/p>\n<p style=\"font-weight: 400\"><strong>Inhalt: 200 Gramm<\/strong><br \/>\n<em>Luftdicht verpackt (vakuumiert)<\/em><\/p>\n<p style=\"font-weight: 400\">\n<span class=\"et_bloom_bottom_trigger\"><\/span>","protected":false},"excerpt":{"rendered":"<p>Die leicht rustikale Textur und die Aromen des Rosmarin lassen die sch\u00f6nsten Urlaubserinnerungen hochleben.<\/p>\n","protected":false},"featured_media":231631,"template":"","meta":{"_et_pb_use_builder":"","_et_pb_old_content":"","_et_gb_content_width":""},"product_brand":[],"product_cat":[807],"product_tag":[66,811,824],"class_list":{"0":"post-230081","1":"product","2":"type-product","3":"status-publish","4":"has-post-thumbnail","6":"product_cat-genius-taste","7":"product_tag-salami","8":"product_tag-rosmarin-salami","9":"product_tag-genussempfehlung-2210","11":"first","12":"outofstock","13":"sale","14":"taxable","15":"shipping-taxable","16":"purchasable","17":"product-type-simple"},"yoast_head":"<!-- This site is optimized with the Yoast SEO plugin v27.2 - https:\/\/yoast.com\/product\/yoast-seo-wordpress\/ -->\n<title>Istrische Salami mit Rosmarin - Suwine - Suwi Zlatic<\/title>\n<meta name=\"description\" content=\"Die leicht rustikale Textur und die Aromen des Rosmarin lassen die sch\u00f6nsten Urlaubserinnerungen hochleben. Mediterran am Gaumen.\" \/>\n<meta name=\"robots\" content=\"index, follow, max-snippet:-1, max-image-preview:large, max-video-preview:-1\" \/>\n<link rel=\"canonical\" href=\"https:\/\/suwine.at\/hr\/produkt\/istrische-salami-mit-rosmarin\/\" \/>\n<meta property=\"og:locale\" content=\"hr_HR\" \/>\n<meta property=\"og:type\" content=\"article\" \/>\n<meta property=\"og:title\" content=\"Istrische Salami mit Rosmarin - Suwine - Suwi Zlatic\" \/>\n<meta property=\"og:description\" content=\"Die leicht rustikale Textur und die Aromen des Rosmarin lassen die sch\u00f6nsten Urlaubserinnerungen hochleben. Mediterran am Gaumen.\" \/>\n<meta property=\"og:url\" content=\"https:\/\/suwine.at\/hr\/produkt\/istrische-salami-mit-rosmarin\/\" \/>\n<meta property=\"og:site_name\" content=\"Suwine - Suwi Zlatic\" \/>\n<meta property=\"article:modified_time\" content=\"2026-03-30T08:26:04+00:00\" \/>\n<meta property=\"og:image\" content=\"https:\/\/suwine.at\/wp-content\/uploads\/2022\/01\/CF055246.jpg\" \/>\n\t<meta property=\"og:image:width\" content=\"1000\" \/>\n\t<meta property=\"og:image:height\" content=\"1000\" \/>\n\t<meta property=\"og:image:type\" content=\"image\/jpeg\" \/>\n<meta name=\"twitter:card\" content=\"summary_large_image\" \/>\n<meta name=\"twitter:label1\" content=\"Procijenjeno vrijeme \u010ditanja\" \/>\n\t<meta name=\"twitter:data1\" content=\"1 minuta\" \/>\n<script type=\"application\/ld+json\" class=\"yoast-schema-graph\">{\"@context\":\"https:\/\/schema.org\",\"@graph\":[{\"@type\":\"WebPage\",\"@id\":\"https:\/\/suwine.at\/hr\/produkt\/istrische-salami-mit-rosmarin\/\",\"url\":\"https:\/\/suwine.at\/hr\/produkt\/istrische-salami-mit-rosmarin\/\",\"name\":\"Istrische Salami mit Rosmarin - Suwine - Suwi Zlatic\",\"isPartOf\":{\"@id\":\"https:\/\/suwine.at\/hr\/#website\"},\"primaryImageOfPage\":{\"@id\":\"https:\/\/suwine.at\/hr\/produkt\/istrische-salami-mit-rosmarin\/#primaryimage\"},\"image\":{\"@id\":\"https:\/\/suwine.at\/hr\/produkt\/istrische-salami-mit-rosmarin\/#primaryimage\"},\"thumbnailUrl\":\"https:\/\/suwine.at\/wp-content\/uploads\/2022\/01\/CF055246.jpg\",\"datePublished\":\"2022-09-04T16:57:51+00:00\",\"dateModified\":\"2026-03-30T08:26:04+00:00\",\"description\":\"Die leicht rustikale Textur und die Aromen des Rosmarin lassen die sch\u00f6nsten Urlaubserinnerungen hochleben. Mediterran am Gaumen.\",\"breadcrumb\":{\"@id\":\"https:\/\/suwine.at\/hr\/produkt\/istrische-salami-mit-rosmarin\/#breadcrumb\"},\"inLanguage\":\"hr\",\"potentialAction\":[{\"@type\":\"ReadAction\",\"target\":[\"https:\/\/suwine.at\/hr\/produkt\/istrische-salami-mit-rosmarin\/\"]}]},{\"@type\":\"ImageObject\",\"inLanguage\":\"hr\",\"@id\":\"https:\/\/suwine.at\/hr\/produkt\/istrische-salami-mit-rosmarin\/#primaryimage\",\"url\":\"https:\/\/suwine.at\/wp-content\/uploads\/2022\/01\/CF055246.jpg\",\"contentUrl\":\"https:\/\/suwine.at\/wp-content\/uploads\/2022\/01\/CF055246.jpg\",\"width\":1000,\"height\":1000,\"caption\":\"salami mit Rosmarin\"},{\"@type\":\"BreadcrumbList\",\"@id\":\"https:\/\/suwine.at\/hr\/produkt\/istrische-salami-mit-rosmarin\/#breadcrumb\",\"itemListElement\":[{\"@type\":\"ListItem\",\"position\":1,\"name\":\"Startseite\",\"item\":\"https:\/\/suwine.at\/hr\/\"},{\"@type\":\"ListItem\",\"position\":2,\"name\":\"Shop\",\"item\":\"https:\/\/suwine.at\/shop\/\"},{\"@type\":\"ListItem\",\"position\":3,\"name\":\"Istrische Salami mit Rosmarin\"}]},{\"@type\":\"WebSite\",\"@id\":\"https:\/\/suwine.at\/hr\/#website\",\"url\":\"https:\/\/suwine.at\/hr\/\",\"name\":\"Suwine - Suwi Zlatic\",\"description\":\"Sommelier | Gourmet Play Store | Consulting\",\"potentialAction\":[{\"@type\":\"SearchAction\",\"target\":{\"@type\":\"EntryPoint\",\"urlTemplate\":\"https:\/\/suwine.at\/hr\/?s={search_term_string}\"},\"query-input\":{\"@type\":\"PropertyValueSpecification\",\"valueRequired\":true,\"valueName\":\"search_term_string\"}}],\"inLanguage\":\"hr\"}]}<\/script>\n<!-- \/ Yoast SEO plugin. -->","yoast_head_json":{"title":"Istrische Salami mit Rosmarin - Suwine - Suwi Zlatic","description":"Die leicht rustikale Textur und die Aromen des Rosmarin lassen die sch\u00f6nsten Urlaubserinnerungen hochleben. Mediterran am Gaumen.","robots":{"index":"index","follow":"follow","max-snippet":"max-snippet:-1","max-image-preview":"max-image-preview:large","max-video-preview":"max-video-preview:-1"},"canonical":"https:\/\/suwine.at\/hr\/produkt\/istrische-salami-mit-rosmarin\/","og_locale":"hr_HR","og_type":"article","og_title":"Istrische Salami mit Rosmarin - Suwine - Suwi Zlatic","og_description":"Die leicht rustikale Textur und die Aromen des Rosmarin lassen die sch\u00f6nsten Urlaubserinnerungen hochleben. Mediterran am Gaumen.","og_url":"https:\/\/suwine.at\/hr\/produkt\/istrische-salami-mit-rosmarin\/","og_site_name":"Suwine - Suwi Zlatic","article_modified_time":"2026-03-30T08:26:04+00:00","og_image":[{"width":1000,"height":1000,"url":"https:\/\/suwine.at\/wp-content\/uploads\/2022\/01\/CF055246.jpg","type":"image\/jpeg"}],"twitter_card":"summary_large_image","twitter_misc":{"Procijenjeno vrijeme \u010ditanja":"1 minuta"},"schema":{"@context":"https:\/\/schema.org","@graph":[{"@type":"WebPage","@id":"https:\/\/suwine.at\/hr\/produkt\/istrische-salami-mit-rosmarin\/","url":"https:\/\/suwine.at\/hr\/produkt\/istrische-salami-mit-rosmarin\/","name":"Istrische Salami mit Rosmarin - Suwine - Suwi Zlatic","isPartOf":{"@id":"https:\/\/suwine.at\/hr\/#website"},"primaryImageOfPage":{"@id":"https:\/\/suwine.at\/hr\/produkt\/istrische-salami-mit-rosmarin\/#primaryimage"},"image":{"@id":"https:\/\/suwine.at\/hr\/produkt\/istrische-salami-mit-rosmarin\/#primaryimage"},"thumbnailUrl":"https:\/\/suwine.at\/wp-content\/uploads\/2022\/01\/CF055246.jpg","datePublished":"2022-09-04T16:57:51+00:00","dateModified":"2026-03-30T08:26:04+00:00","description":"Die leicht rustikale Textur und die Aromen des Rosmarin lassen die sch\u00f6nsten Urlaubserinnerungen hochleben. Mediterran am Gaumen.","breadcrumb":{"@id":"https:\/\/suwine.at\/hr\/produkt\/istrische-salami-mit-rosmarin\/#breadcrumb"},"inLanguage":"hr","potentialAction":[{"@type":"ReadAction","target":["https:\/\/suwine.at\/hr\/produkt\/istrische-salami-mit-rosmarin\/"]}]},{"@type":"ImageObject","inLanguage":"hr","@id":"https:\/\/suwine.at\/hr\/produkt\/istrische-salami-mit-rosmarin\/#primaryimage","url":"https:\/\/suwine.at\/wp-content\/uploads\/2022\/01\/CF055246.jpg","contentUrl":"https:\/\/suwine.at\/wp-content\/uploads\/2022\/01\/CF055246.jpg","width":1000,"height":1000,"caption":"salami mit Rosmarin"},{"@type":"BreadcrumbList","@id":"https:\/\/suwine.at\/hr\/produkt\/istrische-salami-mit-rosmarin\/#breadcrumb","itemListElement":[{"@type":"ListItem","position":1,"name":"Startseite","item":"https:\/\/suwine.at\/hr\/"},{"@type":"ListItem","position":2,"name":"Shop","item":"https:\/\/suwine.at\/shop\/"},{"@type":"ListItem","position":3,"name":"Istrische Salami mit Rosmarin"}]},{"@type":"WebSite","@id":"https:\/\/suwine.at\/hr\/#website","url":"https:\/\/suwine.at\/hr\/","name":"Suwine - Suwi Zlatic","description":"Sommelier | Gourmet Play Store | Consulting","potentialAction":[{"@type":"SearchAction","target":{"@type":"EntryPoint","urlTemplate":"https:\/\/suwine.at\/hr\/?s={search_term_string}"},"query-input":{"@type":"PropertyValueSpecification","valueRequired":true,"valueName":"search_term_string"}}],"inLanguage":"hr"}]}},"_links":{"self":[{"href":"https:\/\/suwine.at\/hr\/wp-json\/wp\/v2\/product\/230081","targetHints":{"allow":["GET"]}}],"collection":[{"href":"https:\/\/suwine.at\/hr\/wp-json\/wp\/v2\/product"}],"about":[{"href":"https:\/\/suwine.at\/hr\/wp-json\/wp\/v2\/types\/product"}],"wp:featuredmedia":[{"embeddable":true,"href":"https:\/\/suwine.at\/hr\/wp-json\/wp\/v2\/media\/231631"}],"wp:attachment":[{"href":"https:\/\/suwine.at\/hr\/wp-json\/wp\/v2\/media?parent=230081"}],"wp:term":[{"taxonomy":"product_brand","embeddable":true,"href":"https:\/\/suwine.at\/hr\/wp-json\/wp\/v2\/product_brand?post=230081"},{"taxonomy":"product_cat","embeddable":true,"href":"https:\/\/suwine.at\/hr\/wp-json\/wp\/v2\/product_cat?post=230081"},{"taxonomy":"product_tag","embeddable":true,"href":"https:\/\/suwine.at\/hr\/wp-json\/wp\/v2\/product_tag?post=230081"}],"curies":[{"name":"wp","href":"https:\/\/api.w.org\/{rel}","templated":true}]}}