{"id":231690,"date":"2023-03-01T14:07:47","date_gmt":"2023-03-01T13:07:47","guid":{"rendered":"https:\/\/suwine.at\/?post_type=product&#038;p=231690"},"modified":"2025-11-27T19:24:19","modified_gmt":"2025-11-27T18:24:19","slug":"moulis-en-medoc-aoc-2017-chateau-chasse-spleen","status":"publish","type":"product","link":"https:\/\/suwine.at\/hr\/produkt\/moulis-en-medoc-aoc-2017-chateau-chasse-spleen\/","title":{"rendered":"Moulis-en-M\u00e9doc AOC 2017 Ch\u00e2teau Chasse-Spleen"},"content":{"rendered":"<h2>Moulis-en-M\u00e9doc AOC 2017 Ch\u00e2teau Chasse-Spleen<\/h2>\n<p>Ch\u00e2teau Chasse-Spleen wurde Anfang des 18. Jahrhunderts gegr\u00fcndet. Unter den Hypothesen \u00fcber die Herkunft seines Namens gibt es die poetische, n\u00e4mlich dass &#8220;Milz&#8221; (Melancholie), ein Begriff, der im 19. der bei seinem Besuch im Schloss sagte &#8220;Welches Mittel, um die Milz auszul\u00f6schen?&#8221;, oder aus den Gedichten von Charles Baudelaire. Seit 1976 befindet sich das Anwesen im Besitz der Familie Merlaut, die als erste Ma\u00dfnahme den Weingartenpark von 40 auf 100 Hektar erweitert hat. Auch die Qualit\u00e4t der Weine wurde durch die Beratung des ber\u00fchmten Winzers Emile Peynaud gesteigert.<\/p>\n<p>Eine Assemblage aus 50% Cabernet Sauvignon, 41% Merlot, 6% Petit Verdot und 3% Cabernet Franc. <strong>Ch\u00e2teau-Spleen 2017<\/strong> hat eine intensive, tiefe Granatfarbe. Die Nase wird deutlich von frischen Fr\u00fcchten dominiert und die Reife zeigt sich mit w\u00fcrzigen und ger\u00f6steten Noten, die sich w\u00e4hrend der Entwicklung ergeben haben. Am Gaumen zeichnet sich der Wein durch Frische und eine gespannte Struktur aus, die durch die gegenw\u00e4rtigen, aber geschmeidigen Tannine des Cabernets unterstrichen wird. <strong>Ch\u00e2teau Chasse-Spleen<\/strong> hat eine sch\u00f6ne L\u00e4nge, sein Alterungspotenzial l\u00e4sst ihn sicherlich bis 2040\/2045 einen ganz wunderbaren Jahrgang bleiben.<\/p>\n<ul>\n<li>Rebsorte: 50% Cabernet Sauvignon, 41% Merlot, 6% Petit Verdot und 3% Cabernet Franc<\/li>\n<li>Land: Frankreich<\/li>\n<li>Produzent: Ch\u00e2teau Chasse-Spleen<\/li>\n<li>Jahrgang 2017.<\/li>\n<li>Inhalt: 0,75L<\/li>\n<\/ul>\n<p>&nbsp;<\/p>\n<span class=\"et_bloom_bottom_trigger\"><\/span>","protected":false},"excerpt":{"rendered":"<p>Eine Assemblage aus 50% Cabernet Sauvignon, 41% Merlot, 6% Petit Verdot und 3% Cabernet Franc. <strong>Ch\u00e2teau-Spleen 2017<\/strong> hat eine intensive, tiefe Granatfarbe. Die Nase wird deutlich von frischen Fr\u00fcchten dominiert und die Reife zeigt sich mit w\u00fcrzigen und ger\u00f6steten Noten, die sich w\u00e4hrend der Entwicklung ergeben haben. Am Gaumen zeichnet sich der Wein durch Frische und eine gespannte Struktur aus, die durch die gegenw\u00e4rtigen, aber geschmeidigen Tannine des Cabernets unterstrichen wird. <strong>Ch\u00e2teau Chasse-Spleen<\/strong> hat eine sch\u00f6ne L\u00e4nge, sein Alterungspotenzial l\u00e4sst ihn sicherlich bis 2040\/2045 einen ganz wunderbaren Jahrgang bleiben.<\/p>\n","protected":false},"featured_media":231681,"template":"","meta":{"_et_pb_use_builder":"","_et_pb_old_content":"","_et_gb_content_width":""},"product_brand":[],"product_cat":[33],"product_tag":[126,263,540],"class_list":{"0":"post-231690","1":"product","2":"type-product","3":"status-publish","4":"has-post-thumbnail","6":"product_cat-unkategorisiert","7":"product_tag-frankreich","8":"product_tag-bordeaux","9":"product_tag-medoc","11":"first","12":"instock","13":"taxable","14":"shipping-taxable","15":"purchasable","16":"product-type-simple"},"yoast_head":"<!-- This site is optimized with the Yoast SEO plugin v27.2 - https:\/\/yoast.com\/product\/yoast-seo-wordpress\/ -->\n<title>Moulis-en-M\u00e9doc AOC 2017 Ch\u00e2teau Chasse-Spleen - Suwine - Suwi Zlatic<\/title>\n<meta name=\"description\" content=\"Eine Assemblage aus 50% Cabernet Sauvignon, 41% Merlot, 6% Petit Verdot und 3% Cabernet Franc. Ch\u00e2teau-Spleen 2017 hat eine intensive, tiefe Granatfarbe. Die Nase wird deutlich von frischen Fr\u00fcchten dominiert und die Reife zeigt sich mit w\u00fcrzigen und ger\u00f6steten Noten, die sich w\u00e4hrend der Entwicklung ergeben haben.\" \/>\n<meta name=\"robots\" content=\"index, follow, max-snippet:-1, max-image-preview:large, max-video-preview:-1\" \/>\n<link rel=\"canonical\" href=\"https:\/\/suwine.at\/hr\/produkt\/moulis-en-medoc-aoc-2017-chateau-chasse-spleen\/\" \/>\n<meta property=\"og:locale\" content=\"hr_HR\" \/>\n<meta property=\"og:type\" content=\"article\" \/>\n<meta property=\"og:title\" content=\"Moulis-en-M\u00e9doc AOC 2017 Ch\u00e2teau Chasse-Spleen - Suwine - Suwi Zlatic\" \/>\n<meta property=\"og:description\" content=\"Eine Assemblage aus 50% Cabernet Sauvignon, 41% Merlot, 6% Petit Verdot und 3% Cabernet Franc. Ch\u00e2teau-Spleen 2017 hat eine intensive, tiefe Granatfarbe. Die Nase wird deutlich von frischen Fr\u00fcchten dominiert und die Reife zeigt sich mit w\u00fcrzigen und ger\u00f6steten Noten, die sich w\u00e4hrend der Entwicklung ergeben haben.\" \/>\n<meta property=\"og:url\" content=\"https:\/\/suwine.at\/hr\/produkt\/moulis-en-medoc-aoc-2017-chateau-chasse-spleen\/\" \/>\n<meta property=\"og:site_name\" content=\"Suwine - Suwi Zlatic\" \/>\n<meta property=\"article:modified_time\" content=\"2025-11-27T18:24:19+00:00\" \/>\n<meta property=\"og:image\" content=\"https:\/\/suwine.at\/wp-content\/uploads\/2023\/02\/IMG_6310.jpg\" \/>\n\t<meta property=\"og:image:width\" content=\"1080\" \/>\n\t<meta property=\"og:image:height\" content=\"1080\" \/>\n\t<meta property=\"og:image:type\" content=\"image\/jpeg\" \/>\n<meta name=\"twitter:card\" content=\"summary_large_image\" \/>\n<meta name=\"twitter:label1\" content=\"Procijenjeno vrijeme \u010ditanja\" \/>\n\t<meta name=\"twitter:data1\" content=\"2 minute\" \/>\n<script type=\"application\/ld+json\" class=\"yoast-schema-graph\">{\"@context\":\"https:\/\/schema.org\",\"@graph\":[{\"@type\":\"WebPage\",\"@id\":\"https:\/\/suwine.at\/hr\/produkt\/moulis-en-medoc-aoc-2017-chateau-chasse-spleen\/\",\"url\":\"https:\/\/suwine.at\/hr\/produkt\/moulis-en-medoc-aoc-2017-chateau-chasse-spleen\/\",\"name\":\"Moulis-en-M\u00e9doc AOC 2017 Ch\u00e2teau Chasse-Spleen - Suwine - Suwi Zlatic\",\"isPartOf\":{\"@id\":\"https:\/\/suwine.at\/hr\/#website\"},\"primaryImageOfPage\":{\"@id\":\"https:\/\/suwine.at\/hr\/produkt\/moulis-en-medoc-aoc-2017-chateau-chasse-spleen\/#primaryimage\"},\"image\":{\"@id\":\"https:\/\/suwine.at\/hr\/produkt\/moulis-en-medoc-aoc-2017-chateau-chasse-spleen\/#primaryimage\"},\"thumbnailUrl\":\"https:\/\/suwine.at\/wp-content\/uploads\/2023\/02\/IMG_6310.jpg\",\"datePublished\":\"2023-03-01T13:07:47+00:00\",\"dateModified\":\"2025-11-27T18:24:19+00:00\",\"description\":\"Eine Assemblage aus 50% Cabernet Sauvignon, 41% Merlot, 6% Petit Verdot und 3% Cabernet Franc. Ch\u00e2teau-Spleen 2017 hat eine intensive, tiefe Granatfarbe. Die Nase wird deutlich von frischen Fr\u00fcchten dominiert und die Reife zeigt sich mit w\u00fcrzigen und ger\u00f6steten Noten, die sich w\u00e4hrend der Entwicklung ergeben haben.\",\"breadcrumb\":{\"@id\":\"https:\/\/suwine.at\/hr\/produkt\/moulis-en-medoc-aoc-2017-chateau-chasse-spleen\/#breadcrumb\"},\"inLanguage\":\"hr\",\"potentialAction\":[{\"@type\":\"ReadAction\",\"target\":[\"https:\/\/suwine.at\/hr\/produkt\/moulis-en-medoc-aoc-2017-chateau-chasse-spleen\/\"]}]},{\"@type\":\"ImageObject\",\"inLanguage\":\"hr\",\"@id\":\"https:\/\/suwine.at\/hr\/produkt\/moulis-en-medoc-aoc-2017-chateau-chasse-spleen\/#primaryimage\",\"url\":\"https:\/\/suwine.at\/wp-content\/uploads\/2023\/02\/IMG_6310.jpg\",\"contentUrl\":\"https:\/\/suwine.at\/wp-content\/uploads\/2023\/02\/IMG_6310.jpg\",\"width\":1080,\"height\":1080,\"caption\":\"Chasse Spleen\"},{\"@type\":\"BreadcrumbList\",\"@id\":\"https:\/\/suwine.at\/hr\/produkt\/moulis-en-medoc-aoc-2017-chateau-chasse-spleen\/#breadcrumb\",\"itemListElement\":[{\"@type\":\"ListItem\",\"position\":1,\"name\":\"Startseite\",\"item\":\"https:\/\/suwine.at\/hr\/\"},{\"@type\":\"ListItem\",\"position\":2,\"name\":\"Shop\",\"item\":\"https:\/\/suwine.at\/shop\/\"},{\"@type\":\"ListItem\",\"position\":3,\"name\":\"Moulis-en-M\u00e9doc AOC 2017 Ch\u00e2teau Chasse-Spleen\"}]},{\"@type\":\"WebSite\",\"@id\":\"https:\/\/suwine.at\/hr\/#website\",\"url\":\"https:\/\/suwine.at\/hr\/\",\"name\":\"Suwine - Suwi Zlatic\",\"description\":\"Sommelier | Gourmet Play Store | Consulting\",\"potentialAction\":[{\"@type\":\"SearchAction\",\"target\":{\"@type\":\"EntryPoint\",\"urlTemplate\":\"https:\/\/suwine.at\/hr\/?s={search_term_string}\"},\"query-input\":{\"@type\":\"PropertyValueSpecification\",\"valueRequired\":true,\"valueName\":\"search_term_string\"}}],\"inLanguage\":\"hr\"}]}<\/script>\n<!-- \/ Yoast SEO plugin. -->","yoast_head_json":{"title":"Moulis-en-M\u00e9doc AOC 2017 Ch\u00e2teau Chasse-Spleen - Suwine - Suwi Zlatic","description":"Eine Assemblage aus 50% Cabernet Sauvignon, 41% Merlot, 6% Petit Verdot und 3% Cabernet Franc. Ch\u00e2teau-Spleen 2017 hat eine intensive, tiefe Granatfarbe. Die Nase wird deutlich von frischen Fr\u00fcchten dominiert und die Reife zeigt sich mit w\u00fcrzigen und ger\u00f6steten Noten, die sich w\u00e4hrend der Entwicklung ergeben haben.","robots":{"index":"index","follow":"follow","max-snippet":"max-snippet:-1","max-image-preview":"max-image-preview:large","max-video-preview":"max-video-preview:-1"},"canonical":"https:\/\/suwine.at\/hr\/produkt\/moulis-en-medoc-aoc-2017-chateau-chasse-spleen\/","og_locale":"hr_HR","og_type":"article","og_title":"Moulis-en-M\u00e9doc AOC 2017 Ch\u00e2teau Chasse-Spleen - Suwine - Suwi Zlatic","og_description":"Eine Assemblage aus 50% Cabernet Sauvignon, 41% Merlot, 6% Petit Verdot und 3% Cabernet Franc. Ch\u00e2teau-Spleen 2017 hat eine intensive, tiefe Granatfarbe. Die Nase wird deutlich von frischen Fr\u00fcchten dominiert und die Reife zeigt sich mit w\u00fcrzigen und ger\u00f6steten Noten, die sich w\u00e4hrend der Entwicklung ergeben haben.","og_url":"https:\/\/suwine.at\/hr\/produkt\/moulis-en-medoc-aoc-2017-chateau-chasse-spleen\/","og_site_name":"Suwine - Suwi Zlatic","article_modified_time":"2025-11-27T18:24:19+00:00","og_image":[{"width":1080,"height":1080,"url":"https:\/\/suwine.at\/wp-content\/uploads\/2023\/02\/IMG_6310.jpg","type":"image\/jpeg"}],"twitter_card":"summary_large_image","twitter_misc":{"Procijenjeno vrijeme \u010ditanja":"2 minute"},"schema":{"@context":"https:\/\/schema.org","@graph":[{"@type":"WebPage","@id":"https:\/\/suwine.at\/hr\/produkt\/moulis-en-medoc-aoc-2017-chateau-chasse-spleen\/","url":"https:\/\/suwine.at\/hr\/produkt\/moulis-en-medoc-aoc-2017-chateau-chasse-spleen\/","name":"Moulis-en-M\u00e9doc AOC 2017 Ch\u00e2teau Chasse-Spleen - Suwine - Suwi Zlatic","isPartOf":{"@id":"https:\/\/suwine.at\/hr\/#website"},"primaryImageOfPage":{"@id":"https:\/\/suwine.at\/hr\/produkt\/moulis-en-medoc-aoc-2017-chateau-chasse-spleen\/#primaryimage"},"image":{"@id":"https:\/\/suwine.at\/hr\/produkt\/moulis-en-medoc-aoc-2017-chateau-chasse-spleen\/#primaryimage"},"thumbnailUrl":"https:\/\/suwine.at\/wp-content\/uploads\/2023\/02\/IMG_6310.jpg","datePublished":"2023-03-01T13:07:47+00:00","dateModified":"2025-11-27T18:24:19+00:00","description":"Eine Assemblage aus 50% Cabernet Sauvignon, 41% Merlot, 6% Petit Verdot und 3% Cabernet Franc. Ch\u00e2teau-Spleen 2017 hat eine intensive, tiefe Granatfarbe. Die Nase wird deutlich von frischen Fr\u00fcchten dominiert und die Reife zeigt sich mit w\u00fcrzigen und ger\u00f6steten Noten, die sich w\u00e4hrend der Entwicklung ergeben haben.","breadcrumb":{"@id":"https:\/\/suwine.at\/hr\/produkt\/moulis-en-medoc-aoc-2017-chateau-chasse-spleen\/#breadcrumb"},"inLanguage":"hr","potentialAction":[{"@type":"ReadAction","target":["https:\/\/suwine.at\/hr\/produkt\/moulis-en-medoc-aoc-2017-chateau-chasse-spleen\/"]}]},{"@type":"ImageObject","inLanguage":"hr","@id":"https:\/\/suwine.at\/hr\/produkt\/moulis-en-medoc-aoc-2017-chateau-chasse-spleen\/#primaryimage","url":"https:\/\/suwine.at\/wp-content\/uploads\/2023\/02\/IMG_6310.jpg","contentUrl":"https:\/\/suwine.at\/wp-content\/uploads\/2023\/02\/IMG_6310.jpg","width":1080,"height":1080,"caption":"Chasse Spleen"},{"@type":"BreadcrumbList","@id":"https:\/\/suwine.at\/hr\/produkt\/moulis-en-medoc-aoc-2017-chateau-chasse-spleen\/#breadcrumb","itemListElement":[{"@type":"ListItem","position":1,"name":"Startseite","item":"https:\/\/suwine.at\/hr\/"},{"@type":"ListItem","position":2,"name":"Shop","item":"https:\/\/suwine.at\/shop\/"},{"@type":"ListItem","position":3,"name":"Moulis-en-M\u00e9doc AOC 2017 Ch\u00e2teau Chasse-Spleen"}]},{"@type":"WebSite","@id":"https:\/\/suwine.at\/hr\/#website","url":"https:\/\/suwine.at\/hr\/","name":"Suwine - Suwi Zlatic","description":"Sommelier | Gourmet Play Store | Consulting","potentialAction":[{"@type":"SearchAction","target":{"@type":"EntryPoint","urlTemplate":"https:\/\/suwine.at\/hr\/?s={search_term_string}"},"query-input":{"@type":"PropertyValueSpecification","valueRequired":true,"valueName":"search_term_string"}}],"inLanguage":"hr"}]}},"_links":{"self":[{"href":"https:\/\/suwine.at\/hr\/wp-json\/wp\/v2\/product\/231690","targetHints":{"allow":["GET"]}}],"collection":[{"href":"https:\/\/suwine.at\/hr\/wp-json\/wp\/v2\/product"}],"about":[{"href":"https:\/\/suwine.at\/hr\/wp-json\/wp\/v2\/types\/product"}],"wp:featuredmedia":[{"embeddable":true,"href":"https:\/\/suwine.at\/hr\/wp-json\/wp\/v2\/media\/231681"}],"wp:attachment":[{"href":"https:\/\/suwine.at\/hr\/wp-json\/wp\/v2\/media?parent=231690"}],"wp:term":[{"taxonomy":"product_brand","embeddable":true,"href":"https:\/\/suwine.at\/hr\/wp-json\/wp\/v2\/product_brand?post=231690"},{"taxonomy":"product_cat","embeddable":true,"href":"https:\/\/suwine.at\/hr\/wp-json\/wp\/v2\/product_cat?post=231690"},{"taxonomy":"product_tag","embeddable":true,"href":"https:\/\/suwine.at\/hr\/wp-json\/wp\/v2\/product_tag?post=231690"}],"curies":[{"name":"wp","href":"https:\/\/api.w.org\/{rel}","templated":true}]}}