{"id":232288,"date":"2023-06-23T16:09:40","date_gmt":"2023-06-23T14:09:40","guid":{"rendered":"https:\/\/suwine.at\/?post_type=product&#038;p=232288"},"modified":"2024-08-05T08:49:50","modified_gmt":"2024-08-05T06:49:50","slug":"dom-perignon-plenitude-p2-2004","status":"publish","type":"product","link":"https:\/\/suwine.at\/hr\/produkt\/dom-perignon-plenitude-p2-2004\/","title":{"rendered":"Dom P\u00e9rignon : Pl\u00e9nitude P2 2004"},"content":{"rendered":"<h2 class=\"ProductActions_title__b9D4E\">Dom P\u00e9rignon : Pl\u00e9nitude P2 2004<\/h2>\n<p>Der Dom P\u00e9rignon Pl\u00e9nitude P2 Vintage 2004 ist ein \u00fcberragendes Meisterwerk. 2004 war ein bemerkenswertes Jahr in der Geschichte der Champagne. Der Prestige-Champagner ist kraftvoll und mineralisch und besitzt zudem eine beeindruckende Eleganz und Finesse.\u00a0 Der Dom P\u00e9rignon P2 bringt die au\u00dfergew\u00f6hnliche Qualit\u00e4t und Charakteristik des Jahrgangs 2004 musterg\u00fcltig zum Ausdruck.<\/p>\n<p>&nbsp;<\/p>\n<p>Alkohol:12.5 %<\/p>\n<p>Flaschengr\u00f6\u00dfe: 0.75 Liter<\/p>\n<p>Jahrgang:2004<\/p>\n<p>Region: Grande Vall\u00e9e de la Marne<\/p>\n<p>Produzent: Champagne Dom Perignon<\/p>\n<p>&nbsp;<\/p>\n<span class=\"et_bloom_bottom_trigger\"><\/span>","protected":false},"excerpt":{"rendered":"<p>Der Dom P\u00e9rignon Pl\u00e9nitude P2 Vintage 2004 ist ein \u00fcberragendes Meisterwerk. 2004 war ein bemerkenswertes Jahr in der Geschichte der Champagne. Der Prestige-Champagner ist kraftvoll und mineralisch und besitzt zudem eine beeindruckende Eleganz und Finesse.\u00a0 Der Dom P\u00e9rignon P2 bringt die au\u00dfergew\u00f6hnliche Qualit\u00e4t und Charakteristik des Jahrgangs 2004 musterg\u00fcltig zum Ausdruck.<\/p>\n","protected":false},"featured_media":231872,"template":"","meta":{"_et_pb_use_builder":"","_et_pb_old_content":"","_et_gb_content_width":""},"product_brand":[],"product_cat":[86,191],"product_tag":[127,326],"class_list":{"0":"post-232288","1":"product","2":"type-product","3":"status-publish","4":"has-post-thumbnail","6":"product_cat-champagner-schaumwein","7":"product_cat-weisswein-raritaeten","8":"product_tag-champagne","9":"product_tag-dom-perignon","11":"first","12":"outofstock","13":"taxable","14":"shipping-taxable","15":"purchasable","16":"product-type-simple"},"yoast_head":"<!-- This site is optimized with the Yoast SEO plugin v27.2 - https:\/\/yoast.com\/product\/yoast-seo-wordpress\/ -->\n<title>Dom P\u00e9rignon : Pl\u00e9nitude P2 2004 - Suwine - Suwi Zlatic<\/title>\n<meta name=\"description\" content=\"P2 Vintage 2004\" \/>\n<meta name=\"robots\" content=\"index, follow, max-snippet:-1, max-image-preview:large, max-video-preview:-1\" \/>\n<link rel=\"canonical\" href=\"https:\/\/suwine.at\/hr\/produkt\/dom-perignon-plenitude-p2-2004\/\" \/>\n<meta property=\"og:locale\" content=\"hr_HR\" \/>\n<meta property=\"og:type\" content=\"article\" \/>\n<meta property=\"og:title\" content=\"Dom P\u00e9rignon : Pl\u00e9nitude P2 2004 - Suwine - Suwi Zlatic\" \/>\n<meta property=\"og:description\" content=\"P2 Vintage 2004\" \/>\n<meta property=\"og:url\" content=\"https:\/\/suwine.at\/hr\/produkt\/dom-perignon-plenitude-p2-2004\/\" \/>\n<meta property=\"og:site_name\" content=\"Suwine - Suwi Zlatic\" \/>\n<meta property=\"article:modified_time\" content=\"2024-08-05T06:49:50+00:00\" \/>\n<meta property=\"og:image\" content=\"https:\/\/suwine.at\/wp-content\/uploads\/2021\/01\/CF055654.jpg\" \/>\n\t<meta property=\"og:image:width\" content=\"1000\" \/>\n\t<meta property=\"og:image:height\" content=\"1000\" \/>\n\t<meta property=\"og:image:type\" content=\"image\/jpeg\" \/>\n<meta name=\"twitter:card\" content=\"summary_large_image\" \/>\n<meta name=\"twitter:label1\" content=\"Procijenjeno vrijeme \u010ditanja\" \/>\n\t<meta name=\"twitter:data1\" content=\"1 minuta\" \/>\n<script type=\"application\/ld+json\" class=\"yoast-schema-graph\">{\"@context\":\"https:\/\/schema.org\",\"@graph\":[{\"@type\":\"WebPage\",\"@id\":\"https:\/\/suwine.at\/hr\/produkt\/dom-perignon-plenitude-p2-2004\/\",\"url\":\"https:\/\/suwine.at\/hr\/produkt\/dom-perignon-plenitude-p2-2004\/\",\"name\":\"Dom P\u00e9rignon : Pl\u00e9nitude P2 2004 - Suwine - Suwi Zlatic\",\"isPartOf\":{\"@id\":\"https:\/\/suwine.at\/hr\/#website\"},\"primaryImageOfPage\":{\"@id\":\"https:\/\/suwine.at\/hr\/produkt\/dom-perignon-plenitude-p2-2004\/#primaryimage\"},\"image\":{\"@id\":\"https:\/\/suwine.at\/hr\/produkt\/dom-perignon-plenitude-p2-2004\/#primaryimage\"},\"thumbnailUrl\":\"https:\/\/suwine.at\/wp-content\/uploads\/2021\/01\/CF055654.jpg\",\"datePublished\":\"2023-06-23T14:09:40+00:00\",\"dateModified\":\"2024-08-05T06:49:50+00:00\",\"description\":\"P2 Vintage 2004\",\"breadcrumb\":{\"@id\":\"https:\/\/suwine.at\/hr\/produkt\/dom-perignon-plenitude-p2-2004\/#breadcrumb\"},\"inLanguage\":\"hr\",\"potentialAction\":[{\"@type\":\"ReadAction\",\"target\":[\"https:\/\/suwine.at\/hr\/produkt\/dom-perignon-plenitude-p2-2004\/\"]}]},{\"@type\":\"ImageObject\",\"inLanguage\":\"hr\",\"@id\":\"https:\/\/suwine.at\/hr\/produkt\/dom-perignon-plenitude-p2-2004\/#primaryimage\",\"url\":\"https:\/\/suwine.at\/wp-content\/uploads\/2021\/01\/CF055654.jpg\",\"contentUrl\":\"https:\/\/suwine.at\/wp-content\/uploads\/2021\/01\/CF055654.jpg\",\"width\":1000,\"height\":1000,\"caption\":\"Dom Perignon P2\"},{\"@type\":\"BreadcrumbList\",\"@id\":\"https:\/\/suwine.at\/hr\/produkt\/dom-perignon-plenitude-p2-2004\/#breadcrumb\",\"itemListElement\":[{\"@type\":\"ListItem\",\"position\":1,\"name\":\"Startseite\",\"item\":\"https:\/\/suwine.at\/hr\/\"},{\"@type\":\"ListItem\",\"position\":2,\"name\":\"Shop\",\"item\":\"https:\/\/suwine.at\/shop\/\"},{\"@type\":\"ListItem\",\"position\":3,\"name\":\"Dom P\u00e9rignon : Pl\u00e9nitude P2 2004\"}]},{\"@type\":\"WebSite\",\"@id\":\"https:\/\/suwine.at\/hr\/#website\",\"url\":\"https:\/\/suwine.at\/hr\/\",\"name\":\"Suwine - Suwi Zlatic\",\"description\":\"Sommelier | Gourmet Play Store | Consulting\",\"potentialAction\":[{\"@type\":\"SearchAction\",\"target\":{\"@type\":\"EntryPoint\",\"urlTemplate\":\"https:\/\/suwine.at\/hr\/?s={search_term_string}\"},\"query-input\":{\"@type\":\"PropertyValueSpecification\",\"valueRequired\":true,\"valueName\":\"search_term_string\"}}],\"inLanguage\":\"hr\"}]}<\/script>\n<!-- \/ Yoast SEO plugin. -->","yoast_head_json":{"title":"Dom P\u00e9rignon : Pl\u00e9nitude P2 2004 - Suwine - Suwi Zlatic","description":"P2 Vintage 2004","robots":{"index":"index","follow":"follow","max-snippet":"max-snippet:-1","max-image-preview":"max-image-preview:large","max-video-preview":"max-video-preview:-1"},"canonical":"https:\/\/suwine.at\/hr\/produkt\/dom-perignon-plenitude-p2-2004\/","og_locale":"hr_HR","og_type":"article","og_title":"Dom P\u00e9rignon : Pl\u00e9nitude P2 2004 - Suwine - Suwi Zlatic","og_description":"P2 Vintage 2004","og_url":"https:\/\/suwine.at\/hr\/produkt\/dom-perignon-plenitude-p2-2004\/","og_site_name":"Suwine - Suwi Zlatic","article_modified_time":"2024-08-05T06:49:50+00:00","og_image":[{"width":1000,"height":1000,"url":"https:\/\/suwine.at\/wp-content\/uploads\/2021\/01\/CF055654.jpg","type":"image\/jpeg"}],"twitter_card":"summary_large_image","twitter_misc":{"Procijenjeno vrijeme \u010ditanja":"1 minuta"},"schema":{"@context":"https:\/\/schema.org","@graph":[{"@type":"WebPage","@id":"https:\/\/suwine.at\/hr\/produkt\/dom-perignon-plenitude-p2-2004\/","url":"https:\/\/suwine.at\/hr\/produkt\/dom-perignon-plenitude-p2-2004\/","name":"Dom P\u00e9rignon : Pl\u00e9nitude P2 2004 - Suwine - Suwi Zlatic","isPartOf":{"@id":"https:\/\/suwine.at\/hr\/#website"},"primaryImageOfPage":{"@id":"https:\/\/suwine.at\/hr\/produkt\/dom-perignon-plenitude-p2-2004\/#primaryimage"},"image":{"@id":"https:\/\/suwine.at\/hr\/produkt\/dom-perignon-plenitude-p2-2004\/#primaryimage"},"thumbnailUrl":"https:\/\/suwine.at\/wp-content\/uploads\/2021\/01\/CF055654.jpg","datePublished":"2023-06-23T14:09:40+00:00","dateModified":"2024-08-05T06:49:50+00:00","description":"P2 Vintage 2004","breadcrumb":{"@id":"https:\/\/suwine.at\/hr\/produkt\/dom-perignon-plenitude-p2-2004\/#breadcrumb"},"inLanguage":"hr","potentialAction":[{"@type":"ReadAction","target":["https:\/\/suwine.at\/hr\/produkt\/dom-perignon-plenitude-p2-2004\/"]}]},{"@type":"ImageObject","inLanguage":"hr","@id":"https:\/\/suwine.at\/hr\/produkt\/dom-perignon-plenitude-p2-2004\/#primaryimage","url":"https:\/\/suwine.at\/wp-content\/uploads\/2021\/01\/CF055654.jpg","contentUrl":"https:\/\/suwine.at\/wp-content\/uploads\/2021\/01\/CF055654.jpg","width":1000,"height":1000,"caption":"Dom Perignon P2"},{"@type":"BreadcrumbList","@id":"https:\/\/suwine.at\/hr\/produkt\/dom-perignon-plenitude-p2-2004\/#breadcrumb","itemListElement":[{"@type":"ListItem","position":1,"name":"Startseite","item":"https:\/\/suwine.at\/hr\/"},{"@type":"ListItem","position":2,"name":"Shop","item":"https:\/\/suwine.at\/shop\/"},{"@type":"ListItem","position":3,"name":"Dom P\u00e9rignon : Pl\u00e9nitude P2 2004"}]},{"@type":"WebSite","@id":"https:\/\/suwine.at\/hr\/#website","url":"https:\/\/suwine.at\/hr\/","name":"Suwine - Suwi Zlatic","description":"Sommelier | Gourmet Play Store | Consulting","potentialAction":[{"@type":"SearchAction","target":{"@type":"EntryPoint","urlTemplate":"https:\/\/suwine.at\/hr\/?s={search_term_string}"},"query-input":{"@type":"PropertyValueSpecification","valueRequired":true,"valueName":"search_term_string"}}],"inLanguage":"hr"}]}},"_links":{"self":[{"href":"https:\/\/suwine.at\/hr\/wp-json\/wp\/v2\/product\/232288","targetHints":{"allow":["GET"]}}],"collection":[{"href":"https:\/\/suwine.at\/hr\/wp-json\/wp\/v2\/product"}],"about":[{"href":"https:\/\/suwine.at\/hr\/wp-json\/wp\/v2\/types\/product"}],"wp:featuredmedia":[{"embeddable":true,"href":"https:\/\/suwine.at\/hr\/wp-json\/wp\/v2\/media\/231872"}],"wp:attachment":[{"href":"https:\/\/suwine.at\/hr\/wp-json\/wp\/v2\/media?parent=232288"}],"wp:term":[{"taxonomy":"product_brand","embeddable":true,"href":"https:\/\/suwine.at\/hr\/wp-json\/wp\/v2\/product_brand?post=232288"},{"taxonomy":"product_cat","embeddable":true,"href":"https:\/\/suwine.at\/hr\/wp-json\/wp\/v2\/product_cat?post=232288"},{"taxonomy":"product_tag","embeddable":true,"href":"https:\/\/suwine.at\/hr\/wp-json\/wp\/v2\/product_tag?post=232288"}],"curies":[{"name":"wp","href":"https:\/\/api.w.org\/{rel}","templated":true}]}}