{"id":232323,"date":"2023-07-07T11:21:36","date_gmt":"2023-07-07T09:21:36","guid":{"rendered":"https:\/\/suwine.at\/?post_type=product&#038;p=232323"},"modified":"2025-04-06T09:31:40","modified_gmt":"2025-04-06T07:31:40","slug":"saint-estephe-chateau-de-pez","status":"publish","type":"product","link":"https:\/\/suwine.at\/hr\/produkt\/saint-estephe-chateau-de-pez\/","title":{"rendered":"Saint-Est\u00e8phe 2011 &#8211; Chateau de Pez"},"content":{"rendered":"<h2 class=\"page-title\"><span class=\"base\" data-ui-id=\"page-title-wrapper\">Aromen-Kaleidoskop aus dem Bordeaux<br \/>\n<\/span><\/h2>\n<p>Der Ch\u00e2teau de Pez 2011 ist ein Fest f\u00fcr die Sinne.<\/p>\n<p>Im Glas leuchtet er rubinrot und entfaltet volle, satte Aromen von reifen, schwarzen Beerenfr\u00fcchten.<br \/>\nAm Gaumen zeigen sich delikate R\u00f6stnoten und eine feste, saftige Tanninstruktur.<\/p>\n<p>Dieser Wein \u00fcberzeugt durch seine Komplexit\u00e4t, L\u00e4nge und sein Potenzial.<br \/>\nEr besitzt aber auch eine Eleganz und Finesse, die ihn zu einem unvergesslichen Erlebnis machen.<\/p>\n<p>Das Ch\u00e2teau de Pez liegt im Westen der Gemeinde Saint-Est\u00e8phe.<br \/>\nEs ist das \u00e4lteste Weingut in der Region Bordeaux und ein wahres Juwel der Weinwelt.<br \/>\nSeit seinem Erwerb im Jahr 1995 durch Louis Roederer wird im Weingut kontinuierlich renoviert und investiert.<br \/>\nDas macht es heute zu einem der besten Produzenten in Saint-Est\u00e8phe.<\/p>\n<p>Steckbrief<\/p>\n<ul>\n<li>Weingut: <strong>Ch\u00e2teau de Pez<\/strong><\/li>\n<li>Traubensorten: <strong>50% Cabernet Sauvignon, 46% Merlot, 4% Petit Verdot<\/strong><\/li>\n<li>Region: <strong>Frankreich &#8211; Bordeaux &#8211; M\u00e9doc &#8211; Saint-Est\u00e8phe<\/strong><\/li>\n<li>Alkoholgehalt: <strong>12,5%<\/strong><\/li>\n<li>Inhalt: <strong>750ml<\/strong><\/li>\n<li>Jahrgang: <strong>2011<\/strong><\/li>\n<\/ul>\n<span class=\"et_bloom_bottom_trigger\"><\/span>","protected":false},"excerpt":{"rendered":"<p>Rotwein aus M\u00e9doc (Bordeaux, Frankreich).<br \/>\n50% Cabernet Sauvignon, 46% Merlot, 4% Petit Verdot.<br \/>\nJahrgang: 2011<\/p>\n","protected":false},"featured_media":232649,"template":"","meta":{"_et_pb_use_builder":"","_et_pb_old_content":"","_et_gb_content_width":""},"product_brand":[],"product_cat":[210],"product_tag":[263],"class_list":{"0":"post-232323","1":"product","2":"type-product","3":"status-publish","4":"has-post-thumbnail","6":"product_cat-rotwein-international","7":"product_tag-bordeaux","9":"first","10":"outofstock","11":"taxable","12":"shipping-taxable","13":"purchasable","14":"product-type-simple"},"yoast_head":"<!-- This site is optimized with the Yoast SEO plugin v27.2 - https:\/\/yoast.com\/product\/yoast-seo-wordpress\/ -->\n<title>Saint-Est\u00e8phe 2011 - Chateau de Pez - Suwine - Suwi Zlatic<\/title>\n<meta name=\"description\" content=\"Chateau de Pez 2011 750ml - Rotwein von Chateau de PezEin Rotwein aus M\u00e9doc, Bordeaux, Frankreich. Hergestellt aus 50% Cabernet Sauvignon, 46% Merlot und 4% Petit Verdot.\" \/>\n<meta name=\"robots\" content=\"index, follow, max-snippet:-1, max-image-preview:large, max-video-preview:-1\" \/>\n<link rel=\"canonical\" href=\"https:\/\/suwine.at\/hr\/produkt\/saint-estephe-chateau-de-pez\/\" \/>\n<meta property=\"og:locale\" content=\"hr_HR\" \/>\n<meta property=\"og:type\" content=\"article\" \/>\n<meta property=\"og:title\" content=\"Saint-Est\u00e8phe 2011 - Chateau de Pez - Suwine - Suwi Zlatic\" \/>\n<meta property=\"og:description\" content=\"Chateau de Pez 2011 750ml - Rotwein von Chateau de PezEin Rotwein aus M\u00e9doc, Bordeaux, Frankreich. Hergestellt aus 50% Cabernet Sauvignon, 46% Merlot und 4% Petit Verdot.\" \/>\n<meta property=\"og:url\" content=\"https:\/\/suwine.at\/hr\/produkt\/saint-estephe-chateau-de-pez\/\" \/>\n<meta property=\"og:site_name\" content=\"Suwine - Suwi Zlatic\" \/>\n<meta property=\"article:modified_time\" content=\"2025-04-06T07:31:40+00:00\" \/>\n<meta property=\"og:image\" content=\"https:\/\/suwine.at\/wp-content\/uploads\/2023\/07\/F773DE35-6F5B-488F-AF5A-867A0F1DC2D1.jpg\" \/>\n\t<meta property=\"og:image:width\" content=\"1080\" \/>\n\t<meta property=\"og:image:height\" content=\"1080\" \/>\n\t<meta property=\"og:image:type\" content=\"image\/jpeg\" \/>\n<meta name=\"twitter:card\" content=\"summary_large_image\" \/>\n<meta name=\"twitter:label1\" content=\"Procijenjeno vrijeme \u010ditanja\" \/>\n\t<meta name=\"twitter:data1\" content=\"1 minuta\" \/>\n<script type=\"application\/ld+json\" class=\"yoast-schema-graph\">{\"@context\":\"https:\/\/schema.org\",\"@graph\":[{\"@type\":\"WebPage\",\"@id\":\"https:\/\/suwine.at\/hr\/produkt\/saint-estephe-chateau-de-pez\/\",\"url\":\"https:\/\/suwine.at\/hr\/produkt\/saint-estephe-chateau-de-pez\/\",\"name\":\"Saint-Est\u00e8phe 2011 - Chateau de Pez - Suwine - Suwi Zlatic\",\"isPartOf\":{\"@id\":\"https:\/\/suwine.at\/hr\/#website\"},\"primaryImageOfPage\":{\"@id\":\"https:\/\/suwine.at\/hr\/produkt\/saint-estephe-chateau-de-pez\/#primaryimage\"},\"image\":{\"@id\":\"https:\/\/suwine.at\/hr\/produkt\/saint-estephe-chateau-de-pez\/#primaryimage\"},\"thumbnailUrl\":\"https:\/\/suwine.at\/wp-content\/uploads\/2023\/07\/F773DE35-6F5B-488F-AF5A-867A0F1DC2D1.jpg\",\"datePublished\":\"2023-07-07T09:21:36+00:00\",\"dateModified\":\"2025-04-06T07:31:40+00:00\",\"description\":\"Chateau de Pez 2011 750ml - Rotwein von Chateau de PezEin Rotwein aus M\u00e9doc, Bordeaux, Frankreich. Hergestellt aus 50% Cabernet Sauvignon, 46% Merlot und 4% Petit Verdot.\",\"breadcrumb\":{\"@id\":\"https:\/\/suwine.at\/hr\/produkt\/saint-estephe-chateau-de-pez\/#breadcrumb\"},\"inLanguage\":\"hr\",\"potentialAction\":[{\"@type\":\"ReadAction\",\"target\":[\"https:\/\/suwine.at\/hr\/produkt\/saint-estephe-chateau-de-pez\/\"]}]},{\"@type\":\"ImageObject\",\"inLanguage\":\"hr\",\"@id\":\"https:\/\/suwine.at\/hr\/produkt\/saint-estephe-chateau-de-pez\/#primaryimage\",\"url\":\"https:\/\/suwine.at\/wp-content\/uploads\/2023\/07\/F773DE35-6F5B-488F-AF5A-867A0F1DC2D1.jpg\",\"contentUrl\":\"https:\/\/suwine.at\/wp-content\/uploads\/2023\/07\/F773DE35-6F5B-488F-AF5A-867A0F1DC2D1.jpg\",\"width\":1080,\"height\":1080,\"caption\":\"Saint-Est\u00e8phe 2011 - Chateau de Pez\"},{\"@type\":\"BreadcrumbList\",\"@id\":\"https:\/\/suwine.at\/hr\/produkt\/saint-estephe-chateau-de-pez\/#breadcrumb\",\"itemListElement\":[{\"@type\":\"ListItem\",\"position\":1,\"name\":\"Startseite\",\"item\":\"https:\/\/suwine.at\/hr\/\"},{\"@type\":\"ListItem\",\"position\":2,\"name\":\"Shop\",\"item\":\"https:\/\/suwine.at\/shop\/\"},{\"@type\":\"ListItem\",\"position\":3,\"name\":\"Saint-Est\u00e8phe 2011 &#8211; Chateau de Pez\"}]},{\"@type\":\"WebSite\",\"@id\":\"https:\/\/suwine.at\/hr\/#website\",\"url\":\"https:\/\/suwine.at\/hr\/\",\"name\":\"Suwine - Suwi Zlatic\",\"description\":\"Sommelier | Gourmet Play Store | Consulting\",\"potentialAction\":[{\"@type\":\"SearchAction\",\"target\":{\"@type\":\"EntryPoint\",\"urlTemplate\":\"https:\/\/suwine.at\/hr\/?s={search_term_string}\"},\"query-input\":{\"@type\":\"PropertyValueSpecification\",\"valueRequired\":true,\"valueName\":\"search_term_string\"}}],\"inLanguage\":\"hr\"}]}<\/script>\n<!-- \/ Yoast SEO plugin. -->","yoast_head_json":{"title":"Saint-Est\u00e8phe 2011 - Chateau de Pez - Suwine - Suwi Zlatic","description":"Chateau de Pez 2011 750ml - Rotwein von Chateau de PezEin Rotwein aus M\u00e9doc, Bordeaux, Frankreich. Hergestellt aus 50% Cabernet Sauvignon, 46% Merlot und 4% Petit Verdot.","robots":{"index":"index","follow":"follow","max-snippet":"max-snippet:-1","max-image-preview":"max-image-preview:large","max-video-preview":"max-video-preview:-1"},"canonical":"https:\/\/suwine.at\/hr\/produkt\/saint-estephe-chateau-de-pez\/","og_locale":"hr_HR","og_type":"article","og_title":"Saint-Est\u00e8phe 2011 - Chateau de Pez - Suwine - Suwi Zlatic","og_description":"Chateau de Pez 2011 750ml - Rotwein von Chateau de PezEin Rotwein aus M\u00e9doc, Bordeaux, Frankreich. Hergestellt aus 50% Cabernet Sauvignon, 46% Merlot und 4% Petit Verdot.","og_url":"https:\/\/suwine.at\/hr\/produkt\/saint-estephe-chateau-de-pez\/","og_site_name":"Suwine - Suwi Zlatic","article_modified_time":"2025-04-06T07:31:40+00:00","og_image":[{"width":1080,"height":1080,"url":"https:\/\/suwine.at\/wp-content\/uploads\/2023\/07\/F773DE35-6F5B-488F-AF5A-867A0F1DC2D1.jpg","type":"image\/jpeg"}],"twitter_card":"summary_large_image","twitter_misc":{"Procijenjeno vrijeme \u010ditanja":"1 minuta"},"schema":{"@context":"https:\/\/schema.org","@graph":[{"@type":"WebPage","@id":"https:\/\/suwine.at\/hr\/produkt\/saint-estephe-chateau-de-pez\/","url":"https:\/\/suwine.at\/hr\/produkt\/saint-estephe-chateau-de-pez\/","name":"Saint-Est\u00e8phe 2011 - Chateau de Pez - Suwine - Suwi Zlatic","isPartOf":{"@id":"https:\/\/suwine.at\/hr\/#website"},"primaryImageOfPage":{"@id":"https:\/\/suwine.at\/hr\/produkt\/saint-estephe-chateau-de-pez\/#primaryimage"},"image":{"@id":"https:\/\/suwine.at\/hr\/produkt\/saint-estephe-chateau-de-pez\/#primaryimage"},"thumbnailUrl":"https:\/\/suwine.at\/wp-content\/uploads\/2023\/07\/F773DE35-6F5B-488F-AF5A-867A0F1DC2D1.jpg","datePublished":"2023-07-07T09:21:36+00:00","dateModified":"2025-04-06T07:31:40+00:00","description":"Chateau de Pez 2011 750ml - Rotwein von Chateau de PezEin Rotwein aus M\u00e9doc, Bordeaux, Frankreich. Hergestellt aus 50% Cabernet Sauvignon, 46% Merlot und 4% Petit Verdot.","breadcrumb":{"@id":"https:\/\/suwine.at\/hr\/produkt\/saint-estephe-chateau-de-pez\/#breadcrumb"},"inLanguage":"hr","potentialAction":[{"@type":"ReadAction","target":["https:\/\/suwine.at\/hr\/produkt\/saint-estephe-chateau-de-pez\/"]}]},{"@type":"ImageObject","inLanguage":"hr","@id":"https:\/\/suwine.at\/hr\/produkt\/saint-estephe-chateau-de-pez\/#primaryimage","url":"https:\/\/suwine.at\/wp-content\/uploads\/2023\/07\/F773DE35-6F5B-488F-AF5A-867A0F1DC2D1.jpg","contentUrl":"https:\/\/suwine.at\/wp-content\/uploads\/2023\/07\/F773DE35-6F5B-488F-AF5A-867A0F1DC2D1.jpg","width":1080,"height":1080,"caption":"Saint-Est\u00e8phe 2011 - Chateau de Pez"},{"@type":"BreadcrumbList","@id":"https:\/\/suwine.at\/hr\/produkt\/saint-estephe-chateau-de-pez\/#breadcrumb","itemListElement":[{"@type":"ListItem","position":1,"name":"Startseite","item":"https:\/\/suwine.at\/hr\/"},{"@type":"ListItem","position":2,"name":"Shop","item":"https:\/\/suwine.at\/shop\/"},{"@type":"ListItem","position":3,"name":"Saint-Est\u00e8phe 2011 &#8211; Chateau de Pez"}]},{"@type":"WebSite","@id":"https:\/\/suwine.at\/hr\/#website","url":"https:\/\/suwine.at\/hr\/","name":"Suwine - Suwi Zlatic","description":"Sommelier | Gourmet Play Store | Consulting","potentialAction":[{"@type":"SearchAction","target":{"@type":"EntryPoint","urlTemplate":"https:\/\/suwine.at\/hr\/?s={search_term_string}"},"query-input":{"@type":"PropertyValueSpecification","valueRequired":true,"valueName":"search_term_string"}}],"inLanguage":"hr"}]}},"_links":{"self":[{"href":"https:\/\/suwine.at\/hr\/wp-json\/wp\/v2\/product\/232323","targetHints":{"allow":["GET"]}}],"collection":[{"href":"https:\/\/suwine.at\/hr\/wp-json\/wp\/v2\/product"}],"about":[{"href":"https:\/\/suwine.at\/hr\/wp-json\/wp\/v2\/types\/product"}],"wp:featuredmedia":[{"embeddable":true,"href":"https:\/\/suwine.at\/hr\/wp-json\/wp\/v2\/media\/232649"}],"wp:attachment":[{"href":"https:\/\/suwine.at\/hr\/wp-json\/wp\/v2\/media?parent=232323"}],"wp:term":[{"taxonomy":"product_brand","embeddable":true,"href":"https:\/\/suwine.at\/hr\/wp-json\/wp\/v2\/product_brand?post=232323"},{"taxonomy":"product_cat","embeddable":true,"href":"https:\/\/suwine.at\/hr\/wp-json\/wp\/v2\/product_cat?post=232323"},{"taxonomy":"product_tag","embeddable":true,"href":"https:\/\/suwine.at\/hr\/wp-json\/wp\/v2\/product_tag?post=232323"}],"curies":[{"name":"wp","href":"https:\/\/api.w.org\/{rel}","templated":true}]}}