{"id":232888,"date":"2023-12-07T17:03:33","date_gmt":"2023-12-07T16:03:33","guid":{"rendered":"https:\/\/suwine.at\/?post_type=product&#038;p=232888"},"modified":"2024-06-01T00:03:18","modified_gmt":"2024-05-31T22:03:18","slug":"geschenkbox-exklusivpaket-3","status":"publish","type":"product","link":"https:\/\/suwine.at\/hr\/produkt\/geschenkbox-exklusivpaket-3\/","title":{"rendered":"Geschenkbox &#8211; Exklusivpaket 3"},"content":{"rendered":"<h2>Geschenkbox &#8211; Exklusivpaket 3<\/h2>\n<p><b>Die Box f\u00fcr Gourmets und Genie\u00dfer<\/b><\/p>\n<p>Ob zum Kennenlernen unserer GENIUS tartufi Premium Tr\u00fcffelprodukte oder als gern gesehenes Geschenk.<br \/>\nDie Geschenkbox &#8220;Deluxe&#8221; ist daf\u00fcr bestens geeignet!<\/p>\n<p>Wert von 49,00 \u20ac, welcher folgende Delikatessen beinhaltet:<\/p>\n<p>&nbsp;<\/p>\n<span class=\"et_bloom_bottom_trigger\"><\/span>","protected":false},"excerpt":{"rendered":"<h2>Geschenkbox &#8211; Exklusivpaket 3<\/h2>\n<p><b>Die Box f\u00fcr Gourmets und Genie\u00dfer<\/b><\/p>\n<p>Ob zum Kennenlernen unserer GENIUS tartufi Premium Tr\u00fcffelprodukte oder als gern gesehenes Geschenk.<br \/>\nDie Geschenkbox &#8220;Deluxe&#8221; ist daf\u00fcr bestens geeignet!<\/p>\n<p>Wert von 49,00 \u20ac, welcher folgende Delikatessen beinhaltet:<\/p>\n","protected":false},"featured_media":232883,"template":"","meta":{"_et_pb_use_builder":"","_et_pb_old_content":"","_et_gb_content_width":""},"product_brand":[],"product_cat":[696,792,807,48,189,286],"product_tag":[62,68],"class_list":{"0":"post-232888","1":"product","2":"type-product","3":"status-publish","4":"has-post-thumbnail","6":"product_cat-genius-olives","7":"product_cat-genius-world","8":"product_cat-genius-taste","9":"product_cat-genius-tartufi","10":"product_cat-gourmetboxen","11":"product_cat-geschenke","12":"product_tag-trueffel","13":"product_tag-olivenoel","15":"first","16":"instock","17":"taxable","18":"shipping-taxable","19":"purchasable","20":"product-type-simple"},"yoast_head":"<!-- This site is optimized with the Yoast SEO plugin v27.2 - https:\/\/yoast.com\/product\/yoast-seo-wordpress\/ -->\n<title>Geschenkbox - Exklusivpaket 3 - Suwine - Suwi Zlatic<\/title>\n<meta name=\"description\" content=\"Geschenkbox - Exklusivpaket 3Die Box f\u00fcr Gourmets und Genie\u00dferOb zum Kennenlernen unserer GENIUS tartufi Premium Tr\u00fcffelprodukte oder als gern gesehenes Geschenk.Die Geschenkbox &quot;Deluxe&quot; ist daf\u00fcr bestens geeignet!\" \/>\n<meta name=\"robots\" content=\"index, follow, max-snippet:-1, max-image-preview:large, max-video-preview:-1\" \/>\n<link rel=\"canonical\" href=\"https:\/\/suwine.at\/hr\/produkt\/geschenkbox-exklusivpaket-3\/\" \/>\n<meta property=\"og:locale\" content=\"hr_HR\" \/>\n<meta property=\"og:type\" content=\"article\" \/>\n<meta property=\"og:title\" content=\"Geschenkbox - Exklusivpaket 3 - Suwine - Suwi Zlatic\" \/>\n<meta property=\"og:description\" content=\"Geschenkbox - Exklusivpaket 3Die Box f\u00fcr Gourmets und Genie\u00dferOb zum Kennenlernen unserer GENIUS tartufi Premium Tr\u00fcffelprodukte oder als gern gesehenes Geschenk.Die Geschenkbox &quot;Deluxe&quot; ist daf\u00fcr bestens geeignet!\" \/>\n<meta property=\"og:url\" content=\"https:\/\/suwine.at\/hr\/produkt\/geschenkbox-exklusivpaket-3\/\" \/>\n<meta property=\"og:site_name\" content=\"Suwine - Suwi Zlatic\" \/>\n<meta property=\"article:modified_time\" content=\"2024-05-31T22:03:18+00:00\" \/>\n<meta property=\"og:image\" content=\"https:\/\/suwine.at\/wp-content\/uploads\/2023\/12\/68129B21-FA32-45D4-BBCE-2A7831FF4020.jpg\" \/>\n\t<meta property=\"og:image:width\" content=\"1080\" \/>\n\t<meta property=\"og:image:height\" content=\"1080\" \/>\n\t<meta property=\"og:image:type\" content=\"image\/jpeg\" \/>\n<meta name=\"twitter:card\" content=\"summary_large_image\" \/>\n<meta name=\"twitter:label1\" content=\"Procijenjeno vrijeme \u010ditanja\" \/>\n\t<meta name=\"twitter:data1\" content=\"1 minuta\" \/>\n<script type=\"application\/ld+json\" class=\"yoast-schema-graph\">{\"@context\":\"https:\/\/schema.org\",\"@graph\":[{\"@type\":\"WebPage\",\"@id\":\"https:\/\/suwine.at\/hr\/produkt\/geschenkbox-exklusivpaket-3\/\",\"url\":\"https:\/\/suwine.at\/hr\/produkt\/geschenkbox-exklusivpaket-3\/\",\"name\":\"Geschenkbox - Exklusivpaket 3 - Suwine - Suwi Zlatic\",\"isPartOf\":{\"@id\":\"https:\/\/suwine.at\/hr\/#website\"},\"primaryImageOfPage\":{\"@id\":\"https:\/\/suwine.at\/hr\/produkt\/geschenkbox-exklusivpaket-3\/#primaryimage\"},\"image\":{\"@id\":\"https:\/\/suwine.at\/hr\/produkt\/geschenkbox-exklusivpaket-3\/#primaryimage\"},\"thumbnailUrl\":\"https:\/\/suwine.at\/wp-content\/uploads\/2023\/12\/68129B21-FA32-45D4-BBCE-2A7831FF4020.jpg\",\"datePublished\":\"2023-12-07T16:03:33+00:00\",\"dateModified\":\"2024-05-31T22:03:18+00:00\",\"description\":\"Geschenkbox - Exklusivpaket 3Die Box f\u00fcr Gourmets und Genie\u00dferOb zum Kennenlernen unserer GENIUS tartufi Premium Tr\u00fcffelprodukte oder als gern gesehenes Geschenk.Die Geschenkbox \\\"Deluxe\\\" ist daf\u00fcr bestens geeignet!\",\"breadcrumb\":{\"@id\":\"https:\/\/suwine.at\/hr\/produkt\/geschenkbox-exklusivpaket-3\/#breadcrumb\"},\"inLanguage\":\"hr\",\"potentialAction\":[{\"@type\":\"ReadAction\",\"target\":[\"https:\/\/suwine.at\/hr\/produkt\/geschenkbox-exklusivpaket-3\/\"]}]},{\"@type\":\"ImageObject\",\"inLanguage\":\"hr\",\"@id\":\"https:\/\/suwine.at\/hr\/produkt\/geschenkbox-exklusivpaket-3\/#primaryimage\",\"url\":\"https:\/\/suwine.at\/wp-content\/uploads\/2023\/12\/68129B21-FA32-45D4-BBCE-2A7831FF4020.jpg\",\"contentUrl\":\"https:\/\/suwine.at\/wp-content\/uploads\/2023\/12\/68129B21-FA32-45D4-BBCE-2A7831FF4020.jpg\",\"width\":1080,\"height\":1080,\"caption\":\"Exklusivpaket 3\"},{\"@type\":\"BreadcrumbList\",\"@id\":\"https:\/\/suwine.at\/hr\/produkt\/geschenkbox-exklusivpaket-3\/#breadcrumb\",\"itemListElement\":[{\"@type\":\"ListItem\",\"position\":1,\"name\":\"Startseite\",\"item\":\"https:\/\/suwine.at\/hr\/\"},{\"@type\":\"ListItem\",\"position\":2,\"name\":\"Shop\",\"item\":\"https:\/\/suwine.at\/shop\/\"},{\"@type\":\"ListItem\",\"position\":3,\"name\":\"Geschenkbox &#8211; Exklusivpaket 3\"}]},{\"@type\":\"WebSite\",\"@id\":\"https:\/\/suwine.at\/hr\/#website\",\"url\":\"https:\/\/suwine.at\/hr\/\",\"name\":\"Suwine - Suwi Zlatic\",\"description\":\"Sommelier | Gourmet Play Store | Consulting\",\"potentialAction\":[{\"@type\":\"SearchAction\",\"target\":{\"@type\":\"EntryPoint\",\"urlTemplate\":\"https:\/\/suwine.at\/hr\/?s={search_term_string}\"},\"query-input\":{\"@type\":\"PropertyValueSpecification\",\"valueRequired\":true,\"valueName\":\"search_term_string\"}}],\"inLanguage\":\"hr\"}]}<\/script>\n<!-- \/ Yoast SEO plugin. -->","yoast_head_json":{"title":"Geschenkbox - Exklusivpaket 3 - Suwine - Suwi Zlatic","description":"Geschenkbox - Exklusivpaket 3Die Box f\u00fcr Gourmets und Genie\u00dferOb zum Kennenlernen unserer GENIUS tartufi Premium Tr\u00fcffelprodukte oder als gern gesehenes Geschenk.Die Geschenkbox \"Deluxe\" ist daf\u00fcr bestens geeignet!","robots":{"index":"index","follow":"follow","max-snippet":"max-snippet:-1","max-image-preview":"max-image-preview:large","max-video-preview":"max-video-preview:-1"},"canonical":"https:\/\/suwine.at\/hr\/produkt\/geschenkbox-exklusivpaket-3\/","og_locale":"hr_HR","og_type":"article","og_title":"Geschenkbox - Exklusivpaket 3 - Suwine - Suwi Zlatic","og_description":"Geschenkbox - Exklusivpaket 3Die Box f\u00fcr Gourmets und Genie\u00dferOb zum Kennenlernen unserer GENIUS tartufi Premium Tr\u00fcffelprodukte oder als gern gesehenes Geschenk.Die Geschenkbox \"Deluxe\" ist daf\u00fcr bestens geeignet!","og_url":"https:\/\/suwine.at\/hr\/produkt\/geschenkbox-exklusivpaket-3\/","og_site_name":"Suwine - Suwi Zlatic","article_modified_time":"2024-05-31T22:03:18+00:00","og_image":[{"width":1080,"height":1080,"url":"https:\/\/suwine.at\/wp-content\/uploads\/2023\/12\/68129B21-FA32-45D4-BBCE-2A7831FF4020.jpg","type":"image\/jpeg"}],"twitter_card":"summary_large_image","twitter_misc":{"Procijenjeno vrijeme \u010ditanja":"1 minuta"},"schema":{"@context":"https:\/\/schema.org","@graph":[{"@type":"WebPage","@id":"https:\/\/suwine.at\/hr\/produkt\/geschenkbox-exklusivpaket-3\/","url":"https:\/\/suwine.at\/hr\/produkt\/geschenkbox-exklusivpaket-3\/","name":"Geschenkbox - Exklusivpaket 3 - Suwine - Suwi Zlatic","isPartOf":{"@id":"https:\/\/suwine.at\/hr\/#website"},"primaryImageOfPage":{"@id":"https:\/\/suwine.at\/hr\/produkt\/geschenkbox-exklusivpaket-3\/#primaryimage"},"image":{"@id":"https:\/\/suwine.at\/hr\/produkt\/geschenkbox-exklusivpaket-3\/#primaryimage"},"thumbnailUrl":"https:\/\/suwine.at\/wp-content\/uploads\/2023\/12\/68129B21-FA32-45D4-BBCE-2A7831FF4020.jpg","datePublished":"2023-12-07T16:03:33+00:00","dateModified":"2024-05-31T22:03:18+00:00","description":"Geschenkbox - Exklusivpaket 3Die Box f\u00fcr Gourmets und Genie\u00dferOb zum Kennenlernen unserer GENIUS tartufi Premium Tr\u00fcffelprodukte oder als gern gesehenes Geschenk.Die Geschenkbox \"Deluxe\" ist daf\u00fcr bestens geeignet!","breadcrumb":{"@id":"https:\/\/suwine.at\/hr\/produkt\/geschenkbox-exklusivpaket-3\/#breadcrumb"},"inLanguage":"hr","potentialAction":[{"@type":"ReadAction","target":["https:\/\/suwine.at\/hr\/produkt\/geschenkbox-exklusivpaket-3\/"]}]},{"@type":"ImageObject","inLanguage":"hr","@id":"https:\/\/suwine.at\/hr\/produkt\/geschenkbox-exklusivpaket-3\/#primaryimage","url":"https:\/\/suwine.at\/wp-content\/uploads\/2023\/12\/68129B21-FA32-45D4-BBCE-2A7831FF4020.jpg","contentUrl":"https:\/\/suwine.at\/wp-content\/uploads\/2023\/12\/68129B21-FA32-45D4-BBCE-2A7831FF4020.jpg","width":1080,"height":1080,"caption":"Exklusivpaket 3"},{"@type":"BreadcrumbList","@id":"https:\/\/suwine.at\/hr\/produkt\/geschenkbox-exklusivpaket-3\/#breadcrumb","itemListElement":[{"@type":"ListItem","position":1,"name":"Startseite","item":"https:\/\/suwine.at\/hr\/"},{"@type":"ListItem","position":2,"name":"Shop","item":"https:\/\/suwine.at\/shop\/"},{"@type":"ListItem","position":3,"name":"Geschenkbox &#8211; Exklusivpaket 3"}]},{"@type":"WebSite","@id":"https:\/\/suwine.at\/hr\/#website","url":"https:\/\/suwine.at\/hr\/","name":"Suwine - Suwi Zlatic","description":"Sommelier | Gourmet Play Store | Consulting","potentialAction":[{"@type":"SearchAction","target":{"@type":"EntryPoint","urlTemplate":"https:\/\/suwine.at\/hr\/?s={search_term_string}"},"query-input":{"@type":"PropertyValueSpecification","valueRequired":true,"valueName":"search_term_string"}}],"inLanguage":"hr"}]}},"_links":{"self":[{"href":"https:\/\/suwine.at\/hr\/wp-json\/wp\/v2\/product\/232888","targetHints":{"allow":["GET"]}}],"collection":[{"href":"https:\/\/suwine.at\/hr\/wp-json\/wp\/v2\/product"}],"about":[{"href":"https:\/\/suwine.at\/hr\/wp-json\/wp\/v2\/types\/product"}],"wp:featuredmedia":[{"embeddable":true,"href":"https:\/\/suwine.at\/hr\/wp-json\/wp\/v2\/media\/232883"}],"wp:attachment":[{"href":"https:\/\/suwine.at\/hr\/wp-json\/wp\/v2\/media?parent=232888"}],"wp:term":[{"taxonomy":"product_brand","embeddable":true,"href":"https:\/\/suwine.at\/hr\/wp-json\/wp\/v2\/product_brand?post=232888"},{"taxonomy":"product_cat","embeddable":true,"href":"https:\/\/suwine.at\/hr\/wp-json\/wp\/v2\/product_cat?post=232888"},{"taxonomy":"product_tag","embeddable":true,"href":"https:\/\/suwine.at\/hr\/wp-json\/wp\/v2\/product_tag?post=232888"}],"curies":[{"name":"wp","href":"https:\/\/api.w.org\/{rel}","templated":true}]}}