{"id":233132,"date":"2024-01-25T17:42:21","date_gmt":"2024-01-25T16:42:21","guid":{"rendered":"https:\/\/suwine.at\/?post_type=product&#038;p=233132"},"modified":"2024-07-31T15:20:20","modified_gmt":"2024-07-31T13:20:20","slug":"ottocento-bijeli","status":"publish","type":"product","link":"https:\/\/suwine.at\/hr\/produkt\/ottocento-bijeli\/","title":{"rendered":"Ottocento bijeli"},"content":{"rendered":"<h2>Ottocento bijeli<\/h2>\n<p>Der Wein, den einige als den einzigen Wein w\u00e4hlen w\u00fcrden, den sie trinken w\u00fcrden, bis sie sterben. Ottocento ist eine Cuv\u00e9e aus Malvazija, Sauvignon Blanc und Pinot Grigio. Der Prozentsatz der Rebsorten variiert von Ernte zu Ernte in Abh\u00e4ngigkeit vom Ertrag. Auch wenn Malvazija im Wein oft vorherrscht, beeinflusst Pinot Grigio die rosa Farbe des Ottocento.<\/p>\n<p>Der Wein, den einige als den einzigen Wein w\u00e4hlen w\u00fcrden, den sie trinken w\u00fcrden, bis sie sterben. Ottocento ist eine Cuv\u00e9e aus Malvazija, Sauvignon Blanc und Pinot Grigio. Der Prozentsatz der Rebsorten variiert von Ernte zu Ernte in Abh\u00e4ngigkeit vom Ertrag. Auch wenn Malvazija im Wein oft vorherrscht, beeinflusst Pinot Grigio die rosa Farbe des Ottocento.<\/p>\n<table class=\"woocommerce-product-attributes shop_attributes\" style=\"width: 244px\">\n<tbody>\n<tr class=\"woocommerce-product-attributes-item woocommerce-product-attributes-item--attribute_pa_allergenhinweis\">\n<th class=\"woocommerce-product-attributes-item__label\" style=\"width: 138.383px\">ALLERGENHINWEIS<\/th>\n<td class=\"woocommerce-product-attributes-item__value\" style=\"width: 89.6172px\">Enh\u00e4lt Sulfite<\/td>\n<\/tr>\n<tr class=\"woocommerce-product-attributes-item woocommerce-product-attributes-item--attribute_pa_geschmack\">\n<th class=\"woocommerce-product-attributes-item__label\" style=\"width: 138.383px\">GESCHMACK<\/th>\n<td class=\"woocommerce-product-attributes-item__value\" style=\"width: 89.6172px\">trocken<\/td>\n<\/tr>\n<tr class=\"woocommerce-product-attributes-item woocommerce-product-attributes-item--attribute_pa_jahrgang\">\n<th class=\"woocommerce-product-attributes-item__label\" style=\"width: 138.383px\">JAHRGANG<\/th>\n<td class=\"woocommerce-product-attributes-item__value\" style=\"width: 89.6172px\">2020<\/td>\n<\/tr>\n<tr class=\"woocommerce-product-attributes-item woocommerce-product-attributes-item--attribute_pa_alkoholgehalt\">\n<th class=\"woocommerce-product-attributes-item__label\" style=\"width: 138.383px\">ALKOHOLGEHALT<\/th>\n<td class=\"woocommerce-product-attributes-item__value\" style=\"width: 89.6172px\">14,5<\/td>\n<\/tr>\n<tr class=\"woocommerce-product-attributes-item woocommerce-product-attributes-item--attribute_pa_herkunftsland\">\n<th class=\"woocommerce-product-attributes-item__label\" style=\"width: 138.383px\">HERKUNFTSLAND<\/th>\n<td class=\"woocommerce-product-attributes-item__value\" style=\"width: 89.6172px\">Istrien<\/td>\n<\/tr>\n<\/tbody>\n<\/table>\n<span class=\"et_bloom_bottom_trigger\"><\/span>","protected":false},"excerpt":{"rendered":"<h2>Ottocento bijeli<\/h2>\n<p>Der Wein, den einige als den einzigen Wein w\u00e4hlen w\u00fcrden, den sie trinken w\u00fcrden, bis sie sterben. Ottocento ist eine Cuv\u00e9e aus Malvazija, Sauvignon Blanc und Pinot Grigio. Der Prozentsatz der Rebsorten variiert von Ernte zu Ernte in Abh\u00e4ngigkeit vom Ertrag. Auch wenn Malvazija im Wein oft vorherrscht, beeinflusst Pinot Grigio die rosa Farbe des Ottocento.<\/p>\n","protected":false},"featured_media":233125,"template":"","meta":{"_et_pb_use_builder":"","_et_pb_old_content":"","_et_gb_content_width":""},"product_brand":[],"product_cat":[84,212],"product_tag":[],"class_list":{"0":"post-233132","1":"product","2":"type-product","3":"status-publish","4":"has-post-thumbnail","6":"product_cat-weisswein","7":"product_cat-weisswein-international","9":"first","10":"instock","11":"taxable","12":"shipping-taxable","13":"purchasable","14":"product-type-simple"},"yoast_head":"<!-- This site is optimized with the Yoast SEO plugin v27.2 - https:\/\/yoast.com\/product\/yoast-seo-wordpress\/ -->\n<title>Ottocento bijeli - Suwine - Suwi Zlatic<\/title>\n<meta name=\"description\" content=\"Ottocento bijeli Der Wein, den einige als den einzigen Wein w\u00e4hlen w\u00fcrden, den sie trinken w\u00fcrden, bis sie sterben. Ottocento ist eine Cuv\u00e9e aus Malvazija, Sauvignon Blanc und Pinot Grigio. Der Prozentsatz der Rebsorten variiert von Ernte zu Ernte in Abh\u00e4ngigkeit vom Ertrag.\" \/>\n<meta name=\"robots\" content=\"index, follow, max-snippet:-1, max-image-preview:large, max-video-preview:-1\" \/>\n<link rel=\"canonical\" href=\"https:\/\/suwine.at\/hr\/produkt\/ottocento-bijeli\/\" \/>\n<meta property=\"og:locale\" content=\"hr_HR\" \/>\n<meta property=\"og:type\" content=\"article\" \/>\n<meta property=\"og:title\" content=\"Ottocento bijeli - Suwine - Suwi Zlatic\" \/>\n<meta property=\"og:description\" content=\"Ottocento bijeli Der Wein, den einige als den einzigen Wein w\u00e4hlen w\u00fcrden, den sie trinken w\u00fcrden, bis sie sterben. Ottocento ist eine Cuv\u00e9e aus Malvazija, Sauvignon Blanc und Pinot Grigio. Der Prozentsatz der Rebsorten variiert von Ernte zu Ernte in Abh\u00e4ngigkeit vom Ertrag.\" \/>\n<meta property=\"og:url\" content=\"https:\/\/suwine.at\/hr\/produkt\/ottocento-bijeli\/\" \/>\n<meta property=\"og:site_name\" content=\"Suwine - Suwi Zlatic\" \/>\n<meta property=\"article:modified_time\" content=\"2024-07-31T13:20:20+00:00\" \/>\n<meta property=\"og:image\" content=\"https:\/\/suwine.at\/wp-content\/uploads\/2024\/01\/ottocento-bijeli-2020.jpg\" \/>\n\t<meta property=\"og:image:width\" content=\"1080\" \/>\n\t<meta property=\"og:image:height\" content=\"1080\" \/>\n\t<meta property=\"og:image:type\" content=\"image\/jpeg\" \/>\n<meta name=\"twitter:card\" content=\"summary_large_image\" \/>\n<meta name=\"twitter:label1\" content=\"Procijenjeno vrijeme \u010ditanja\" \/>\n\t<meta name=\"twitter:data1\" content=\"1 minuta\" \/>\n<script type=\"application\/ld+json\" class=\"yoast-schema-graph\">{\"@context\":\"https:\/\/schema.org\",\"@graph\":[{\"@type\":\"WebPage\",\"@id\":\"https:\/\/suwine.at\/hr\/produkt\/ottocento-bijeli\/\",\"url\":\"https:\/\/suwine.at\/hr\/produkt\/ottocento-bijeli\/\",\"name\":\"Ottocento bijeli - Suwine - Suwi Zlatic\",\"isPartOf\":{\"@id\":\"https:\/\/suwine.at\/hr\/#website\"},\"primaryImageOfPage\":{\"@id\":\"https:\/\/suwine.at\/hr\/produkt\/ottocento-bijeli\/#primaryimage\"},\"image\":{\"@id\":\"https:\/\/suwine.at\/hr\/produkt\/ottocento-bijeli\/#primaryimage\"},\"thumbnailUrl\":\"https:\/\/suwine.at\/wp-content\/uploads\/2024\/01\/ottocento-bijeli-2020.jpg\",\"datePublished\":\"2024-01-25T16:42:21+00:00\",\"dateModified\":\"2024-07-31T13:20:20+00:00\",\"description\":\"Ottocento bijeli Der Wein, den einige als den einzigen Wein w\u00e4hlen w\u00fcrden, den sie trinken w\u00fcrden, bis sie sterben. Ottocento ist eine Cuv\u00e9e aus Malvazija, Sauvignon Blanc und Pinot Grigio. Der Prozentsatz der Rebsorten variiert von Ernte zu Ernte in Abh\u00e4ngigkeit vom Ertrag.\",\"breadcrumb\":{\"@id\":\"https:\/\/suwine.at\/hr\/produkt\/ottocento-bijeli\/#breadcrumb\"},\"inLanguage\":\"hr\",\"potentialAction\":[{\"@type\":\"ReadAction\",\"target\":[\"https:\/\/suwine.at\/hr\/produkt\/ottocento-bijeli\/\"]}]},{\"@type\":\"ImageObject\",\"inLanguage\":\"hr\",\"@id\":\"https:\/\/suwine.at\/hr\/produkt\/ottocento-bijeli\/#primaryimage\",\"url\":\"https:\/\/suwine.at\/wp-content\/uploads\/2024\/01\/ottocento-bijeli-2020.jpg\",\"contentUrl\":\"https:\/\/suwine.at\/wp-content\/uploads\/2024\/01\/ottocento-bijeli-2020.jpg\",\"width\":1080,\"height\":1080,\"caption\":\"ottocento bijeli 2020\"},{\"@type\":\"BreadcrumbList\",\"@id\":\"https:\/\/suwine.at\/hr\/produkt\/ottocento-bijeli\/#breadcrumb\",\"itemListElement\":[{\"@type\":\"ListItem\",\"position\":1,\"name\":\"Startseite\",\"item\":\"https:\/\/suwine.at\/hr\/\"},{\"@type\":\"ListItem\",\"position\":2,\"name\":\"Shop\",\"item\":\"https:\/\/suwine.at\/shop\/\"},{\"@type\":\"ListItem\",\"position\":3,\"name\":\"Ottocento bijeli\"}]},{\"@type\":\"WebSite\",\"@id\":\"https:\/\/suwine.at\/hr\/#website\",\"url\":\"https:\/\/suwine.at\/hr\/\",\"name\":\"Suwine - Suwi Zlatic\",\"description\":\"Sommelier | Gourmet Play Store | Consulting\",\"potentialAction\":[{\"@type\":\"SearchAction\",\"target\":{\"@type\":\"EntryPoint\",\"urlTemplate\":\"https:\/\/suwine.at\/hr\/?s={search_term_string}\"},\"query-input\":{\"@type\":\"PropertyValueSpecification\",\"valueRequired\":true,\"valueName\":\"search_term_string\"}}],\"inLanguage\":\"hr\"}]}<\/script>\n<!-- \/ Yoast SEO plugin. -->","yoast_head_json":{"title":"Ottocento bijeli - Suwine - Suwi Zlatic","description":"Ottocento bijeli Der Wein, den einige als den einzigen Wein w\u00e4hlen w\u00fcrden, den sie trinken w\u00fcrden, bis sie sterben. Ottocento ist eine Cuv\u00e9e aus Malvazija, Sauvignon Blanc und Pinot Grigio. Der Prozentsatz der Rebsorten variiert von Ernte zu Ernte in Abh\u00e4ngigkeit vom Ertrag.","robots":{"index":"index","follow":"follow","max-snippet":"max-snippet:-1","max-image-preview":"max-image-preview:large","max-video-preview":"max-video-preview:-1"},"canonical":"https:\/\/suwine.at\/hr\/produkt\/ottocento-bijeli\/","og_locale":"hr_HR","og_type":"article","og_title":"Ottocento bijeli - Suwine - Suwi Zlatic","og_description":"Ottocento bijeli Der Wein, den einige als den einzigen Wein w\u00e4hlen w\u00fcrden, den sie trinken w\u00fcrden, bis sie sterben. Ottocento ist eine Cuv\u00e9e aus Malvazija, Sauvignon Blanc und Pinot Grigio. Der Prozentsatz der Rebsorten variiert von Ernte zu Ernte in Abh\u00e4ngigkeit vom Ertrag.","og_url":"https:\/\/suwine.at\/hr\/produkt\/ottocento-bijeli\/","og_site_name":"Suwine - Suwi Zlatic","article_modified_time":"2024-07-31T13:20:20+00:00","og_image":[{"width":1080,"height":1080,"url":"https:\/\/suwine.at\/wp-content\/uploads\/2024\/01\/ottocento-bijeli-2020.jpg","type":"image\/jpeg"}],"twitter_card":"summary_large_image","twitter_misc":{"Procijenjeno vrijeme \u010ditanja":"1 minuta"},"schema":{"@context":"https:\/\/schema.org","@graph":[{"@type":"WebPage","@id":"https:\/\/suwine.at\/hr\/produkt\/ottocento-bijeli\/","url":"https:\/\/suwine.at\/hr\/produkt\/ottocento-bijeli\/","name":"Ottocento bijeli - Suwine - Suwi Zlatic","isPartOf":{"@id":"https:\/\/suwine.at\/hr\/#website"},"primaryImageOfPage":{"@id":"https:\/\/suwine.at\/hr\/produkt\/ottocento-bijeli\/#primaryimage"},"image":{"@id":"https:\/\/suwine.at\/hr\/produkt\/ottocento-bijeli\/#primaryimage"},"thumbnailUrl":"https:\/\/suwine.at\/wp-content\/uploads\/2024\/01\/ottocento-bijeli-2020.jpg","datePublished":"2024-01-25T16:42:21+00:00","dateModified":"2024-07-31T13:20:20+00:00","description":"Ottocento bijeli Der Wein, den einige als den einzigen Wein w\u00e4hlen w\u00fcrden, den sie trinken w\u00fcrden, bis sie sterben. Ottocento ist eine Cuv\u00e9e aus Malvazija, Sauvignon Blanc und Pinot Grigio. Der Prozentsatz der Rebsorten variiert von Ernte zu Ernte in Abh\u00e4ngigkeit vom Ertrag.","breadcrumb":{"@id":"https:\/\/suwine.at\/hr\/produkt\/ottocento-bijeli\/#breadcrumb"},"inLanguage":"hr","potentialAction":[{"@type":"ReadAction","target":["https:\/\/suwine.at\/hr\/produkt\/ottocento-bijeli\/"]}]},{"@type":"ImageObject","inLanguage":"hr","@id":"https:\/\/suwine.at\/hr\/produkt\/ottocento-bijeli\/#primaryimage","url":"https:\/\/suwine.at\/wp-content\/uploads\/2024\/01\/ottocento-bijeli-2020.jpg","contentUrl":"https:\/\/suwine.at\/wp-content\/uploads\/2024\/01\/ottocento-bijeli-2020.jpg","width":1080,"height":1080,"caption":"ottocento bijeli 2020"},{"@type":"BreadcrumbList","@id":"https:\/\/suwine.at\/hr\/produkt\/ottocento-bijeli\/#breadcrumb","itemListElement":[{"@type":"ListItem","position":1,"name":"Startseite","item":"https:\/\/suwine.at\/hr\/"},{"@type":"ListItem","position":2,"name":"Shop","item":"https:\/\/suwine.at\/shop\/"},{"@type":"ListItem","position":3,"name":"Ottocento bijeli"}]},{"@type":"WebSite","@id":"https:\/\/suwine.at\/hr\/#website","url":"https:\/\/suwine.at\/hr\/","name":"Suwine - Suwi Zlatic","description":"Sommelier | Gourmet Play Store | Consulting","potentialAction":[{"@type":"SearchAction","target":{"@type":"EntryPoint","urlTemplate":"https:\/\/suwine.at\/hr\/?s={search_term_string}"},"query-input":{"@type":"PropertyValueSpecification","valueRequired":true,"valueName":"search_term_string"}}],"inLanguage":"hr"}]}},"_links":{"self":[{"href":"https:\/\/suwine.at\/hr\/wp-json\/wp\/v2\/product\/233132","targetHints":{"allow":["GET"]}}],"collection":[{"href":"https:\/\/suwine.at\/hr\/wp-json\/wp\/v2\/product"}],"about":[{"href":"https:\/\/suwine.at\/hr\/wp-json\/wp\/v2\/types\/product"}],"wp:featuredmedia":[{"embeddable":true,"href":"https:\/\/suwine.at\/hr\/wp-json\/wp\/v2\/media\/233125"}],"wp:attachment":[{"href":"https:\/\/suwine.at\/hr\/wp-json\/wp\/v2\/media?parent=233132"}],"wp:term":[{"taxonomy":"product_brand","embeddable":true,"href":"https:\/\/suwine.at\/hr\/wp-json\/wp\/v2\/product_brand?post=233132"},{"taxonomy":"product_cat","embeddable":true,"href":"https:\/\/suwine.at\/hr\/wp-json\/wp\/v2\/product_cat?post=233132"},{"taxonomy":"product_tag","embeddable":true,"href":"https:\/\/suwine.at\/hr\/wp-json\/wp\/v2\/product_tag?post=233132"}],"curies":[{"name":"wp","href":"https:\/\/api.w.org\/{rel}","templated":true}]}}