{"id":233149,"date":"2024-01-26T19:54:18","date_gmt":"2024-01-26T18:54:18","guid":{"rendered":"https:\/\/suwine.at\/?post_type=product&#038;p=233149"},"modified":"2024-01-27T10:03:37","modified_gmt":"2024-01-27T09:03:37","slug":"suwine-prime-time-sassicaia-tenuta-san-guido","status":"publish","type":"product","link":"https:\/\/suwine.at\/hr\/produkt\/suwine-prime-time-sassicaia-tenuta-san-guido\/","title":{"rendered":"Suwine Prime Time &#8211; Sassicaia, Tenuta San Guido"},"content":{"rendered":"<h2><\/h2>\n<h2>Willkommen in der Welt des au\u00dfergew\u00f6hnlichen Genusses \u2013 Wein Sassicaia!<\/h2>\n<p>Lassen Sie sich von der Magie eines Weins verzaubern, der mit seiner einzigartigen Pers\u00f6nlichkeit und exquisiten Aromen jeden Gaumen erobert. Sassicaia ist mehr als nur ein Wein, es ist eine Erfahrung, die Ihre Sinne auf eine unvergessliche Reise entf\u00fchrt.<\/p>\n<p>Tauchen Sie ein in eine Welt voller Eleganz und Raffinesse, in der jedes Glas eine Symphonie von Geschmack und Finesse zelebriert. Von den sonnenverw\u00f6hnten H\u00e4ngen der Toskana stammt dieser edle Tropfen, der mit Leidenschaft und Hingabe von unseren erfahrenen Winzern kultiviert wird.<\/p>\n<p>Sassicaia ist das Ergebnis einer jahrhundertealten Tradition und modernster Weinherstellungstechniken. Jeder Schluck offenbart die perfekte Balance zwischen Fruchtigkeit und Tanninen, zwischen Tradition und Innovation. Es ist ein Wein, der die Essenz der toskanischen Landschaft einf\u00e4ngt und in jeder Flasche zum Ausdruck bringt.<\/p>\n<p>Egal, ob Sie einen besonderen Anlass feiern oder einfach nur das Leben genie\u00dfen wollen, der perfekte Begleiter. Seine unvergleichliche Qualit\u00e4t und sein unverwechselbarer Charakter machen ihn zu einer Ikone unter den Weinen.<\/p>\n<p>Setzen Sie ein Statement und entscheiden Sie sich f\u00fcr den Wein, der Ihre Geschmacksknospen verw\u00f6hnt und Ihre Sinne begeistert. Tauchen Sie ein in die faszinierende Welt von Sassicaia und erleben Sie einen Wein, der Ihre Erwartungen \u00fcbertrifft.<\/p>\n<p>Entdecken Sie die Einzigartigkeit von Sassicaia &#8211; ein Wein, der Ihre Sinne zum Tanzen bringt und Ihre Seele ber\u00fchrt. Lassen Sie sich von der Magie dieses au\u00dfergew\u00f6hnlichen Weins verf\u00fchren und erleben Sie den Geschmack des Luxus.<\/p>\n<p>Sassicaia \u2013 der Wein, der Ihre Genussmomente unvergesslich macht.<\/p>\n<p>Vertikale 2004-2019. elf Jahrg\u00e4nge, mit dabei das Highlight 2016, 100 Parker Punkte Bewertung.<\/p>\n<p>&nbsp;<\/p>\n<p><strong>Wann?<\/strong> 26.02.2024, Beginn:18:30<\/p>\n<p><strong>Wo?<\/strong> Suwine Gourmet Play Store, Maisengasse 6, 6500 Landeck<\/p>\n<p><strong>Im Preis inbegriffen:<\/strong><\/p>\n<p><strong>Aperitif:<\/strong> Champagne<\/p>\n<p><strong>Verkostung:<\/strong> 11 Jahrg\u00e4nge Sassicaia mit von der Partie Sassicaia Jahrgang 2016, 100 Parker Punkte einer der besten Jahrg\u00e4nge aller Zeiten<\/p>\n<p><strong>Men\u00fc:<\/strong>3 G\u00e4nge<\/p>\n<p>S\u00fcsswein, Kaffee, Wasser<\/p>\n<p><a href=\"https:\/\/www.tenutasanguido.com\">https:\/\/www.tenutasanguido.com<\/a><\/p>\n<p><a href=\"https:\/\/suwine.at\/blog\/chianti-classico-das-neueste-up-date\/\">https:\/\/suwine.at\/blog\/chianti-classico-das-neueste-up-date\/<\/a><\/p>\n<span class=\"et_bloom_bottom_trigger\"><\/span>","protected":false},"excerpt":{"rendered":"<p>Tenuta San Guido mit der vertikalen Sassicaia-Verkostung der Jahrg\u00e4nge 2004 bis 2019. Ein Fest der Sinne, das dich in die Fu\u00dfstapfen echter Weinlegenden f\u00fchrt.<\/p>\n","protected":false},"featured_media":233151,"template":"","meta":{"_et_pb_use_builder":"","_et_pb_old_content":"","_et_gb_content_width":""},"product_brand":[],"product_cat":[631,76,77],"product_tag":[867,80,90,388],"class_list":{"0":"post-233149","1":"product","2":"type-product","3":"status-publish","4":"has-post-thumbnail","6":"product_cat-praesenz","7":"product_cat-veranstaltungen","8":"product_cat-tastings","9":"product_tag-veranstaltung","10":"product_tag-italien","11":"product_tag-toskana","12":"product_tag-rotwein","14":"first","15":"outofstock","16":"taxable","17":"shipping-taxable","18":"purchasable","19":"product-type-simple"},"yoast_head":"<!-- This site is optimized with the Yoast SEO plugin v27.2 - https:\/\/yoast.com\/product\/yoast-seo-wordpress\/ -->\n<title>Suwine Prime Time - Sassicaia, Tenuta San Guido - Suwine - Suwi Zlatic<\/title>\n<meta name=\"description\" content=\"Weinverkostung Sassicaia der Jahrg\u00e4nge 2004 bis 2019. Ein Fest der Sinne. Supertuscan, Vintage, Cabernet Sauvignon, Cabernet Franc\" \/>\n<meta name=\"robots\" content=\"index, follow, max-snippet:-1, max-image-preview:large, max-video-preview:-1\" \/>\n<link rel=\"canonical\" href=\"https:\/\/suwine.at\/hr\/produkt\/suwine-prime-time-sassicaia-tenuta-san-guido\/\" \/>\n<meta property=\"og:locale\" content=\"hr_HR\" \/>\n<meta property=\"og:type\" content=\"article\" \/>\n<meta property=\"og:title\" content=\"Suwine Prime Time - Sassicaia, Tenuta San Guido - Suwine - Suwi Zlatic\" \/>\n<meta property=\"og:description\" content=\"Weinverkostung Sassicaia der Jahrg\u00e4nge 2004 bis 2019. Ein Fest der Sinne. Supertuscan, Vintage, Cabernet Sauvignon, Cabernet Franc\" \/>\n<meta property=\"og:url\" content=\"https:\/\/suwine.at\/hr\/produkt\/suwine-prime-time-sassicaia-tenuta-san-guido\/\" \/>\n<meta property=\"og:site_name\" content=\"Suwine - Suwi Zlatic\" \/>\n<meta property=\"article:modified_time\" content=\"2024-01-27T09:03:37+00:00\" \/>\n<meta property=\"og:image\" content=\"https:\/\/suwine.at\/wp-content\/uploads\/2024\/01\/Copy-of-sassicaia-2.jpeg\" \/>\n\t<meta property=\"og:image:width\" content=\"480\" \/>\n\t<meta property=\"og:image:height\" content=\"480\" \/>\n\t<meta property=\"og:image:type\" content=\"image\/jpeg\" \/>\n<meta name=\"twitter:card\" content=\"summary_large_image\" \/>\n<meta name=\"twitter:label1\" content=\"Procijenjeno vrijeme \u010ditanja\" \/>\n\t<meta name=\"twitter:data1\" content=\"2 minute\" \/>\n<script type=\"application\/ld+json\" class=\"yoast-schema-graph\">{\"@context\":\"https:\/\/schema.org\",\"@graph\":[{\"@type\":\"WebPage\",\"@id\":\"https:\/\/suwine.at\/hr\/produkt\/suwine-prime-time-sassicaia-tenuta-san-guido\/\",\"url\":\"https:\/\/suwine.at\/hr\/produkt\/suwine-prime-time-sassicaia-tenuta-san-guido\/\",\"name\":\"Suwine Prime Time - Sassicaia, Tenuta San Guido - Suwine - Suwi Zlatic\",\"isPartOf\":{\"@id\":\"https:\/\/suwine.at\/hr\/#website\"},\"primaryImageOfPage\":{\"@id\":\"https:\/\/suwine.at\/hr\/produkt\/suwine-prime-time-sassicaia-tenuta-san-guido\/#primaryimage\"},\"image\":{\"@id\":\"https:\/\/suwine.at\/hr\/produkt\/suwine-prime-time-sassicaia-tenuta-san-guido\/#primaryimage\"},\"thumbnailUrl\":\"https:\/\/suwine.at\/wp-content\/uploads\/2024\/01\/Copy-of-sassicaia-2.jpeg\",\"datePublished\":\"2024-01-26T18:54:18+00:00\",\"dateModified\":\"2024-01-27T09:03:37+00:00\",\"description\":\"Weinverkostung Sassicaia der Jahrg\u00e4nge 2004 bis 2019. Ein Fest der Sinne. Supertuscan, Vintage, Cabernet Sauvignon, Cabernet Franc\",\"breadcrumb\":{\"@id\":\"https:\/\/suwine.at\/hr\/produkt\/suwine-prime-time-sassicaia-tenuta-san-guido\/#breadcrumb\"},\"inLanguage\":\"hr\",\"potentialAction\":[{\"@type\":\"ReadAction\",\"target\":[\"https:\/\/suwine.at\/hr\/produkt\/suwine-prime-time-sassicaia-tenuta-san-guido\/\"]}]},{\"@type\":\"ImageObject\",\"inLanguage\":\"hr\",\"@id\":\"https:\/\/suwine.at\/hr\/produkt\/suwine-prime-time-sassicaia-tenuta-san-guido\/#primaryimage\",\"url\":\"https:\/\/suwine.at\/wp-content\/uploads\/2024\/01\/Copy-of-sassicaia-2.jpeg\",\"contentUrl\":\"https:\/\/suwine.at\/wp-content\/uploads\/2024\/01\/Copy-of-sassicaia-2.jpeg\",\"width\":480,\"height\":480},{\"@type\":\"BreadcrumbList\",\"@id\":\"https:\/\/suwine.at\/hr\/produkt\/suwine-prime-time-sassicaia-tenuta-san-guido\/#breadcrumb\",\"itemListElement\":[{\"@type\":\"ListItem\",\"position\":1,\"name\":\"Startseite\",\"item\":\"https:\/\/suwine.at\/hr\/\"},{\"@type\":\"ListItem\",\"position\":2,\"name\":\"Shop\",\"item\":\"https:\/\/suwine.at\/shop\/\"},{\"@type\":\"ListItem\",\"position\":3,\"name\":\"Suwine Prime Time &#8211; Sassicaia, Tenuta San Guido\"}]},{\"@type\":\"WebSite\",\"@id\":\"https:\/\/suwine.at\/hr\/#website\",\"url\":\"https:\/\/suwine.at\/hr\/\",\"name\":\"Suwine - Suwi Zlatic\",\"description\":\"Sommelier | Gourmet Play Store | Consulting\",\"potentialAction\":[{\"@type\":\"SearchAction\",\"target\":{\"@type\":\"EntryPoint\",\"urlTemplate\":\"https:\/\/suwine.at\/hr\/?s={search_term_string}\"},\"query-input\":{\"@type\":\"PropertyValueSpecification\",\"valueRequired\":true,\"valueName\":\"search_term_string\"}}],\"inLanguage\":\"hr\"}]}<\/script>\n<!-- \/ Yoast SEO plugin. -->","yoast_head_json":{"title":"Suwine Prime Time - Sassicaia, Tenuta San Guido - Suwine - Suwi Zlatic","description":"Weinverkostung Sassicaia der Jahrg\u00e4nge 2004 bis 2019. Ein Fest der Sinne. Supertuscan, Vintage, Cabernet Sauvignon, Cabernet Franc","robots":{"index":"index","follow":"follow","max-snippet":"max-snippet:-1","max-image-preview":"max-image-preview:large","max-video-preview":"max-video-preview:-1"},"canonical":"https:\/\/suwine.at\/hr\/produkt\/suwine-prime-time-sassicaia-tenuta-san-guido\/","og_locale":"hr_HR","og_type":"article","og_title":"Suwine Prime Time - Sassicaia, Tenuta San Guido - Suwine - Suwi Zlatic","og_description":"Weinverkostung Sassicaia der Jahrg\u00e4nge 2004 bis 2019. Ein Fest der Sinne. Supertuscan, Vintage, Cabernet Sauvignon, Cabernet Franc","og_url":"https:\/\/suwine.at\/hr\/produkt\/suwine-prime-time-sassicaia-tenuta-san-guido\/","og_site_name":"Suwine - Suwi Zlatic","article_modified_time":"2024-01-27T09:03:37+00:00","og_image":[{"width":480,"height":480,"url":"https:\/\/suwine.at\/wp-content\/uploads\/2024\/01\/Copy-of-sassicaia-2.jpeg","type":"image\/jpeg"}],"twitter_card":"summary_large_image","twitter_misc":{"Procijenjeno vrijeme \u010ditanja":"2 minute"},"schema":{"@context":"https:\/\/schema.org","@graph":[{"@type":"WebPage","@id":"https:\/\/suwine.at\/hr\/produkt\/suwine-prime-time-sassicaia-tenuta-san-guido\/","url":"https:\/\/suwine.at\/hr\/produkt\/suwine-prime-time-sassicaia-tenuta-san-guido\/","name":"Suwine Prime Time - Sassicaia, Tenuta San Guido - Suwine - Suwi Zlatic","isPartOf":{"@id":"https:\/\/suwine.at\/hr\/#website"},"primaryImageOfPage":{"@id":"https:\/\/suwine.at\/hr\/produkt\/suwine-prime-time-sassicaia-tenuta-san-guido\/#primaryimage"},"image":{"@id":"https:\/\/suwine.at\/hr\/produkt\/suwine-prime-time-sassicaia-tenuta-san-guido\/#primaryimage"},"thumbnailUrl":"https:\/\/suwine.at\/wp-content\/uploads\/2024\/01\/Copy-of-sassicaia-2.jpeg","datePublished":"2024-01-26T18:54:18+00:00","dateModified":"2024-01-27T09:03:37+00:00","description":"Weinverkostung Sassicaia der Jahrg\u00e4nge 2004 bis 2019. Ein Fest der Sinne. Supertuscan, Vintage, Cabernet Sauvignon, Cabernet Franc","breadcrumb":{"@id":"https:\/\/suwine.at\/hr\/produkt\/suwine-prime-time-sassicaia-tenuta-san-guido\/#breadcrumb"},"inLanguage":"hr","potentialAction":[{"@type":"ReadAction","target":["https:\/\/suwine.at\/hr\/produkt\/suwine-prime-time-sassicaia-tenuta-san-guido\/"]}]},{"@type":"ImageObject","inLanguage":"hr","@id":"https:\/\/suwine.at\/hr\/produkt\/suwine-prime-time-sassicaia-tenuta-san-guido\/#primaryimage","url":"https:\/\/suwine.at\/wp-content\/uploads\/2024\/01\/Copy-of-sassicaia-2.jpeg","contentUrl":"https:\/\/suwine.at\/wp-content\/uploads\/2024\/01\/Copy-of-sassicaia-2.jpeg","width":480,"height":480},{"@type":"BreadcrumbList","@id":"https:\/\/suwine.at\/hr\/produkt\/suwine-prime-time-sassicaia-tenuta-san-guido\/#breadcrumb","itemListElement":[{"@type":"ListItem","position":1,"name":"Startseite","item":"https:\/\/suwine.at\/hr\/"},{"@type":"ListItem","position":2,"name":"Shop","item":"https:\/\/suwine.at\/shop\/"},{"@type":"ListItem","position":3,"name":"Suwine Prime Time &#8211; Sassicaia, Tenuta San Guido"}]},{"@type":"WebSite","@id":"https:\/\/suwine.at\/hr\/#website","url":"https:\/\/suwine.at\/hr\/","name":"Suwine - Suwi Zlatic","description":"Sommelier | Gourmet Play Store | Consulting","potentialAction":[{"@type":"SearchAction","target":{"@type":"EntryPoint","urlTemplate":"https:\/\/suwine.at\/hr\/?s={search_term_string}"},"query-input":{"@type":"PropertyValueSpecification","valueRequired":true,"valueName":"search_term_string"}}],"inLanguage":"hr"}]}},"_links":{"self":[{"href":"https:\/\/suwine.at\/hr\/wp-json\/wp\/v2\/product\/233149","targetHints":{"allow":["GET"]}}],"collection":[{"href":"https:\/\/suwine.at\/hr\/wp-json\/wp\/v2\/product"}],"about":[{"href":"https:\/\/suwine.at\/hr\/wp-json\/wp\/v2\/types\/product"}],"wp:featuredmedia":[{"embeddable":true,"href":"https:\/\/suwine.at\/hr\/wp-json\/wp\/v2\/media\/233151"}],"wp:attachment":[{"href":"https:\/\/suwine.at\/hr\/wp-json\/wp\/v2\/media?parent=233149"}],"wp:term":[{"taxonomy":"product_brand","embeddable":true,"href":"https:\/\/suwine.at\/hr\/wp-json\/wp\/v2\/product_brand?post=233149"},{"taxonomy":"product_cat","embeddable":true,"href":"https:\/\/suwine.at\/hr\/wp-json\/wp\/v2\/product_cat?post=233149"},{"taxonomy":"product_tag","embeddable":true,"href":"https:\/\/suwine.at\/hr\/wp-json\/wp\/v2\/product_tag?post=233149"}],"curies":[{"name":"wp","href":"https:\/\/api.w.org\/{rel}","templated":true}]}}