{"id":233440,"date":"2024-04-03T16:35:09","date_gmt":"2024-04-03T14:35:09","guid":{"rendered":"https:\/\/suwine.at\/?post_type=product&#038;p=233440"},"modified":"2026-04-24T10:01:23","modified_gmt":"2026-04-24T08:01:23","slug":"tenuta-san-guido-sassicaia-2019","status":"publish","type":"product","link":"https:\/\/suwine.at\/hr\/produkt\/tenuta-san-guido-sassicaia-2019\/","title":{"rendered":"Tenuta San Guido: Sassicaia 2022"},"content":{"rendered":"<h2 class=\"name weglot_ignore_translation\">Tenuta San Guido: Sassicaia 2022<\/h2>\n<p>Rotwein Reifung in Holz Respektvolle Landwirtschaft. 24 Monate in Barriquef\u00e4ssern aus franz\u00f6sischer Eiche.<\/p>\n<p>Sassicaia 2022 beeindruckt mit seinem reifen und vollmundigen Charakter. In der Nase bietet er eine fruchtige Symphonie aus frischen Brombeeren und sauren Kirschen, bereichert durch exotische Noten von blauem Rosmarin und Lavendel. Beim Trinken umh\u00fcllt Sie die Eleganz seiner seidigen Textur und seiner zarten Frische vollst\u00e4ndig und hinterl\u00e4sst einen Eindruck von reinem Raffinement. Der Jahrgang 2022 zeichnet sich durch seine positive Entwicklung aus und zeigt, dass er sich mit der Zeit auf bezaubernde Weise \u00f6ffnet. Dieser Wein ist ideal f\u00fcr diejenigen, die die Geduld sch\u00e4tzen, etwas Au\u00dfergew\u00f6hnliches erbl\u00fchen zu sehen.<\/p>\n<ul>\n<li>\n<dl class=\"attributes-wrapper\">\n<dd title=\"Rebsorte\">Cabernet Sauvignon 85%, Cabernet Franc 15%<\/dd>\n<dd title=\"Rebsorte\">Italien, Toscana, Bolgheri<\/dd>\n<\/dl>\n<\/li>\n<\/ul>\n<span class=\"et_bloom_bottom_trigger\"><\/span>","protected":false},"excerpt":{"rendered":"<p>Sassicaia 2022 beeindruckt mit seinem reifen und vollmundigen Charakter. In der Nase bietet er eine fruchtige Symphonie aus frischen Brombeeren und sauren Kirschen, bereichert durch exotische Noten von blauem Rosmarin und Lavendel. Beim Trinken umh\u00fcllt Sie die Eleganz seiner seidigen Textur und seiner zarten Frische vollst\u00e4ndig und hinterl\u00e4sst einen Eindruck von reinem Raffinement. Der Jahrgang 2022 zeichnet sich durch seine positive Entwicklung aus und zeigt, dass er sich mit der Zeit auf bezaubernde Weise \u00f6ffnet. Dieser Wein ist ideal f\u00fcr diejenigen, die die Geduld sch\u00e4tzen, etwas Au\u00dfergew\u00f6hnliches erbl\u00fchen zu sehen.<\/p>\n","protected":false},"featured_media":233441,"template":"","meta":{"_et_pb_use_builder":"","_et_pb_old_content":"","_et_gb_content_width":""},"product_brand":[],"product_cat":[115,190,210],"product_tag":[364,880],"class_list":{"0":"post-233440","1":"product","2":"type-product","3":"status-publish","4":"has-post-thumbnail","6":"product_cat-wein","7":"product_cat-rotwein-raritaeten","8":"product_cat-rotwein-international","9":"product_tag-toscana","10":"product_tag-bolgheri","12":"first","13":"instock","14":"taxable","15":"shipping-taxable","16":"purchasable","17":"product-type-simple"},"yoast_head":"<!-- This site is optimized with the Yoast SEO plugin v27.2 - https:\/\/yoast.com\/product\/yoast-seo-wordpress\/ -->\n<title>Tenuta San Guido: Sassicaia 2022 - Suwine - Suwi Zlatic<\/title>\n<meta name=\"description\" content=\"Sassicaia 2022 beeindruckt mit seinem reifen und vollmundigen Charakter. In der Nase bietet er eine fruchtige Symphonie aus frischen Brombeeren und sauren Kirschen, bereichert durch exotische Noten von blauem Rosmarin und Lavendel. Beim Trinken umh\u00fcllt Sie die Eleganz seiner seidigen Textur und seiner zarten Frische vollst\u00e4ndig und hinterl\u00e4sst einen Eindruck von reinem Raffinement.\" \/>\n<meta name=\"robots\" content=\"index, follow, max-snippet:-1, max-image-preview:large, max-video-preview:-1\" \/>\n<link rel=\"canonical\" href=\"https:\/\/suwine.at\/hr\/produkt\/tenuta-san-guido-sassicaia-2019\/\" \/>\n<meta property=\"og:locale\" content=\"hr_HR\" \/>\n<meta property=\"og:type\" content=\"article\" \/>\n<meta property=\"og:title\" content=\"Tenuta San Guido: Sassicaia 2022 - Suwine - Suwi Zlatic\" \/>\n<meta property=\"og:description\" content=\"Sassicaia 2022 beeindruckt mit seinem reifen und vollmundigen Charakter. In der Nase bietet er eine fruchtige Symphonie aus frischen Brombeeren und sauren Kirschen, bereichert durch exotische Noten von blauem Rosmarin und Lavendel. Beim Trinken umh\u00fcllt Sie die Eleganz seiner seidigen Textur und seiner zarten Frische vollst\u00e4ndig und hinterl\u00e4sst einen Eindruck von reinem Raffinement.\" \/>\n<meta property=\"og:url\" content=\"https:\/\/suwine.at\/hr\/produkt\/tenuta-san-guido-sassicaia-2019\/\" \/>\n<meta property=\"og:site_name\" content=\"Suwine - Suwi Zlatic\" \/>\n<meta property=\"article:modified_time\" content=\"2026-04-24T08:01:23+00:00\" \/>\n<meta property=\"og:image\" content=\"https:\/\/suwine.at\/wp-content\/uploads\/2024\/04\/1EA3F614-9672-40DF-AE58-8DD2766D2147-jpg.webp\" \/>\n\t<meta property=\"og:image:width\" content=\"1600\" \/>\n\t<meta property=\"og:image:height\" content=\"1600\" \/>\n\t<meta property=\"og:image:type\" content=\"image\/jpeg\" \/>\n<meta name=\"twitter:card\" content=\"summary_large_image\" \/>\n<meta name=\"twitter:label1\" content=\"Procijenjeno vrijeme \u010ditanja\" \/>\n\t<meta name=\"twitter:data1\" content=\"1 minuta\" \/>\n<script type=\"application\/ld+json\" class=\"yoast-schema-graph\">{\"@context\":\"https:\/\/schema.org\",\"@graph\":[{\"@type\":\"WebPage\",\"@id\":\"https:\/\/suwine.at\/hr\/produkt\/tenuta-san-guido-sassicaia-2019\/\",\"url\":\"https:\/\/suwine.at\/hr\/produkt\/tenuta-san-guido-sassicaia-2019\/\",\"name\":\"Tenuta San Guido: Sassicaia 2022 - Suwine - Suwi Zlatic\",\"isPartOf\":{\"@id\":\"https:\/\/suwine.at\/hr\/#website\"},\"primaryImageOfPage\":{\"@id\":\"https:\/\/suwine.at\/hr\/produkt\/tenuta-san-guido-sassicaia-2019\/#primaryimage\"},\"image\":{\"@id\":\"https:\/\/suwine.at\/hr\/produkt\/tenuta-san-guido-sassicaia-2019\/#primaryimage\"},\"thumbnailUrl\":\"https:\/\/suwine.at\/wp-content\/uploads\/2024\/04\/1EA3F614-9672-40DF-AE58-8DD2766D2147-jpg.webp\",\"datePublished\":\"2024-04-03T14:35:09+00:00\",\"dateModified\":\"2026-04-24T08:01:23+00:00\",\"description\":\"Sassicaia 2022 beeindruckt mit seinem reifen und vollmundigen Charakter. In der Nase bietet er eine fruchtige Symphonie aus frischen Brombeeren und sauren Kirschen, bereichert durch exotische Noten von blauem Rosmarin und Lavendel. Beim Trinken umh\u00fcllt Sie die Eleganz seiner seidigen Textur und seiner zarten Frische vollst\u00e4ndig und hinterl\u00e4sst einen Eindruck von reinem Raffinement.\",\"breadcrumb\":{\"@id\":\"https:\/\/suwine.at\/hr\/produkt\/tenuta-san-guido-sassicaia-2019\/#breadcrumb\"},\"inLanguage\":\"hr\",\"potentialAction\":[{\"@type\":\"ReadAction\",\"target\":[\"https:\/\/suwine.at\/hr\/produkt\/tenuta-san-guido-sassicaia-2019\/\"]}]},{\"@type\":\"ImageObject\",\"inLanguage\":\"hr\",\"@id\":\"https:\/\/suwine.at\/hr\/produkt\/tenuta-san-guido-sassicaia-2019\/#primaryimage\",\"url\":\"https:\/\/suwine.at\/wp-content\/uploads\/2024\/04\/1EA3F614-9672-40DF-AE58-8DD2766D2147-jpg.webp\",\"contentUrl\":\"https:\/\/suwine.at\/wp-content\/uploads\/2024\/04\/1EA3F614-9672-40DF-AE58-8DD2766D2147-jpg.webp\",\"width\":1600,\"height\":1600,\"caption\":\"Sasiccaia 2016\"},{\"@type\":\"BreadcrumbList\",\"@id\":\"https:\/\/suwine.at\/hr\/produkt\/tenuta-san-guido-sassicaia-2019\/#breadcrumb\",\"itemListElement\":[{\"@type\":\"ListItem\",\"position\":1,\"name\":\"Startseite\",\"item\":\"https:\/\/suwine.at\/hr\/\"},{\"@type\":\"ListItem\",\"position\":2,\"name\":\"Shop\",\"item\":\"https:\/\/suwine.at\/shop\/\"},{\"@type\":\"ListItem\",\"position\":3,\"name\":\"Tenuta San Guido: Sassicaia 2022\"}]},{\"@type\":\"WebSite\",\"@id\":\"https:\/\/suwine.at\/hr\/#website\",\"url\":\"https:\/\/suwine.at\/hr\/\",\"name\":\"Suwine - Suwi Zlatic\",\"description\":\"Sommelier | Gourmet Play Store | Consulting\",\"potentialAction\":[{\"@type\":\"SearchAction\",\"target\":{\"@type\":\"EntryPoint\",\"urlTemplate\":\"https:\/\/suwine.at\/hr\/?s={search_term_string}\"},\"query-input\":{\"@type\":\"PropertyValueSpecification\",\"valueRequired\":true,\"valueName\":\"search_term_string\"}}],\"inLanguage\":\"hr\"}]}<\/script>\n<!-- \/ Yoast SEO plugin. -->","yoast_head_json":{"title":"Tenuta San Guido: Sassicaia 2022 - Suwine - Suwi Zlatic","description":"Sassicaia 2022 beeindruckt mit seinem reifen und vollmundigen Charakter. In der Nase bietet er eine fruchtige Symphonie aus frischen Brombeeren und sauren Kirschen, bereichert durch exotische Noten von blauem Rosmarin und Lavendel. Beim Trinken umh\u00fcllt Sie die Eleganz seiner seidigen Textur und seiner zarten Frische vollst\u00e4ndig und hinterl\u00e4sst einen Eindruck von reinem Raffinement.","robots":{"index":"index","follow":"follow","max-snippet":"max-snippet:-1","max-image-preview":"max-image-preview:large","max-video-preview":"max-video-preview:-1"},"canonical":"https:\/\/suwine.at\/hr\/produkt\/tenuta-san-guido-sassicaia-2019\/","og_locale":"hr_HR","og_type":"article","og_title":"Tenuta San Guido: Sassicaia 2022 - Suwine - Suwi Zlatic","og_description":"Sassicaia 2022 beeindruckt mit seinem reifen und vollmundigen Charakter. In der Nase bietet er eine fruchtige Symphonie aus frischen Brombeeren und sauren Kirschen, bereichert durch exotische Noten von blauem Rosmarin und Lavendel. Beim Trinken umh\u00fcllt Sie die Eleganz seiner seidigen Textur und seiner zarten Frische vollst\u00e4ndig und hinterl\u00e4sst einen Eindruck von reinem Raffinement.","og_url":"https:\/\/suwine.at\/hr\/produkt\/tenuta-san-guido-sassicaia-2019\/","og_site_name":"Suwine - Suwi Zlatic","article_modified_time":"2026-04-24T08:01:23+00:00","og_image":[{"width":1600,"height":1600,"url":"https:\/\/suwine.at\/wp-content\/uploads\/2024\/04\/1EA3F614-9672-40DF-AE58-8DD2766D2147-jpg.webp","type":"image\/jpeg"}],"twitter_card":"summary_large_image","twitter_misc":{"Procijenjeno vrijeme \u010ditanja":"1 minuta"},"schema":{"@context":"https:\/\/schema.org","@graph":[{"@type":"WebPage","@id":"https:\/\/suwine.at\/hr\/produkt\/tenuta-san-guido-sassicaia-2019\/","url":"https:\/\/suwine.at\/hr\/produkt\/tenuta-san-guido-sassicaia-2019\/","name":"Tenuta San Guido: Sassicaia 2022 - Suwine - Suwi Zlatic","isPartOf":{"@id":"https:\/\/suwine.at\/hr\/#website"},"primaryImageOfPage":{"@id":"https:\/\/suwine.at\/hr\/produkt\/tenuta-san-guido-sassicaia-2019\/#primaryimage"},"image":{"@id":"https:\/\/suwine.at\/hr\/produkt\/tenuta-san-guido-sassicaia-2019\/#primaryimage"},"thumbnailUrl":"https:\/\/suwine.at\/wp-content\/uploads\/2024\/04\/1EA3F614-9672-40DF-AE58-8DD2766D2147-jpg.webp","datePublished":"2024-04-03T14:35:09+00:00","dateModified":"2026-04-24T08:01:23+00:00","description":"Sassicaia 2022 beeindruckt mit seinem reifen und vollmundigen Charakter. In der Nase bietet er eine fruchtige Symphonie aus frischen Brombeeren und sauren Kirschen, bereichert durch exotische Noten von blauem Rosmarin und Lavendel. Beim Trinken umh\u00fcllt Sie die Eleganz seiner seidigen Textur und seiner zarten Frische vollst\u00e4ndig und hinterl\u00e4sst einen Eindruck von reinem Raffinement.","breadcrumb":{"@id":"https:\/\/suwine.at\/hr\/produkt\/tenuta-san-guido-sassicaia-2019\/#breadcrumb"},"inLanguage":"hr","potentialAction":[{"@type":"ReadAction","target":["https:\/\/suwine.at\/hr\/produkt\/tenuta-san-guido-sassicaia-2019\/"]}]},{"@type":"ImageObject","inLanguage":"hr","@id":"https:\/\/suwine.at\/hr\/produkt\/tenuta-san-guido-sassicaia-2019\/#primaryimage","url":"https:\/\/suwine.at\/wp-content\/uploads\/2024\/04\/1EA3F614-9672-40DF-AE58-8DD2766D2147-jpg.webp","contentUrl":"https:\/\/suwine.at\/wp-content\/uploads\/2024\/04\/1EA3F614-9672-40DF-AE58-8DD2766D2147-jpg.webp","width":1600,"height":1600,"caption":"Sasiccaia 2016"},{"@type":"BreadcrumbList","@id":"https:\/\/suwine.at\/hr\/produkt\/tenuta-san-guido-sassicaia-2019\/#breadcrumb","itemListElement":[{"@type":"ListItem","position":1,"name":"Startseite","item":"https:\/\/suwine.at\/hr\/"},{"@type":"ListItem","position":2,"name":"Shop","item":"https:\/\/suwine.at\/shop\/"},{"@type":"ListItem","position":3,"name":"Tenuta San Guido: Sassicaia 2022"}]},{"@type":"WebSite","@id":"https:\/\/suwine.at\/hr\/#website","url":"https:\/\/suwine.at\/hr\/","name":"Suwine - Suwi Zlatic","description":"Sommelier | Gourmet Play Store | Consulting","potentialAction":[{"@type":"SearchAction","target":{"@type":"EntryPoint","urlTemplate":"https:\/\/suwine.at\/hr\/?s={search_term_string}"},"query-input":{"@type":"PropertyValueSpecification","valueRequired":true,"valueName":"search_term_string"}}],"inLanguage":"hr"}]}},"_links":{"self":[{"href":"https:\/\/suwine.at\/hr\/wp-json\/wp\/v2\/product\/233440","targetHints":{"allow":["GET"]}}],"collection":[{"href":"https:\/\/suwine.at\/hr\/wp-json\/wp\/v2\/product"}],"about":[{"href":"https:\/\/suwine.at\/hr\/wp-json\/wp\/v2\/types\/product"}],"wp:featuredmedia":[{"embeddable":true,"href":"https:\/\/suwine.at\/hr\/wp-json\/wp\/v2\/media\/233441"}],"wp:attachment":[{"href":"https:\/\/suwine.at\/hr\/wp-json\/wp\/v2\/media?parent=233440"}],"wp:term":[{"taxonomy":"product_brand","embeddable":true,"href":"https:\/\/suwine.at\/hr\/wp-json\/wp\/v2\/product_brand?post=233440"},{"taxonomy":"product_cat","embeddable":true,"href":"https:\/\/suwine.at\/hr\/wp-json\/wp\/v2\/product_cat?post=233440"},{"taxonomy":"product_tag","embeddable":true,"href":"https:\/\/suwine.at\/hr\/wp-json\/wp\/v2\/product_tag?post=233440"}],"curies":[{"name":"wp","href":"https:\/\/api.w.org\/{rel}","templated":true}]}}