{"id":233896,"date":"2024-05-13T20:42:05","date_gmt":"2024-05-13T18:42:05","guid":{"rendered":"https:\/\/suwine.at\/?post_type=product&#038;p=233896"},"modified":"2025-11-19T09:43:12","modified_gmt":"2025-11-19T08:43:12","slug":"schwarzer-sommertrueffel-tuber-aestivum-vitt","status":"publish","type":"product","link":"https:\/\/suwine.at\/hr\/produkt\/schwarzer-sommertrueffel-tuber-aestivum-vitt\/","title":{"rendered":"Schwarzer Herbst\u00a0 (Tuber Uncinatum Vitt.):"},"content":{"rendered":"<h2>Schwarzer Herbst\u00a0 (Tuber Uncinatum Vitt.):<\/h2>\n<p>Unsere Tr\u00fcffel werden frisch geliefert und sind von h\u00f6chster Qualit\u00e4t. Sie k\u00f6nnen sicher sein, dass Sie ein Produkt erhalten, das die Erwartungen selbst anspruchsvollster Feinschmecker \u00fcbertrifft.<\/p>\n<p>Tauchen Sie ein in die Welt des Tr\u00fcffels und lassen Sie sich von seinem unvergleichlichen Geschmack verzaubern. Bestellen Sie noch heute Ihren eigenen Vorrat an Tr\u00fcffel Uncinatum und verleihen Sie Ihren Gerichten einen Hauch von Luxus.&#8221;<\/p>\n<p>Per <strong>Express-Versand<\/strong> und <strong>gek\u00fchlt in der Thermobox<\/strong> ist er am n\u00e4chsten Tag bei dir. (<em>Versandkostenfrei ab 100 Gramm)<\/em><\/p>\n<p>Bei entsprechender Lagerung bleibt er dann bei dir zwischen <strong>10 und 14 Tagen frisch<\/strong>.<br \/>\nVermutlich wirst du ihn aber bereits nach wenigen Tagen aufgebraucht haben, wenn du mit ihm <strong>Gerichte aller Art<\/strong> veredelst und ihnen zum <strong>wahren Geschmacksexplosionen und Gaumengen\u00fcssen<\/strong> verhilfst.<\/p>\n<p><strong>*Portionen<br \/>\n<\/strong>Je nach bestellter <strong>Portionsanzahl (1 Portion = 1 x 50 Gramm)<\/strong> erh\u00e4ltst du <strong>Teilst\u00fccke bzw. auch ganze Pilze<\/strong>.<br \/>\nEin ganzer Tr\u00fcffel-Pilz wiegt je nach Gr\u00f6\u00dfe zwischen 25 und 40 Gramm.<\/p>\n<p>ACHTUNG!!<\/p>\n<p>DA ES SICH UM SENSIBLE WARE HANDELT, BITTEN WIR DICH DEINE TELEFONNUMMER BEI DER BESTELLUNG BEKANNTZUGEBEN, DIE AUSSCHLIE\u00dfLICH ZUR KONTAKTAUFNAHME BEI DER ANLIEFERUNG VERWENDET WIRD.<\/p>\n<p>REKLAMATIONEN WERDEN NUR ANERKANNT WENN DIESE DIREKT NACH DER ANLIEFERUNG SP\u00c4TESTEN BIS 22 UHR DES ANLIEFERUNG-TAGES GELTEND GEMACHT WERDEN.<\/p>\n<p>DIE VERANTWORTUNG F\u00dcR DIE ERREICHBARKEIT BEI DER ANLIEFERUNG, K\u00d6NNEN WIR LEIDER NICHT \u00dcBERNEHMEN.<\/p>\n<p>DIREKT NACH DER ERFOLGREICHEN BESTELLUNG BEKOMMEN SIE DIE TRACKING NUMMER MIT DER SIE DIE SENDUNG VERFOLGEN K\u00d6NNEN.<\/p>\n<p>WIR BEDANKEN UNS F\u00dcR DAS VERST\u00c4NDNIS<\/p>\n<span class=\"et_bloom_bottom_trigger\"><\/span>","protected":false},"excerpt":{"rendered":"<p>Mit ihrem charakteristischen schwarzen \u00c4u\u00dferen und dem markanten Aroma verleihen die Tr\u00fcffel Uncinatum Ihren Gerichten eine luxuri\u00f6se Note. Ob in Pasta, Risotto, Saucen oder als Garnitur auf Steak &#8211; die M\u00f6glichkeiten sind endlos.<\/p>\n<p>Der Tr\u00fcffel Tuber Uncinatum ist bekannt f\u00fcr seine Vielseitigkeit und wird von Gourmets auf der ganzen Welt gesch\u00e4tzt. Jeder Bissen ist eine Geschmackserfahrung der besonderen Art.<\/p>\n","protected":false},"featured_media":232021,"template":"","meta":{"_et_pb_use_builder":"","_et_pb_old_content":"","_et_gb_content_width":""},"product_brand":[],"product_cat":[48,235,33],"product_tag":[889],"class_list":{"0":"post-233896","1":"product","2":"type-product","3":"status-publish","4":"has-post-thumbnail","6":"product_cat-genius-tartufi","7":"product_cat-frische-trueffel","8":"product_cat-unkategorisiert","9":"product_tag-frischer-trueffel-tuber-uncinatum-vitt","10":"product_shipping_class-frische-trueffel","12":"first","13":"outofstock","14":"taxable","15":"shipping-taxable","16":"purchasable","17":"product-type-simple"},"yoast_head":"<!-- This site is optimized with the Yoast SEO plugin v27.2 - https:\/\/yoast.com\/product\/yoast-seo-wordpress\/ -->\n<title>Schwarzer Herbst\u00a0 (Tuber Uncinatum Vitt.): - Suwine - Suwi Zlatic<\/title>\n<meta name=\"description\" content=\"Mit ihrem charakteristischen schwarzen \u00c4u\u00dferen und dem markanten Aroma verleihen die Tr\u00fcffel Uncinatum Ihren Gerichten eine luxuri\u00f6se Note. Ob in Pasta, Risotto, Saucen oder als Garnitur auf Steak - die M\u00f6glichkeiten sind endlos.Der Tr\u00fcffel Tuber Uncinatum ist bekannt f\u00fcr seine Vielseitigkeit und wird von Gourmets auf der ganzen Welt gesch\u00e4tzt. Jeder Bissen ist eine Geschmackserfahrung der besonderen Art.\" \/>\n<meta name=\"robots\" content=\"index, follow, max-snippet:-1, max-image-preview:large, max-video-preview:-1\" \/>\n<link rel=\"canonical\" href=\"https:\/\/suwine.at\/hr\/produkt\/schwarzer-sommertrueffel-tuber-aestivum-vitt\/\" \/>\n<meta property=\"og:locale\" content=\"hr_HR\" \/>\n<meta property=\"og:type\" content=\"article\" \/>\n<meta property=\"og:title\" content=\"Schwarzer Herbst\u00a0 (Tuber Uncinatum Vitt.): - Suwine - Suwi Zlatic\" \/>\n<meta property=\"og:description\" content=\"Mit ihrem charakteristischen schwarzen \u00c4u\u00dferen und dem markanten Aroma verleihen die Tr\u00fcffel Uncinatum Ihren Gerichten eine luxuri\u00f6se Note. Ob in Pasta, Risotto, Saucen oder als Garnitur auf Steak - die M\u00f6glichkeiten sind endlos.Der Tr\u00fcffel Tuber Uncinatum ist bekannt f\u00fcr seine Vielseitigkeit und wird von Gourmets auf der ganzen Welt gesch\u00e4tzt. Jeder Bissen ist eine Geschmackserfahrung der besonderen Art.\" \/>\n<meta property=\"og:url\" content=\"https:\/\/suwine.at\/hr\/produkt\/schwarzer-sommertrueffel-tuber-aestivum-vitt\/\" \/>\n<meta property=\"og:site_name\" content=\"Suwine - Suwi Zlatic\" \/>\n<meta property=\"article:modified_time\" content=\"2025-11-19T08:43:12+00:00\" \/>\n<meta property=\"og:image\" content=\"https:\/\/suwine.at\/wp-content\/uploads\/2021\/03\/aestivum.jpg\" \/>\n\t<meta property=\"og:image:width\" content=\"1080\" \/>\n\t<meta property=\"og:image:height\" content=\"1080\" \/>\n\t<meta property=\"og:image:type\" content=\"image\/jpeg\" \/>\n<meta name=\"twitter:card\" content=\"summary_large_image\" \/>\n<meta name=\"twitter:label1\" content=\"Procijenjeno vrijeme \u010ditanja\" \/>\n\t<meta name=\"twitter:data1\" content=\"2 minute\" \/>\n<script type=\"application\/ld+json\" class=\"yoast-schema-graph\">{\"@context\":\"https:\/\/schema.org\",\"@graph\":[{\"@type\":\"WebPage\",\"@id\":\"https:\/\/suwine.at\/hr\/produkt\/schwarzer-sommertrueffel-tuber-aestivum-vitt\/\",\"url\":\"https:\/\/suwine.at\/hr\/produkt\/schwarzer-sommertrueffel-tuber-aestivum-vitt\/\",\"name\":\"Schwarzer Herbst\u00a0 (Tuber Uncinatum Vitt.): - Suwine - Suwi Zlatic\",\"isPartOf\":{\"@id\":\"https:\/\/suwine.at\/hr\/#website\"},\"primaryImageOfPage\":{\"@id\":\"https:\/\/suwine.at\/hr\/produkt\/schwarzer-sommertrueffel-tuber-aestivum-vitt\/#primaryimage\"},\"image\":{\"@id\":\"https:\/\/suwine.at\/hr\/produkt\/schwarzer-sommertrueffel-tuber-aestivum-vitt\/#primaryimage\"},\"thumbnailUrl\":\"https:\/\/suwine.at\/wp-content\/uploads\/2021\/03\/aestivum.jpg\",\"datePublished\":\"2024-05-13T18:42:05+00:00\",\"dateModified\":\"2025-11-19T08:43:12+00:00\",\"description\":\"Mit ihrem charakteristischen schwarzen \u00c4u\u00dferen und dem markanten Aroma verleihen die Tr\u00fcffel Uncinatum Ihren Gerichten eine luxuri\u00f6se Note. Ob in Pasta, Risotto, Saucen oder als Garnitur auf Steak - die M\u00f6glichkeiten sind endlos.Der Tr\u00fcffel Tuber Uncinatum ist bekannt f\u00fcr seine Vielseitigkeit und wird von Gourmets auf der ganzen Welt gesch\u00e4tzt. Jeder Bissen ist eine Geschmackserfahrung der besonderen Art.\",\"breadcrumb\":{\"@id\":\"https:\/\/suwine.at\/hr\/produkt\/schwarzer-sommertrueffel-tuber-aestivum-vitt\/#breadcrumb\"},\"inLanguage\":\"hr\",\"potentialAction\":[{\"@type\":\"ReadAction\",\"target\":[\"https:\/\/suwine.at\/hr\/produkt\/schwarzer-sommertrueffel-tuber-aestivum-vitt\/\"]}]},{\"@type\":\"ImageObject\",\"inLanguage\":\"hr\",\"@id\":\"https:\/\/suwine.at\/hr\/produkt\/schwarzer-sommertrueffel-tuber-aestivum-vitt\/#primaryimage\",\"url\":\"https:\/\/suwine.at\/wp-content\/uploads\/2021\/03\/aestivum.jpg\",\"contentUrl\":\"https:\/\/suwine.at\/wp-content\/uploads\/2021\/03\/aestivum.jpg\",\"width\":1080,\"height\":1080,\"caption\":\"aestivum\"},{\"@type\":\"BreadcrumbList\",\"@id\":\"https:\/\/suwine.at\/hr\/produkt\/schwarzer-sommertrueffel-tuber-aestivum-vitt\/#breadcrumb\",\"itemListElement\":[{\"@type\":\"ListItem\",\"position\":1,\"name\":\"Startseite\",\"item\":\"https:\/\/suwine.at\/hr\/\"},{\"@type\":\"ListItem\",\"position\":2,\"name\":\"Shop\",\"item\":\"https:\/\/suwine.at\/shop\/\"},{\"@type\":\"ListItem\",\"position\":3,\"name\":\"Schwarzer Herbst\u00a0 (Tuber Uncinatum Vitt.):\"}]},{\"@type\":\"WebSite\",\"@id\":\"https:\/\/suwine.at\/hr\/#website\",\"url\":\"https:\/\/suwine.at\/hr\/\",\"name\":\"Suwine - Suwi Zlatic\",\"description\":\"Sommelier | Gourmet Play Store | Consulting\",\"potentialAction\":[{\"@type\":\"SearchAction\",\"target\":{\"@type\":\"EntryPoint\",\"urlTemplate\":\"https:\/\/suwine.at\/hr\/?s={search_term_string}\"},\"query-input\":{\"@type\":\"PropertyValueSpecification\",\"valueRequired\":true,\"valueName\":\"search_term_string\"}}],\"inLanguage\":\"hr\"}]}<\/script>\n<!-- \/ Yoast SEO plugin. -->","yoast_head_json":{"title":"Schwarzer Herbst\u00a0 (Tuber Uncinatum Vitt.): - Suwine - Suwi Zlatic","description":"Mit ihrem charakteristischen schwarzen \u00c4u\u00dferen und dem markanten Aroma verleihen die Tr\u00fcffel Uncinatum Ihren Gerichten eine luxuri\u00f6se Note. Ob in Pasta, Risotto, Saucen oder als Garnitur auf Steak - die M\u00f6glichkeiten sind endlos.Der Tr\u00fcffel Tuber Uncinatum ist bekannt f\u00fcr seine Vielseitigkeit und wird von Gourmets auf der ganzen Welt gesch\u00e4tzt. Jeder Bissen ist eine Geschmackserfahrung der besonderen Art.","robots":{"index":"index","follow":"follow","max-snippet":"max-snippet:-1","max-image-preview":"max-image-preview:large","max-video-preview":"max-video-preview:-1"},"canonical":"https:\/\/suwine.at\/hr\/produkt\/schwarzer-sommertrueffel-tuber-aestivum-vitt\/","og_locale":"hr_HR","og_type":"article","og_title":"Schwarzer Herbst\u00a0 (Tuber Uncinatum Vitt.): - Suwine - Suwi Zlatic","og_description":"Mit ihrem charakteristischen schwarzen \u00c4u\u00dferen und dem markanten Aroma verleihen die Tr\u00fcffel Uncinatum Ihren Gerichten eine luxuri\u00f6se Note. Ob in Pasta, Risotto, Saucen oder als Garnitur auf Steak - die M\u00f6glichkeiten sind endlos.Der Tr\u00fcffel Tuber Uncinatum ist bekannt f\u00fcr seine Vielseitigkeit und wird von Gourmets auf der ganzen Welt gesch\u00e4tzt. Jeder Bissen ist eine Geschmackserfahrung der besonderen Art.","og_url":"https:\/\/suwine.at\/hr\/produkt\/schwarzer-sommertrueffel-tuber-aestivum-vitt\/","og_site_name":"Suwine - Suwi Zlatic","article_modified_time":"2025-11-19T08:43:12+00:00","og_image":[{"width":1080,"height":1080,"url":"https:\/\/suwine.at\/wp-content\/uploads\/2021\/03\/aestivum.jpg","type":"image\/jpeg"}],"twitter_card":"summary_large_image","twitter_misc":{"Procijenjeno vrijeme \u010ditanja":"2 minute"},"schema":{"@context":"https:\/\/schema.org","@graph":[{"@type":"WebPage","@id":"https:\/\/suwine.at\/hr\/produkt\/schwarzer-sommertrueffel-tuber-aestivum-vitt\/","url":"https:\/\/suwine.at\/hr\/produkt\/schwarzer-sommertrueffel-tuber-aestivum-vitt\/","name":"Schwarzer Herbst\u00a0 (Tuber Uncinatum Vitt.): - Suwine - Suwi Zlatic","isPartOf":{"@id":"https:\/\/suwine.at\/hr\/#website"},"primaryImageOfPage":{"@id":"https:\/\/suwine.at\/hr\/produkt\/schwarzer-sommertrueffel-tuber-aestivum-vitt\/#primaryimage"},"image":{"@id":"https:\/\/suwine.at\/hr\/produkt\/schwarzer-sommertrueffel-tuber-aestivum-vitt\/#primaryimage"},"thumbnailUrl":"https:\/\/suwine.at\/wp-content\/uploads\/2021\/03\/aestivum.jpg","datePublished":"2024-05-13T18:42:05+00:00","dateModified":"2025-11-19T08:43:12+00:00","description":"Mit ihrem charakteristischen schwarzen \u00c4u\u00dferen und dem markanten Aroma verleihen die Tr\u00fcffel Uncinatum Ihren Gerichten eine luxuri\u00f6se Note. Ob in Pasta, Risotto, Saucen oder als Garnitur auf Steak - die M\u00f6glichkeiten sind endlos.Der Tr\u00fcffel Tuber Uncinatum ist bekannt f\u00fcr seine Vielseitigkeit und wird von Gourmets auf der ganzen Welt gesch\u00e4tzt. Jeder Bissen ist eine Geschmackserfahrung der besonderen Art.","breadcrumb":{"@id":"https:\/\/suwine.at\/hr\/produkt\/schwarzer-sommertrueffel-tuber-aestivum-vitt\/#breadcrumb"},"inLanguage":"hr","potentialAction":[{"@type":"ReadAction","target":["https:\/\/suwine.at\/hr\/produkt\/schwarzer-sommertrueffel-tuber-aestivum-vitt\/"]}]},{"@type":"ImageObject","inLanguage":"hr","@id":"https:\/\/suwine.at\/hr\/produkt\/schwarzer-sommertrueffel-tuber-aestivum-vitt\/#primaryimage","url":"https:\/\/suwine.at\/wp-content\/uploads\/2021\/03\/aestivum.jpg","contentUrl":"https:\/\/suwine.at\/wp-content\/uploads\/2021\/03\/aestivum.jpg","width":1080,"height":1080,"caption":"aestivum"},{"@type":"BreadcrumbList","@id":"https:\/\/suwine.at\/hr\/produkt\/schwarzer-sommertrueffel-tuber-aestivum-vitt\/#breadcrumb","itemListElement":[{"@type":"ListItem","position":1,"name":"Startseite","item":"https:\/\/suwine.at\/hr\/"},{"@type":"ListItem","position":2,"name":"Shop","item":"https:\/\/suwine.at\/shop\/"},{"@type":"ListItem","position":3,"name":"Schwarzer Herbst\u00a0 (Tuber Uncinatum Vitt.):"}]},{"@type":"WebSite","@id":"https:\/\/suwine.at\/hr\/#website","url":"https:\/\/suwine.at\/hr\/","name":"Suwine - Suwi Zlatic","description":"Sommelier | Gourmet Play Store | Consulting","potentialAction":[{"@type":"SearchAction","target":{"@type":"EntryPoint","urlTemplate":"https:\/\/suwine.at\/hr\/?s={search_term_string}"},"query-input":{"@type":"PropertyValueSpecification","valueRequired":true,"valueName":"search_term_string"}}],"inLanguage":"hr"}]}},"_links":{"self":[{"href":"https:\/\/suwine.at\/hr\/wp-json\/wp\/v2\/product\/233896","targetHints":{"allow":["GET"]}}],"collection":[{"href":"https:\/\/suwine.at\/hr\/wp-json\/wp\/v2\/product"}],"about":[{"href":"https:\/\/suwine.at\/hr\/wp-json\/wp\/v2\/types\/product"}],"wp:featuredmedia":[{"embeddable":true,"href":"https:\/\/suwine.at\/hr\/wp-json\/wp\/v2\/media\/232021"}],"wp:attachment":[{"href":"https:\/\/suwine.at\/hr\/wp-json\/wp\/v2\/media?parent=233896"}],"wp:term":[{"taxonomy":"product_brand","embeddable":true,"href":"https:\/\/suwine.at\/hr\/wp-json\/wp\/v2\/product_brand?post=233896"},{"taxonomy":"product_cat","embeddable":true,"href":"https:\/\/suwine.at\/hr\/wp-json\/wp\/v2\/product_cat?post=233896"},{"taxonomy":"product_tag","embeddable":true,"href":"https:\/\/suwine.at\/hr\/wp-json\/wp\/v2\/product_tag?post=233896"}],"curies":[{"name":"wp","href":"https:\/\/api.w.org\/{rel}","templated":true}]}}