{"id":234291,"date":"2024-08-02T13:42:06","date_gmt":"2024-08-02T11:42:06","guid":{"rendered":"https:\/\/suwine.at\/?post_type=product&#038;p=234291"},"modified":"2026-04-03T15:01:14","modified_gmt":"2026-04-03T13:01:14","slug":"champagne-laurent-perrier-la-cuvee","status":"publish","type":"product","link":"https:\/\/suwine.at\/hr\/produkt\/champagne-laurent-perrier-la-cuvee\/","title":{"rendered":"Champagne Laurent Perrier &#8211; LA CUV\u00c9E"},"content":{"rendered":"<h2>Champagne Laurent &#8211; LA CUV\u00c9E<\/h2>\n<p>Dieser Wein wird aus dem reinsten Saft der Trauben gewonnen, der allein Laurent-Perrier erm\u00f6glicht, \u00abLa Cuv\u00e9e\u00bb herzustellen, einen Champagner von gro\u00dfer Finesse und Frische, die nach einer langen Reifezeit in unseren Kellern erreicht werden. Die Entscheidung f\u00fcr einen hohen Chardonnay-Anteil bildet die Grundlage f\u00fcr den Stil und die Pers\u00f6nlichkeit von Laurent-Perrier. Reinheit, Frische und Eleganz sind die angestrebten Eigenschaften dieses Weines, der in den Geist des Hauses einf\u00fchrt.<\/p>\n<ul class=\"md:mb-10 lg:mb-12 flex flex-col gap-2 lg:gap-8\">\n<li class=\"flex items-center scroll-appear scroll-appear-ok\"><strong class=\"heading-text font-normal pr-3 lg:pr-4 \">REBSORTEN <\/strong><span class=\"pl-3 lg:pl-4\">Chardonnay +50%, Pinot Noir 30-35%, Meunier\u00a010-15%<\/span><\/li>\n<li class=\"flex items-center scroll-appear scroll-appear-ok\"><strong class=\"heading-text font-normal pr-3 lg:pr-4 \">RESERVEWEINE<\/strong><span class=\"pl-3 lg:pl-4\">15-30%<\/span><\/li>\n<li class=\"flex items-center scroll-appear scroll-appear-ok\"><strong class=\"heading-text font-normal pr-3 lg:pr-4 \">CRUS<\/strong><span class=\"pl-3 lg:pl-4\">+100 Crus<\/span><\/li>\n<li class=\"flex items-center scroll-appear scroll-appear-ok\"><strong class=\"heading-text font-normal pr-3 lg:pr-4 \">REIFEZEIT<\/strong><span class=\"pl-3 lg:pl-4\">4 Jahre<\/span><\/li>\n<\/ul>\n<p>&nbsp;<\/p>\n<span class=\"et_bloom_bottom_trigger\"><\/span>","protected":false},"excerpt":{"rendered":"<p>Dieser Wein wird aus dem reinsten Saft der Trauben gewonnen, der allein Laurent-Perrier erm\u00f6glicht, \u00abLa Cuv\u00e9e\u00bb herzustellen, einen Champagner von gro\u00dfer Finesse und Frische, die nach einer langen Reifezeit in unseren Kellern erreicht werden. Die Entscheidung f\u00fcr einen hohen Chardonnay-Anteil bildet die Grundlage f\u00fcr den Stil und die Pers\u00f6nlichkeit von Laurent-Perrier. Reinheit, Frische und Eleganz sind die angestrebten Eigenschaften dieses Weines, der in den Geist des Hauses einf\u00fchrt.<\/p>\n","protected":false},"featured_media":234257,"template":"","meta":{"_et_pb_use_builder":"","_et_pb_old_content":"","_et_gb_content_width":""},"product_brand":[],"product_cat":[86,121],"product_tag":[79],"class_list":{"0":"post-234291","1":"product","2":"type-product","3":"status-publish","4":"has-post-thumbnail","6":"product_cat-champagner-schaumwein","7":"product_cat-champagner","8":"product_tag-champagner","10":"first","11":"instock","12":"taxable","13":"shipping-taxable","14":"purchasable","15":"product-type-simple"},"yoast_head":"<!-- This site is optimized with the Yoast SEO plugin v27.2 - https:\/\/yoast.com\/product\/yoast-seo-wordpress\/ -->\n<title>Champagne Laurent Perrier - LA CUV\u00c9E - Suwine - Suwi Zlatic<\/title>\n<meta name=\"description\" content=\"Dieser Wein wird aus dem reinsten Saft der Trauben gewonnen, der allein Laurent-Perrier erm\u00f6glicht, \u00abLa Cuv\u00e9e\u00bb herzustellen, einen Champagner von gro\u00dfer Finesse und Frische, die nach einer langen Reifezeit in unseren Kellern erreicht werden. Die Entscheidung f\u00fcr einen hohen Chardonnay-Anteil bildet die Grundlage f\u00fcr den Stil und die Pers\u00f6nlichkeit von Laurent-Perrier. Reinheit, Frische und Eleganz sind die angestrebten Eigenschaften dieses Weines, der in den Geist des Hauses einf\u00fchrt.\" \/>\n<meta name=\"robots\" content=\"index, follow, max-snippet:-1, max-image-preview:large, max-video-preview:-1\" \/>\n<link rel=\"canonical\" href=\"https:\/\/suwine.at\/hr\/produkt\/champagne-laurent-perrier-la-cuvee\/\" \/>\n<meta property=\"og:locale\" content=\"hr_HR\" \/>\n<meta property=\"og:type\" content=\"article\" \/>\n<meta property=\"og:title\" content=\"Champagne Laurent Perrier - LA CUV\u00c9E - Suwine - Suwi Zlatic\" \/>\n<meta property=\"og:description\" content=\"Dieser Wein wird aus dem reinsten Saft der Trauben gewonnen, der allein Laurent-Perrier erm\u00f6glicht, \u00abLa Cuv\u00e9e\u00bb herzustellen, einen Champagner von gro\u00dfer Finesse und Frische, die nach einer langen Reifezeit in unseren Kellern erreicht werden. Die Entscheidung f\u00fcr einen hohen Chardonnay-Anteil bildet die Grundlage f\u00fcr den Stil und die Pers\u00f6nlichkeit von Laurent-Perrier. Reinheit, Frische und Eleganz sind die angestrebten Eigenschaften dieses Weines, der in den Geist des Hauses einf\u00fchrt.\" \/>\n<meta property=\"og:url\" content=\"https:\/\/suwine.at\/hr\/produkt\/champagne-laurent-perrier-la-cuvee\/\" \/>\n<meta property=\"og:site_name\" content=\"Suwine - Suwi Zlatic\" \/>\n<meta property=\"article:modified_time\" content=\"2026-04-03T13:01:14+00:00\" \/>\n<meta property=\"og:image\" content=\"https:\/\/suwine.at\/wp-content\/uploads\/2024\/08\/IMG_3861-jpg.avif\" \/>\n\t<meta property=\"og:image:width\" content=\"1000\" \/>\n\t<meta property=\"og:image:height\" content=\"1000\" \/>\n\t<meta property=\"og:image:type\" content=\"image\/jpeg\" \/>\n<meta name=\"twitter:card\" content=\"summary_large_image\" \/>\n<meta name=\"twitter:label1\" content=\"Procijenjeno vrijeme \u010ditanja\" \/>\n\t<meta name=\"twitter:data1\" content=\"1 minuta\" \/>\n<script type=\"application\/ld+json\" class=\"yoast-schema-graph\">{\"@context\":\"https:\/\/schema.org\",\"@graph\":[{\"@type\":\"WebPage\",\"@id\":\"https:\/\/suwine.at\/hr\/produkt\/champagne-laurent-perrier-la-cuvee\/\",\"url\":\"https:\/\/suwine.at\/hr\/produkt\/champagne-laurent-perrier-la-cuvee\/\",\"name\":\"Champagne Laurent Perrier - LA CUV\u00c9E - Suwine - Suwi Zlatic\",\"isPartOf\":{\"@id\":\"https:\/\/suwine.at\/hr\/#website\"},\"primaryImageOfPage\":{\"@id\":\"https:\/\/suwine.at\/hr\/produkt\/champagne-laurent-perrier-la-cuvee\/#primaryimage\"},\"image\":{\"@id\":\"https:\/\/suwine.at\/hr\/produkt\/champagne-laurent-perrier-la-cuvee\/#primaryimage\"},\"thumbnailUrl\":\"https:\/\/suwine.at\/wp-content\/uploads\/2024\/08\/IMG_3861-jpg.avif\",\"datePublished\":\"2024-08-02T11:42:06+00:00\",\"dateModified\":\"2026-04-03T13:01:14+00:00\",\"description\":\"Dieser Wein wird aus dem reinsten Saft der Trauben gewonnen, der allein Laurent-Perrier erm\u00f6glicht, \u00abLa Cuv\u00e9e\u00bb herzustellen, einen Champagner von gro\u00dfer Finesse und Frische, die nach einer langen Reifezeit in unseren Kellern erreicht werden. Die Entscheidung f\u00fcr einen hohen Chardonnay-Anteil bildet die Grundlage f\u00fcr den Stil und die Pers\u00f6nlichkeit von Laurent-Perrier. Reinheit, Frische und Eleganz sind die angestrebten Eigenschaften dieses Weines, der in den Geist des Hauses einf\u00fchrt.\",\"breadcrumb\":{\"@id\":\"https:\/\/suwine.at\/hr\/produkt\/champagne-laurent-perrier-la-cuvee\/#breadcrumb\"},\"inLanguage\":\"hr\",\"potentialAction\":[{\"@type\":\"ReadAction\",\"target\":[\"https:\/\/suwine.at\/hr\/produkt\/champagne-laurent-perrier-la-cuvee\/\"]}]},{\"@type\":\"ImageObject\",\"inLanguage\":\"hr\",\"@id\":\"https:\/\/suwine.at\/hr\/produkt\/champagne-laurent-perrier-la-cuvee\/#primaryimage\",\"url\":\"https:\/\/suwine.at\/wp-content\/uploads\/2024\/08\/IMG_3861-jpg.avif\",\"contentUrl\":\"https:\/\/suwine.at\/wp-content\/uploads\/2024\/08\/IMG_3861-jpg.avif\",\"width\":1000,\"height\":1000,\"caption\":\"La Cuvee LP\"},{\"@type\":\"BreadcrumbList\",\"@id\":\"https:\/\/suwine.at\/hr\/produkt\/champagne-laurent-perrier-la-cuvee\/#breadcrumb\",\"itemListElement\":[{\"@type\":\"ListItem\",\"position\":1,\"name\":\"Startseite\",\"item\":\"https:\/\/suwine.at\/hr\/\"},{\"@type\":\"ListItem\",\"position\":2,\"name\":\"Shop\",\"item\":\"https:\/\/suwine.at\/shop\/\"},{\"@type\":\"ListItem\",\"position\":3,\"name\":\"Champagne Laurent Perrier &#8211; LA CUV\u00c9E\"}]},{\"@type\":\"WebSite\",\"@id\":\"https:\/\/suwine.at\/hr\/#website\",\"url\":\"https:\/\/suwine.at\/hr\/\",\"name\":\"Suwine - Suwi Zlatic\",\"description\":\"Sommelier | Gourmet Play Store | Consulting\",\"potentialAction\":[{\"@type\":\"SearchAction\",\"target\":{\"@type\":\"EntryPoint\",\"urlTemplate\":\"https:\/\/suwine.at\/hr\/?s={search_term_string}\"},\"query-input\":{\"@type\":\"PropertyValueSpecification\",\"valueRequired\":true,\"valueName\":\"search_term_string\"}}],\"inLanguage\":\"hr\"}]}<\/script>\n<!-- \/ Yoast SEO plugin. -->","yoast_head_json":{"title":"Champagne Laurent Perrier - LA CUV\u00c9E - Suwine - Suwi Zlatic","description":"Dieser Wein wird aus dem reinsten Saft der Trauben gewonnen, der allein Laurent-Perrier erm\u00f6glicht, \u00abLa Cuv\u00e9e\u00bb herzustellen, einen Champagner von gro\u00dfer Finesse und Frische, die nach einer langen Reifezeit in unseren Kellern erreicht werden. Die Entscheidung f\u00fcr einen hohen Chardonnay-Anteil bildet die Grundlage f\u00fcr den Stil und die Pers\u00f6nlichkeit von Laurent-Perrier. Reinheit, Frische und Eleganz sind die angestrebten Eigenschaften dieses Weines, der in den Geist des Hauses einf\u00fchrt.","robots":{"index":"index","follow":"follow","max-snippet":"max-snippet:-1","max-image-preview":"max-image-preview:large","max-video-preview":"max-video-preview:-1"},"canonical":"https:\/\/suwine.at\/hr\/produkt\/champagne-laurent-perrier-la-cuvee\/","og_locale":"hr_HR","og_type":"article","og_title":"Champagne Laurent Perrier - LA CUV\u00c9E - Suwine - Suwi Zlatic","og_description":"Dieser Wein wird aus dem reinsten Saft der Trauben gewonnen, der allein Laurent-Perrier erm\u00f6glicht, \u00abLa Cuv\u00e9e\u00bb herzustellen, einen Champagner von gro\u00dfer Finesse und Frische, die nach einer langen Reifezeit in unseren Kellern erreicht werden. Die Entscheidung f\u00fcr einen hohen Chardonnay-Anteil bildet die Grundlage f\u00fcr den Stil und die Pers\u00f6nlichkeit von Laurent-Perrier. Reinheit, Frische und Eleganz sind die angestrebten Eigenschaften dieses Weines, der in den Geist des Hauses einf\u00fchrt.","og_url":"https:\/\/suwine.at\/hr\/produkt\/champagne-laurent-perrier-la-cuvee\/","og_site_name":"Suwine - Suwi Zlatic","article_modified_time":"2026-04-03T13:01:14+00:00","og_image":[{"width":1000,"height":1000,"url":"https:\/\/suwine.at\/wp-content\/uploads\/2024\/08\/IMG_3861-jpg.avif","type":"image\/jpeg"}],"twitter_card":"summary_large_image","twitter_misc":{"Procijenjeno vrijeme \u010ditanja":"1 minuta"},"schema":{"@context":"https:\/\/schema.org","@graph":[{"@type":"WebPage","@id":"https:\/\/suwine.at\/hr\/produkt\/champagne-laurent-perrier-la-cuvee\/","url":"https:\/\/suwine.at\/hr\/produkt\/champagne-laurent-perrier-la-cuvee\/","name":"Champagne Laurent Perrier - LA CUV\u00c9E - Suwine - Suwi Zlatic","isPartOf":{"@id":"https:\/\/suwine.at\/hr\/#website"},"primaryImageOfPage":{"@id":"https:\/\/suwine.at\/hr\/produkt\/champagne-laurent-perrier-la-cuvee\/#primaryimage"},"image":{"@id":"https:\/\/suwine.at\/hr\/produkt\/champagne-laurent-perrier-la-cuvee\/#primaryimage"},"thumbnailUrl":"https:\/\/suwine.at\/wp-content\/uploads\/2024\/08\/IMG_3861-jpg.avif","datePublished":"2024-08-02T11:42:06+00:00","dateModified":"2026-04-03T13:01:14+00:00","description":"Dieser Wein wird aus dem reinsten Saft der Trauben gewonnen, der allein Laurent-Perrier erm\u00f6glicht, \u00abLa Cuv\u00e9e\u00bb herzustellen, einen Champagner von gro\u00dfer Finesse und Frische, die nach einer langen Reifezeit in unseren Kellern erreicht werden. Die Entscheidung f\u00fcr einen hohen Chardonnay-Anteil bildet die Grundlage f\u00fcr den Stil und die Pers\u00f6nlichkeit von Laurent-Perrier. Reinheit, Frische und Eleganz sind die angestrebten Eigenschaften dieses Weines, der in den Geist des Hauses einf\u00fchrt.","breadcrumb":{"@id":"https:\/\/suwine.at\/hr\/produkt\/champagne-laurent-perrier-la-cuvee\/#breadcrumb"},"inLanguage":"hr","potentialAction":[{"@type":"ReadAction","target":["https:\/\/suwine.at\/hr\/produkt\/champagne-laurent-perrier-la-cuvee\/"]}]},{"@type":"ImageObject","inLanguage":"hr","@id":"https:\/\/suwine.at\/hr\/produkt\/champagne-laurent-perrier-la-cuvee\/#primaryimage","url":"https:\/\/suwine.at\/wp-content\/uploads\/2024\/08\/IMG_3861-jpg.avif","contentUrl":"https:\/\/suwine.at\/wp-content\/uploads\/2024\/08\/IMG_3861-jpg.avif","width":1000,"height":1000,"caption":"La Cuvee LP"},{"@type":"BreadcrumbList","@id":"https:\/\/suwine.at\/hr\/produkt\/champagne-laurent-perrier-la-cuvee\/#breadcrumb","itemListElement":[{"@type":"ListItem","position":1,"name":"Startseite","item":"https:\/\/suwine.at\/hr\/"},{"@type":"ListItem","position":2,"name":"Shop","item":"https:\/\/suwine.at\/shop\/"},{"@type":"ListItem","position":3,"name":"Champagne Laurent Perrier &#8211; LA CUV\u00c9E"}]},{"@type":"WebSite","@id":"https:\/\/suwine.at\/hr\/#website","url":"https:\/\/suwine.at\/hr\/","name":"Suwine - Suwi Zlatic","description":"Sommelier | Gourmet Play Store | Consulting","potentialAction":[{"@type":"SearchAction","target":{"@type":"EntryPoint","urlTemplate":"https:\/\/suwine.at\/hr\/?s={search_term_string}"},"query-input":{"@type":"PropertyValueSpecification","valueRequired":true,"valueName":"search_term_string"}}],"inLanguage":"hr"}]}},"_links":{"self":[{"href":"https:\/\/suwine.at\/hr\/wp-json\/wp\/v2\/product\/234291","targetHints":{"allow":["GET"]}}],"collection":[{"href":"https:\/\/suwine.at\/hr\/wp-json\/wp\/v2\/product"}],"about":[{"href":"https:\/\/suwine.at\/hr\/wp-json\/wp\/v2\/types\/product"}],"wp:featuredmedia":[{"embeddable":true,"href":"https:\/\/suwine.at\/hr\/wp-json\/wp\/v2\/media\/234257"}],"wp:attachment":[{"href":"https:\/\/suwine.at\/hr\/wp-json\/wp\/v2\/media?parent=234291"}],"wp:term":[{"taxonomy":"product_brand","embeddable":true,"href":"https:\/\/suwine.at\/hr\/wp-json\/wp\/v2\/product_brand?post=234291"},{"taxonomy":"product_cat","embeddable":true,"href":"https:\/\/suwine.at\/hr\/wp-json\/wp\/v2\/product_cat?post=234291"},{"taxonomy":"product_tag","embeddable":true,"href":"https:\/\/suwine.at\/hr\/wp-json\/wp\/v2\/product_tag?post=234291"}],"curies":[{"name":"wp","href":"https:\/\/api.w.org\/{rel}","templated":true}]}}