{"id":234332,"date":"2024-08-05T15:38:12","date_gmt":"2024-08-05T13:38:12","guid":{"rendered":"https:\/\/suwine.at\/?post_type=product&#038;p=234332"},"modified":"2025-05-01T01:00:40","modified_gmt":"2025-04-30T23:00:40","slug":"wehlener-sonnenuhr-riesling-gg-trocken-dr-loosen","status":"publish","type":"product","link":"https:\/\/suwine.at\/hr\/produkt\/wehlener-sonnenuhr-riesling-gg-trocken-dr-loosen\/","title":{"rendered":"Wehlener Sonnenuhr Riesling GG trocken &#8211; Dr. Loosen"},"content":{"rendered":"<h2 class=\"product--title\">Wehlener Sonnenuhr Riesling GG trocken &#8211; Dr. Loosen<\/h2>\n<ul class=\"list-unstyled bd-properties-list\">\n<li class=\"properties-row\"><span class=\"properties-label\">Einheit: 0,75 <\/span><span class=\"properties-value\">Liter<\/span><\/li>\n<li class=\"properties-row\"><span class=\"properties-label\">Jahrgang: <\/span><span class=\"properties-value\">2022<\/span><\/li>\n<\/ul>\n<span class=\"et_bloom_bottom_trigger\"><\/span>","protected":false},"excerpt":{"rendered":"<p>Wehlener Sonnenuhr Riesling GG trocken &#8211; Dr. Loosen<\/p>\n","protected":false},"featured_media":234333,"template":"","meta":{"_et_pb_use_builder":"","_et_pb_old_content":"","_et_gb_content_width":""},"product_brand":[],"product_cat":[84,112,115,212],"product_tag":[],"class_list":{"0":"post-234332","1":"product","2":"type-product","3":"status-publish","4":"has-post-thumbnail","6":"product_cat-weisswein","7":"product_cat-riesling","8":"product_cat-wein","9":"product_cat-weisswein-international","11":"first","12":"outofstock","13":"taxable","14":"shipping-taxable","15":"purchasable","16":"product-type-simple"},"yoast_head":"<!-- This site is optimized with the Yoast SEO plugin v27.2 - https:\/\/yoast.com\/product\/yoast-seo-wordpress\/ -->\n<title>Wehlener Sonnenuhr Riesling GG trocken - Dr. Loosen - Suwine - Suwi Zlatic<\/title>\n<meta name=\"description\" content=\"In diesem sehr steilen Weinberg w\u00e4chst einer der elegantesten und feinduftigsten Wei\u00dfweine der Welt. Der steinige, flachgr\u00fcndige, blaue Schieferboden verleiht dem Wein eine delikate, frische S\u00e4ure, sowie eine einzigartige Eleganz. Die Weine der Wehlener Sonnenuhr sind in ihrer Jugend die charmantesten unseres Weingutes und bet\u00f6ren mit dem Duft von wei\u00dfem Pfirsich und gr\u00fcnem Apfel.\" \/>\n<meta name=\"robots\" content=\"index, follow, max-snippet:-1, max-image-preview:large, max-video-preview:-1\" \/>\n<link rel=\"canonical\" href=\"https:\/\/suwine.at\/hr\/produkt\/wehlener-sonnenuhr-riesling-gg-trocken-dr-loosen\/\" \/>\n<meta property=\"og:locale\" content=\"hr_HR\" \/>\n<meta property=\"og:type\" content=\"article\" \/>\n<meta property=\"og:title\" content=\"Wehlener Sonnenuhr Riesling GG trocken - Dr. Loosen - Suwine - Suwi Zlatic\" \/>\n<meta property=\"og:description\" content=\"In diesem sehr steilen Weinberg w\u00e4chst einer der elegantesten und feinduftigsten Wei\u00dfweine der Welt. Der steinige, flachgr\u00fcndige, blaue Schieferboden verleiht dem Wein eine delikate, frische S\u00e4ure, sowie eine einzigartige Eleganz. Die Weine der Wehlener Sonnenuhr sind in ihrer Jugend die charmantesten unseres Weingutes und bet\u00f6ren mit dem Duft von wei\u00dfem Pfirsich und gr\u00fcnem Apfel.\" \/>\n<meta property=\"og:url\" content=\"https:\/\/suwine.at\/hr\/produkt\/wehlener-sonnenuhr-riesling-gg-trocken-dr-loosen\/\" \/>\n<meta property=\"og:site_name\" content=\"Suwine - Suwi Zlatic\" \/>\n<meta property=\"article:modified_time\" content=\"2025-04-30T23:00:40+00:00\" \/>\n<meta property=\"og:image\" content=\"https:\/\/suwine.at\/wp-content\/uploads\/2024\/08\/8BFE79CF-28C7-4D14-AAAA-9FBB7528137F-jpg.avif\" \/>\n\t<meta property=\"og:image:width\" content=\"1080\" \/>\n\t<meta property=\"og:image:height\" content=\"1080\" \/>\n\t<meta property=\"og:image:type\" content=\"image\/jpeg\" \/>\n<meta name=\"twitter:card\" content=\"summary_large_image\" \/>\n<meta name=\"twitter:label1\" content=\"Procijenjeno vrijeme \u010ditanja\" \/>\n\t<meta name=\"twitter:data1\" content=\"1 minuta\" \/>\n<script type=\"application\/ld+json\" class=\"yoast-schema-graph\">{\"@context\":\"https:\/\/schema.org\",\"@graph\":[{\"@type\":\"WebPage\",\"@id\":\"https:\/\/suwine.at\/hr\/produkt\/wehlener-sonnenuhr-riesling-gg-trocken-dr-loosen\/\",\"url\":\"https:\/\/suwine.at\/hr\/produkt\/wehlener-sonnenuhr-riesling-gg-trocken-dr-loosen\/\",\"name\":\"Wehlener Sonnenuhr Riesling GG trocken - Dr. Loosen - Suwine - Suwi Zlatic\",\"isPartOf\":{\"@id\":\"https:\/\/suwine.at\/hr\/#website\"},\"primaryImageOfPage\":{\"@id\":\"https:\/\/suwine.at\/hr\/produkt\/wehlener-sonnenuhr-riesling-gg-trocken-dr-loosen\/#primaryimage\"},\"image\":{\"@id\":\"https:\/\/suwine.at\/hr\/produkt\/wehlener-sonnenuhr-riesling-gg-trocken-dr-loosen\/#primaryimage\"},\"thumbnailUrl\":\"https:\/\/suwine.at\/wp-content\/uploads\/2024\/08\/8BFE79CF-28C7-4D14-AAAA-9FBB7528137F-jpg.avif\",\"datePublished\":\"2024-08-05T13:38:12+00:00\",\"dateModified\":\"2025-04-30T23:00:40+00:00\",\"description\":\"In diesem sehr steilen Weinberg w\u00e4chst einer der elegantesten und feinduftigsten Wei\u00dfweine der Welt. Der steinige, flachgr\u00fcndige, blaue Schieferboden verleiht dem Wein eine delikate, frische S\u00e4ure, sowie eine einzigartige Eleganz. Die Weine der Wehlener Sonnenuhr sind in ihrer Jugend die charmantesten unseres Weingutes und bet\u00f6ren mit dem Duft von wei\u00dfem Pfirsich und gr\u00fcnem Apfel.\",\"breadcrumb\":{\"@id\":\"https:\/\/suwine.at\/hr\/produkt\/wehlener-sonnenuhr-riesling-gg-trocken-dr-loosen\/#breadcrumb\"},\"inLanguage\":\"hr\",\"potentialAction\":[{\"@type\":\"ReadAction\",\"target\":[\"https:\/\/suwine.at\/hr\/produkt\/wehlener-sonnenuhr-riesling-gg-trocken-dr-loosen\/\"]}]},{\"@type\":\"ImageObject\",\"inLanguage\":\"hr\",\"@id\":\"https:\/\/suwine.at\/hr\/produkt\/wehlener-sonnenuhr-riesling-gg-trocken-dr-loosen\/#primaryimage\",\"url\":\"https:\/\/suwine.at\/wp-content\/uploads\/2024\/08\/8BFE79CF-28C7-4D14-AAAA-9FBB7528137F-jpg.avif\",\"contentUrl\":\"https:\/\/suwine.at\/wp-content\/uploads\/2024\/08\/8BFE79CF-28C7-4D14-AAAA-9FBB7528137F-jpg.avif\",\"width\":1080,\"height\":1080,\"caption\":\"DR. LOOSEN 2021\"},{\"@type\":\"BreadcrumbList\",\"@id\":\"https:\/\/suwine.at\/hr\/produkt\/wehlener-sonnenuhr-riesling-gg-trocken-dr-loosen\/#breadcrumb\",\"itemListElement\":[{\"@type\":\"ListItem\",\"position\":1,\"name\":\"Startseite\",\"item\":\"https:\/\/suwine.at\/hr\/\"},{\"@type\":\"ListItem\",\"position\":2,\"name\":\"Shop\",\"item\":\"https:\/\/suwine.at\/shop\/\"},{\"@type\":\"ListItem\",\"position\":3,\"name\":\"Wehlener Sonnenuhr Riesling GG trocken &#8211; Dr. Loosen\"}]},{\"@type\":\"WebSite\",\"@id\":\"https:\/\/suwine.at\/hr\/#website\",\"url\":\"https:\/\/suwine.at\/hr\/\",\"name\":\"Suwine - Suwi Zlatic\",\"description\":\"Sommelier | Gourmet Play Store | Consulting\",\"potentialAction\":[{\"@type\":\"SearchAction\",\"target\":{\"@type\":\"EntryPoint\",\"urlTemplate\":\"https:\/\/suwine.at\/hr\/?s={search_term_string}\"},\"query-input\":{\"@type\":\"PropertyValueSpecification\",\"valueRequired\":true,\"valueName\":\"search_term_string\"}}],\"inLanguage\":\"hr\"}]}<\/script>\n<!-- \/ Yoast SEO plugin. -->","yoast_head_json":{"title":"Wehlener Sonnenuhr Riesling GG trocken - Dr. Loosen - Suwine - Suwi Zlatic","description":"In diesem sehr steilen Weinberg w\u00e4chst einer der elegantesten und feinduftigsten Wei\u00dfweine der Welt. Der steinige, flachgr\u00fcndige, blaue Schieferboden verleiht dem Wein eine delikate, frische S\u00e4ure, sowie eine einzigartige Eleganz. Die Weine der Wehlener Sonnenuhr sind in ihrer Jugend die charmantesten unseres Weingutes und bet\u00f6ren mit dem Duft von wei\u00dfem Pfirsich und gr\u00fcnem Apfel.","robots":{"index":"index","follow":"follow","max-snippet":"max-snippet:-1","max-image-preview":"max-image-preview:large","max-video-preview":"max-video-preview:-1"},"canonical":"https:\/\/suwine.at\/hr\/produkt\/wehlener-sonnenuhr-riesling-gg-trocken-dr-loosen\/","og_locale":"hr_HR","og_type":"article","og_title":"Wehlener Sonnenuhr Riesling GG trocken - Dr. Loosen - Suwine - Suwi Zlatic","og_description":"In diesem sehr steilen Weinberg w\u00e4chst einer der elegantesten und feinduftigsten Wei\u00dfweine der Welt. Der steinige, flachgr\u00fcndige, blaue Schieferboden verleiht dem Wein eine delikate, frische S\u00e4ure, sowie eine einzigartige Eleganz. Die Weine der Wehlener Sonnenuhr sind in ihrer Jugend die charmantesten unseres Weingutes und bet\u00f6ren mit dem Duft von wei\u00dfem Pfirsich und gr\u00fcnem Apfel.","og_url":"https:\/\/suwine.at\/hr\/produkt\/wehlener-sonnenuhr-riesling-gg-trocken-dr-loosen\/","og_site_name":"Suwine - Suwi Zlatic","article_modified_time":"2025-04-30T23:00:40+00:00","og_image":[{"width":1080,"height":1080,"url":"https:\/\/suwine.at\/wp-content\/uploads\/2024\/08\/8BFE79CF-28C7-4D14-AAAA-9FBB7528137F-jpg.avif","type":"image\/jpeg"}],"twitter_card":"summary_large_image","twitter_misc":{"Procijenjeno vrijeme \u010ditanja":"1 minuta"},"schema":{"@context":"https:\/\/schema.org","@graph":[{"@type":"WebPage","@id":"https:\/\/suwine.at\/hr\/produkt\/wehlener-sonnenuhr-riesling-gg-trocken-dr-loosen\/","url":"https:\/\/suwine.at\/hr\/produkt\/wehlener-sonnenuhr-riesling-gg-trocken-dr-loosen\/","name":"Wehlener Sonnenuhr Riesling GG trocken - Dr. Loosen - Suwine - Suwi Zlatic","isPartOf":{"@id":"https:\/\/suwine.at\/hr\/#website"},"primaryImageOfPage":{"@id":"https:\/\/suwine.at\/hr\/produkt\/wehlener-sonnenuhr-riesling-gg-trocken-dr-loosen\/#primaryimage"},"image":{"@id":"https:\/\/suwine.at\/hr\/produkt\/wehlener-sonnenuhr-riesling-gg-trocken-dr-loosen\/#primaryimage"},"thumbnailUrl":"https:\/\/suwine.at\/wp-content\/uploads\/2024\/08\/8BFE79CF-28C7-4D14-AAAA-9FBB7528137F-jpg.avif","datePublished":"2024-08-05T13:38:12+00:00","dateModified":"2025-04-30T23:00:40+00:00","description":"In diesem sehr steilen Weinberg w\u00e4chst einer der elegantesten und feinduftigsten Wei\u00dfweine der Welt. Der steinige, flachgr\u00fcndige, blaue Schieferboden verleiht dem Wein eine delikate, frische S\u00e4ure, sowie eine einzigartige Eleganz. Die Weine der Wehlener Sonnenuhr sind in ihrer Jugend die charmantesten unseres Weingutes und bet\u00f6ren mit dem Duft von wei\u00dfem Pfirsich und gr\u00fcnem Apfel.","breadcrumb":{"@id":"https:\/\/suwine.at\/hr\/produkt\/wehlener-sonnenuhr-riesling-gg-trocken-dr-loosen\/#breadcrumb"},"inLanguage":"hr","potentialAction":[{"@type":"ReadAction","target":["https:\/\/suwine.at\/hr\/produkt\/wehlener-sonnenuhr-riesling-gg-trocken-dr-loosen\/"]}]},{"@type":"ImageObject","inLanguage":"hr","@id":"https:\/\/suwine.at\/hr\/produkt\/wehlener-sonnenuhr-riesling-gg-trocken-dr-loosen\/#primaryimage","url":"https:\/\/suwine.at\/wp-content\/uploads\/2024\/08\/8BFE79CF-28C7-4D14-AAAA-9FBB7528137F-jpg.avif","contentUrl":"https:\/\/suwine.at\/wp-content\/uploads\/2024\/08\/8BFE79CF-28C7-4D14-AAAA-9FBB7528137F-jpg.avif","width":1080,"height":1080,"caption":"DR. LOOSEN 2021"},{"@type":"BreadcrumbList","@id":"https:\/\/suwine.at\/hr\/produkt\/wehlener-sonnenuhr-riesling-gg-trocken-dr-loosen\/#breadcrumb","itemListElement":[{"@type":"ListItem","position":1,"name":"Startseite","item":"https:\/\/suwine.at\/hr\/"},{"@type":"ListItem","position":2,"name":"Shop","item":"https:\/\/suwine.at\/shop\/"},{"@type":"ListItem","position":3,"name":"Wehlener Sonnenuhr Riesling GG trocken &#8211; Dr. Loosen"}]},{"@type":"WebSite","@id":"https:\/\/suwine.at\/hr\/#website","url":"https:\/\/suwine.at\/hr\/","name":"Suwine - Suwi Zlatic","description":"Sommelier | Gourmet Play Store | Consulting","potentialAction":[{"@type":"SearchAction","target":{"@type":"EntryPoint","urlTemplate":"https:\/\/suwine.at\/hr\/?s={search_term_string}"},"query-input":{"@type":"PropertyValueSpecification","valueRequired":true,"valueName":"search_term_string"}}],"inLanguage":"hr"}]}},"_links":{"self":[{"href":"https:\/\/suwine.at\/hr\/wp-json\/wp\/v2\/product\/234332","targetHints":{"allow":["GET"]}}],"collection":[{"href":"https:\/\/suwine.at\/hr\/wp-json\/wp\/v2\/product"}],"about":[{"href":"https:\/\/suwine.at\/hr\/wp-json\/wp\/v2\/types\/product"}],"wp:featuredmedia":[{"embeddable":true,"href":"https:\/\/suwine.at\/hr\/wp-json\/wp\/v2\/media\/234333"}],"wp:attachment":[{"href":"https:\/\/suwine.at\/hr\/wp-json\/wp\/v2\/media?parent=234332"}],"wp:term":[{"taxonomy":"product_brand","embeddable":true,"href":"https:\/\/suwine.at\/hr\/wp-json\/wp\/v2\/product_brand?post=234332"},{"taxonomy":"product_cat","embeddable":true,"href":"https:\/\/suwine.at\/hr\/wp-json\/wp\/v2\/product_cat?post=234332"},{"taxonomy":"product_tag","embeddable":true,"href":"https:\/\/suwine.at\/hr\/wp-json\/wp\/v2\/product_tag?post=234332"}],"curies":[{"name":"wp","href":"https:\/\/api.w.org\/{rel}","templated":true}]}}