{"id":234760,"date":"2024-11-28T15:44:56","date_gmt":"2024-11-28T14:44:56","guid":{"rendered":"https:\/\/suwine.at\/?post_type=product&#038;p=234760"},"modified":"2025-12-27T20:41:05","modified_gmt":"2025-12-27T19:41:05","slug":"champagne-cuvee-sainte-anne-extra-brut","status":"publish","type":"product","link":"https:\/\/suwine.at\/hr\/produkt\/champagne-cuvee-sainte-anne-extra-brut\/","title":{"rendered":"Champagne Cuv\u00e9e Sainte Anne Extra Brut"},"content":{"rendered":"<h2>Champagne Cuv\u00e9e Sainte Anne Extra Brut<\/h2>\n<p>Der Cuvee Sainte Anne ist die sensorische \u00dcbersetzung von Weinen aus den verschiedenen B\u00f6den des Dorfes Merfy. Jede Parzelle des Dorfes verleiht einen Teil ihrer Identit\u00e4t, um diesen Jahrgang zu \u201ekreieren\u201c. Die Texturen von Sainte Anne sind<br \/>\noffenbaren sich \u00fcber die gesamte L\u00e4nge des Mundes. Am Gaumen oft opulent, dann sorgen die Salze des Sandes f\u00fcr eine sabbernde Bitterkeit. Der Abgang hinterl\u00e4sst eine dichte Struktur, die an die Herkunft der Champagnerweine erinnert.<\/p>\n<p>Sainte Anne ist eine Mischung aus 50 % Chardonnay und 50 % schwarzen Rebsorten (haupts\u00e4chlich Pinot Noir). In den meisten Erntejahren&#8230;<\/p>\n<span class=\"et_bloom_bottom_trigger\"><\/span>","protected":false},"excerpt":{"rendered":"<p>Sainte Anne ist eine Cuvee aus 50 % Chardonnay und 50 % schwarzen Rebsorten (haupts\u00e4chlich Pinot Noir).<\/p>\n","protected":false},"featured_media":234761,"template":"","meta":{"_et_pb_use_builder":"","_et_pb_old_content":"","_et_gb_content_width":""},"product_brand":[],"product_cat":[86,121],"product_tag":[126,127],"class_list":{"0":"post-234760","1":"product","2":"type-product","3":"status-publish","4":"has-post-thumbnail","6":"product_cat-champagner-schaumwein","7":"product_cat-champagner","8":"product_tag-frankreich","9":"product_tag-champagne","11":"first","12":"instock","13":"taxable","14":"shipping-taxable","15":"purchasable","16":"product-type-simple"},"yoast_head":"<!-- This site is optimized with the Yoast SEO plugin v27.2 - https:\/\/yoast.com\/product\/yoast-seo-wordpress\/ -->\n<title>Champagne Cuv\u00e9e Sainte Anne Extra Brut - Suwine - Suwi Zlatic<\/title>\n<meta name=\"description\" content=\"Der Cuvee Sainte Anne ist die sensorische \u00dcbersetzung von Weinen aus den verschiedenen B\u00f6den des Dorfes Merfy. Jede Parzelle des Dorfes verleiht einen Teil ihrer Identit\u00e4t, um diesen Jahrgang zu \u201ekreieren\u201c. Die Texturen von Sainte Anne sindoffenbaren sich \u00fcber die gesamte L\u00e4nge des Mundes. Am Gaumen oft opulent, dann sorgen die Salze des Sandes f\u00fcr eine sabbernde Bitterkeit. Der Abgang hinterl\u00e4sst eine dichte Struktur, die an die Herkunft der Champagnerweine erinnert.\" \/>\n<meta name=\"robots\" content=\"index, follow, max-snippet:-1, max-image-preview:large, max-video-preview:-1\" \/>\n<link rel=\"canonical\" href=\"https:\/\/suwine.at\/hr\/produkt\/champagne-cuvee-sainte-anne-extra-brut\/\" \/>\n<meta property=\"og:locale\" content=\"hr_HR\" \/>\n<meta property=\"og:type\" content=\"article\" \/>\n<meta property=\"og:title\" content=\"Champagne Cuv\u00e9e Sainte Anne Extra Brut - Suwine - Suwi Zlatic\" \/>\n<meta property=\"og:description\" content=\"Der Cuvee Sainte Anne ist die sensorische \u00dcbersetzung von Weinen aus den verschiedenen B\u00f6den des Dorfes Merfy. Jede Parzelle des Dorfes verleiht einen Teil ihrer Identit\u00e4t, um diesen Jahrgang zu \u201ekreieren\u201c. Die Texturen von Sainte Anne sindoffenbaren sich \u00fcber die gesamte L\u00e4nge des Mundes. Am Gaumen oft opulent, dann sorgen die Salze des Sandes f\u00fcr eine sabbernde Bitterkeit. Der Abgang hinterl\u00e4sst eine dichte Struktur, die an die Herkunft der Champagnerweine erinnert.\" \/>\n<meta property=\"og:url\" content=\"https:\/\/suwine.at\/hr\/produkt\/champagne-cuvee-sainte-anne-extra-brut\/\" \/>\n<meta property=\"og:site_name\" content=\"Suwine - Suwi Zlatic\" \/>\n<meta property=\"article:modified_time\" content=\"2025-12-27T19:41:05+00:00\" \/>\n<meta property=\"og:image\" content=\"https:\/\/suwine.at\/wp-content\/uploads\/2024\/11\/IMG_5722.avif\" \/>\n\t<meta property=\"og:image:width\" content=\"1600\" \/>\n\t<meta property=\"og:image:height\" content=\"1600\" \/>\n\t<meta property=\"og:image:type\" content=\"image\/jpeg\" \/>\n<meta name=\"twitter:card\" content=\"summary_large_image\" \/>\n<meta name=\"twitter:label1\" content=\"Procijenjeno vrijeme \u010ditanja\" \/>\n\t<meta name=\"twitter:data1\" content=\"1 minuta\" \/>\n<script type=\"application\/ld+json\" class=\"yoast-schema-graph\">{\"@context\":\"https:\/\/schema.org\",\"@graph\":[{\"@type\":\"WebPage\",\"@id\":\"https:\/\/suwine.at\/hr\/produkt\/champagne-cuvee-sainte-anne-extra-brut\/\",\"url\":\"https:\/\/suwine.at\/hr\/produkt\/champagne-cuvee-sainte-anne-extra-brut\/\",\"name\":\"Champagne Cuv\u00e9e Sainte Anne Extra Brut - Suwine - Suwi Zlatic\",\"isPartOf\":{\"@id\":\"https:\/\/suwine.at\/hr\/#website\"},\"primaryImageOfPage\":{\"@id\":\"https:\/\/suwine.at\/hr\/produkt\/champagne-cuvee-sainte-anne-extra-brut\/#primaryimage\"},\"image\":{\"@id\":\"https:\/\/suwine.at\/hr\/produkt\/champagne-cuvee-sainte-anne-extra-brut\/#primaryimage\"},\"thumbnailUrl\":\"https:\/\/suwine.at\/wp-content\/uploads\/2024\/11\/IMG_5722.avif\",\"datePublished\":\"2024-11-28T14:44:56+00:00\",\"dateModified\":\"2025-12-27T19:41:05+00:00\",\"description\":\"Der Cuvee Sainte Anne ist die sensorische \u00dcbersetzung von Weinen aus den verschiedenen B\u00f6den des Dorfes Merfy. Jede Parzelle des Dorfes verleiht einen Teil ihrer Identit\u00e4t, um diesen Jahrgang zu \u201ekreieren\u201c. Die Texturen von Sainte Anne sindoffenbaren sich \u00fcber die gesamte L\u00e4nge des Mundes. Am Gaumen oft opulent, dann sorgen die Salze des Sandes f\u00fcr eine sabbernde Bitterkeit. Der Abgang hinterl\u00e4sst eine dichte Struktur, die an die Herkunft der Champagnerweine erinnert.\",\"breadcrumb\":{\"@id\":\"https:\/\/suwine.at\/hr\/produkt\/champagne-cuvee-sainte-anne-extra-brut\/#breadcrumb\"},\"inLanguage\":\"hr\",\"potentialAction\":[{\"@type\":\"ReadAction\",\"target\":[\"https:\/\/suwine.at\/hr\/produkt\/champagne-cuvee-sainte-anne-extra-brut\/\"]}]},{\"@type\":\"ImageObject\",\"inLanguage\":\"hr\",\"@id\":\"https:\/\/suwine.at\/hr\/produkt\/champagne-cuvee-sainte-anne-extra-brut\/#primaryimage\",\"url\":\"https:\/\/suwine.at\/wp-content\/uploads\/2024\/11\/IMG_5722.avif\",\"contentUrl\":\"https:\/\/suwine.at\/wp-content\/uploads\/2024\/11\/IMG_5722.avif\",\"width\":1600,\"height\":1600,\"caption\":\"Sainte Anne\"},{\"@type\":\"BreadcrumbList\",\"@id\":\"https:\/\/suwine.at\/hr\/produkt\/champagne-cuvee-sainte-anne-extra-brut\/#breadcrumb\",\"itemListElement\":[{\"@type\":\"ListItem\",\"position\":1,\"name\":\"Startseite\",\"item\":\"https:\/\/suwine.at\/hr\/\"},{\"@type\":\"ListItem\",\"position\":2,\"name\":\"Shop\",\"item\":\"https:\/\/suwine.at\/shop\/\"},{\"@type\":\"ListItem\",\"position\":3,\"name\":\"Champagne Cuv\u00e9e Sainte Anne Extra Brut\"}]},{\"@type\":\"WebSite\",\"@id\":\"https:\/\/suwine.at\/hr\/#website\",\"url\":\"https:\/\/suwine.at\/hr\/\",\"name\":\"Suwine - Suwi Zlatic\",\"description\":\"Sommelier | Gourmet Play Store | Consulting\",\"potentialAction\":[{\"@type\":\"SearchAction\",\"target\":{\"@type\":\"EntryPoint\",\"urlTemplate\":\"https:\/\/suwine.at\/hr\/?s={search_term_string}\"},\"query-input\":{\"@type\":\"PropertyValueSpecification\",\"valueRequired\":true,\"valueName\":\"search_term_string\"}}],\"inLanguage\":\"hr\"}]}<\/script>\n<!-- \/ Yoast SEO plugin. -->","yoast_head_json":{"title":"Champagne Cuv\u00e9e Sainte Anne Extra Brut - Suwine - Suwi Zlatic","description":"Der Cuvee Sainte Anne ist die sensorische \u00dcbersetzung von Weinen aus den verschiedenen B\u00f6den des Dorfes Merfy. Jede Parzelle des Dorfes verleiht einen Teil ihrer Identit\u00e4t, um diesen Jahrgang zu \u201ekreieren\u201c. Die Texturen von Sainte Anne sindoffenbaren sich \u00fcber die gesamte L\u00e4nge des Mundes. Am Gaumen oft opulent, dann sorgen die Salze des Sandes f\u00fcr eine sabbernde Bitterkeit. Der Abgang hinterl\u00e4sst eine dichte Struktur, die an die Herkunft der Champagnerweine erinnert.","robots":{"index":"index","follow":"follow","max-snippet":"max-snippet:-1","max-image-preview":"max-image-preview:large","max-video-preview":"max-video-preview:-1"},"canonical":"https:\/\/suwine.at\/hr\/produkt\/champagne-cuvee-sainte-anne-extra-brut\/","og_locale":"hr_HR","og_type":"article","og_title":"Champagne Cuv\u00e9e Sainte Anne Extra Brut - Suwine - Suwi Zlatic","og_description":"Der Cuvee Sainte Anne ist die sensorische \u00dcbersetzung von Weinen aus den verschiedenen B\u00f6den des Dorfes Merfy. Jede Parzelle des Dorfes verleiht einen Teil ihrer Identit\u00e4t, um diesen Jahrgang zu \u201ekreieren\u201c. Die Texturen von Sainte Anne sindoffenbaren sich \u00fcber die gesamte L\u00e4nge des Mundes. Am Gaumen oft opulent, dann sorgen die Salze des Sandes f\u00fcr eine sabbernde Bitterkeit. Der Abgang hinterl\u00e4sst eine dichte Struktur, die an die Herkunft der Champagnerweine erinnert.","og_url":"https:\/\/suwine.at\/hr\/produkt\/champagne-cuvee-sainte-anne-extra-brut\/","og_site_name":"Suwine - Suwi Zlatic","article_modified_time":"2025-12-27T19:41:05+00:00","og_image":[{"width":1600,"height":1600,"url":"https:\/\/suwine.at\/wp-content\/uploads\/2024\/11\/IMG_5722.avif","type":"image\/jpeg"}],"twitter_card":"summary_large_image","twitter_misc":{"Procijenjeno vrijeme \u010ditanja":"1 minuta"},"schema":{"@context":"https:\/\/schema.org","@graph":[{"@type":"WebPage","@id":"https:\/\/suwine.at\/hr\/produkt\/champagne-cuvee-sainte-anne-extra-brut\/","url":"https:\/\/suwine.at\/hr\/produkt\/champagne-cuvee-sainte-anne-extra-brut\/","name":"Champagne Cuv\u00e9e Sainte Anne Extra Brut - Suwine - Suwi Zlatic","isPartOf":{"@id":"https:\/\/suwine.at\/hr\/#website"},"primaryImageOfPage":{"@id":"https:\/\/suwine.at\/hr\/produkt\/champagne-cuvee-sainte-anne-extra-brut\/#primaryimage"},"image":{"@id":"https:\/\/suwine.at\/hr\/produkt\/champagne-cuvee-sainte-anne-extra-brut\/#primaryimage"},"thumbnailUrl":"https:\/\/suwine.at\/wp-content\/uploads\/2024\/11\/IMG_5722.avif","datePublished":"2024-11-28T14:44:56+00:00","dateModified":"2025-12-27T19:41:05+00:00","description":"Der Cuvee Sainte Anne ist die sensorische \u00dcbersetzung von Weinen aus den verschiedenen B\u00f6den des Dorfes Merfy. Jede Parzelle des Dorfes verleiht einen Teil ihrer Identit\u00e4t, um diesen Jahrgang zu \u201ekreieren\u201c. Die Texturen von Sainte Anne sindoffenbaren sich \u00fcber die gesamte L\u00e4nge des Mundes. Am Gaumen oft opulent, dann sorgen die Salze des Sandes f\u00fcr eine sabbernde Bitterkeit. Der Abgang hinterl\u00e4sst eine dichte Struktur, die an die Herkunft der Champagnerweine erinnert.","breadcrumb":{"@id":"https:\/\/suwine.at\/hr\/produkt\/champagne-cuvee-sainte-anne-extra-brut\/#breadcrumb"},"inLanguage":"hr","potentialAction":[{"@type":"ReadAction","target":["https:\/\/suwine.at\/hr\/produkt\/champagne-cuvee-sainte-anne-extra-brut\/"]}]},{"@type":"ImageObject","inLanguage":"hr","@id":"https:\/\/suwine.at\/hr\/produkt\/champagne-cuvee-sainte-anne-extra-brut\/#primaryimage","url":"https:\/\/suwine.at\/wp-content\/uploads\/2024\/11\/IMG_5722.avif","contentUrl":"https:\/\/suwine.at\/wp-content\/uploads\/2024\/11\/IMG_5722.avif","width":1600,"height":1600,"caption":"Sainte Anne"},{"@type":"BreadcrumbList","@id":"https:\/\/suwine.at\/hr\/produkt\/champagne-cuvee-sainte-anne-extra-brut\/#breadcrumb","itemListElement":[{"@type":"ListItem","position":1,"name":"Startseite","item":"https:\/\/suwine.at\/hr\/"},{"@type":"ListItem","position":2,"name":"Shop","item":"https:\/\/suwine.at\/shop\/"},{"@type":"ListItem","position":3,"name":"Champagne Cuv\u00e9e Sainte Anne Extra Brut"}]},{"@type":"WebSite","@id":"https:\/\/suwine.at\/hr\/#website","url":"https:\/\/suwine.at\/hr\/","name":"Suwine - Suwi Zlatic","description":"Sommelier | Gourmet Play Store | Consulting","potentialAction":[{"@type":"SearchAction","target":{"@type":"EntryPoint","urlTemplate":"https:\/\/suwine.at\/hr\/?s={search_term_string}"},"query-input":{"@type":"PropertyValueSpecification","valueRequired":true,"valueName":"search_term_string"}}],"inLanguage":"hr"}]}},"_links":{"self":[{"href":"https:\/\/suwine.at\/hr\/wp-json\/wp\/v2\/product\/234760","targetHints":{"allow":["GET"]}}],"collection":[{"href":"https:\/\/suwine.at\/hr\/wp-json\/wp\/v2\/product"}],"about":[{"href":"https:\/\/suwine.at\/hr\/wp-json\/wp\/v2\/types\/product"}],"wp:featuredmedia":[{"embeddable":true,"href":"https:\/\/suwine.at\/hr\/wp-json\/wp\/v2\/media\/234761"}],"wp:attachment":[{"href":"https:\/\/suwine.at\/hr\/wp-json\/wp\/v2\/media?parent=234760"}],"wp:term":[{"taxonomy":"product_brand","embeddable":true,"href":"https:\/\/suwine.at\/hr\/wp-json\/wp\/v2\/product_brand?post=234760"},{"taxonomy":"product_cat","embeddable":true,"href":"https:\/\/suwine.at\/hr\/wp-json\/wp\/v2\/product_cat?post=234760"},{"taxonomy":"product_tag","embeddable":true,"href":"https:\/\/suwine.at\/hr\/wp-json\/wp\/v2\/product_tag?post=234760"}],"curies":[{"name":"wp","href":"https:\/\/api.w.org\/{rel}","templated":true}]}}