{"id":234839,"date":"2024-12-05T22:00:46","date_gmt":"2024-12-05T21:00:46","guid":{"rendered":"https:\/\/suwine.at\/?post_type=product&#038;p=234839"},"modified":"2025-09-13T20:40:06","modified_gmt":"2025-09-13T18:40:06","slug":"antica-tartufo-dolce-neri","status":"publish","type":"product","link":"https:\/\/suwine.at\/hr\/produkt\/antica-tartufo-dolce-neri\/","title":{"rendered":"Antica Tartufo dolce neri"},"content":{"rendered":"<h2>Antica Torroneria Piemontese<\/h2>\n<p>Erlebe den besonderen Geschmack feinster Tartufi Tr\u00fcffelpralinen. Von Hand gefertigte, zartschmelzende Meisterwerke aus dem Piemont.<\/p>\n<ul>\n<li>glutenfrei<\/li>\n<li>ohne Zusatzstoffe<\/li>\n<li>ohne Konservierungsstoffe<\/li>\n<li>ohne Gentechnik<\/li>\n<\/ul>\n<p>einzeln verpackte Tr\u00fcffelpraline (je 14g)<\/p>\n<p>Feinste, dunkle Schokolade mit Haselnusscreme und Piemont IGP Haselnussst\u00fcckchen. Der Urvater aller klassischen, s\u00fc\u00dfen Tr\u00fcffel.<\/p>\n<p>&nbsp;<\/p>\n<span class=\"et_bloom_bottom_trigger\"><\/span>","protected":false},"excerpt":{"rendered":"<p>Der Tartufo dolce nero von Antica Torroneria ist eine klassische dunkle Zartbitter-Tr\u00fcffelpraline. Dieser Tr\u00fcffel passt perfekt zu einem guten Espresso.<\/p>\n<p>Feinste dunkle Edelschokolade, die besten Haseln\u00fcsse des Piemont, nur sorgf\u00e4ltig ausgew\u00e4hlte Zutaten und viel Zeit bei der Herstellung machen diesen Tartufo di Alba zu einem aromatischen Geschmackserlebnis.<\/p>\n<p>Die dunkle Schokolade steht in einem sch\u00f6nen Gegensatz zu dem s\u00fcsslichen Geschmack der Piemonteser-Haseln\u00fcsse. Sie machen diese Schokoladentr\u00fcffel so einzigartig.<\/p>\n<ul>\n<li>mit feinsten Haseln\u00fcssen aus dem Piemont<\/li>\n<li>weich im Schmelz<\/li>\n<li>mit dem Crunch der Haseln\u00fcsse<\/li>\n<li>min. 52 % Kakaoanteil in der Schokolade<\/li>\n<li>glutenfrei<\/li>\n<\/ul>\n","protected":false},"featured_media":234855,"template":"","meta":{"_et_pb_use_builder":"","_et_pb_old_content":"","_et_gb_content_width":""},"product_brand":[],"product_cat":[286,890],"product_tag":[213,501],"class_list":{"0":"post-234839","1":"product","2":"type-product","3":"status-publish","4":"has-post-thumbnail","6":"product_cat-geschenke","7":"product_cat-tartufi-dolci-trueffelpralinen","8":"product_tag-piemont","9":"product_tag-schokolade","11":"first","12":"instock","13":"taxable","14":"shipping-taxable","15":"purchasable","16":"product-type-variable"},"yoast_head":"<!-- This site is optimized with the Yoast SEO plugin v27.2 - https:\/\/yoast.com\/product\/yoast-seo-wordpress\/ -->\n<title>Antica Tartufo dolce neri - Suwine - Suwi Zlatic<\/title>\n<meta name=\"description\" content=\"Feinste dunkle Edelschokolade, die besten Haseln\u00fcsse des Piemont, nur sorgf\u00e4ltig ausgew\u00e4hlte Zutaten und viel Zeit bei der Herstellung machen diesen Tartufo di Alba zu einem aromatischen Geschmackserlebnis.\" \/>\n<meta name=\"robots\" content=\"index, follow, max-snippet:-1, max-image-preview:large, max-video-preview:-1\" \/>\n<link rel=\"canonical\" href=\"https:\/\/suwine.at\/hr\/produkt\/antica-tartufo-dolce-neri\/\" \/>\n<meta property=\"og:locale\" content=\"hr_HR\" \/>\n<meta property=\"og:type\" content=\"article\" \/>\n<meta property=\"og:title\" content=\"Antica Tartufo dolce neri - Suwine - Suwi Zlatic\" \/>\n<meta property=\"og:description\" content=\"Feinste dunkle Edelschokolade, die besten Haseln\u00fcsse des Piemont, nur sorgf\u00e4ltig ausgew\u00e4hlte Zutaten und viel Zeit bei der Herstellung machen diesen Tartufo di Alba zu einem aromatischen Geschmackserlebnis.\" \/>\n<meta property=\"og:url\" content=\"https:\/\/suwine.at\/hr\/produkt\/antica-tartufo-dolce-neri\/\" \/>\n<meta property=\"og:site_name\" content=\"Suwine - Suwi Zlatic\" \/>\n<meta property=\"article:modified_time\" content=\"2025-09-13T18:40:06+00:00\" \/>\n<meta property=\"og:image\" content=\"https:\/\/suwine.at\/wp-content\/uploads\/2024\/12\/D1F573D4-4D54-46F0-A866-374E7A8729D0.avif\" \/>\n\t<meta property=\"og:image:width\" content=\"2000\" \/>\n\t<meta property=\"og:image:height\" content=\"2000\" \/>\n\t<meta property=\"og:image:type\" content=\"image\/jpeg\" \/>\n<meta name=\"twitter:card\" content=\"summary_large_image\" \/>\n<meta name=\"twitter:label1\" content=\"Procijenjeno vrijeme \u010ditanja\" \/>\n\t<meta name=\"twitter:data1\" content=\"1 minuta\" \/>\n<script type=\"application\/ld+json\" class=\"yoast-schema-graph\">{\"@context\":\"https:\/\/schema.org\",\"@graph\":[{\"@type\":\"WebPage\",\"@id\":\"https:\/\/suwine.at\/hr\/produkt\/antica-tartufo-dolce-neri\/\",\"url\":\"https:\/\/suwine.at\/hr\/produkt\/antica-tartufo-dolce-neri\/\",\"name\":\"Antica Tartufo dolce neri - Suwine - Suwi Zlatic\",\"isPartOf\":{\"@id\":\"https:\/\/suwine.at\/hr\/#website\"},\"primaryImageOfPage\":{\"@id\":\"https:\/\/suwine.at\/hr\/produkt\/antica-tartufo-dolce-neri\/#primaryimage\"},\"image\":{\"@id\":\"https:\/\/suwine.at\/hr\/produkt\/antica-tartufo-dolce-neri\/#primaryimage\"},\"thumbnailUrl\":\"https:\/\/suwine.at\/wp-content\/uploads\/2024\/12\/D1F573D4-4D54-46F0-A866-374E7A8729D0.avif\",\"datePublished\":\"2024-12-05T21:00:46+00:00\",\"dateModified\":\"2025-09-13T18:40:06+00:00\",\"description\":\"Feinste dunkle Edelschokolade, die besten Haseln\u00fcsse des Piemont, nur sorgf\u00e4ltig ausgew\u00e4hlte Zutaten und viel Zeit bei der Herstellung machen diesen Tartufo di Alba zu einem aromatischen Geschmackserlebnis.\",\"breadcrumb\":{\"@id\":\"https:\/\/suwine.at\/hr\/produkt\/antica-tartufo-dolce-neri\/#breadcrumb\"},\"inLanguage\":\"hr\",\"potentialAction\":[{\"@type\":\"ReadAction\",\"target\":[\"https:\/\/suwine.at\/hr\/produkt\/antica-tartufo-dolce-neri\/\"]}]},{\"@type\":\"ImageObject\",\"inLanguage\":\"hr\",\"@id\":\"https:\/\/suwine.at\/hr\/produkt\/antica-tartufo-dolce-neri\/#primaryimage\",\"url\":\"https:\/\/suwine.at\/wp-content\/uploads\/2024\/12\/D1F573D4-4D54-46F0-A866-374E7A8729D0.avif\",\"contentUrl\":\"https:\/\/suwine.at\/wp-content\/uploads\/2024\/12\/D1F573D4-4D54-46F0-A866-374E7A8729D0.avif\",\"width\":2000,\"height\":2000,\"caption\":\"Tartufi Neri\"},{\"@type\":\"BreadcrumbList\",\"@id\":\"https:\/\/suwine.at\/hr\/produkt\/antica-tartufo-dolce-neri\/#breadcrumb\",\"itemListElement\":[{\"@type\":\"ListItem\",\"position\":1,\"name\":\"Startseite\",\"item\":\"https:\/\/suwine.at\/hr\/\"},{\"@type\":\"ListItem\",\"position\":2,\"name\":\"Shop\",\"item\":\"https:\/\/suwine.at\/shop\/\"},{\"@type\":\"ListItem\",\"position\":3,\"name\":\"Antica Tartufo dolce neri\"}]},{\"@type\":\"WebSite\",\"@id\":\"https:\/\/suwine.at\/hr\/#website\",\"url\":\"https:\/\/suwine.at\/hr\/\",\"name\":\"Suwine - Suwi Zlatic\",\"description\":\"Sommelier | Gourmet Play Store | Consulting\",\"potentialAction\":[{\"@type\":\"SearchAction\",\"target\":{\"@type\":\"EntryPoint\",\"urlTemplate\":\"https:\/\/suwine.at\/hr\/?s={search_term_string}\"},\"query-input\":{\"@type\":\"PropertyValueSpecification\",\"valueRequired\":true,\"valueName\":\"search_term_string\"}}],\"inLanguage\":\"hr\"}]}<\/script>\n<!-- \/ Yoast SEO plugin. -->","yoast_head_json":{"title":"Antica Tartufo dolce neri - Suwine - Suwi Zlatic","description":"Feinste dunkle Edelschokolade, die besten Haseln\u00fcsse des Piemont, nur sorgf\u00e4ltig ausgew\u00e4hlte Zutaten und viel Zeit bei der Herstellung machen diesen Tartufo di Alba zu einem aromatischen Geschmackserlebnis.","robots":{"index":"index","follow":"follow","max-snippet":"max-snippet:-1","max-image-preview":"max-image-preview:large","max-video-preview":"max-video-preview:-1"},"canonical":"https:\/\/suwine.at\/hr\/produkt\/antica-tartufo-dolce-neri\/","og_locale":"hr_HR","og_type":"article","og_title":"Antica Tartufo dolce neri - Suwine - Suwi Zlatic","og_description":"Feinste dunkle Edelschokolade, die besten Haseln\u00fcsse des Piemont, nur sorgf\u00e4ltig ausgew\u00e4hlte Zutaten und viel Zeit bei der Herstellung machen diesen Tartufo di Alba zu einem aromatischen Geschmackserlebnis.","og_url":"https:\/\/suwine.at\/hr\/produkt\/antica-tartufo-dolce-neri\/","og_site_name":"Suwine - Suwi Zlatic","article_modified_time":"2025-09-13T18:40:06+00:00","og_image":[{"width":2000,"height":2000,"url":"https:\/\/suwine.at\/wp-content\/uploads\/2024\/12\/D1F573D4-4D54-46F0-A866-374E7A8729D0.avif","type":"image\/jpeg"}],"twitter_card":"summary_large_image","twitter_misc":{"Procijenjeno vrijeme \u010ditanja":"1 minuta"},"schema":{"@context":"https:\/\/schema.org","@graph":[{"@type":"WebPage","@id":"https:\/\/suwine.at\/hr\/produkt\/antica-tartufo-dolce-neri\/","url":"https:\/\/suwine.at\/hr\/produkt\/antica-tartufo-dolce-neri\/","name":"Antica Tartufo dolce neri - Suwine - Suwi Zlatic","isPartOf":{"@id":"https:\/\/suwine.at\/hr\/#website"},"primaryImageOfPage":{"@id":"https:\/\/suwine.at\/hr\/produkt\/antica-tartufo-dolce-neri\/#primaryimage"},"image":{"@id":"https:\/\/suwine.at\/hr\/produkt\/antica-tartufo-dolce-neri\/#primaryimage"},"thumbnailUrl":"https:\/\/suwine.at\/wp-content\/uploads\/2024\/12\/D1F573D4-4D54-46F0-A866-374E7A8729D0.avif","datePublished":"2024-12-05T21:00:46+00:00","dateModified":"2025-09-13T18:40:06+00:00","description":"Feinste dunkle Edelschokolade, die besten Haseln\u00fcsse des Piemont, nur sorgf\u00e4ltig ausgew\u00e4hlte Zutaten und viel Zeit bei der Herstellung machen diesen Tartufo di Alba zu einem aromatischen Geschmackserlebnis.","breadcrumb":{"@id":"https:\/\/suwine.at\/hr\/produkt\/antica-tartufo-dolce-neri\/#breadcrumb"},"inLanguage":"hr","potentialAction":[{"@type":"ReadAction","target":["https:\/\/suwine.at\/hr\/produkt\/antica-tartufo-dolce-neri\/"]}]},{"@type":"ImageObject","inLanguage":"hr","@id":"https:\/\/suwine.at\/hr\/produkt\/antica-tartufo-dolce-neri\/#primaryimage","url":"https:\/\/suwine.at\/wp-content\/uploads\/2024\/12\/D1F573D4-4D54-46F0-A866-374E7A8729D0.avif","contentUrl":"https:\/\/suwine.at\/wp-content\/uploads\/2024\/12\/D1F573D4-4D54-46F0-A866-374E7A8729D0.avif","width":2000,"height":2000,"caption":"Tartufi Neri"},{"@type":"BreadcrumbList","@id":"https:\/\/suwine.at\/hr\/produkt\/antica-tartufo-dolce-neri\/#breadcrumb","itemListElement":[{"@type":"ListItem","position":1,"name":"Startseite","item":"https:\/\/suwine.at\/hr\/"},{"@type":"ListItem","position":2,"name":"Shop","item":"https:\/\/suwine.at\/shop\/"},{"@type":"ListItem","position":3,"name":"Antica Tartufo dolce neri"}]},{"@type":"WebSite","@id":"https:\/\/suwine.at\/hr\/#website","url":"https:\/\/suwine.at\/hr\/","name":"Suwine - Suwi Zlatic","description":"Sommelier | Gourmet Play Store | Consulting","potentialAction":[{"@type":"SearchAction","target":{"@type":"EntryPoint","urlTemplate":"https:\/\/suwine.at\/hr\/?s={search_term_string}"},"query-input":{"@type":"PropertyValueSpecification","valueRequired":true,"valueName":"search_term_string"}}],"inLanguage":"hr"}]}},"_links":{"self":[{"href":"https:\/\/suwine.at\/hr\/wp-json\/wp\/v2\/product\/234839","targetHints":{"allow":["GET"]}}],"collection":[{"href":"https:\/\/suwine.at\/hr\/wp-json\/wp\/v2\/product"}],"about":[{"href":"https:\/\/suwine.at\/hr\/wp-json\/wp\/v2\/types\/product"}],"wp:featuredmedia":[{"embeddable":true,"href":"https:\/\/suwine.at\/hr\/wp-json\/wp\/v2\/media\/234855"}],"wp:attachment":[{"href":"https:\/\/suwine.at\/hr\/wp-json\/wp\/v2\/media?parent=234839"}],"wp:term":[{"taxonomy":"product_brand","embeddable":true,"href":"https:\/\/suwine.at\/hr\/wp-json\/wp\/v2\/product_brand?post=234839"},{"taxonomy":"product_cat","embeddable":true,"href":"https:\/\/suwine.at\/hr\/wp-json\/wp\/v2\/product_cat?post=234839"},{"taxonomy":"product_tag","embeddable":true,"href":"https:\/\/suwine.at\/hr\/wp-json\/wp\/v2\/product_tag?post=234839"}],"curies":[{"name":"wp","href":"https:\/\/api.w.org\/{rel}","templated":true}]}}