{"id":234868,"date":"2024-12-05T22:35:31","date_gmt":"2024-12-05T21:35:31","guid":{"rendered":"https:\/\/suwine.at\/?post_type=product&#038;p=234868"},"modified":"2024-12-11T15:03:31","modified_gmt":"2024-12-11T14:03:31","slug":"antica-tartufi-dolci-caramello-e-nocciole-salate","status":"publish","type":"product","link":"https:\/\/suwine.at\/hr\/produkt\/antica-tartufi-dolci-caramello-e-nocciole-salate\/","title":{"rendered":"Antica Tartufi dolci Caramello e Nocciole Salate"},"content":{"rendered":"<h2>Antica Torroneria Piemontese<\/h2>\n<p>Erlebe den besonderen Geschmack feinster Tartufi Tr\u00fcffelpralinen. Von Hand gefertigte, zartschmelzende Meisterwerke aus dem Piemont.<\/p>\n<ul>\n<li>glutenfrei<\/li>\n<li>ohne Zusatzstoffe<\/li>\n<li>ohne Konservierungsstoffe<\/li>\n<li>ohne Gentechnik<\/li>\n<\/ul>\n<p>einzeln verpackte Tr\u00fcffelpraline (je 14 g)<\/p>\n<p>Tr\u00fcffelpraline aus wei\u00dfer Schokolade mit Karamell und leicht gesalzenen Haseln\u00fcssen. Gekr\u00f6nt mit einer feinen Kakaom\u00fctze.<\/p>\n<p>&nbsp;<\/p>\n<span class=\"et_bloom_bottom_trigger\"><\/span>","protected":false},"excerpt":{"rendered":"<p>Tartufo Caramello e Nocciole Salate: Die neue Sorte von Antica Torroneria Piemontese ist\u00a0innerhalb k\u00fcrzester Zeit weit mehr als nur ein Geheimtipp.<\/p>\n<p>Allein die Kombination aus wei\u00dfer Schokolade\u00a0und feinem Karamell ist schon\u00a0ein Genuss.\u00a0Gespickt mit leicht gesalzenen Haselnuss-St\u00fcckchen und umh\u00fcllt mit Kakaopulver \u2013\u00a0un\u00fcbertroffen und unbeschreiblich gut!<\/p>\n<ul>\n<li>wei\u00dfe Schokolade mit Karamell-St\u00fcckchen &amp; gesalzenen Haseln\u00fcssen<\/li>\n<li>mit feinsten Haseln\u00fcssen aus dem Piemont<\/li>\n<li>weich im Schmelz<\/li>\n<li>mit dem Crunch der Haseln\u00fcsse<\/li>\n<li>glutenfrei<\/li>\n<\/ul>\n","protected":false},"featured_media":234840,"template":"","meta":{"_et_pb_use_builder":"","_et_pb_old_content":"","_et_gb_content_width":""},"product_brand":[],"product_cat":[890,286],"product_tag":[],"class_list":{"0":"post-234868","1":"product","2":"type-product","3":"status-publish","4":"has-post-thumbnail","6":"product_cat-tartufi-dolci-trueffelpralinen","7":"product_cat-geschenke","9":"first","10":"instock","11":"taxable","12":"shipping-taxable","13":"purchasable","14":"product-type-variable"},"yoast_head":"<!-- This site is optimized with the Yoast SEO plugin v27.2 - https:\/\/yoast.com\/product\/yoast-seo-wordpress\/ -->\n<title>Antica Tartufi dolci Caramello e Nocciole Salate - Suwine - Suwi Zlatic<\/title>\n<meta name=\"robots\" content=\"index, follow, max-snippet:-1, max-image-preview:large, max-video-preview:-1\" \/>\n<link rel=\"canonical\" href=\"https:\/\/suwine.at\/hr\/produkt\/antica-tartufi-dolci-caramello-e-nocciole-salate\/\" \/>\n<meta property=\"og:locale\" content=\"hr_HR\" \/>\n<meta property=\"og:type\" content=\"article\" \/>\n<meta property=\"og:title\" content=\"Antica Tartufi dolci Caramello e Nocciole Salate - Suwine - Suwi Zlatic\" \/>\n<meta property=\"og:description\" content=\"Tartufo Caramello e Nocciole Salate: Die neue Sorte von Antica Torroneria Piemontese ist\u00a0innerhalb k\u00fcrzester Zeit weit mehr als nur ein Geheimtipp.  Allein die Kombination aus wei\u00dfer Schokolade\u00a0und feinem Karamell ist schon\u00a0ein Genuss.\u00a0Gespickt mit leicht gesalzenen Haselnuss-St\u00fcckchen und umh\u00fcllt mit Kakaopulver \u2013\u00a0un\u00fcbertroffen und unbeschreiblich gut!   wei\u00dfe Schokolade mit Karamell-St\u00fcckchen &amp; gesalzenen Haseln\u00fcssen  mit feinsten Haseln\u00fcssen aus dem Piemont  weich im Schmelz  mit dem Crunch der Haseln\u00fcsse  glutenfrei\" \/>\n<meta property=\"og:url\" content=\"https:\/\/suwine.at\/hr\/produkt\/antica-tartufi-dolci-caramello-e-nocciole-salate\/\" \/>\n<meta property=\"og:site_name\" content=\"Suwine - Suwi Zlatic\" \/>\n<meta property=\"article:modified_time\" content=\"2024-12-11T14:03:31+00:00\" \/>\n<meta property=\"og:image\" content=\"https:\/\/suwine.at\/wp-content\/uploads\/2024\/12\/04DC6B68-8A0B-46F5-B326-CA4CE1642723.avif\" \/>\n\t<meta property=\"og:image:width\" content=\"1000\" \/>\n\t<meta property=\"og:image:height\" content=\"1000\" \/>\n\t<meta property=\"og:image:type\" content=\"image\/jpeg\" \/>\n<meta name=\"twitter:card\" content=\"summary_large_image\" \/>\n<meta name=\"twitter:label1\" content=\"Procijenjeno vrijeme \u010ditanja\" \/>\n\t<meta name=\"twitter:data1\" content=\"1 minuta\" \/>\n<script type=\"application\/ld+json\" class=\"yoast-schema-graph\">{\"@context\":\"https:\/\/schema.org\",\"@graph\":[{\"@type\":\"WebPage\",\"@id\":\"https:\/\/suwine.at\/hr\/produkt\/antica-tartufi-dolci-caramello-e-nocciole-salate\/\",\"url\":\"https:\/\/suwine.at\/hr\/produkt\/antica-tartufi-dolci-caramello-e-nocciole-salate\/\",\"name\":\"Antica Tartufi dolci Caramello e Nocciole Salate - Suwine - Suwi Zlatic\",\"isPartOf\":{\"@id\":\"https:\/\/suwine.at\/hr\/#website\"},\"primaryImageOfPage\":{\"@id\":\"https:\/\/suwine.at\/hr\/produkt\/antica-tartufi-dolci-caramello-e-nocciole-salate\/#primaryimage\"},\"image\":{\"@id\":\"https:\/\/suwine.at\/hr\/produkt\/antica-tartufi-dolci-caramello-e-nocciole-salate\/#primaryimage\"},\"thumbnailUrl\":\"https:\/\/suwine.at\/wp-content\/uploads\/2024\/12\/04DC6B68-8A0B-46F5-B326-CA4CE1642723.avif\",\"datePublished\":\"2024-12-05T21:35:31+00:00\",\"dateModified\":\"2024-12-11T14:03:31+00:00\",\"breadcrumb\":{\"@id\":\"https:\/\/suwine.at\/hr\/produkt\/antica-tartufi-dolci-caramello-e-nocciole-salate\/#breadcrumb\"},\"inLanguage\":\"hr\",\"potentialAction\":[{\"@type\":\"ReadAction\",\"target\":[\"https:\/\/suwine.at\/hr\/produkt\/antica-tartufi-dolci-caramello-e-nocciole-salate\/\"]}]},{\"@type\":\"ImageObject\",\"inLanguage\":\"hr\",\"@id\":\"https:\/\/suwine.at\/hr\/produkt\/antica-tartufi-dolci-caramello-e-nocciole-salate\/#primaryimage\",\"url\":\"https:\/\/suwine.at\/wp-content\/uploads\/2024\/12\/04DC6B68-8A0B-46F5-B326-CA4CE1642723.avif\",\"contentUrl\":\"https:\/\/suwine.at\/wp-content\/uploads\/2024\/12\/04DC6B68-8A0B-46F5-B326-CA4CE1642723.avif\",\"width\":1000,\"height\":1000,\"caption\":\"Caramello e Nocciole\"},{\"@type\":\"BreadcrumbList\",\"@id\":\"https:\/\/suwine.at\/hr\/produkt\/antica-tartufi-dolci-caramello-e-nocciole-salate\/#breadcrumb\",\"itemListElement\":[{\"@type\":\"ListItem\",\"position\":1,\"name\":\"Startseite\",\"item\":\"https:\/\/suwine.at\/hr\/\"},{\"@type\":\"ListItem\",\"position\":2,\"name\":\"Shop\",\"item\":\"https:\/\/suwine.at\/shop\/\"},{\"@type\":\"ListItem\",\"position\":3,\"name\":\"Antica Tartufi dolci Caramello e Nocciole Salate\"}]},{\"@type\":\"WebSite\",\"@id\":\"https:\/\/suwine.at\/hr\/#website\",\"url\":\"https:\/\/suwine.at\/hr\/\",\"name\":\"Suwine - Suwi Zlatic\",\"description\":\"Sommelier | Gourmet Play Store | Consulting\",\"potentialAction\":[{\"@type\":\"SearchAction\",\"target\":{\"@type\":\"EntryPoint\",\"urlTemplate\":\"https:\/\/suwine.at\/hr\/?s={search_term_string}\"},\"query-input\":{\"@type\":\"PropertyValueSpecification\",\"valueRequired\":true,\"valueName\":\"search_term_string\"}}],\"inLanguage\":\"hr\"}]}<\/script>\n<!-- \/ Yoast SEO plugin. -->","yoast_head_json":{"title":"Antica Tartufi dolci Caramello e Nocciole Salate - Suwine - Suwi Zlatic","robots":{"index":"index","follow":"follow","max-snippet":"max-snippet:-1","max-image-preview":"max-image-preview:large","max-video-preview":"max-video-preview:-1"},"canonical":"https:\/\/suwine.at\/hr\/produkt\/antica-tartufi-dolci-caramello-e-nocciole-salate\/","og_locale":"hr_HR","og_type":"article","og_title":"Antica Tartufi dolci Caramello e Nocciole Salate - Suwine - Suwi Zlatic","og_description":"Tartufo Caramello e Nocciole Salate: Die neue Sorte von Antica Torroneria Piemontese ist\u00a0innerhalb k\u00fcrzester Zeit weit mehr als nur ein Geheimtipp.  Allein die Kombination aus wei\u00dfer Schokolade\u00a0und feinem Karamell ist schon\u00a0ein Genuss.\u00a0Gespickt mit leicht gesalzenen Haselnuss-St\u00fcckchen und umh\u00fcllt mit Kakaopulver \u2013\u00a0un\u00fcbertroffen und unbeschreiblich gut!   wei\u00dfe Schokolade mit Karamell-St\u00fcckchen &amp; gesalzenen Haseln\u00fcssen  mit feinsten Haseln\u00fcssen aus dem Piemont  weich im Schmelz  mit dem Crunch der Haseln\u00fcsse  glutenfrei","og_url":"https:\/\/suwine.at\/hr\/produkt\/antica-tartufi-dolci-caramello-e-nocciole-salate\/","og_site_name":"Suwine - Suwi Zlatic","article_modified_time":"2024-12-11T14:03:31+00:00","og_image":[{"width":1000,"height":1000,"url":"https:\/\/suwine.at\/wp-content\/uploads\/2024\/12\/04DC6B68-8A0B-46F5-B326-CA4CE1642723.avif","type":"image\/jpeg"}],"twitter_card":"summary_large_image","twitter_misc":{"Procijenjeno vrijeme \u010ditanja":"1 minuta"},"schema":{"@context":"https:\/\/schema.org","@graph":[{"@type":"WebPage","@id":"https:\/\/suwine.at\/hr\/produkt\/antica-tartufi-dolci-caramello-e-nocciole-salate\/","url":"https:\/\/suwine.at\/hr\/produkt\/antica-tartufi-dolci-caramello-e-nocciole-salate\/","name":"Antica Tartufi dolci Caramello e Nocciole Salate - Suwine - Suwi Zlatic","isPartOf":{"@id":"https:\/\/suwine.at\/hr\/#website"},"primaryImageOfPage":{"@id":"https:\/\/suwine.at\/hr\/produkt\/antica-tartufi-dolci-caramello-e-nocciole-salate\/#primaryimage"},"image":{"@id":"https:\/\/suwine.at\/hr\/produkt\/antica-tartufi-dolci-caramello-e-nocciole-salate\/#primaryimage"},"thumbnailUrl":"https:\/\/suwine.at\/wp-content\/uploads\/2024\/12\/04DC6B68-8A0B-46F5-B326-CA4CE1642723.avif","datePublished":"2024-12-05T21:35:31+00:00","dateModified":"2024-12-11T14:03:31+00:00","breadcrumb":{"@id":"https:\/\/suwine.at\/hr\/produkt\/antica-tartufi-dolci-caramello-e-nocciole-salate\/#breadcrumb"},"inLanguage":"hr","potentialAction":[{"@type":"ReadAction","target":["https:\/\/suwine.at\/hr\/produkt\/antica-tartufi-dolci-caramello-e-nocciole-salate\/"]}]},{"@type":"ImageObject","inLanguage":"hr","@id":"https:\/\/suwine.at\/hr\/produkt\/antica-tartufi-dolci-caramello-e-nocciole-salate\/#primaryimage","url":"https:\/\/suwine.at\/wp-content\/uploads\/2024\/12\/04DC6B68-8A0B-46F5-B326-CA4CE1642723.avif","contentUrl":"https:\/\/suwine.at\/wp-content\/uploads\/2024\/12\/04DC6B68-8A0B-46F5-B326-CA4CE1642723.avif","width":1000,"height":1000,"caption":"Caramello e Nocciole"},{"@type":"BreadcrumbList","@id":"https:\/\/suwine.at\/hr\/produkt\/antica-tartufi-dolci-caramello-e-nocciole-salate\/#breadcrumb","itemListElement":[{"@type":"ListItem","position":1,"name":"Startseite","item":"https:\/\/suwine.at\/hr\/"},{"@type":"ListItem","position":2,"name":"Shop","item":"https:\/\/suwine.at\/shop\/"},{"@type":"ListItem","position":3,"name":"Antica Tartufi dolci Caramello e Nocciole Salate"}]},{"@type":"WebSite","@id":"https:\/\/suwine.at\/hr\/#website","url":"https:\/\/suwine.at\/hr\/","name":"Suwine - Suwi Zlatic","description":"Sommelier | Gourmet Play Store | Consulting","potentialAction":[{"@type":"SearchAction","target":{"@type":"EntryPoint","urlTemplate":"https:\/\/suwine.at\/hr\/?s={search_term_string}"},"query-input":{"@type":"PropertyValueSpecification","valueRequired":true,"valueName":"search_term_string"}}],"inLanguage":"hr"}]}},"_links":{"self":[{"href":"https:\/\/suwine.at\/hr\/wp-json\/wp\/v2\/product\/234868","targetHints":{"allow":["GET"]}}],"collection":[{"href":"https:\/\/suwine.at\/hr\/wp-json\/wp\/v2\/product"}],"about":[{"href":"https:\/\/suwine.at\/hr\/wp-json\/wp\/v2\/types\/product"}],"wp:featuredmedia":[{"embeddable":true,"href":"https:\/\/suwine.at\/hr\/wp-json\/wp\/v2\/media\/234840"}],"wp:attachment":[{"href":"https:\/\/suwine.at\/hr\/wp-json\/wp\/v2\/media?parent=234868"}],"wp:term":[{"taxonomy":"product_brand","embeddable":true,"href":"https:\/\/suwine.at\/hr\/wp-json\/wp\/v2\/product_brand?post=234868"},{"taxonomy":"product_cat","embeddable":true,"href":"https:\/\/suwine.at\/hr\/wp-json\/wp\/v2\/product_cat?post=234868"},{"taxonomy":"product_tag","embeddable":true,"href":"https:\/\/suwine.at\/hr\/wp-json\/wp\/v2\/product_tag?post=234868"}],"curies":[{"name":"wp","href":"https:\/\/api.w.org\/{rel}","templated":true}]}}