{"id":235029,"date":"2025-01-06T20:38:30","date_gmt":"2025-01-06T19:38:30","guid":{"rendered":"https:\/\/suwine.at\/?post_type=product&#038;p=235029"},"modified":"2025-01-31T14:58:36","modified_gmt":"2025-01-31T13:58:36","slug":"ornellaia-vertikale","status":"publish","type":"product","link":"https:\/\/suwine.at\/hr\/produkt\/ornellaia-vertikale\/","title":{"rendered":"Ornellaia Vertikale"},"content":{"rendered":"<p>Das erste \u201eBETREUTE TRINKEN\u201c des Jahres hat es wirklich in sich.<\/p>\n<p>Nach dem wir 2024 Sassicaia unter die Lupe genommen haben ist jetzt Ornellaia dran.<br \/>\nUnglaubliche 10 Jahrg\u00e4nge (siehe Foto) aus den letzten 21 Jahren werden wir gemeinsam genie\u00dfen.<\/p>\n<p>Wir Beginnen mit Champagne wie \u00fcblich danach folgt die erste Mystery Bottle, danach die Vertikale, vor dem S\u00fcsswein dann die 2 Mystery Bottle.<br \/>\nS\u00fcsswein macht traditionell den Abschluss der offiziellen Verkostung .<\/p>\n<p>Insgesamt 14 Weine<br \/>\n4 G\u00e4nge Men\u00fc<br \/>\nKaffee<br \/>\nWasser<\/p>\n<p>Wo? Suwine Gourmet Play Store<br \/>\nMaisengasse 6, 6500 Landeck<\/p>\n<p>Wann? 27.J\u00e4nner 2025<br \/>\nBeginn 18:30<\/p>\n<p>Open end.<\/p>\n<p>Wir freuen uns auf dich.<\/p>\n<span class=\"et_bloom_bottom_trigger\"><\/span>","protected":false},"excerpt":{"rendered":"<p>Wo?Suwine Gourmet Play Store<br \/>\nMaisengasse 6, 6500 Landeck<\/p>\n<p>Wann? 27.J\u00e4nner 2025<br \/>\nBeginn 18:30<\/p>\n<p>Open end.<\/p>\n<p>Wir freuen uns auf dich.<\/p>\n","protected":false},"featured_media":235026,"template":"","meta":{"_et_pb_use_builder":"","_et_pb_old_content":"","_et_gb_content_width":""},"product_brand":[],"product_cat":[76,631],"product_tag":[364,554],"class_list":{"0":"post-235029","1":"product","2":"type-product","3":"status-publish","4":"has-post-thumbnail","6":"product_cat-veranstaltungen","7":"product_cat-praesenz","8":"product_tag-toscana","9":"product_tag-ornellaia","11":"first","12":"outofstock","13":"taxable","14":"shipping-taxable","15":"purchasable","16":"product-type-simple"},"yoast_head":"<!-- This site is optimized with the Yoast SEO plugin v27.2 - https:\/\/yoast.com\/product\/yoast-seo-wordpress\/ -->\n<title>Ornellaia Vertikale - Suwine - Suwi Zlatic<\/title>\n<meta name=\"description\" content=\"Das erste \u201eBETREUTE TRINKEN\u201c des Jahres hat es wirklich in sich. Nach dem wir 2024 Sassicaia unter die Lupe genommen haben ist jetzt Ornellaia dran.Unglaubliche 10 Jahrg\u00e4nge (siehe Foto) aus den letzten 21 Jahren werden wir gemeinsam genie\u00dfen. Wir Beginnen mit Champagne wie \u00fcblich danach folgt die erste Mystery Bottle, danach die Vertikale, vor dem S\u00fcsswein dann die 2 Mystery Bottle. S\u00fcsswein macht traditionell den Abschluss der offiziellen Verkostung .\" \/>\n<meta name=\"robots\" content=\"index, follow, max-snippet:-1, max-image-preview:large, max-video-preview:-1\" \/>\n<link rel=\"canonical\" href=\"https:\/\/suwine.at\/hr\/produkt\/ornellaia-vertikale\/\" \/>\n<meta property=\"og:locale\" content=\"hr_HR\" \/>\n<meta property=\"og:type\" content=\"article\" \/>\n<meta property=\"og:title\" content=\"Ornellaia Vertikale - Suwine - Suwi Zlatic\" \/>\n<meta property=\"og:description\" content=\"Das erste \u201eBETREUTE TRINKEN\u201c des Jahres hat es wirklich in sich. Nach dem wir 2024 Sassicaia unter die Lupe genommen haben ist jetzt Ornellaia dran.Unglaubliche 10 Jahrg\u00e4nge (siehe Foto) aus den letzten 21 Jahren werden wir gemeinsam genie\u00dfen. Wir Beginnen mit Champagne wie \u00fcblich danach folgt die erste Mystery Bottle, danach die Vertikale, vor dem S\u00fcsswein dann die 2 Mystery Bottle. S\u00fcsswein macht traditionell den Abschluss der offiziellen Verkostung .\" \/>\n<meta property=\"og:url\" content=\"https:\/\/suwine.at\/hr\/produkt\/ornellaia-vertikale\/\" \/>\n<meta property=\"og:site_name\" content=\"Suwine - Suwi Zlatic\" \/>\n<meta property=\"article:modified_time\" content=\"2025-01-31T13:58:36+00:00\" \/>\n<meta property=\"og:image\" content=\"https:\/\/suwine.at\/wp-content\/uploads\/2025\/01\/ornellaia-4-2.avif\" \/>\n\t<meta property=\"og:image:width\" content=\"1080\" \/>\n\t<meta property=\"og:image:height\" content=\"1080\" \/>\n\t<meta property=\"og:image:type\" content=\"image\/jpeg\" \/>\n<meta name=\"twitter:card\" content=\"summary_large_image\" \/>\n<meta name=\"twitter:label1\" content=\"Procijenjeno vrijeme \u010ditanja\" \/>\n\t<meta name=\"twitter:data1\" content=\"1 minuta\" \/>\n<script type=\"application\/ld+json\" class=\"yoast-schema-graph\">{\"@context\":\"https:\/\/schema.org\",\"@graph\":[{\"@type\":\"WebPage\",\"@id\":\"https:\/\/suwine.at\/hr\/produkt\/ornellaia-vertikale\/\",\"url\":\"https:\/\/suwine.at\/hr\/produkt\/ornellaia-vertikale\/\",\"name\":\"Ornellaia Vertikale - Suwine - Suwi Zlatic\",\"isPartOf\":{\"@id\":\"https:\/\/suwine.at\/hr\/#website\"},\"primaryImageOfPage\":{\"@id\":\"https:\/\/suwine.at\/hr\/produkt\/ornellaia-vertikale\/#primaryimage\"},\"image\":{\"@id\":\"https:\/\/suwine.at\/hr\/produkt\/ornellaia-vertikale\/#primaryimage\"},\"thumbnailUrl\":\"https:\/\/suwine.at\/wp-content\/uploads\/2025\/01\/ornellaia-4-2.avif\",\"datePublished\":\"2025-01-06T19:38:30+00:00\",\"dateModified\":\"2025-01-31T13:58:36+00:00\",\"description\":\"Das erste \u201eBETREUTE TRINKEN\u201c des Jahres hat es wirklich in sich. Nach dem wir 2024 Sassicaia unter die Lupe genommen haben ist jetzt Ornellaia dran.Unglaubliche 10 Jahrg\u00e4nge (siehe Foto) aus den letzten 21 Jahren werden wir gemeinsam genie\u00dfen. Wir Beginnen mit Champagne wie \u00fcblich danach folgt die erste Mystery Bottle, danach die Vertikale, vor dem S\u00fcsswein dann die 2 Mystery Bottle. S\u00fcsswein macht traditionell den Abschluss der offiziellen Verkostung .\",\"breadcrumb\":{\"@id\":\"https:\/\/suwine.at\/hr\/produkt\/ornellaia-vertikale\/#breadcrumb\"},\"inLanguage\":\"hr\",\"potentialAction\":[{\"@type\":\"ReadAction\",\"target\":[\"https:\/\/suwine.at\/hr\/produkt\/ornellaia-vertikale\/\"]}]},{\"@type\":\"ImageObject\",\"inLanguage\":\"hr\",\"@id\":\"https:\/\/suwine.at\/hr\/produkt\/ornellaia-vertikale\/#primaryimage\",\"url\":\"https:\/\/suwine.at\/wp-content\/uploads\/2025\/01\/ornellaia-4-2.avif\",\"contentUrl\":\"https:\/\/suwine.at\/wp-content\/uploads\/2025\/01\/ornellaia-4-2.avif\",\"width\":1080,\"height\":1080},{\"@type\":\"BreadcrumbList\",\"@id\":\"https:\/\/suwine.at\/hr\/produkt\/ornellaia-vertikale\/#breadcrumb\",\"itemListElement\":[{\"@type\":\"ListItem\",\"position\":1,\"name\":\"Startseite\",\"item\":\"https:\/\/suwine.at\/hr\/\"},{\"@type\":\"ListItem\",\"position\":2,\"name\":\"Shop\",\"item\":\"https:\/\/suwine.at\/shop\/\"},{\"@type\":\"ListItem\",\"position\":3,\"name\":\"Ornellaia Vertikale\"}]},{\"@type\":\"WebSite\",\"@id\":\"https:\/\/suwine.at\/hr\/#website\",\"url\":\"https:\/\/suwine.at\/hr\/\",\"name\":\"Suwine - Suwi Zlatic\",\"description\":\"Sommelier | Gourmet Play Store | Consulting\",\"potentialAction\":[{\"@type\":\"SearchAction\",\"target\":{\"@type\":\"EntryPoint\",\"urlTemplate\":\"https:\/\/suwine.at\/hr\/?s={search_term_string}\"},\"query-input\":{\"@type\":\"PropertyValueSpecification\",\"valueRequired\":true,\"valueName\":\"search_term_string\"}}],\"inLanguage\":\"hr\"}]}<\/script>\n<!-- \/ Yoast SEO plugin. -->","yoast_head_json":{"title":"Ornellaia Vertikale - Suwine - Suwi Zlatic","description":"Das erste \u201eBETREUTE TRINKEN\u201c des Jahres hat es wirklich in sich. Nach dem wir 2024 Sassicaia unter die Lupe genommen haben ist jetzt Ornellaia dran.Unglaubliche 10 Jahrg\u00e4nge (siehe Foto) aus den letzten 21 Jahren werden wir gemeinsam genie\u00dfen. Wir Beginnen mit Champagne wie \u00fcblich danach folgt die erste Mystery Bottle, danach die Vertikale, vor dem S\u00fcsswein dann die 2 Mystery Bottle. S\u00fcsswein macht traditionell den Abschluss der offiziellen Verkostung .","robots":{"index":"index","follow":"follow","max-snippet":"max-snippet:-1","max-image-preview":"max-image-preview:large","max-video-preview":"max-video-preview:-1"},"canonical":"https:\/\/suwine.at\/hr\/produkt\/ornellaia-vertikale\/","og_locale":"hr_HR","og_type":"article","og_title":"Ornellaia Vertikale - Suwine - Suwi Zlatic","og_description":"Das erste \u201eBETREUTE TRINKEN\u201c des Jahres hat es wirklich in sich. Nach dem wir 2024 Sassicaia unter die Lupe genommen haben ist jetzt Ornellaia dran.Unglaubliche 10 Jahrg\u00e4nge (siehe Foto) aus den letzten 21 Jahren werden wir gemeinsam genie\u00dfen. Wir Beginnen mit Champagne wie \u00fcblich danach folgt die erste Mystery Bottle, danach die Vertikale, vor dem S\u00fcsswein dann die 2 Mystery Bottle. S\u00fcsswein macht traditionell den Abschluss der offiziellen Verkostung .","og_url":"https:\/\/suwine.at\/hr\/produkt\/ornellaia-vertikale\/","og_site_name":"Suwine - Suwi Zlatic","article_modified_time":"2025-01-31T13:58:36+00:00","og_image":[{"width":1080,"height":1080,"url":"https:\/\/suwine.at\/wp-content\/uploads\/2025\/01\/ornellaia-4-2.avif","type":"image\/jpeg"}],"twitter_card":"summary_large_image","twitter_misc":{"Procijenjeno vrijeme \u010ditanja":"1 minuta"},"schema":{"@context":"https:\/\/schema.org","@graph":[{"@type":"WebPage","@id":"https:\/\/suwine.at\/hr\/produkt\/ornellaia-vertikale\/","url":"https:\/\/suwine.at\/hr\/produkt\/ornellaia-vertikale\/","name":"Ornellaia Vertikale - Suwine - Suwi Zlatic","isPartOf":{"@id":"https:\/\/suwine.at\/hr\/#website"},"primaryImageOfPage":{"@id":"https:\/\/suwine.at\/hr\/produkt\/ornellaia-vertikale\/#primaryimage"},"image":{"@id":"https:\/\/suwine.at\/hr\/produkt\/ornellaia-vertikale\/#primaryimage"},"thumbnailUrl":"https:\/\/suwine.at\/wp-content\/uploads\/2025\/01\/ornellaia-4-2.avif","datePublished":"2025-01-06T19:38:30+00:00","dateModified":"2025-01-31T13:58:36+00:00","description":"Das erste \u201eBETREUTE TRINKEN\u201c des Jahres hat es wirklich in sich. Nach dem wir 2024 Sassicaia unter die Lupe genommen haben ist jetzt Ornellaia dran.Unglaubliche 10 Jahrg\u00e4nge (siehe Foto) aus den letzten 21 Jahren werden wir gemeinsam genie\u00dfen. Wir Beginnen mit Champagne wie \u00fcblich danach folgt die erste Mystery Bottle, danach die Vertikale, vor dem S\u00fcsswein dann die 2 Mystery Bottle. S\u00fcsswein macht traditionell den Abschluss der offiziellen Verkostung .","breadcrumb":{"@id":"https:\/\/suwine.at\/hr\/produkt\/ornellaia-vertikale\/#breadcrumb"},"inLanguage":"hr","potentialAction":[{"@type":"ReadAction","target":["https:\/\/suwine.at\/hr\/produkt\/ornellaia-vertikale\/"]}]},{"@type":"ImageObject","inLanguage":"hr","@id":"https:\/\/suwine.at\/hr\/produkt\/ornellaia-vertikale\/#primaryimage","url":"https:\/\/suwine.at\/wp-content\/uploads\/2025\/01\/ornellaia-4-2.avif","contentUrl":"https:\/\/suwine.at\/wp-content\/uploads\/2025\/01\/ornellaia-4-2.avif","width":1080,"height":1080},{"@type":"BreadcrumbList","@id":"https:\/\/suwine.at\/hr\/produkt\/ornellaia-vertikale\/#breadcrumb","itemListElement":[{"@type":"ListItem","position":1,"name":"Startseite","item":"https:\/\/suwine.at\/hr\/"},{"@type":"ListItem","position":2,"name":"Shop","item":"https:\/\/suwine.at\/shop\/"},{"@type":"ListItem","position":3,"name":"Ornellaia Vertikale"}]},{"@type":"WebSite","@id":"https:\/\/suwine.at\/hr\/#website","url":"https:\/\/suwine.at\/hr\/","name":"Suwine - Suwi Zlatic","description":"Sommelier | Gourmet Play Store | Consulting","potentialAction":[{"@type":"SearchAction","target":{"@type":"EntryPoint","urlTemplate":"https:\/\/suwine.at\/hr\/?s={search_term_string}"},"query-input":{"@type":"PropertyValueSpecification","valueRequired":true,"valueName":"search_term_string"}}],"inLanguage":"hr"}]}},"_links":{"self":[{"href":"https:\/\/suwine.at\/hr\/wp-json\/wp\/v2\/product\/235029","targetHints":{"allow":["GET"]}}],"collection":[{"href":"https:\/\/suwine.at\/hr\/wp-json\/wp\/v2\/product"}],"about":[{"href":"https:\/\/suwine.at\/hr\/wp-json\/wp\/v2\/types\/product"}],"wp:featuredmedia":[{"embeddable":true,"href":"https:\/\/suwine.at\/hr\/wp-json\/wp\/v2\/media\/235026"}],"wp:attachment":[{"href":"https:\/\/suwine.at\/hr\/wp-json\/wp\/v2\/media?parent=235029"}],"wp:term":[{"taxonomy":"product_brand","embeddable":true,"href":"https:\/\/suwine.at\/hr\/wp-json\/wp\/v2\/product_brand?post=235029"},{"taxonomy":"product_cat","embeddable":true,"href":"https:\/\/suwine.at\/hr\/wp-json\/wp\/v2\/product_cat?post=235029"},{"taxonomy":"product_tag","embeddable":true,"href":"https:\/\/suwine.at\/hr\/wp-json\/wp\/v2\/product_tag?post=235029"}],"curies":[{"name":"wp","href":"https:\/\/api.w.org\/{rel}","templated":true}]}}