{"id":235107,"date":"2025-02-06T21:41:07","date_gmt":"2025-02-06T20:41:07","guid":{"rendered":"https:\/\/suwine.at\/?post_type=product&#038;p=235107"},"modified":"2025-08-03T19:06:39","modified_gmt":"2025-08-03T17:06:39","slug":"argyros-estate-cuvee-evdemon-assyrtiko-2020","status":"publish","type":"product","link":"https:\/\/suwine.at\/hr\/produkt\/argyros-estate-cuvee-evdemon-assyrtiko-2020\/","title":{"rendered":"Argyros Estate \/ Cuvee Evdemon (Assyrtiko), 2020"},"content":{"rendered":"<h2 class=\"product-detail-name\">Argyros Estate \/ Cuvee Evdemon (Assyrtiko), 2020<\/h2>\n<div id=\"description-tab-01947a8ca8997276bb9d2bcced58af48-pane\" class=\"tab-pane fade show active\" role=\"tabpanel\" aria-labelledby=\"description-tab-01947a8ca8997276bb9d2bcced58af48\">\n<div class=\"offcanvas-body\">\n<div class=\"product-detail-description tab-pane-container\">\n<div class=\"product-detail-description-text\">\n<p><strong>Verkostung:<br \/>\n<\/strong>Farbe: mittleres Strohgelb.<br \/>\nNase: intensiv, Mandarine, tropische Frucht, sp\u00fcrbare Mineralit\u00e4t und feine Salzigkeit.<br \/>\nGeschmack: ebenfalls intensiv, tropische Frucht, feine Salbeinote, mineralisch, fein salzig, grosser und lagerf\u00e4higer Assyrtiko !<\/p>\n<\/div>\n<\/div>\n<\/div>\n<\/div>\n<div id=\"properties-tab-pane\" class=\"tab-pane fade show\" role=\"tabpanel\" aria-labelledby=\"properties-tab\">\n<div class=\"offcanvas-body\">\n<div class=\"product-detail-properties-tab tab-pane-container\">\n<div class=\"product-detail-properties\">\n<div class=\"row product-detail-properties-container\">\n<div class=\"col-md-10 col-lg-6\">\n<table class=\"table table-striped product-detail-properties-table\">\n<tbody>\n<tr class=\"properties-row\">\n<th class=\"properties-label\">Name des Weines:<\/th>\n<td class=\"properties-value\">Santorini Cuv\u00e9e Evdemon<\/td>\n<\/tr>\n<tr class=\"properties-row\">\n<th class=\"properties-label\">Rebsorte:<\/th>\n<td class=\"properties-value\">Assyrtiko<\/td>\n<\/tr>\n<tr class=\"properties-row\">\n<th class=\"properties-label\">Jahrgang:<\/th>\n<td class=\"properties-value\">2020<\/td>\n<\/tr>\n<tr class=\"properties-row\">\n<th class=\"properties-label\">Alkoholgehalt:<\/th>\n<td class=\"properties-value\">15% vol.<\/td>\n<\/tr>\n<tr class=\"properties-row\">\n<th class=\"properties-label\">Inhalt:<\/th>\n<td class=\"properties-value\">0,75 Liter<\/td>\n<\/tr>\n<tr class=\"properties-row\">\n<th class=\"properties-label\">Anbaufl\u00e4che:<\/th>\n<td class=\"properties-value\">65 ha.<\/td>\n<\/tr>\n<tr class=\"properties-row\">\n<th class=\"properties-label\">Anbaugebiet:<\/th>\n<td class=\"properties-value\">Pyrgos, Kallistis &#8211; Santorini, gesch\u00fctzte geographische Angabe<\/td>\n<\/tr>\n<tr class=\"properties-row\">\n<th class=\"properties-label\">Enth\u00e4lt:<\/th>\n<td class=\"properties-value\">Sulfite<\/td>\n<\/tr>\n<tr class=\"properties-row\">\n<th class=\"properties-label\">Weinausbau:<\/th>\n<td class=\"properties-value\">in Edelstahl<\/td>\n<\/tr>\n<tr class=\"properties-row\">\n<th class=\"properties-label\">Herkunft:<\/th>\n<td class=\"properties-value\">Griechenland<\/td>\n<\/tr>\n<tr class=\"properties-row\">\n<th class=\"properties-label\">Hersteller \/ Importeur:<\/th>\n<td class=\"properties-value\">Argyros Estate &#8211; Episkopi Gonia, GR-84700 Santorini &#8211; Griechenland<\/td>\n<\/tr>\n<\/tbody>\n<\/table>\n<\/div>\n<p>Argyros estate, 1903 von Georgios Argyros gegr\u00fcndet, lag in einem 5 Hektar gro\u00dfen Weinberg in Episkopi Gonia Thiras (Santorini) . Georgios Argyros stellte seine Weine nach der traditionellen santorinischen Weise her und verkaufte sie vor allem auf dem lokalen Markt.<\/p>\n<p>Im Jahr 1950 erweiterte Matth\u00e4us Argyros den Familienweinberg auf 15 Hektar. Aber derjenige, der das Weingut signifikant \u00e4nderte ist Yiannis Argyros, der das Weingut seit 1974 f\u00fchrt. Yiannis Argyros hat nicht nur den Familienweinberg auf 65 Hektar erh\u00f6ht, sondern er arbeitete hart, um die Familientradition mit moderner Technologie zu kombinieren und die hohe Qualit\u00e4t der Trauben zu gew\u00e4hrleisten.<\/p>\n<p>Matthew Argyros repr\u00e4sentiert die vierte Generation des Weinbaus bei Argyros Estate. Er wurde bereits als kompetenter Fortf\u00fchrer der alten Traditionen und f\u00fcr den erfolgreichen Verlauf anerkannt. Getreu den Prinzipien seiner Vorfahren, bleibt auch er ein Vision\u00e4r der hart f\u00fcr die Zukunft der Argyros Estate und f\u00fcr den Wein aus Santorini arbeitet.<\/p>\n<\/div>\n<\/div>\n<\/div>\n<\/div>\n<\/div>\n<span class=\"et_bloom_bottom_trigger\"><\/span>","protected":false},"excerpt":{"rendered":"<p>Farbe: mittleres Strohgelb.<br \/>\nNase: intensiv, Mandarine, tropische Frucht, sp\u00fcrbare Mineralit\u00e4t und feine Salzigkeit.<br \/>\nGeschmack: ebenfalls intensiv, tropische Frucht, feine Salbeinote, mineralisch, fein salzig, grosser und lagerf\u00e4higer Assyrtiko !<\/p>\n","protected":false},"featured_media":235089,"template":"","meta":{"_et_pb_use_builder":"","_et_pb_old_content":"","_et_gb_content_width":""},"product_brand":[],"product_cat":[84,191,212],"product_tag":[645,876],"class_list":{"0":"post-235107","1":"product","2":"type-product","3":"status-publish","4":"has-post-thumbnail","6":"product_cat-weisswein","7":"product_cat-weisswein-raritaeten","8":"product_cat-weisswein-international","9":"product_tag-griechenland","10":"product_tag-santorini","12":"first","13":"instock","14":"taxable","15":"shipping-taxable","16":"purchasable","17":"product-type-simple"},"yoast_head":"<!-- This site is optimized with the Yoast SEO plugin v27.2 - https:\/\/yoast.com\/product\/yoast-seo-wordpress\/ -->\n<title>Argyros Estate \/ Cuvee Evdemon (Assyrtiko), 2020 - Suwine - Suwi Zlatic<\/title>\n<meta name=\"description\" content=\"Farbe: mittleres Strohgelb.Nase: intensiv, Mandarine, tropische Frucht, sp\u00fcrbare Mineralit\u00e4t und feine Salzigkeit.Geschmack: ebenfalls intensiv, tropische Frucht, feine Salbeinote, mineralisch, fein salzig, grosser und lagerf\u00e4higer Assyrtik!\" \/>\n<meta name=\"robots\" content=\"index, follow, max-snippet:-1, max-image-preview:large, max-video-preview:-1\" \/>\n<link rel=\"canonical\" href=\"https:\/\/suwine.at\/hr\/produkt\/argyros-estate-cuvee-evdemon-assyrtiko-2020\/\" \/>\n<meta property=\"og:locale\" content=\"hr_HR\" \/>\n<meta property=\"og:type\" content=\"article\" \/>\n<meta property=\"og:title\" content=\"Argyros Estate \/ Cuvee Evdemon (Assyrtiko), 2020 - Suwine - Suwi Zlatic\" \/>\n<meta property=\"og:description\" content=\"Farbe: mittleres Strohgelb.Nase: intensiv, Mandarine, tropische Frucht, sp\u00fcrbare Mineralit\u00e4t und feine Salzigkeit.Geschmack: ebenfalls intensiv, tropische Frucht, feine Salbeinote, mineralisch, fein salzig, grosser und lagerf\u00e4higer Assyrtik!\" \/>\n<meta property=\"og:url\" content=\"https:\/\/suwine.at\/hr\/produkt\/argyros-estate-cuvee-evdemon-assyrtiko-2020\/\" \/>\n<meta property=\"og:site_name\" content=\"Suwine - Suwi Zlatic\" \/>\n<meta property=\"article:modified_time\" content=\"2025-08-03T17:06:39+00:00\" \/>\n<meta property=\"og:image\" content=\"https:\/\/suwine.at\/wp-content\/uploads\/2025\/02\/IMG_6862.avif\" \/>\n\t<meta property=\"og:image:width\" content=\"700\" \/>\n\t<meta property=\"og:image:height\" content=\"700\" \/>\n\t<meta property=\"og:image:type\" content=\"image\/jpeg\" \/>\n<meta name=\"twitter:card\" content=\"summary_large_image\" \/>\n<meta name=\"twitter:label1\" content=\"Procijenjeno vrijeme \u010ditanja\" \/>\n\t<meta name=\"twitter:data1\" content=\"2 minute\" \/>\n<script type=\"application\/ld+json\" class=\"yoast-schema-graph\">{\"@context\":\"https:\/\/schema.org\",\"@graph\":[{\"@type\":\"WebPage\",\"@id\":\"https:\/\/suwine.at\/hr\/produkt\/argyros-estate-cuvee-evdemon-assyrtiko-2020\/\",\"url\":\"https:\/\/suwine.at\/hr\/produkt\/argyros-estate-cuvee-evdemon-assyrtiko-2020\/\",\"name\":\"Argyros Estate \/ Cuvee Evdemon (Assyrtiko), 2020 - Suwine - Suwi Zlatic\",\"isPartOf\":{\"@id\":\"https:\/\/suwine.at\/hr\/#website\"},\"primaryImageOfPage\":{\"@id\":\"https:\/\/suwine.at\/hr\/produkt\/argyros-estate-cuvee-evdemon-assyrtiko-2020\/#primaryimage\"},\"image\":{\"@id\":\"https:\/\/suwine.at\/hr\/produkt\/argyros-estate-cuvee-evdemon-assyrtiko-2020\/#primaryimage\"},\"thumbnailUrl\":\"https:\/\/suwine.at\/wp-content\/uploads\/2025\/02\/IMG_6862.avif\",\"datePublished\":\"2025-02-06T20:41:07+00:00\",\"dateModified\":\"2025-08-03T17:06:39+00:00\",\"description\":\"Farbe: mittleres Strohgelb.Nase: intensiv, Mandarine, tropische Frucht, sp\u00fcrbare Mineralit\u00e4t und feine Salzigkeit.Geschmack: ebenfalls intensiv, tropische Frucht, feine Salbeinote, mineralisch, fein salzig, grosser und lagerf\u00e4higer Assyrtik!\",\"breadcrumb\":{\"@id\":\"https:\/\/suwine.at\/hr\/produkt\/argyros-estate-cuvee-evdemon-assyrtiko-2020\/#breadcrumb\"},\"inLanguage\":\"hr\",\"potentialAction\":[{\"@type\":\"ReadAction\",\"target\":[\"https:\/\/suwine.at\/hr\/produkt\/argyros-estate-cuvee-evdemon-assyrtiko-2020\/\"]}]},{\"@type\":\"ImageObject\",\"inLanguage\":\"hr\",\"@id\":\"https:\/\/suwine.at\/hr\/produkt\/argyros-estate-cuvee-evdemon-assyrtiko-2020\/#primaryimage\",\"url\":\"https:\/\/suwine.at\/wp-content\/uploads\/2025\/02\/IMG_6862.avif\",\"contentUrl\":\"https:\/\/suwine.at\/wp-content\/uploads\/2025\/02\/IMG_6862.avif\",\"width\":700,\"height\":700,\"caption\":\"evdemon\"},{\"@type\":\"BreadcrumbList\",\"@id\":\"https:\/\/suwine.at\/hr\/produkt\/argyros-estate-cuvee-evdemon-assyrtiko-2020\/#breadcrumb\",\"itemListElement\":[{\"@type\":\"ListItem\",\"position\":1,\"name\":\"Startseite\",\"item\":\"https:\/\/suwine.at\/hr\/\"},{\"@type\":\"ListItem\",\"position\":2,\"name\":\"Shop\",\"item\":\"https:\/\/suwine.at\/shop\/\"},{\"@type\":\"ListItem\",\"position\":3,\"name\":\"Argyros Estate \/ Cuvee Evdemon (Assyrtiko), 2020\"}]},{\"@type\":\"WebSite\",\"@id\":\"https:\/\/suwine.at\/hr\/#website\",\"url\":\"https:\/\/suwine.at\/hr\/\",\"name\":\"Suwine - Suwi Zlatic\",\"description\":\"Sommelier | Gourmet Play Store | Consulting\",\"potentialAction\":[{\"@type\":\"SearchAction\",\"target\":{\"@type\":\"EntryPoint\",\"urlTemplate\":\"https:\/\/suwine.at\/hr\/?s={search_term_string}\"},\"query-input\":{\"@type\":\"PropertyValueSpecification\",\"valueRequired\":true,\"valueName\":\"search_term_string\"}}],\"inLanguage\":\"hr\"}]}<\/script>\n<!-- \/ Yoast SEO plugin. -->","yoast_head_json":{"title":"Argyros Estate \/ Cuvee Evdemon (Assyrtiko), 2020 - Suwine - Suwi Zlatic","description":"Farbe: mittleres Strohgelb.Nase: intensiv, Mandarine, tropische Frucht, sp\u00fcrbare Mineralit\u00e4t und feine Salzigkeit.Geschmack: ebenfalls intensiv, tropische Frucht, feine Salbeinote, mineralisch, fein salzig, grosser und lagerf\u00e4higer Assyrtik!","robots":{"index":"index","follow":"follow","max-snippet":"max-snippet:-1","max-image-preview":"max-image-preview:large","max-video-preview":"max-video-preview:-1"},"canonical":"https:\/\/suwine.at\/hr\/produkt\/argyros-estate-cuvee-evdemon-assyrtiko-2020\/","og_locale":"hr_HR","og_type":"article","og_title":"Argyros Estate \/ Cuvee Evdemon (Assyrtiko), 2020 - Suwine - Suwi Zlatic","og_description":"Farbe: mittleres Strohgelb.Nase: intensiv, Mandarine, tropische Frucht, sp\u00fcrbare Mineralit\u00e4t und feine Salzigkeit.Geschmack: ebenfalls intensiv, tropische Frucht, feine Salbeinote, mineralisch, fein salzig, grosser und lagerf\u00e4higer Assyrtik!","og_url":"https:\/\/suwine.at\/hr\/produkt\/argyros-estate-cuvee-evdemon-assyrtiko-2020\/","og_site_name":"Suwine - Suwi Zlatic","article_modified_time":"2025-08-03T17:06:39+00:00","og_image":[{"width":700,"height":700,"url":"https:\/\/suwine.at\/wp-content\/uploads\/2025\/02\/IMG_6862.avif","type":"image\/jpeg"}],"twitter_card":"summary_large_image","twitter_misc":{"Procijenjeno vrijeme \u010ditanja":"2 minute"},"schema":{"@context":"https:\/\/schema.org","@graph":[{"@type":"WebPage","@id":"https:\/\/suwine.at\/hr\/produkt\/argyros-estate-cuvee-evdemon-assyrtiko-2020\/","url":"https:\/\/suwine.at\/hr\/produkt\/argyros-estate-cuvee-evdemon-assyrtiko-2020\/","name":"Argyros Estate \/ Cuvee Evdemon (Assyrtiko), 2020 - Suwine - Suwi Zlatic","isPartOf":{"@id":"https:\/\/suwine.at\/hr\/#website"},"primaryImageOfPage":{"@id":"https:\/\/suwine.at\/hr\/produkt\/argyros-estate-cuvee-evdemon-assyrtiko-2020\/#primaryimage"},"image":{"@id":"https:\/\/suwine.at\/hr\/produkt\/argyros-estate-cuvee-evdemon-assyrtiko-2020\/#primaryimage"},"thumbnailUrl":"https:\/\/suwine.at\/wp-content\/uploads\/2025\/02\/IMG_6862.avif","datePublished":"2025-02-06T20:41:07+00:00","dateModified":"2025-08-03T17:06:39+00:00","description":"Farbe: mittleres Strohgelb.Nase: intensiv, Mandarine, tropische Frucht, sp\u00fcrbare Mineralit\u00e4t und feine Salzigkeit.Geschmack: ebenfalls intensiv, tropische Frucht, feine Salbeinote, mineralisch, fein salzig, grosser und lagerf\u00e4higer Assyrtik!","breadcrumb":{"@id":"https:\/\/suwine.at\/hr\/produkt\/argyros-estate-cuvee-evdemon-assyrtiko-2020\/#breadcrumb"},"inLanguage":"hr","potentialAction":[{"@type":"ReadAction","target":["https:\/\/suwine.at\/hr\/produkt\/argyros-estate-cuvee-evdemon-assyrtiko-2020\/"]}]},{"@type":"ImageObject","inLanguage":"hr","@id":"https:\/\/suwine.at\/hr\/produkt\/argyros-estate-cuvee-evdemon-assyrtiko-2020\/#primaryimage","url":"https:\/\/suwine.at\/wp-content\/uploads\/2025\/02\/IMG_6862.avif","contentUrl":"https:\/\/suwine.at\/wp-content\/uploads\/2025\/02\/IMG_6862.avif","width":700,"height":700,"caption":"evdemon"},{"@type":"BreadcrumbList","@id":"https:\/\/suwine.at\/hr\/produkt\/argyros-estate-cuvee-evdemon-assyrtiko-2020\/#breadcrumb","itemListElement":[{"@type":"ListItem","position":1,"name":"Startseite","item":"https:\/\/suwine.at\/hr\/"},{"@type":"ListItem","position":2,"name":"Shop","item":"https:\/\/suwine.at\/shop\/"},{"@type":"ListItem","position":3,"name":"Argyros Estate \/ Cuvee Evdemon (Assyrtiko), 2020"}]},{"@type":"WebSite","@id":"https:\/\/suwine.at\/hr\/#website","url":"https:\/\/suwine.at\/hr\/","name":"Suwine - Suwi Zlatic","description":"Sommelier | Gourmet Play Store | Consulting","potentialAction":[{"@type":"SearchAction","target":{"@type":"EntryPoint","urlTemplate":"https:\/\/suwine.at\/hr\/?s={search_term_string}"},"query-input":{"@type":"PropertyValueSpecification","valueRequired":true,"valueName":"search_term_string"}}],"inLanguage":"hr"}]}},"_links":{"self":[{"href":"https:\/\/suwine.at\/hr\/wp-json\/wp\/v2\/product\/235107","targetHints":{"allow":["GET"]}}],"collection":[{"href":"https:\/\/suwine.at\/hr\/wp-json\/wp\/v2\/product"}],"about":[{"href":"https:\/\/suwine.at\/hr\/wp-json\/wp\/v2\/types\/product"}],"wp:featuredmedia":[{"embeddable":true,"href":"https:\/\/suwine.at\/hr\/wp-json\/wp\/v2\/media\/235089"}],"wp:attachment":[{"href":"https:\/\/suwine.at\/hr\/wp-json\/wp\/v2\/media?parent=235107"}],"wp:term":[{"taxonomy":"product_brand","embeddable":true,"href":"https:\/\/suwine.at\/hr\/wp-json\/wp\/v2\/product_brand?post=235107"},{"taxonomy":"product_cat","embeddable":true,"href":"https:\/\/suwine.at\/hr\/wp-json\/wp\/v2\/product_cat?post=235107"},{"taxonomy":"product_tag","embeddable":true,"href":"https:\/\/suwine.at\/hr\/wp-json\/wp\/v2\/product_tag?post=235107"}],"curies":[{"name":"wp","href":"https:\/\/api.w.org\/{rel}","templated":true}]}}