{"id":235108,"date":"2025-02-06T21:56:11","date_gmt":"2025-02-06T20:56:11","guid":{"rendered":"https:\/\/suwine.at\/?post_type=product&#038;p=235108"},"modified":"2026-03-30T21:49:24","modified_gmt":"2026-03-30T19:49:24","slug":"hatzidakis-skitali-assyrtiko-2017","status":"publish","type":"product","link":"https:\/\/suwine.at\/hr\/produkt\/hatzidakis-skitali-assyrtiko-2017\/","title":{"rendered":"Hatzidakis \/ Skitali (Assyrtiko), 2017"},"content":{"rendered":"<h2>Hatzidakis \/ Skitali (Assyrtiko), 2017<\/h2>\n<div id=\"description-tab-019160cc32c3735ba3049cd964bcc549-pane\" class=\"tab-pane fade show active\" role=\"tabpanel\" aria-labelledby=\"description-tab-019160cc32c3735ba3049cd964bcc549\">\n<div class=\"offcanvas-body\">\n<div class=\"product-detail-description tab-pane-container\">\n<div class=\"product-detail-description-text\">\n<div>Die Vielfalt der Aromen verraten schon wie komplex und vielschichtig der Wein ist: Reifer Gelbfrucht, Birnenmost, Bergamotte, eingelegte Zitronen. Am Gaumen opulent, sehr cremig, fast &#8220;sahnig&#8221;, mit Noten von kandierten Zitrus- und S\u00fcdfr\u00fcchten, perfekt ausbalanciert, mit einem lang anhaltenden Abgang. Es bleibt diese wundersch\u00f6ne, einmalige Note von &#8220;Fleur de Sel und Mineralien.<\/div>\n<div><\/div>\n<div><span style=\"color: #333333;font-size: 26px\">Eigenschaften<\/span><\/div>\n<\/div>\n<\/div>\n<\/div>\n<\/div>\n<div id=\"properties-tab-pane\" class=\"tab-pane fade show\" role=\"tabpanel\" aria-labelledby=\"properties-tab\">\n<div class=\"offcanvas-body\">\n<div class=\"product-detail-properties-tab tab-pane-container\">\n<div class=\"product-detail-properties\">\n<div class=\"row product-detail-properties-container\">\n<div class=\"col-md-10 col-lg-6\">\n<table class=\"table table-striped product-detail-properties-table\">\n<tbody>\n<tr class=\"properties-row\">\n<th class=\"properties-label\">Name des Weines:<\/th>\n<td class=\"properties-value\">Skitali<\/td>\n<\/tr>\n<tr class=\"properties-row\">\n<th class=\"properties-label\">Rebsorte:<\/th>\n<td class=\"properties-value\">Assyrtiko<\/td>\n<\/tr>\n<tr class=\"properties-row\">\n<th class=\"properties-label\">Jahrgang:<\/th>\n<td class=\"properties-value\">2017<\/td>\n<\/tr>\n<tr class=\"properties-row\">\n<th class=\"properties-label\">Alkoholgehalt:<\/th>\n<td class=\"properties-value\">14,5% vol.<\/td>\n<\/tr>\n<tr class=\"properties-row\">\n<th class=\"properties-label\">Inhalt:<\/th>\n<td class=\"properties-value\">0,75 Liter<\/td>\n<\/tr>\n<tr class=\"properties-row\">\n<th class=\"properties-label\">Anbaufl\u00e4che:<\/th>\n<td class=\"properties-value\">18 ha.<\/td>\n<\/tr>\n<tr class=\"properties-row\">\n<th class=\"properties-label\">Anbaugebiet:<\/th>\n<td class=\"properties-value\">Santorini Kykladen, gesch\u00fctzte geographische Angabe<\/td>\n<\/tr>\n<tr class=\"properties-row\">\n<th class=\"properties-label\">Enth\u00e4lt:<\/th>\n<td class=\"properties-value\">Sulfite<\/td>\n<\/tr>\n<tr class=\"properties-row\">\n<th class=\"properties-label\">Herkunft:<\/th>\n<td class=\"properties-value\">Griechenland<\/td>\n<\/tr>\n<tr class=\"properties-row\">\n<th class=\"properties-label\">Hersteller \/ Importeur:<\/th>\n<td class=\"properties-value\">Hatzidakis Winery &#8211; Pyrgos Kallistis, GR-84701 Santorini &#8211; Griechenland<\/td>\n<\/tr>\n<\/tbody>\n<\/table>\n<p>&nbsp;<\/p>\n<\/div>\n<\/div>\n<\/div>\n<\/div>\n<\/div>\n<\/div>\n<span class=\"et_bloom_bottom_trigger\"><\/span>","protected":false},"excerpt":{"rendered":"<h2><span style=\"color: #666666;font-size: 14px\">Die Vielfalt der Aromen verraten schon wie komplex und vielschichtig der Wein ist: Reifer Gelbfrucht, Birnenmost, Bergamotte, eingelegte Zitronen. Am Gaumen opulent, sehr cremig, fast &#8220;sahnig&#8221;, mit Noten von kandierten Zitrus- und S\u00fcdfr\u00fcchten, perfekt ausbalanciert, mit einem lang anhaltenden Abgang. Es bleibt diese wundersch\u00f6ne, einmalige Note von &#8220;Fleur de Sel und Mineralien.<\/span><\/h2>\n","protected":false},"featured_media":235086,"template":"","meta":{"_et_pb_use_builder":"","_et_pb_old_content":"","_et_gb_content_width":""},"product_brand":[],"product_cat":[84,115,191],"product_tag":[645,876],"class_list":{"0":"post-235108","1":"product","2":"type-product","3":"status-publish","4":"has-post-thumbnail","6":"product_cat-weisswein","7":"product_cat-wein","8":"product_cat-weisswein-raritaeten","9":"product_tag-griechenland","10":"product_tag-santorini","12":"first","13":"instock","14":"taxable","15":"shipping-taxable","16":"purchasable","17":"product-type-simple"},"yoast_head":"<!-- This site is optimized with the Yoast SEO plugin v27.2 - https:\/\/yoast.com\/product\/yoast-seo-wordpress\/ -->\n<title>Hatzidakis \/ Skitali (Assyrtiko), 2017 - Suwine - Suwi Zlatic<\/title>\n<meta name=\"description\" content=\"Die Vielfalt der Aromen verraten schon wie komplex und vielschichtig der Wein ist: Reifer Gelbfrucht, Birnenmost, Bergamotte, eingelegte Zitronen. Am Gaumen opulent, sehr cremig, fast &quot;sahnig&quot;, mit Noten von kandierten Zitrus- und S\u00fcdfr\u00fcchten, perfekt ausbalanciert, mit einem lang anhaltenden Abgang. Es bleibt diese wundersch\u00f6ne, einmalige Note von &quot;Fleur de Sel und Mineralien.\" \/>\n<meta name=\"robots\" content=\"index, follow, max-snippet:-1, max-image-preview:large, max-video-preview:-1\" \/>\n<link rel=\"canonical\" href=\"https:\/\/suwine.at\/hr\/produkt\/hatzidakis-skitali-assyrtiko-2017\/\" \/>\n<meta property=\"og:locale\" content=\"hr_HR\" \/>\n<meta property=\"og:type\" content=\"article\" \/>\n<meta property=\"og:title\" content=\"Hatzidakis \/ Skitali (Assyrtiko), 2017 - Suwine - Suwi Zlatic\" \/>\n<meta property=\"og:description\" content=\"Die Vielfalt der Aromen verraten schon wie komplex und vielschichtig der Wein ist: Reifer Gelbfrucht, Birnenmost, Bergamotte, eingelegte Zitronen. Am Gaumen opulent, sehr cremig, fast &quot;sahnig&quot;, mit Noten von kandierten Zitrus- und S\u00fcdfr\u00fcchten, perfekt ausbalanciert, mit einem lang anhaltenden Abgang. Es bleibt diese wundersch\u00f6ne, einmalige Note von &quot;Fleur de Sel und Mineralien.\" \/>\n<meta property=\"og:url\" content=\"https:\/\/suwine.at\/hr\/produkt\/hatzidakis-skitali-assyrtiko-2017\/\" \/>\n<meta property=\"og:site_name\" content=\"Suwine - Suwi Zlatic\" \/>\n<meta property=\"article:modified_time\" content=\"2026-03-30T19:49:24+00:00\" \/>\n<meta property=\"og:image\" content=\"https:\/\/suwine.at\/wp-content\/uploads\/2025\/02\/IMG_6861.avif\" \/>\n\t<meta property=\"og:image:width\" content=\"504\" \/>\n\t<meta property=\"og:image:height\" content=\"1008\" \/>\n\t<meta property=\"og:image:type\" content=\"image\/jpeg\" \/>\n<meta name=\"twitter:card\" content=\"summary_large_image\" \/>\n<meta name=\"twitter:label1\" content=\"Procijenjeno vrijeme \u010ditanja\" \/>\n\t<meta name=\"twitter:data1\" content=\"1 minuta\" \/>\n<script type=\"application\/ld+json\" class=\"yoast-schema-graph\">{\"@context\":\"https:\/\/schema.org\",\"@graph\":[{\"@type\":\"WebPage\",\"@id\":\"https:\/\/suwine.at\/hr\/produkt\/hatzidakis-skitali-assyrtiko-2017\/\",\"url\":\"https:\/\/suwine.at\/hr\/produkt\/hatzidakis-skitali-assyrtiko-2017\/\",\"name\":\"Hatzidakis \/ Skitali (Assyrtiko), 2017 - Suwine - Suwi Zlatic\",\"isPartOf\":{\"@id\":\"https:\/\/suwine.at\/hr\/#website\"},\"primaryImageOfPage\":{\"@id\":\"https:\/\/suwine.at\/hr\/produkt\/hatzidakis-skitali-assyrtiko-2017\/#primaryimage\"},\"image\":{\"@id\":\"https:\/\/suwine.at\/hr\/produkt\/hatzidakis-skitali-assyrtiko-2017\/#primaryimage\"},\"thumbnailUrl\":\"https:\/\/suwine.at\/wp-content\/uploads\/2025\/02\/IMG_6861.avif\",\"datePublished\":\"2025-02-06T20:56:11+00:00\",\"dateModified\":\"2026-03-30T19:49:24+00:00\",\"description\":\"Die Vielfalt der Aromen verraten schon wie komplex und vielschichtig der Wein ist: Reifer Gelbfrucht, Birnenmost, Bergamotte, eingelegte Zitronen. Am Gaumen opulent, sehr cremig, fast \\\"sahnig\\\", mit Noten von kandierten Zitrus- und S\u00fcdfr\u00fcchten, perfekt ausbalanciert, mit einem lang anhaltenden Abgang. Es bleibt diese wundersch\u00f6ne, einmalige Note von \\\"Fleur de Sel und Mineralien.\",\"breadcrumb\":{\"@id\":\"https:\/\/suwine.at\/hr\/produkt\/hatzidakis-skitali-assyrtiko-2017\/#breadcrumb\"},\"inLanguage\":\"hr\",\"potentialAction\":[{\"@type\":\"ReadAction\",\"target\":[\"https:\/\/suwine.at\/hr\/produkt\/hatzidakis-skitali-assyrtiko-2017\/\"]}]},{\"@type\":\"ImageObject\",\"inLanguage\":\"hr\",\"@id\":\"https:\/\/suwine.at\/hr\/produkt\/hatzidakis-skitali-assyrtiko-2017\/#primaryimage\",\"url\":\"https:\/\/suwine.at\/wp-content\/uploads\/2025\/02\/IMG_6861.avif\",\"contentUrl\":\"https:\/\/suwine.at\/wp-content\/uploads\/2025\/02\/IMG_6861.avif\",\"width\":504,\"height\":1008,\"caption\":\"skitali\"},{\"@type\":\"BreadcrumbList\",\"@id\":\"https:\/\/suwine.at\/hr\/produkt\/hatzidakis-skitali-assyrtiko-2017\/#breadcrumb\",\"itemListElement\":[{\"@type\":\"ListItem\",\"position\":1,\"name\":\"Startseite\",\"item\":\"https:\/\/suwine.at\/hr\/\"},{\"@type\":\"ListItem\",\"position\":2,\"name\":\"Shop\",\"item\":\"https:\/\/suwine.at\/shop\/\"},{\"@type\":\"ListItem\",\"position\":3,\"name\":\"Hatzidakis \/ Skitali (Assyrtiko), 2017\"}]},{\"@type\":\"WebSite\",\"@id\":\"https:\/\/suwine.at\/hr\/#website\",\"url\":\"https:\/\/suwine.at\/hr\/\",\"name\":\"Suwine - Suwi Zlatic\",\"description\":\"Sommelier | Gourmet Play Store | Consulting\",\"potentialAction\":[{\"@type\":\"SearchAction\",\"target\":{\"@type\":\"EntryPoint\",\"urlTemplate\":\"https:\/\/suwine.at\/hr\/?s={search_term_string}\"},\"query-input\":{\"@type\":\"PropertyValueSpecification\",\"valueRequired\":true,\"valueName\":\"search_term_string\"}}],\"inLanguage\":\"hr\"}]}<\/script>\n<!-- \/ Yoast SEO plugin. -->","yoast_head_json":{"title":"Hatzidakis \/ Skitali (Assyrtiko), 2017 - Suwine - Suwi Zlatic","description":"Die Vielfalt der Aromen verraten schon wie komplex und vielschichtig der Wein ist: Reifer Gelbfrucht, Birnenmost, Bergamotte, eingelegte Zitronen. Am Gaumen opulent, sehr cremig, fast \"sahnig\", mit Noten von kandierten Zitrus- und S\u00fcdfr\u00fcchten, perfekt ausbalanciert, mit einem lang anhaltenden Abgang. Es bleibt diese wundersch\u00f6ne, einmalige Note von \"Fleur de Sel und Mineralien.","robots":{"index":"index","follow":"follow","max-snippet":"max-snippet:-1","max-image-preview":"max-image-preview:large","max-video-preview":"max-video-preview:-1"},"canonical":"https:\/\/suwine.at\/hr\/produkt\/hatzidakis-skitali-assyrtiko-2017\/","og_locale":"hr_HR","og_type":"article","og_title":"Hatzidakis \/ Skitali (Assyrtiko), 2017 - Suwine - Suwi Zlatic","og_description":"Die Vielfalt der Aromen verraten schon wie komplex und vielschichtig der Wein ist: Reifer Gelbfrucht, Birnenmost, Bergamotte, eingelegte Zitronen. Am Gaumen opulent, sehr cremig, fast \"sahnig\", mit Noten von kandierten Zitrus- und S\u00fcdfr\u00fcchten, perfekt ausbalanciert, mit einem lang anhaltenden Abgang. Es bleibt diese wundersch\u00f6ne, einmalige Note von \"Fleur de Sel und Mineralien.","og_url":"https:\/\/suwine.at\/hr\/produkt\/hatzidakis-skitali-assyrtiko-2017\/","og_site_name":"Suwine - Suwi Zlatic","article_modified_time":"2026-03-30T19:49:24+00:00","og_image":[{"width":504,"height":1008,"url":"https:\/\/suwine.at\/wp-content\/uploads\/2025\/02\/IMG_6861.avif","type":"image\/jpeg"}],"twitter_card":"summary_large_image","twitter_misc":{"Procijenjeno vrijeme \u010ditanja":"1 minuta"},"schema":{"@context":"https:\/\/schema.org","@graph":[{"@type":"WebPage","@id":"https:\/\/suwine.at\/hr\/produkt\/hatzidakis-skitali-assyrtiko-2017\/","url":"https:\/\/suwine.at\/hr\/produkt\/hatzidakis-skitali-assyrtiko-2017\/","name":"Hatzidakis \/ Skitali (Assyrtiko), 2017 - Suwine - Suwi Zlatic","isPartOf":{"@id":"https:\/\/suwine.at\/hr\/#website"},"primaryImageOfPage":{"@id":"https:\/\/suwine.at\/hr\/produkt\/hatzidakis-skitali-assyrtiko-2017\/#primaryimage"},"image":{"@id":"https:\/\/suwine.at\/hr\/produkt\/hatzidakis-skitali-assyrtiko-2017\/#primaryimage"},"thumbnailUrl":"https:\/\/suwine.at\/wp-content\/uploads\/2025\/02\/IMG_6861.avif","datePublished":"2025-02-06T20:56:11+00:00","dateModified":"2026-03-30T19:49:24+00:00","description":"Die Vielfalt der Aromen verraten schon wie komplex und vielschichtig der Wein ist: Reifer Gelbfrucht, Birnenmost, Bergamotte, eingelegte Zitronen. Am Gaumen opulent, sehr cremig, fast \"sahnig\", mit Noten von kandierten Zitrus- und S\u00fcdfr\u00fcchten, perfekt ausbalanciert, mit einem lang anhaltenden Abgang. Es bleibt diese wundersch\u00f6ne, einmalige Note von \"Fleur de Sel und Mineralien.","breadcrumb":{"@id":"https:\/\/suwine.at\/hr\/produkt\/hatzidakis-skitali-assyrtiko-2017\/#breadcrumb"},"inLanguage":"hr","potentialAction":[{"@type":"ReadAction","target":["https:\/\/suwine.at\/hr\/produkt\/hatzidakis-skitali-assyrtiko-2017\/"]}]},{"@type":"ImageObject","inLanguage":"hr","@id":"https:\/\/suwine.at\/hr\/produkt\/hatzidakis-skitali-assyrtiko-2017\/#primaryimage","url":"https:\/\/suwine.at\/wp-content\/uploads\/2025\/02\/IMG_6861.avif","contentUrl":"https:\/\/suwine.at\/wp-content\/uploads\/2025\/02\/IMG_6861.avif","width":504,"height":1008,"caption":"skitali"},{"@type":"BreadcrumbList","@id":"https:\/\/suwine.at\/hr\/produkt\/hatzidakis-skitali-assyrtiko-2017\/#breadcrumb","itemListElement":[{"@type":"ListItem","position":1,"name":"Startseite","item":"https:\/\/suwine.at\/hr\/"},{"@type":"ListItem","position":2,"name":"Shop","item":"https:\/\/suwine.at\/shop\/"},{"@type":"ListItem","position":3,"name":"Hatzidakis \/ Skitali (Assyrtiko), 2017"}]},{"@type":"WebSite","@id":"https:\/\/suwine.at\/hr\/#website","url":"https:\/\/suwine.at\/hr\/","name":"Suwine - Suwi Zlatic","description":"Sommelier | Gourmet Play Store | Consulting","potentialAction":[{"@type":"SearchAction","target":{"@type":"EntryPoint","urlTemplate":"https:\/\/suwine.at\/hr\/?s={search_term_string}"},"query-input":{"@type":"PropertyValueSpecification","valueRequired":true,"valueName":"search_term_string"}}],"inLanguage":"hr"}]}},"_links":{"self":[{"href":"https:\/\/suwine.at\/hr\/wp-json\/wp\/v2\/product\/235108","targetHints":{"allow":["GET"]}}],"collection":[{"href":"https:\/\/suwine.at\/hr\/wp-json\/wp\/v2\/product"}],"about":[{"href":"https:\/\/suwine.at\/hr\/wp-json\/wp\/v2\/types\/product"}],"wp:featuredmedia":[{"embeddable":true,"href":"https:\/\/suwine.at\/hr\/wp-json\/wp\/v2\/media\/235086"}],"wp:attachment":[{"href":"https:\/\/suwine.at\/hr\/wp-json\/wp\/v2\/media?parent=235108"}],"wp:term":[{"taxonomy":"product_brand","embeddable":true,"href":"https:\/\/suwine.at\/hr\/wp-json\/wp\/v2\/product_brand?post=235108"},{"taxonomy":"product_cat","embeddable":true,"href":"https:\/\/suwine.at\/hr\/wp-json\/wp\/v2\/product_cat?post=235108"},{"taxonomy":"product_tag","embeddable":true,"href":"https:\/\/suwine.at\/hr\/wp-json\/wp\/v2\/product_tag?post=235108"}],"curies":[{"name":"wp","href":"https:\/\/api.w.org\/{rel}","templated":true}]}}