{"id":235153,"date":"2025-03-06T15:32:47","date_gmt":"2025-03-06T14:32:47","guid":{"rendered":"https:\/\/suwine.at\/?post_type=product&#038;p=235153"},"modified":"2025-03-25T21:09:56","modified_gmt":"2025-03-25T20:09:56","slug":"suwis-favorites","status":"publish","type":"product","link":"https:\/\/suwine.at\/hr\/produkt\/suwis-favorites\/","title":{"rendered":"Suwi\u2019s favorites.."},"content":{"rendered":"<h2 style=\"font-weight: 400\">Suwi\u2019s favorites..<\/h2>\n<p style=\"font-weight: 400\">Schon seit sehr spiele ich mit dem Gedanken eine Verkostung zu organisieren die zwei\u00a0 ganz wichtige Themen aufgreift..<\/p>\n<p style=\"font-weight: 400\"><strong>Thema 1:<\/strong> Weine die in unseren Gegenden nicht kaum angeboten werden, zu unglaublichen fairen Preisen die mit Sicherheit die Speerspitze der Weinwelt im einigen Blindverkostungen schlagen w\u00fcrden.<\/p>\n<p style=\"font-weight: 400\"><strong>Thema 2:<\/strong> Wie sehr beeinflussen unsere Augen unseren Genuss und Emotion?<\/p>\n<p style=\"font-weight: 400\">Hierzu werden wir die schwarzen Gl\u00e4ser verwenden und es gemeinsam herausfinden..<\/p>\n<p style=\"font-weight: 400\"><strong>Folgenede Weine werden verkostet:<\/strong><\/p>\n<p style=\"font-weight: 400\">Champagne Chartogne Taillet St.Anne<\/p>\n<p style=\"font-weight: 400\">Meursault Beaunoy, Burgund, 2022<\/p>\n<p style=\"font-weight: 400\">Malvazija Sv.Jakov Clai, Istrien, 2018<\/p>\n<p style=\"font-weight: 400\">Eroica Riesling, Chateau Ste.Michelle &amp; Dr.Loosen 2022<\/p>\n<p style=\"font-weight: 400\">Riesling Morstein GG, Wittmann, 2018 Rheinhessen<\/p>\n<p style=\"font-weight: 400\">Riesling Schlossberg Terrassen,\u00a0 Hamelmann, Pfalz, 2020,<\/p>\n<p style=\"font-weight: 400\">Asyrtiko Evdemon, Esate Argyros, 2020, Santorini (Wurzelechte Rebst\u00f6cke, \u00fcber 100 Jahre )<\/p>\n<p style=\"font-weight: 400\">Asyrtiko Monsignori, Esate Argyros, 2017, Santorini (Wurzelechte Rebst\u00f6cke, \u00fcber 100 Jahre )<\/p>\n<p style=\"font-weight: 400\">\n<p style=\"font-weight: 400\">Brombonero Refosk, Clai, Istrien 2018<\/p>\n<p style=\"font-weight: 400\">Carillon Angelus, Zweitwein von Chateau Angelus, 2015<\/p>\n<p style=\"font-weight: 400\">Konioros, Nerantzi, \u00a0Drama Region, Griechenland 2017<\/p>\n<p style=\"font-weight: 400\">Syrah, Nerantzi, Drama Region, Griechenland, 2015<\/p>\n<p style=\"font-weight: 400\">Machete, Orin Swift, Kalifornien, 2020<\/p>\n<p style=\"font-weight: 400\">MXI Seleccion de Barrica,Tinto Pesquera, Ribera del Duero, 2019<\/p>\n<p style=\"font-weight: 400\">\n<p style=\"font-weight: 400\">S\u00fc\u00dfe \u00dcberraschung\u2026\u2026<\/p>\n<p style=\"font-weight: 400\">\n<p style=\"font-weight: 400\">All-Inklusive Paket:<\/p>\n<ul style=\"font-weight: 400\">\n<li>Insgesamt 15 Weine<\/li>\n<li>4 G\u00e4nge Men\u00fc<\/li>\n<li>Kaffee<\/li>\n<li>Wasser<\/li>\n<li><\/li>\n<\/ul>\n<p style=\"font-weight: 400\">Wo: Suwine Gourmet Play Store, Maisengasse 6, 6500 Landeck<br \/>\nWann: 02. April 2025,\u00a0Beginn 19:00 Uhr\u00a0(Open end)<\/p>\n<p style=\"font-weight: 400\">\n<p style=\"font-weight: 400\">\n<span class=\"et_bloom_bottom_trigger\"><\/span>","protected":false},"excerpt":{"rendered":"<p style=\"font-weight: 400\">Champagne Chartogne Taillet St.Anne<\/p>\n<p style=\"font-weight: 400\">Meursault Beaunoy, Burgund, 2022<\/p>\n<p style=\"font-weight: 400\">Malvazija Sv.Jakov Clai, Istrien, 2018<\/p>\n<p style=\"font-weight: 400\">Eroica Riesling, Chateau Ste.Michelle &amp; Dr.Loosen 2022<\/p>\n<p style=\"font-weight: 400\">Riesling Morstein GG, Wittmann, 2018 Rheinhessen<\/p>\n<p style=\"font-weight: 400\">Riesling Schlossberg Terrassen,\u00a0 Hamelmann, Pfalz, 2020,<\/p>\n<p style=\"font-weight: 400\">Asyrtiko Evdemon, Esate Argyros, 2020, Santorini (Wurzelechte Rebst\u00f6cke, \u00fcber 100 Jahre )<\/p>\n<p style=\"font-weight: 400\">Asyrtiko Monsignori, Esate Argyros, 2017, Santorini (Wurzelechte Rebst\u00f6cke, \u00fcber 100 Jahre )<\/p>\n<p style=\"font-weight: 400\">\n<p style=\"font-weight: 400\">Brombonero Refosk, Clai, Istrien 2018<\/p>\n<p style=\"font-weight: 400\">Carillon Angelus, Zweitwein von Chateau Angelus, 2015<\/p>\n<p style=\"font-weight: 400\">Konioros, Nerantzi, \u00a0Drama Region, Griechenland 2017<\/p>\n<p style=\"font-weight: 400\">Syrah, Nerantzi, Drama Region, Griechenland, 2015<\/p>\n<p style=\"font-weight: 400\">Machete, Orin Swift, Kalifornien, 2020<\/p>\n<p style=\"font-weight: 400\">MXI Seleccion de Barrica,Tinto Pesquera, Ribera del Duero, 2019<\/p>\n<p style=\"font-weight: 400\">\n<p style=\"font-weight: 400\">S\u00fc\u00dfe \u00dcberraschung\u2026\u2026<\/p>\n","protected":false},"featured_media":235154,"template":"","meta":{"_et_pb_use_builder":"","_et_pb_old_content":"","_et_gb_content_width":""},"product_brand":[],"product_cat":[631,76],"product_tag":[78,109],"class_list":{"0":"post-235153","1":"product","2":"type-product","3":"status-publish","4":"has-post-thumbnail","6":"product_cat-praesenz","7":"product_cat-veranstaltungen","8":"product_tag-verkostung","9":"product_tag-weinverkostung","11":"first","12":"outofstock","13":"taxable","14":"shipping-taxable","15":"purchasable","16":"product-type-simple"},"yoast_head":"<!-- This site is optimized with the Yoast SEO plugin v27.2 - https:\/\/yoast.com\/product\/yoast-seo-wordpress\/ -->\n<title>Suwi\u2019s favorites.. - Suwine - Suwi Zlatic<\/title>\n<meta name=\"description\" content=\"Suwi\u2019s favorites..Schon seit sehr spiele ich mit dem Gedanken eine Verkostung zu organisieren die zwei\u00a0 ganz wichtige Themen aufgreift..Thema 1: Weine die in unseren Gegenden nicht kaum angeboten werden, zu unglaublichen fairen Preisen die mit Sicherheit die Speerspitze der Weinwelt im einigen Blindverkostungen schlagen w\u00fcrden.Thema 2: Wie sehr beeinflussen unsere Augen unseren Genuss und Emotion?Hierzu werden wir die schwarzen Gl\u00e4ser verwenden und es gemeinsam herausfinden..\" \/>\n<meta name=\"robots\" content=\"index, follow, max-snippet:-1, max-image-preview:large, max-video-preview:-1\" \/>\n<link rel=\"canonical\" href=\"https:\/\/suwine.at\/hr\/produkt\/suwis-favorites\/\" \/>\n<meta property=\"og:locale\" content=\"hr_HR\" \/>\n<meta property=\"og:type\" content=\"article\" \/>\n<meta property=\"og:title\" content=\"Suwi\u2019s favorites.. - Suwine - Suwi Zlatic\" \/>\n<meta property=\"og:description\" content=\"Suwi\u2019s favorites..Schon seit sehr spiele ich mit dem Gedanken eine Verkostung zu organisieren die zwei\u00a0 ganz wichtige Themen aufgreift..Thema 1: Weine die in unseren Gegenden nicht kaum angeboten werden, zu unglaublichen fairen Preisen die mit Sicherheit die Speerspitze der Weinwelt im einigen Blindverkostungen schlagen w\u00fcrden.Thema 2: Wie sehr beeinflussen unsere Augen unseren Genuss und Emotion?Hierzu werden wir die schwarzen Gl\u00e4ser verwenden und es gemeinsam herausfinden..\" \/>\n<meta property=\"og:url\" content=\"https:\/\/suwine.at\/hr\/produkt\/suwis-favorites\/\" \/>\n<meta property=\"og:site_name\" content=\"Suwine - Suwi Zlatic\" \/>\n<meta property=\"article:modified_time\" content=\"2025-03-25T20:09:56+00:00\" \/>\n<meta property=\"og:image\" content=\"https:\/\/suwine.at\/wp-content\/uploads\/2025\/03\/SUWIS-FAVORITES-scaled.avif\" \/>\n\t<meta property=\"og:image:width\" content=\"2560\" \/>\n\t<meta property=\"og:image:height\" content=\"2560\" \/>\n\t<meta property=\"og:image:type\" content=\"image\/jpeg\" \/>\n<meta name=\"twitter:card\" content=\"summary_large_image\" \/>\n<meta name=\"twitter:label1\" content=\"Procijenjeno vrijeme \u010ditanja\" \/>\n\t<meta name=\"twitter:data1\" content=\"2 minute\" \/>\n<script type=\"application\/ld+json\" class=\"yoast-schema-graph\">{\"@context\":\"https:\/\/schema.org\",\"@graph\":[{\"@type\":\"WebPage\",\"@id\":\"https:\/\/suwine.at\/hr\/produkt\/suwis-favorites\/\",\"url\":\"https:\/\/suwine.at\/hr\/produkt\/suwis-favorites\/\",\"name\":\"Suwi\u2019s favorites.. - Suwine - Suwi Zlatic\",\"isPartOf\":{\"@id\":\"https:\/\/suwine.at\/hr\/#website\"},\"primaryImageOfPage\":{\"@id\":\"https:\/\/suwine.at\/hr\/produkt\/suwis-favorites\/#primaryimage\"},\"image\":{\"@id\":\"https:\/\/suwine.at\/hr\/produkt\/suwis-favorites\/#primaryimage\"},\"thumbnailUrl\":\"https:\/\/suwine.at\/wp-content\/uploads\/2025\/03\/SUWIS-FAVORITES-scaled.avif\",\"datePublished\":\"2025-03-06T14:32:47+00:00\",\"dateModified\":\"2025-03-25T20:09:56+00:00\",\"description\":\"Suwi\u2019s favorites..Schon seit sehr spiele ich mit dem Gedanken eine Verkostung zu organisieren die zwei\u00a0 ganz wichtige Themen aufgreift..Thema 1: Weine die in unseren Gegenden nicht kaum angeboten werden, zu unglaublichen fairen Preisen die mit Sicherheit die Speerspitze der Weinwelt im einigen Blindverkostungen schlagen w\u00fcrden.Thema 2: Wie sehr beeinflussen unsere Augen unseren Genuss und Emotion?Hierzu werden wir die schwarzen Gl\u00e4ser verwenden und es gemeinsam herausfinden..\",\"breadcrumb\":{\"@id\":\"https:\/\/suwine.at\/hr\/produkt\/suwis-favorites\/#breadcrumb\"},\"inLanguage\":\"hr\",\"potentialAction\":[{\"@type\":\"ReadAction\",\"target\":[\"https:\/\/suwine.at\/hr\/produkt\/suwis-favorites\/\"]}]},{\"@type\":\"ImageObject\",\"inLanguage\":\"hr\",\"@id\":\"https:\/\/suwine.at\/hr\/produkt\/suwis-favorites\/#primaryimage\",\"url\":\"https:\/\/suwine.at\/wp-content\/uploads\/2025\/03\/SUWIS-FAVORITES-scaled.avif\",\"contentUrl\":\"https:\/\/suwine.at\/wp-content\/uploads\/2025\/03\/SUWIS-FAVORITES-scaled.avif\",\"width\":2560,\"height\":2560,\"caption\":\"SUWIS Fav\"},{\"@type\":\"BreadcrumbList\",\"@id\":\"https:\/\/suwine.at\/hr\/produkt\/suwis-favorites\/#breadcrumb\",\"itemListElement\":[{\"@type\":\"ListItem\",\"position\":1,\"name\":\"Startseite\",\"item\":\"https:\/\/suwine.at\/hr\/\"},{\"@type\":\"ListItem\",\"position\":2,\"name\":\"Shop\",\"item\":\"https:\/\/suwine.at\/shop\/\"},{\"@type\":\"ListItem\",\"position\":3,\"name\":\"Suwi\u2019s favorites..\"}]},{\"@type\":\"WebSite\",\"@id\":\"https:\/\/suwine.at\/hr\/#website\",\"url\":\"https:\/\/suwine.at\/hr\/\",\"name\":\"Suwine - Suwi Zlatic\",\"description\":\"Sommelier | Gourmet Play Store | Consulting\",\"potentialAction\":[{\"@type\":\"SearchAction\",\"target\":{\"@type\":\"EntryPoint\",\"urlTemplate\":\"https:\/\/suwine.at\/hr\/?s={search_term_string}\"},\"query-input\":{\"@type\":\"PropertyValueSpecification\",\"valueRequired\":true,\"valueName\":\"search_term_string\"}}],\"inLanguage\":\"hr\"}]}<\/script>\n<!-- \/ Yoast SEO plugin. -->","yoast_head_json":{"title":"Suwi\u2019s favorites.. - Suwine - Suwi Zlatic","description":"Suwi\u2019s favorites..Schon seit sehr spiele ich mit dem Gedanken eine Verkostung zu organisieren die zwei\u00a0 ganz wichtige Themen aufgreift..Thema 1: Weine die in unseren Gegenden nicht kaum angeboten werden, zu unglaublichen fairen Preisen die mit Sicherheit die Speerspitze der Weinwelt im einigen Blindverkostungen schlagen w\u00fcrden.Thema 2: Wie sehr beeinflussen unsere Augen unseren Genuss und Emotion?Hierzu werden wir die schwarzen Gl\u00e4ser verwenden und es gemeinsam herausfinden..","robots":{"index":"index","follow":"follow","max-snippet":"max-snippet:-1","max-image-preview":"max-image-preview:large","max-video-preview":"max-video-preview:-1"},"canonical":"https:\/\/suwine.at\/hr\/produkt\/suwis-favorites\/","og_locale":"hr_HR","og_type":"article","og_title":"Suwi\u2019s favorites.. - Suwine - Suwi Zlatic","og_description":"Suwi\u2019s favorites..Schon seit sehr spiele ich mit dem Gedanken eine Verkostung zu organisieren die zwei\u00a0 ganz wichtige Themen aufgreift..Thema 1: Weine die in unseren Gegenden nicht kaum angeboten werden, zu unglaublichen fairen Preisen die mit Sicherheit die Speerspitze der Weinwelt im einigen Blindverkostungen schlagen w\u00fcrden.Thema 2: Wie sehr beeinflussen unsere Augen unseren Genuss und Emotion?Hierzu werden wir die schwarzen Gl\u00e4ser verwenden und es gemeinsam herausfinden..","og_url":"https:\/\/suwine.at\/hr\/produkt\/suwis-favorites\/","og_site_name":"Suwine - Suwi Zlatic","article_modified_time":"2025-03-25T20:09:56+00:00","og_image":[{"width":2560,"height":2560,"url":"https:\/\/suwine.at\/wp-content\/uploads\/2025\/03\/SUWIS-FAVORITES-scaled.avif","type":"image\/jpeg"}],"twitter_card":"summary_large_image","twitter_misc":{"Procijenjeno vrijeme \u010ditanja":"2 minute"},"schema":{"@context":"https:\/\/schema.org","@graph":[{"@type":"WebPage","@id":"https:\/\/suwine.at\/hr\/produkt\/suwis-favorites\/","url":"https:\/\/suwine.at\/hr\/produkt\/suwis-favorites\/","name":"Suwi\u2019s favorites.. - Suwine - Suwi Zlatic","isPartOf":{"@id":"https:\/\/suwine.at\/hr\/#website"},"primaryImageOfPage":{"@id":"https:\/\/suwine.at\/hr\/produkt\/suwis-favorites\/#primaryimage"},"image":{"@id":"https:\/\/suwine.at\/hr\/produkt\/suwis-favorites\/#primaryimage"},"thumbnailUrl":"https:\/\/suwine.at\/wp-content\/uploads\/2025\/03\/SUWIS-FAVORITES-scaled.avif","datePublished":"2025-03-06T14:32:47+00:00","dateModified":"2025-03-25T20:09:56+00:00","description":"Suwi\u2019s favorites..Schon seit sehr spiele ich mit dem Gedanken eine Verkostung zu organisieren die zwei\u00a0 ganz wichtige Themen aufgreift..Thema 1: Weine die in unseren Gegenden nicht kaum angeboten werden, zu unglaublichen fairen Preisen die mit Sicherheit die Speerspitze der Weinwelt im einigen Blindverkostungen schlagen w\u00fcrden.Thema 2: Wie sehr beeinflussen unsere Augen unseren Genuss und Emotion?Hierzu werden wir die schwarzen Gl\u00e4ser verwenden und es gemeinsam herausfinden..","breadcrumb":{"@id":"https:\/\/suwine.at\/hr\/produkt\/suwis-favorites\/#breadcrumb"},"inLanguage":"hr","potentialAction":[{"@type":"ReadAction","target":["https:\/\/suwine.at\/hr\/produkt\/suwis-favorites\/"]}]},{"@type":"ImageObject","inLanguage":"hr","@id":"https:\/\/suwine.at\/hr\/produkt\/suwis-favorites\/#primaryimage","url":"https:\/\/suwine.at\/wp-content\/uploads\/2025\/03\/SUWIS-FAVORITES-scaled.avif","contentUrl":"https:\/\/suwine.at\/wp-content\/uploads\/2025\/03\/SUWIS-FAVORITES-scaled.avif","width":2560,"height":2560,"caption":"SUWIS Fav"},{"@type":"BreadcrumbList","@id":"https:\/\/suwine.at\/hr\/produkt\/suwis-favorites\/#breadcrumb","itemListElement":[{"@type":"ListItem","position":1,"name":"Startseite","item":"https:\/\/suwine.at\/hr\/"},{"@type":"ListItem","position":2,"name":"Shop","item":"https:\/\/suwine.at\/shop\/"},{"@type":"ListItem","position":3,"name":"Suwi\u2019s favorites.."}]},{"@type":"WebSite","@id":"https:\/\/suwine.at\/hr\/#website","url":"https:\/\/suwine.at\/hr\/","name":"Suwine - Suwi Zlatic","description":"Sommelier | Gourmet Play Store | Consulting","potentialAction":[{"@type":"SearchAction","target":{"@type":"EntryPoint","urlTemplate":"https:\/\/suwine.at\/hr\/?s={search_term_string}"},"query-input":{"@type":"PropertyValueSpecification","valueRequired":true,"valueName":"search_term_string"}}],"inLanguage":"hr"}]}},"_links":{"self":[{"href":"https:\/\/suwine.at\/hr\/wp-json\/wp\/v2\/product\/235153","targetHints":{"allow":["GET"]}}],"collection":[{"href":"https:\/\/suwine.at\/hr\/wp-json\/wp\/v2\/product"}],"about":[{"href":"https:\/\/suwine.at\/hr\/wp-json\/wp\/v2\/types\/product"}],"wp:featuredmedia":[{"embeddable":true,"href":"https:\/\/suwine.at\/hr\/wp-json\/wp\/v2\/media\/235154"}],"wp:attachment":[{"href":"https:\/\/suwine.at\/hr\/wp-json\/wp\/v2\/media?parent=235153"}],"wp:term":[{"taxonomy":"product_brand","embeddable":true,"href":"https:\/\/suwine.at\/hr\/wp-json\/wp\/v2\/product_brand?post=235153"},{"taxonomy":"product_cat","embeddable":true,"href":"https:\/\/suwine.at\/hr\/wp-json\/wp\/v2\/product_cat?post=235153"},{"taxonomy":"product_tag","embeddable":true,"href":"https:\/\/suwine.at\/hr\/wp-json\/wp\/v2\/product_tag?post=235153"}],"curies":[{"name":"wp","href":"https:\/\/api.w.org\/{rel}","templated":true}]}}