{"id":235329,"date":"2025-04-04T08:04:16","date_gmt":"2025-04-04T06:04:16","guid":{"rendered":"https:\/\/suwine.at\/?post_type=product&#038;p=235329"},"modified":"2025-05-28T21:56:36","modified_gmt":"2025-05-28T19:56:36","slug":"heavensake-junmai-ginjo","status":"publish","type":"product","link":"https:\/\/suwine.at\/hr\/produkt\/heavensake-junmai-ginjo\/","title":{"rendered":"HEAVENSAKE Junmai Ginjo"},"content":{"rendered":"<h2 class=\"product--title\"><span class=\"brauerei subheadline\">HEAVENSAKE<\/span>Junmai Ginjo<\/h2>\n<p>Delikate florale Noten mit einem Hauch von Zitrus sind das Erste, was einem bei diesem Junmai Ginjo auff\u00e4llt. Abgel\u00f6st werden sie von einem fruchtigen Geschmack nach wei\u00dfer Guave und Drachenfrucht. Eine franko-japanische Komposition von Regis Camus in Zusammenarbeit mit der Sake-Brauerei Urakasumi.<\/p>\n<ul class=\"product--base-info list--unstyled\">\n<li class=\"base-info--entry entry-attribute\"><strong class=\"entry--label\">Flaschengr\u00f6\u00dfe:<\/strong><span class=\"entry--content\">720ml<\/span><\/li>\n<li class=\"base-info--entry entry-attribute\"><strong class=\"entry--label\">Pr\u00e4fektur:<\/strong><span class=\"entry--content\">Miyagi<\/span><\/li>\n<li class=\"base-info--entry entry-attribute\"><strong class=\"entry--label\">Stil:<\/strong><span class=\"entry--content\">fruchtig &amp; sanft<\/span><\/li>\n<li class=\"base-info--entry entry-attribute speiseempfehlung}\"><strong class=\"entry--label\">Speiseempfehlung:<\/strong><span class=\"entry--content\">Sashimi, Nigiri, Garnelen-Tempura, Wakame Salat.<\/span><\/li>\n<li class=\"base-info--entry entry-attribute\"><strong class=\"entry--label\">Alkohol:<\/strong><span class=\"entry--content\">15% vol.<\/span><\/li>\n<\/ul>\n<p>&nbsp;<\/p>\n<span class=\"et_bloom_bottom_trigger\"><\/span>","protected":false},"excerpt":{"rendered":"<p>Delikate florale Noten mit einem Hauch von Zitrus sind das Erste, was einem bei diesem Junmai Ginjo auff\u00e4llt. Abgel\u00f6st werden sie von einem fruchtigen Geschmack nach wei\u00dfer Guave und Drachenfrucht. Eine franko-japanische Komposition von Regis Camus in Zusammenarbeit mit der Sake-Brauerei Urakasumi.<\/p>\n","protected":false},"featured_media":235316,"template":"","meta":{"_et_pb_use_builder":"","_et_pb_old_content":"","_et_gb_content_width":""},"product_brand":[],"product_cat":[87],"product_tag":[154,608],"class_list":{"0":"post-235329","1":"product","2":"type-product","3":"status-publish","4":"has-post-thumbnail","6":"product_cat-sake","7":"product_tag-sake","8":"product_tag-junmai-ginjo","10":"first","11":"outofstock","12":"taxable","13":"shipping-taxable","14":"purchasable","15":"product-type-simple"},"yoast_head":"<!-- This site is optimized with the Yoast SEO plugin v27.2 - https:\/\/yoast.com\/product\/yoast-seo-wordpress\/ -->\n<title>HEAVENSAKE Junmai Ginjo - Suwine - Suwi Zlatic<\/title>\n<meta name=\"description\" content=\"Delikate florale Noten mit einem Hauch von Zitrus sind das Erste, was einem bei diesem Junmai Ginjo auff\u00e4llt. Abgel\u00f6st werden sie von einem fruchtigen Geschmack nach wei\u00dfer Guave und Drachenfrucht. Eine franko-japanische Komposition von Regis Camus in Zusammenarbeit mit der Sake-Brauerei Urakasumi.\" \/>\n<meta name=\"robots\" content=\"index, follow, max-snippet:-1, max-image-preview:large, max-video-preview:-1\" \/>\n<link rel=\"canonical\" href=\"https:\/\/suwine.at\/hr\/produkt\/heavensake-junmai-ginjo\/\" \/>\n<meta property=\"og:locale\" content=\"hr_HR\" \/>\n<meta property=\"og:type\" content=\"article\" \/>\n<meta property=\"og:title\" content=\"HEAVENSAKE Junmai Ginjo - Suwine - Suwi Zlatic\" \/>\n<meta property=\"og:description\" content=\"Delikate florale Noten mit einem Hauch von Zitrus sind das Erste, was einem bei diesem Junmai Ginjo auff\u00e4llt. Abgel\u00f6st werden sie von einem fruchtigen Geschmack nach wei\u00dfer Guave und Drachenfrucht. Eine franko-japanische Komposition von Regis Camus in Zusammenarbeit mit der Sake-Brauerei Urakasumi.\" \/>\n<meta property=\"og:url\" content=\"https:\/\/suwine.at\/hr\/produkt\/heavensake-junmai-ginjo\/\" \/>\n<meta property=\"og:site_name\" content=\"Suwine - Suwi Zlatic\" \/>\n<meta property=\"article:modified_time\" content=\"2025-05-28T19:56:36+00:00\" \/>\n<meta property=\"og:image\" content=\"https:\/\/suwine.at\/wp-content\/uploads\/2025\/04\/IMG_7584.avif\" \/>\n\t<meta property=\"og:image:width\" content=\"1600\" \/>\n\t<meta property=\"og:image:height\" content=\"1600\" \/>\n\t<meta property=\"og:image:type\" content=\"image\/jpeg\" \/>\n<meta name=\"twitter:card\" content=\"summary_large_image\" \/>\n<meta name=\"twitter:label1\" content=\"Procijenjeno vrijeme \u010ditanja\" \/>\n\t<meta name=\"twitter:data1\" content=\"1 minuta\" \/>\n<script type=\"application\/ld+json\" class=\"yoast-schema-graph\">{\"@context\":\"https:\/\/schema.org\",\"@graph\":[{\"@type\":\"WebPage\",\"@id\":\"https:\/\/suwine.at\/hr\/produkt\/heavensake-junmai-ginjo\/\",\"url\":\"https:\/\/suwine.at\/hr\/produkt\/heavensake-junmai-ginjo\/\",\"name\":\"HEAVENSAKE Junmai Ginjo - Suwine - Suwi Zlatic\",\"isPartOf\":{\"@id\":\"https:\/\/suwine.at\/hr\/#website\"},\"primaryImageOfPage\":{\"@id\":\"https:\/\/suwine.at\/hr\/produkt\/heavensake-junmai-ginjo\/#primaryimage\"},\"image\":{\"@id\":\"https:\/\/suwine.at\/hr\/produkt\/heavensake-junmai-ginjo\/#primaryimage\"},\"thumbnailUrl\":\"https:\/\/suwine.at\/wp-content\/uploads\/2025\/04\/IMG_7584.avif\",\"datePublished\":\"2025-04-04T06:04:16+00:00\",\"dateModified\":\"2025-05-28T19:56:36+00:00\",\"description\":\"Delikate florale Noten mit einem Hauch von Zitrus sind das Erste, was einem bei diesem Junmai Ginjo auff\u00e4llt. Abgel\u00f6st werden sie von einem fruchtigen Geschmack nach wei\u00dfer Guave und Drachenfrucht. Eine franko-japanische Komposition von Regis Camus in Zusammenarbeit mit der Sake-Brauerei Urakasumi.\",\"breadcrumb\":{\"@id\":\"https:\/\/suwine.at\/hr\/produkt\/heavensake-junmai-ginjo\/#breadcrumb\"},\"inLanguage\":\"hr\",\"potentialAction\":[{\"@type\":\"ReadAction\",\"target\":[\"https:\/\/suwine.at\/hr\/produkt\/heavensake-junmai-ginjo\/\"]}]},{\"@type\":\"ImageObject\",\"inLanguage\":\"hr\",\"@id\":\"https:\/\/suwine.at\/hr\/produkt\/heavensake-junmai-ginjo\/#primaryimage\",\"url\":\"https:\/\/suwine.at\/wp-content\/uploads\/2025\/04\/IMG_7584.avif\",\"contentUrl\":\"https:\/\/suwine.at\/wp-content\/uploads\/2025\/04\/IMG_7584.avif\",\"width\":1600,\"height\":1600,\"caption\":\"HEAVENSAKE\"},{\"@type\":\"BreadcrumbList\",\"@id\":\"https:\/\/suwine.at\/hr\/produkt\/heavensake-junmai-ginjo\/#breadcrumb\",\"itemListElement\":[{\"@type\":\"ListItem\",\"position\":1,\"name\":\"Startseite\",\"item\":\"https:\/\/suwine.at\/hr\/\"},{\"@type\":\"ListItem\",\"position\":2,\"name\":\"Shop\",\"item\":\"https:\/\/suwine.at\/shop\/\"},{\"@type\":\"ListItem\",\"position\":3,\"name\":\"HEAVENSAKE Junmai Ginjo\"}]},{\"@type\":\"WebSite\",\"@id\":\"https:\/\/suwine.at\/hr\/#website\",\"url\":\"https:\/\/suwine.at\/hr\/\",\"name\":\"Suwine - Suwi Zlatic\",\"description\":\"Sommelier | Gourmet Play Store | Consulting\",\"potentialAction\":[{\"@type\":\"SearchAction\",\"target\":{\"@type\":\"EntryPoint\",\"urlTemplate\":\"https:\/\/suwine.at\/hr\/?s={search_term_string}\"},\"query-input\":{\"@type\":\"PropertyValueSpecification\",\"valueRequired\":true,\"valueName\":\"search_term_string\"}}],\"inLanguage\":\"hr\"}]}<\/script>\n<!-- \/ Yoast SEO plugin. -->","yoast_head_json":{"title":"HEAVENSAKE Junmai Ginjo - Suwine - Suwi Zlatic","description":"Delikate florale Noten mit einem Hauch von Zitrus sind das Erste, was einem bei diesem Junmai Ginjo auff\u00e4llt. Abgel\u00f6st werden sie von einem fruchtigen Geschmack nach wei\u00dfer Guave und Drachenfrucht. Eine franko-japanische Komposition von Regis Camus in Zusammenarbeit mit der Sake-Brauerei Urakasumi.","robots":{"index":"index","follow":"follow","max-snippet":"max-snippet:-1","max-image-preview":"max-image-preview:large","max-video-preview":"max-video-preview:-1"},"canonical":"https:\/\/suwine.at\/hr\/produkt\/heavensake-junmai-ginjo\/","og_locale":"hr_HR","og_type":"article","og_title":"HEAVENSAKE Junmai Ginjo - Suwine - Suwi Zlatic","og_description":"Delikate florale Noten mit einem Hauch von Zitrus sind das Erste, was einem bei diesem Junmai Ginjo auff\u00e4llt. Abgel\u00f6st werden sie von einem fruchtigen Geschmack nach wei\u00dfer Guave und Drachenfrucht. Eine franko-japanische Komposition von Regis Camus in Zusammenarbeit mit der Sake-Brauerei Urakasumi.","og_url":"https:\/\/suwine.at\/hr\/produkt\/heavensake-junmai-ginjo\/","og_site_name":"Suwine - Suwi Zlatic","article_modified_time":"2025-05-28T19:56:36+00:00","og_image":[{"width":1600,"height":1600,"url":"https:\/\/suwine.at\/wp-content\/uploads\/2025\/04\/IMG_7584.avif","type":"image\/jpeg"}],"twitter_card":"summary_large_image","twitter_misc":{"Procijenjeno vrijeme \u010ditanja":"1 minuta"},"schema":{"@context":"https:\/\/schema.org","@graph":[{"@type":"WebPage","@id":"https:\/\/suwine.at\/hr\/produkt\/heavensake-junmai-ginjo\/","url":"https:\/\/suwine.at\/hr\/produkt\/heavensake-junmai-ginjo\/","name":"HEAVENSAKE Junmai Ginjo - Suwine - Suwi Zlatic","isPartOf":{"@id":"https:\/\/suwine.at\/hr\/#website"},"primaryImageOfPage":{"@id":"https:\/\/suwine.at\/hr\/produkt\/heavensake-junmai-ginjo\/#primaryimage"},"image":{"@id":"https:\/\/suwine.at\/hr\/produkt\/heavensake-junmai-ginjo\/#primaryimage"},"thumbnailUrl":"https:\/\/suwine.at\/wp-content\/uploads\/2025\/04\/IMG_7584.avif","datePublished":"2025-04-04T06:04:16+00:00","dateModified":"2025-05-28T19:56:36+00:00","description":"Delikate florale Noten mit einem Hauch von Zitrus sind das Erste, was einem bei diesem Junmai Ginjo auff\u00e4llt. Abgel\u00f6st werden sie von einem fruchtigen Geschmack nach wei\u00dfer Guave und Drachenfrucht. Eine franko-japanische Komposition von Regis Camus in Zusammenarbeit mit der Sake-Brauerei Urakasumi.","breadcrumb":{"@id":"https:\/\/suwine.at\/hr\/produkt\/heavensake-junmai-ginjo\/#breadcrumb"},"inLanguage":"hr","potentialAction":[{"@type":"ReadAction","target":["https:\/\/suwine.at\/hr\/produkt\/heavensake-junmai-ginjo\/"]}]},{"@type":"ImageObject","inLanguage":"hr","@id":"https:\/\/suwine.at\/hr\/produkt\/heavensake-junmai-ginjo\/#primaryimage","url":"https:\/\/suwine.at\/wp-content\/uploads\/2025\/04\/IMG_7584.avif","contentUrl":"https:\/\/suwine.at\/wp-content\/uploads\/2025\/04\/IMG_7584.avif","width":1600,"height":1600,"caption":"HEAVENSAKE"},{"@type":"BreadcrumbList","@id":"https:\/\/suwine.at\/hr\/produkt\/heavensake-junmai-ginjo\/#breadcrumb","itemListElement":[{"@type":"ListItem","position":1,"name":"Startseite","item":"https:\/\/suwine.at\/hr\/"},{"@type":"ListItem","position":2,"name":"Shop","item":"https:\/\/suwine.at\/shop\/"},{"@type":"ListItem","position":3,"name":"HEAVENSAKE Junmai Ginjo"}]},{"@type":"WebSite","@id":"https:\/\/suwine.at\/hr\/#website","url":"https:\/\/suwine.at\/hr\/","name":"Suwine - Suwi Zlatic","description":"Sommelier | Gourmet Play Store | Consulting","potentialAction":[{"@type":"SearchAction","target":{"@type":"EntryPoint","urlTemplate":"https:\/\/suwine.at\/hr\/?s={search_term_string}"},"query-input":{"@type":"PropertyValueSpecification","valueRequired":true,"valueName":"search_term_string"}}],"inLanguage":"hr"}]}},"_links":{"self":[{"href":"https:\/\/suwine.at\/hr\/wp-json\/wp\/v2\/product\/235329","targetHints":{"allow":["GET"]}}],"collection":[{"href":"https:\/\/suwine.at\/hr\/wp-json\/wp\/v2\/product"}],"about":[{"href":"https:\/\/suwine.at\/hr\/wp-json\/wp\/v2\/types\/product"}],"wp:featuredmedia":[{"embeddable":true,"href":"https:\/\/suwine.at\/hr\/wp-json\/wp\/v2\/media\/235316"}],"wp:attachment":[{"href":"https:\/\/suwine.at\/hr\/wp-json\/wp\/v2\/media?parent=235329"}],"wp:term":[{"taxonomy":"product_brand","embeddable":true,"href":"https:\/\/suwine.at\/hr\/wp-json\/wp\/v2\/product_brand?post=235329"},{"taxonomy":"product_cat","embeddable":true,"href":"https:\/\/suwine.at\/hr\/wp-json\/wp\/v2\/product_cat?post=235329"},{"taxonomy":"product_tag","embeddable":true,"href":"https:\/\/suwine.at\/hr\/wp-json\/wp\/v2\/product_tag?post=235329"}],"curies":[{"name":"wp","href":"https:\/\/api.w.org\/{rel}","templated":true}]}}