{"id":235486,"date":"2025-06-10T16:02:01","date_gmt":"2025-06-10T14:02:01","guid":{"rendered":"https:\/\/suwine.at\/?post_type=product&#038;p=235486"},"modified":"2025-11-27T19:15:46","modified_gmt":"2025-11-27T18:15:46","slug":"ameri-2018-governo-alluso-toscano-igt-podere-san-cristoforo","status":"publish","type":"product","link":"https:\/\/suwine.at\/hr\/produkt\/ameri-2018-governo-alluso-toscano-igt-podere-san-cristoforo\/","title":{"rendered":"&#8220;Ameri&#8221; 2018 &#8211; Governo all&#8217;Uso Toscano IGT &#8211; Podere San Cristoforo"},"content":{"rendered":"<h2 class=\"product-hero__title\">&#8220;Ameri&#8221; 2018 &#8211; Governo all&#8217;Uso Toscano IGT &#8211; Podere San Cristoforo<\/h2>\n<div class=\"product-detail__item\">\n<div class=\"product-detail__content\">Ameri hat eine ausdrucksstarke Beeren-Aromatik mit Nuancen von Brombeeren, Kr\u00e4utern und Harz. Fruchtig und zug\u00e4nglich mit guter Tanninstruktur<\/div>\n<\/div>\n<div class=\"product-detail__item\">\n<h2 class=\"product-detail__title\">Essen &amp; Wein<\/h2>\n<div class=\"product-detail__content\">Ameri ist das Ergebnis einer einzigartigen Herstellungstechnik namens &#8220;governo all&#8217;uso toscano&#8221; (Regieren auf toskanische Art), die in dem Buch &#8220;Die Kunst, einen perfekten und haltbaren Wein herzustellen&#8221; von 1774 beschrieben wird. Dar\u00fcber hinaus haben wir bei diesem Wein eine andere, recht ungew\u00f6hnliche Technik namens &#8220;taglio del tralcio&#8221; angewandt, die darin besteht, den Stiel, der die reifen Trauben tr\u00e4gt, anzuschneiden. Dadurch f\u00f6rdern nur Sonne und Wind die nat\u00fcrliche Dehydrierung der Trauben, wodurch Zucker, S\u00e4uren und Aromen konzentriert werden.<\/div>\n<\/div>\n<div>\n<div class=\"product-hero__info-item\">\n<div class=\"product-info\">\n<div class=\"product-info__content\">\n<div class=\"product-info__text\"><\/div>\n<\/div>\n<\/div>\n<\/div>\n<div class=\"product-hero__info-item\">\n<div class=\"product-info\">\n<div class=\"product-info__icon\">\n<div class=\"product-info__title\">Jahrgang: 2018<\/div>\n<div>\n<div class=\"product-info__title\">Rebsorten: 100% Sangiovese<\/div>\n<div>\n<div class=\"product-info__title\">F\u00fcllmenge: 0.75l<\/div>\n<div>\n<div class=\"product-info__title\">Alkoholgehalt: 14%<\/div>\n<div><\/div>\n<\/div>\n<\/div>\n<\/div>\n<\/div>\n<div class=\"product-info__content\">\n<div class=\"product-info__text\"><\/div>\n<\/div>\n<\/div>\n<\/div>\n<div class=\"product-hero__info-item\">\n<div class=\"product-info\">\n<div class=\"product-info__icon\"><\/div>\n<div class=\"product-info__content\"><\/div>\n<\/div>\n<\/div>\n<div class=\"product-hero__info-item\">\n<div class=\"product-info\">\n<div class=\"product-info__content\">\n<div class=\"product-info__text\"><\/div>\n<\/div>\n<\/div>\n<\/div>\n<\/div>\n<span class=\"et_bloom_bottom_trigger\"><\/span>","protected":false},"excerpt":{"rendered":"<h2 class=\"product-hero__title\"><span style=\"color: #666666;font-size: 14px\">Ameri hat eine ausdrucksstarke Beeren-Aromatik mit Nuancen von Brombeeren, Kr\u00e4utern und Harz. Fruchtig und zug\u00e4nglich mit guter Tanninstruktur<\/span><\/h2>\n","protected":false},"featured_media":235487,"template":"","meta":{"_et_pb_use_builder":"","_et_pb_old_content":"","_et_gb_content_width":""},"product_brand":[],"product_cat":[85,210],"product_tag":[364],"class_list":{"0":"post-235486","1":"product","2":"type-product","3":"status-publish","4":"has-post-thumbnail","6":"product_cat-rotwein","7":"product_cat-rotwein-international","8":"product_tag-toscana","10":"first","11":"instock","12":"taxable","13":"shipping-taxable","14":"purchasable","15":"product-type-simple"},"yoast_head":"<!-- This site is optimized with the Yoast SEO plugin v27.2 - https:\/\/yoast.com\/product\/yoast-seo-wordpress\/ -->\n<title>&quot;Ameri&quot; 2018 - Governo all&#039;Uso Toscano IGT - Podere San Cristoforo - Suwine - Suwi Zlatic<\/title>\n<meta name=\"description\" content=\"Ameri ist das Ergebnis einer einzigartigen Herstellungstechnik namens &quot;governo all&#039;uso toscano&quot; (Regieren auf toskanische Art), die in dem Buch &quot;Die Kunst, einen perfekten und haltbaren Wein herzustellen&quot; von 1774 beschrieben wird. Dar\u00fcber hinaus haben wir bei diesem Wein eine andere, recht ungew\u00f6hnliche Technik namens &quot;taglio del tralcio&quot; angewandt, die darin besteht, den Stiel, der die reifen Trauben tr\u00e4gt, anzuschneiden. Dadurch f\u00f6rdern nur Sonne und Wind die nat\u00fcrliche Dehydrierung der Trauben, wodurch Zucker, S\u00e4uren und Aromen konzentriert werden.\" \/>\n<meta name=\"robots\" content=\"index, follow, max-snippet:-1, max-image-preview:large, max-video-preview:-1\" \/>\n<link rel=\"canonical\" href=\"https:\/\/suwine.at\/hr\/produkt\/ameri-2018-governo-alluso-toscano-igt-podere-san-cristoforo\/\" \/>\n<meta property=\"og:locale\" content=\"hr_HR\" \/>\n<meta property=\"og:type\" content=\"article\" \/>\n<meta property=\"og:title\" content=\"&quot;Ameri&quot; 2018 - Governo all&#039;Uso Toscano IGT - Podere San Cristoforo - Suwine - Suwi Zlatic\" \/>\n<meta property=\"og:description\" content=\"Ameri ist das Ergebnis einer einzigartigen Herstellungstechnik namens &quot;governo all&#039;uso toscano&quot; (Regieren auf toskanische Art), die in dem Buch &quot;Die Kunst, einen perfekten und haltbaren Wein herzustellen&quot; von 1774 beschrieben wird. Dar\u00fcber hinaus haben wir bei diesem Wein eine andere, recht ungew\u00f6hnliche Technik namens &quot;taglio del tralcio&quot; angewandt, die darin besteht, den Stiel, der die reifen Trauben tr\u00e4gt, anzuschneiden. Dadurch f\u00f6rdern nur Sonne und Wind die nat\u00fcrliche Dehydrierung der Trauben, wodurch Zucker, S\u00e4uren und Aromen konzentriert werden.\" \/>\n<meta property=\"og:url\" content=\"https:\/\/suwine.at\/hr\/produkt\/ameri-2018-governo-alluso-toscano-igt-podere-san-cristoforo\/\" \/>\n<meta property=\"og:site_name\" content=\"Suwine - Suwi Zlatic\" \/>\n<meta property=\"article:modified_time\" content=\"2025-11-27T18:15:46+00:00\" \/>\n<meta property=\"og:image\" content=\"https:\/\/suwine.at\/wp-content\/uploads\/2025\/06\/AMERI-1.avif\" \/>\n\t<meta property=\"og:image:width\" content=\"1000\" \/>\n\t<meta property=\"og:image:height\" content=\"1000\" \/>\n\t<meta property=\"og:image:type\" content=\"image\/jpeg\" \/>\n<meta name=\"twitter:card\" content=\"summary_large_image\" \/>\n<meta name=\"twitter:label1\" content=\"Procijenjeno vrijeme \u010ditanja\" \/>\n\t<meta name=\"twitter:data1\" content=\"1 minuta\" \/>\n<script type=\"application\/ld+json\" class=\"yoast-schema-graph\">{\"@context\":\"https:\/\/schema.org\",\"@graph\":[{\"@type\":\"WebPage\",\"@id\":\"https:\/\/suwine.at\/hr\/produkt\/ameri-2018-governo-alluso-toscano-igt-podere-san-cristoforo\/\",\"url\":\"https:\/\/suwine.at\/hr\/produkt\/ameri-2018-governo-alluso-toscano-igt-podere-san-cristoforo\/\",\"name\":\"\\\"Ameri\\\" 2018 - Governo all'Uso Toscano IGT - Podere San Cristoforo - Suwine - Suwi Zlatic\",\"isPartOf\":{\"@id\":\"https:\/\/suwine.at\/hr\/#website\"},\"primaryImageOfPage\":{\"@id\":\"https:\/\/suwine.at\/hr\/produkt\/ameri-2018-governo-alluso-toscano-igt-podere-san-cristoforo\/#primaryimage\"},\"image\":{\"@id\":\"https:\/\/suwine.at\/hr\/produkt\/ameri-2018-governo-alluso-toscano-igt-podere-san-cristoforo\/#primaryimage\"},\"thumbnailUrl\":\"https:\/\/suwine.at\/wp-content\/uploads\/2025\/06\/AMERI-1.avif\",\"datePublished\":\"2025-06-10T14:02:01+00:00\",\"dateModified\":\"2025-11-27T18:15:46+00:00\",\"description\":\"Ameri ist das Ergebnis einer einzigartigen Herstellungstechnik namens \\\"governo all'uso toscano\\\" (Regieren auf toskanische Art), die in dem Buch \\\"Die Kunst, einen perfekten und haltbaren Wein herzustellen\\\" von 1774 beschrieben wird. Dar\u00fcber hinaus haben wir bei diesem Wein eine andere, recht ungew\u00f6hnliche Technik namens \\\"taglio del tralcio\\\" angewandt, die darin besteht, den Stiel, der die reifen Trauben tr\u00e4gt, anzuschneiden. Dadurch f\u00f6rdern nur Sonne und Wind die nat\u00fcrliche Dehydrierung der Trauben, wodurch Zucker, S\u00e4uren und Aromen konzentriert werden.\",\"breadcrumb\":{\"@id\":\"https:\/\/suwine.at\/hr\/produkt\/ameri-2018-governo-alluso-toscano-igt-podere-san-cristoforo\/#breadcrumb\"},\"inLanguage\":\"hr\",\"potentialAction\":[{\"@type\":\"ReadAction\",\"target\":[\"https:\/\/suwine.at\/hr\/produkt\/ameri-2018-governo-alluso-toscano-igt-podere-san-cristoforo\/\"]}]},{\"@type\":\"ImageObject\",\"inLanguage\":\"hr\",\"@id\":\"https:\/\/suwine.at\/hr\/produkt\/ameri-2018-governo-alluso-toscano-igt-podere-san-cristoforo\/#primaryimage\",\"url\":\"https:\/\/suwine.at\/wp-content\/uploads\/2025\/06\/AMERI-1.avif\",\"contentUrl\":\"https:\/\/suwine.at\/wp-content\/uploads\/2025\/06\/AMERI-1.avif\",\"width\":1000,\"height\":1000,\"caption\":\"ameri\"},{\"@type\":\"BreadcrumbList\",\"@id\":\"https:\/\/suwine.at\/hr\/produkt\/ameri-2018-governo-alluso-toscano-igt-podere-san-cristoforo\/#breadcrumb\",\"itemListElement\":[{\"@type\":\"ListItem\",\"position\":1,\"name\":\"Startseite\",\"item\":\"https:\/\/suwine.at\/hr\/\"},{\"@type\":\"ListItem\",\"position\":2,\"name\":\"Shop\",\"item\":\"https:\/\/suwine.at\/shop\/\"},{\"@type\":\"ListItem\",\"position\":3,\"name\":\"&#8222;Ameri&#8220; 2018 &#8211; Governo all&#8217;Uso Toscano IGT &#8211; Podere San Cristoforo\"}]},{\"@type\":\"WebSite\",\"@id\":\"https:\/\/suwine.at\/hr\/#website\",\"url\":\"https:\/\/suwine.at\/hr\/\",\"name\":\"Suwine - Suwi Zlatic\",\"description\":\"Sommelier | Gourmet Play Store | Consulting\",\"potentialAction\":[{\"@type\":\"SearchAction\",\"target\":{\"@type\":\"EntryPoint\",\"urlTemplate\":\"https:\/\/suwine.at\/hr\/?s={search_term_string}\"},\"query-input\":{\"@type\":\"PropertyValueSpecification\",\"valueRequired\":true,\"valueName\":\"search_term_string\"}}],\"inLanguage\":\"hr\"}]}<\/script>\n<!-- \/ Yoast SEO plugin. -->","yoast_head_json":{"title":"\"Ameri\" 2018 - Governo all'Uso Toscano IGT - Podere San Cristoforo - Suwine - Suwi Zlatic","description":"Ameri ist das Ergebnis einer einzigartigen Herstellungstechnik namens \"governo all'uso toscano\" (Regieren auf toskanische Art), die in dem Buch \"Die Kunst, einen perfekten und haltbaren Wein herzustellen\" von 1774 beschrieben wird. Dar\u00fcber hinaus haben wir bei diesem Wein eine andere, recht ungew\u00f6hnliche Technik namens \"taglio del tralcio\" angewandt, die darin besteht, den Stiel, der die reifen Trauben tr\u00e4gt, anzuschneiden. Dadurch f\u00f6rdern nur Sonne und Wind die nat\u00fcrliche Dehydrierung der Trauben, wodurch Zucker, S\u00e4uren und Aromen konzentriert werden.","robots":{"index":"index","follow":"follow","max-snippet":"max-snippet:-1","max-image-preview":"max-image-preview:large","max-video-preview":"max-video-preview:-1"},"canonical":"https:\/\/suwine.at\/hr\/produkt\/ameri-2018-governo-alluso-toscano-igt-podere-san-cristoforo\/","og_locale":"hr_HR","og_type":"article","og_title":"\"Ameri\" 2018 - Governo all'Uso Toscano IGT - Podere San Cristoforo - Suwine - Suwi Zlatic","og_description":"Ameri ist das Ergebnis einer einzigartigen Herstellungstechnik namens \"governo all'uso toscano\" (Regieren auf toskanische Art), die in dem Buch \"Die Kunst, einen perfekten und haltbaren Wein herzustellen\" von 1774 beschrieben wird. Dar\u00fcber hinaus haben wir bei diesem Wein eine andere, recht ungew\u00f6hnliche Technik namens \"taglio del tralcio\" angewandt, die darin besteht, den Stiel, der die reifen Trauben tr\u00e4gt, anzuschneiden. Dadurch f\u00f6rdern nur Sonne und Wind die nat\u00fcrliche Dehydrierung der Trauben, wodurch Zucker, S\u00e4uren und Aromen konzentriert werden.","og_url":"https:\/\/suwine.at\/hr\/produkt\/ameri-2018-governo-alluso-toscano-igt-podere-san-cristoforo\/","og_site_name":"Suwine - Suwi Zlatic","article_modified_time":"2025-11-27T18:15:46+00:00","og_image":[{"width":1000,"height":1000,"url":"https:\/\/suwine.at\/wp-content\/uploads\/2025\/06\/AMERI-1.avif","type":"image\/jpeg"}],"twitter_card":"summary_large_image","twitter_misc":{"Procijenjeno vrijeme \u010ditanja":"1 minuta"},"schema":{"@context":"https:\/\/schema.org","@graph":[{"@type":"WebPage","@id":"https:\/\/suwine.at\/hr\/produkt\/ameri-2018-governo-alluso-toscano-igt-podere-san-cristoforo\/","url":"https:\/\/suwine.at\/hr\/produkt\/ameri-2018-governo-alluso-toscano-igt-podere-san-cristoforo\/","name":"\"Ameri\" 2018 - Governo all'Uso Toscano IGT - Podere San Cristoforo - Suwine - Suwi Zlatic","isPartOf":{"@id":"https:\/\/suwine.at\/hr\/#website"},"primaryImageOfPage":{"@id":"https:\/\/suwine.at\/hr\/produkt\/ameri-2018-governo-alluso-toscano-igt-podere-san-cristoforo\/#primaryimage"},"image":{"@id":"https:\/\/suwine.at\/hr\/produkt\/ameri-2018-governo-alluso-toscano-igt-podere-san-cristoforo\/#primaryimage"},"thumbnailUrl":"https:\/\/suwine.at\/wp-content\/uploads\/2025\/06\/AMERI-1.avif","datePublished":"2025-06-10T14:02:01+00:00","dateModified":"2025-11-27T18:15:46+00:00","description":"Ameri ist das Ergebnis einer einzigartigen Herstellungstechnik namens \"governo all'uso toscano\" (Regieren auf toskanische Art), die in dem Buch \"Die Kunst, einen perfekten und haltbaren Wein herzustellen\" von 1774 beschrieben wird. Dar\u00fcber hinaus haben wir bei diesem Wein eine andere, recht ungew\u00f6hnliche Technik namens \"taglio del tralcio\" angewandt, die darin besteht, den Stiel, der die reifen Trauben tr\u00e4gt, anzuschneiden. Dadurch f\u00f6rdern nur Sonne und Wind die nat\u00fcrliche Dehydrierung der Trauben, wodurch Zucker, S\u00e4uren und Aromen konzentriert werden.","breadcrumb":{"@id":"https:\/\/suwine.at\/hr\/produkt\/ameri-2018-governo-alluso-toscano-igt-podere-san-cristoforo\/#breadcrumb"},"inLanguage":"hr","potentialAction":[{"@type":"ReadAction","target":["https:\/\/suwine.at\/hr\/produkt\/ameri-2018-governo-alluso-toscano-igt-podere-san-cristoforo\/"]}]},{"@type":"ImageObject","inLanguage":"hr","@id":"https:\/\/suwine.at\/hr\/produkt\/ameri-2018-governo-alluso-toscano-igt-podere-san-cristoforo\/#primaryimage","url":"https:\/\/suwine.at\/wp-content\/uploads\/2025\/06\/AMERI-1.avif","contentUrl":"https:\/\/suwine.at\/wp-content\/uploads\/2025\/06\/AMERI-1.avif","width":1000,"height":1000,"caption":"ameri"},{"@type":"BreadcrumbList","@id":"https:\/\/suwine.at\/hr\/produkt\/ameri-2018-governo-alluso-toscano-igt-podere-san-cristoforo\/#breadcrumb","itemListElement":[{"@type":"ListItem","position":1,"name":"Startseite","item":"https:\/\/suwine.at\/hr\/"},{"@type":"ListItem","position":2,"name":"Shop","item":"https:\/\/suwine.at\/shop\/"},{"@type":"ListItem","position":3,"name":"&#8222;Ameri&#8220; 2018 &#8211; Governo all&#8217;Uso Toscano IGT &#8211; Podere San Cristoforo"}]},{"@type":"WebSite","@id":"https:\/\/suwine.at\/hr\/#website","url":"https:\/\/suwine.at\/hr\/","name":"Suwine - Suwi Zlatic","description":"Sommelier | Gourmet Play Store | Consulting","potentialAction":[{"@type":"SearchAction","target":{"@type":"EntryPoint","urlTemplate":"https:\/\/suwine.at\/hr\/?s={search_term_string}"},"query-input":{"@type":"PropertyValueSpecification","valueRequired":true,"valueName":"search_term_string"}}],"inLanguage":"hr"}]}},"_links":{"self":[{"href":"https:\/\/suwine.at\/hr\/wp-json\/wp\/v2\/product\/235486","targetHints":{"allow":["GET"]}}],"collection":[{"href":"https:\/\/suwine.at\/hr\/wp-json\/wp\/v2\/product"}],"about":[{"href":"https:\/\/suwine.at\/hr\/wp-json\/wp\/v2\/types\/product"}],"wp:featuredmedia":[{"embeddable":true,"href":"https:\/\/suwine.at\/hr\/wp-json\/wp\/v2\/media\/235487"}],"wp:attachment":[{"href":"https:\/\/suwine.at\/hr\/wp-json\/wp\/v2\/media?parent=235486"}],"wp:term":[{"taxonomy":"product_brand","embeddable":true,"href":"https:\/\/suwine.at\/hr\/wp-json\/wp\/v2\/product_brand?post=235486"},{"taxonomy":"product_cat","embeddable":true,"href":"https:\/\/suwine.at\/hr\/wp-json\/wp\/v2\/product_cat?post=235486"},{"taxonomy":"product_tag","embeddable":true,"href":"https:\/\/suwine.at\/hr\/wp-json\/wp\/v2\/product_tag?post=235486"}],"curies":[{"name":"wp","href":"https:\/\/api.w.org\/{rel}","templated":true}]}}