{"id":235556,"date":"2025-07-31T15:46:24","date_gmt":"2025-07-31T13:46:24","guid":{"rendered":"https:\/\/suwine.at\/?post_type=product&#038;p=235556"},"modified":"2025-07-31T15:55:26","modified_gmt":"2025-07-31T13:55:26","slug":"hill1-2019","status":"publish","type":"product","link":"https:\/\/suwine.at\/hr\/produkt\/hill1-2019\/","title":{"rendered":"HILL1 2019"},"content":{"rendered":"<h2>Hill1 2019<\/h2>\n<p>Der erste Top-Wein, der das Weingut Leo HILLINGER verlie\u00df, erhielt den Namen HILL1. Die Cuv\u00e9e aus Merlot, Blaufr\u00e4nkisch und Zweigelt zeigt sich im Glas granatrot mit ziegelfarbigem Rand. Aus der Nase spricht eine Vielfalt an Aromen: dunkle Fr\u00fcchte, schwarze Ribisel, Kirschen und Heidelbeeren, umgeben von einem zarten Balsamico- und Schwarzteeton, was dem Wein einen erdigen Duft verleiht. Diese erdigen Aromen setzen sich am Gaumen fort, wo sich der Wein trocken, mit einer angenehm st\u00fctzenden S\u00e4ure und vollmundigem Tannin pr\u00e4sentiert. Auch im Geschmack zeigen sich Tee- wie Balsamicoaromen sowie die Fruchtt\u00f6ne von Johannisbeere. Der lange Abgang h\u00e4lt eine perfekte Balance.<\/p>\n<p>3-5 Jahre im neuen und gebrauchten Barrique. 50 % Merlot, 25 % Blaufr\u00e4nkisch, 25 % Zweigelt. Biologischer Anbau \u2013 zertifiziert nach AT BIO 302. Enth\u00e4lt Sulfite.<\/p>\n<span class=\"et_bloom_bottom_trigger\"><\/span>","protected":false},"excerpt":{"rendered":"<p>3-5 Jahre im neuen und gebrauchten Barrique. 50 % Merlot, 25 % Blaufr\u00e4nkisch, 25 % Zweigelt. Biologischer Anbau \u2013 zertifiziert nach AT BIO 302. Enth\u00e4lt Sulfite.<\/p>\n","protected":false},"featured_media":235557,"template":"","meta":{"_et_pb_use_builder":"","_et_pb_old_content":"","_et_gb_content_width":""},"product_brand":[],"product_cat":[209,85,115],"product_tag":[541,149],"class_list":{"0":"post-235556","1":"product","2":"type-product","3":"status-publish","4":"has-post-thumbnail","6":"product_cat-rotwein-oesterreich","7":"product_cat-rotwein","8":"product_cat-wein","9":"product_tag-merlot","10":"product_tag-oesterreich","12":"first","13":"instock","14":"taxable","15":"shipping-taxable","16":"purchasable","17":"product-type-simple"},"yoast_head":"<!-- This site is optimized with the Yoast SEO plugin v27.2 - https:\/\/yoast.com\/product\/yoast-seo-wordpress\/ -->\n<title>HILL1 2019 - Suwine - Suwi Zlatic<\/title>\n<meta name=\"description\" content=\"Diese erdigen Aromen setzen sich am Gaumen fort, wo sich der Wein trocken, mit einer angenehm st\u00fctzenden S\u00e4ure und vollmundigem Tannin pr\u00e4sentiert. Auch im Geschmack zeigen sich Tee- wie Balsamicoaromen sowie die Fruchtt\u00f6ne von Johannisbeere. Der lange Abgang h\u00e4lt eine perfekte Balance.\" \/>\n<meta name=\"robots\" content=\"index, follow, max-snippet:-1, max-image-preview:large, max-video-preview:-1\" \/>\n<link rel=\"canonical\" href=\"https:\/\/suwine.at\/hr\/produkt\/hill1-2019\/\" \/>\n<meta property=\"og:locale\" content=\"hr_HR\" \/>\n<meta property=\"og:type\" content=\"article\" \/>\n<meta property=\"og:title\" content=\"HILL1 2019 - Suwine - Suwi Zlatic\" \/>\n<meta property=\"og:description\" content=\"Diese erdigen Aromen setzen sich am Gaumen fort, wo sich der Wein trocken, mit einer angenehm st\u00fctzenden S\u00e4ure und vollmundigem Tannin pr\u00e4sentiert. Auch im Geschmack zeigen sich Tee- wie Balsamicoaromen sowie die Fruchtt\u00f6ne von Johannisbeere. Der lange Abgang h\u00e4lt eine perfekte Balance.\" \/>\n<meta property=\"og:url\" content=\"https:\/\/suwine.at\/hr\/produkt\/hill1-2019\/\" \/>\n<meta property=\"og:site_name\" content=\"Suwine - Suwi Zlatic\" \/>\n<meta property=\"article:modified_time\" content=\"2025-07-31T13:55:26+00:00\" \/>\n<meta property=\"og:image\" content=\"https:\/\/suwine.at\/wp-content\/uploads\/2025\/07\/hill-1.avif\" \/>\n\t<meta property=\"og:image:width\" content=\"500\" \/>\n\t<meta property=\"og:image:height\" content=\"500\" \/>\n\t<meta property=\"og:image:type\" content=\"image\/jpeg\" \/>\n<meta name=\"twitter:card\" content=\"summary_large_image\" \/>\n<meta name=\"twitter:label1\" content=\"Procijenjeno vrijeme \u010ditanja\" \/>\n\t<meta name=\"twitter:data1\" content=\"1 minuta\" \/>\n<script type=\"application\/ld+json\" class=\"yoast-schema-graph\">{\"@context\":\"https:\/\/schema.org\",\"@graph\":[{\"@type\":\"WebPage\",\"@id\":\"https:\/\/suwine.at\/hr\/produkt\/hill1-2019\/\",\"url\":\"https:\/\/suwine.at\/hr\/produkt\/hill1-2019\/\",\"name\":\"HILL1 2019 - Suwine - Suwi Zlatic\",\"isPartOf\":{\"@id\":\"https:\/\/suwine.at\/hr\/#website\"},\"primaryImageOfPage\":{\"@id\":\"https:\/\/suwine.at\/hr\/produkt\/hill1-2019\/#primaryimage\"},\"image\":{\"@id\":\"https:\/\/suwine.at\/hr\/produkt\/hill1-2019\/#primaryimage\"},\"thumbnailUrl\":\"https:\/\/suwine.at\/wp-content\/uploads\/2025\/07\/hill-1.avif\",\"datePublished\":\"2025-07-31T13:46:24+00:00\",\"dateModified\":\"2025-07-31T13:55:26+00:00\",\"description\":\"Diese erdigen Aromen setzen sich am Gaumen fort, wo sich der Wein trocken, mit einer angenehm st\u00fctzenden S\u00e4ure und vollmundigem Tannin pr\u00e4sentiert. Auch im Geschmack zeigen sich Tee- wie Balsamicoaromen sowie die Fruchtt\u00f6ne von Johannisbeere. Der lange Abgang h\u00e4lt eine perfekte Balance.\",\"breadcrumb\":{\"@id\":\"https:\/\/suwine.at\/hr\/produkt\/hill1-2019\/#breadcrumb\"},\"inLanguage\":\"hr\",\"potentialAction\":[{\"@type\":\"ReadAction\",\"target\":[\"https:\/\/suwine.at\/hr\/produkt\/hill1-2019\/\"]}]},{\"@type\":\"ImageObject\",\"inLanguage\":\"hr\",\"@id\":\"https:\/\/suwine.at\/hr\/produkt\/hill1-2019\/#primaryimage\",\"url\":\"https:\/\/suwine.at\/wp-content\/uploads\/2025\/07\/hill-1.avif\",\"contentUrl\":\"https:\/\/suwine.at\/wp-content\/uploads\/2025\/07\/hill-1.avif\",\"width\":500,\"height\":500,\"caption\":\"hill 1\"},{\"@type\":\"BreadcrumbList\",\"@id\":\"https:\/\/suwine.at\/hr\/produkt\/hill1-2019\/#breadcrumb\",\"itemListElement\":[{\"@type\":\"ListItem\",\"position\":1,\"name\":\"Startseite\",\"item\":\"https:\/\/suwine.at\/hr\/\"},{\"@type\":\"ListItem\",\"position\":2,\"name\":\"Shop\",\"item\":\"https:\/\/suwine.at\/shop\/\"},{\"@type\":\"ListItem\",\"position\":3,\"name\":\"HILL1 2019\"}]},{\"@type\":\"WebSite\",\"@id\":\"https:\/\/suwine.at\/hr\/#website\",\"url\":\"https:\/\/suwine.at\/hr\/\",\"name\":\"Suwine - Suwi Zlatic\",\"description\":\"Sommelier | Gourmet Play Store | Consulting\",\"potentialAction\":[{\"@type\":\"SearchAction\",\"target\":{\"@type\":\"EntryPoint\",\"urlTemplate\":\"https:\/\/suwine.at\/hr\/?s={search_term_string}\"},\"query-input\":{\"@type\":\"PropertyValueSpecification\",\"valueRequired\":true,\"valueName\":\"search_term_string\"}}],\"inLanguage\":\"hr\"}]}<\/script>\n<!-- \/ Yoast SEO plugin. -->","yoast_head_json":{"title":"HILL1 2019 - Suwine - Suwi Zlatic","description":"Diese erdigen Aromen setzen sich am Gaumen fort, wo sich der Wein trocken, mit einer angenehm st\u00fctzenden S\u00e4ure und vollmundigem Tannin pr\u00e4sentiert. Auch im Geschmack zeigen sich Tee- wie Balsamicoaromen sowie die Fruchtt\u00f6ne von Johannisbeere. Der lange Abgang h\u00e4lt eine perfekte Balance.","robots":{"index":"index","follow":"follow","max-snippet":"max-snippet:-1","max-image-preview":"max-image-preview:large","max-video-preview":"max-video-preview:-1"},"canonical":"https:\/\/suwine.at\/hr\/produkt\/hill1-2019\/","og_locale":"hr_HR","og_type":"article","og_title":"HILL1 2019 - Suwine - Suwi Zlatic","og_description":"Diese erdigen Aromen setzen sich am Gaumen fort, wo sich der Wein trocken, mit einer angenehm st\u00fctzenden S\u00e4ure und vollmundigem Tannin pr\u00e4sentiert. Auch im Geschmack zeigen sich Tee- wie Balsamicoaromen sowie die Fruchtt\u00f6ne von Johannisbeere. Der lange Abgang h\u00e4lt eine perfekte Balance.","og_url":"https:\/\/suwine.at\/hr\/produkt\/hill1-2019\/","og_site_name":"Suwine - Suwi Zlatic","article_modified_time":"2025-07-31T13:55:26+00:00","og_image":[{"width":500,"height":500,"url":"https:\/\/suwine.at\/wp-content\/uploads\/2025\/07\/hill-1.avif","type":"image\/jpeg"}],"twitter_card":"summary_large_image","twitter_misc":{"Procijenjeno vrijeme \u010ditanja":"1 minuta"},"schema":{"@context":"https:\/\/schema.org","@graph":[{"@type":"WebPage","@id":"https:\/\/suwine.at\/hr\/produkt\/hill1-2019\/","url":"https:\/\/suwine.at\/hr\/produkt\/hill1-2019\/","name":"HILL1 2019 - Suwine - Suwi Zlatic","isPartOf":{"@id":"https:\/\/suwine.at\/hr\/#website"},"primaryImageOfPage":{"@id":"https:\/\/suwine.at\/hr\/produkt\/hill1-2019\/#primaryimage"},"image":{"@id":"https:\/\/suwine.at\/hr\/produkt\/hill1-2019\/#primaryimage"},"thumbnailUrl":"https:\/\/suwine.at\/wp-content\/uploads\/2025\/07\/hill-1.avif","datePublished":"2025-07-31T13:46:24+00:00","dateModified":"2025-07-31T13:55:26+00:00","description":"Diese erdigen Aromen setzen sich am Gaumen fort, wo sich der Wein trocken, mit einer angenehm st\u00fctzenden S\u00e4ure und vollmundigem Tannin pr\u00e4sentiert. Auch im Geschmack zeigen sich Tee- wie Balsamicoaromen sowie die Fruchtt\u00f6ne von Johannisbeere. Der lange Abgang h\u00e4lt eine perfekte Balance.","breadcrumb":{"@id":"https:\/\/suwine.at\/hr\/produkt\/hill1-2019\/#breadcrumb"},"inLanguage":"hr","potentialAction":[{"@type":"ReadAction","target":["https:\/\/suwine.at\/hr\/produkt\/hill1-2019\/"]}]},{"@type":"ImageObject","inLanguage":"hr","@id":"https:\/\/suwine.at\/hr\/produkt\/hill1-2019\/#primaryimage","url":"https:\/\/suwine.at\/wp-content\/uploads\/2025\/07\/hill-1.avif","contentUrl":"https:\/\/suwine.at\/wp-content\/uploads\/2025\/07\/hill-1.avif","width":500,"height":500,"caption":"hill 1"},{"@type":"BreadcrumbList","@id":"https:\/\/suwine.at\/hr\/produkt\/hill1-2019\/#breadcrumb","itemListElement":[{"@type":"ListItem","position":1,"name":"Startseite","item":"https:\/\/suwine.at\/hr\/"},{"@type":"ListItem","position":2,"name":"Shop","item":"https:\/\/suwine.at\/shop\/"},{"@type":"ListItem","position":3,"name":"HILL1 2019"}]},{"@type":"WebSite","@id":"https:\/\/suwine.at\/hr\/#website","url":"https:\/\/suwine.at\/hr\/","name":"Suwine - Suwi Zlatic","description":"Sommelier | Gourmet Play Store | Consulting","potentialAction":[{"@type":"SearchAction","target":{"@type":"EntryPoint","urlTemplate":"https:\/\/suwine.at\/hr\/?s={search_term_string}"},"query-input":{"@type":"PropertyValueSpecification","valueRequired":true,"valueName":"search_term_string"}}],"inLanguage":"hr"}]}},"_links":{"self":[{"href":"https:\/\/suwine.at\/hr\/wp-json\/wp\/v2\/product\/235556","targetHints":{"allow":["GET"]}}],"collection":[{"href":"https:\/\/suwine.at\/hr\/wp-json\/wp\/v2\/product"}],"about":[{"href":"https:\/\/suwine.at\/hr\/wp-json\/wp\/v2\/types\/product"}],"wp:featuredmedia":[{"embeddable":true,"href":"https:\/\/suwine.at\/hr\/wp-json\/wp\/v2\/media\/235557"}],"wp:attachment":[{"href":"https:\/\/suwine.at\/hr\/wp-json\/wp\/v2\/media?parent=235556"}],"wp:term":[{"taxonomy":"product_brand","embeddable":true,"href":"https:\/\/suwine.at\/hr\/wp-json\/wp\/v2\/product_brand?post=235556"},{"taxonomy":"product_cat","embeddable":true,"href":"https:\/\/suwine.at\/hr\/wp-json\/wp\/v2\/product_cat?post=235556"},{"taxonomy":"product_tag","embeddable":true,"href":"https:\/\/suwine.at\/hr\/wp-json\/wp\/v2\/product_tag?post=235556"}],"curies":[{"name":"wp","href":"https:\/\/api.w.org\/{rel}","templated":true}]}}