{"id":235560,"date":"2025-07-31T16:00:02","date_gmt":"2025-07-31T14:00:02","guid":{"rendered":"https:\/\/suwine.at\/?post_type=product&#038;p=235560"},"modified":"2025-07-31T16:00:02","modified_gmt":"2025-07-31T14:00:02","slug":"gruener-veltliner-leithaberg-dac-2021","status":"publish","type":"product","link":"https:\/\/suwine.at\/hr\/produkt\/gruener-veltliner-leithaberg-dac-2021\/","title":{"rendered":"Gr\u00fcner Veltliner Leithaberg DAC 2021"},"content":{"rendered":"<h2>Gr\u00fcner Veltliner Leithaberg DAC 2021<\/h2>\n<p>Diese Gr\u00fcner Veltliner zeigt stolz, wo er herkommt.<br \/>\nAufgewachsen an den H\u00e4ngen des Leithabergs zeigt er, was alte Reben, Herkunft und Hingabe zu leisten verm\u00f6gen. Goldenes Strohgelb mit klaren hellen R\u00e4ndern.<br \/>\nIn der Nase dominieren zun\u00e4chst reifer Weingartenpfirsich und Zitrone. Danach \u00fcbernehmen schiefrig-feinw\u00fcrzige Aromen vom schwarzen Pfeffer und provenzalischen Kr\u00e4utern.<br \/>\nAm Gaumen zeigt sich der Wein perfekt balanciert. Die animierende S\u00e4ure und klirrende Mineralit\u00e4t vermitteln sofort den Eindruck von frischem Morgentau.<br \/>\nDer Abgang ist gepr\u00e4gt von eben jener klirrenden Mineralit\u00e4t und steht frisch, lang und beeindruckend klar.<\/p>\n<p>Biologischer Anbau \u2013 zertifiziert nach AT BIO 302. Enth\u00e4lt Sulfite.<\/p>\n<span class=\"et_bloom_bottom_trigger\"><\/span>","protected":false},"excerpt":{"rendered":"<p>Diese Gr\u00fcner Veltliner zeigt stolz, wo er herkommt.<br \/>\nAufgewachsen an den H\u00e4ngen des Leithabergs zeigt er, was alte Reben, Herkunft und Hingabe zu leisten verm\u00f6gen. Goldenes Strohgelb mit klaren hellen R\u00e4ndern.<\/p>\n","protected":false},"featured_media":235561,"template":"","meta":{"_et_pb_use_builder":"","_et_pb_old_content":"","_et_gb_content_width":""},"product_brand":[],"product_cat":[84,115,211],"product_tag":[149,510],"class_list":{"0":"post-235560","1":"product","2":"type-product","3":"status-publish","4":"has-post-thumbnail","6":"product_cat-weisswein","7":"product_cat-wein","8":"product_cat-weisswein-oesterreich","9":"product_tag-oesterreich","10":"product_tag-gruener-veltliner","12":"first","13":"instock","14":"taxable","15":"shipping-taxable","16":"purchasable","17":"product-type-simple"},"yoast_head":"<!-- This site is optimized with the Yoast SEO plugin v27.2 - https:\/\/yoast.com\/product\/yoast-seo-wordpress\/ -->\n<title>Gr\u00fcner Veltliner Leithaberg DAC 2021 - Suwine - Suwi Zlatic<\/title>\n<meta name=\"description\" content=\"Diese Gr\u00fcner Veltliner zeigt stolz, wo er herkommt.Aufgewachsen an den H\u00e4ngen des Leithabergs zeigt er, was alte Reben, Herkunft und Hingabe zu leisten verm\u00f6gen. Goldenes Strohgelb mit klaren hellen R\u00e4ndern.\" \/>\n<meta name=\"robots\" content=\"index, follow, max-snippet:-1, max-image-preview:large, max-video-preview:-1\" \/>\n<link rel=\"canonical\" href=\"https:\/\/suwine.at\/hr\/produkt\/gruener-veltliner-leithaberg-dac-2021\/\" \/>\n<meta property=\"og:locale\" content=\"hr_HR\" \/>\n<meta property=\"og:type\" content=\"article\" \/>\n<meta property=\"og:title\" content=\"Gr\u00fcner Veltliner Leithaberg DAC 2021 - Suwine - Suwi Zlatic\" \/>\n<meta property=\"og:description\" content=\"Diese Gr\u00fcner Veltliner zeigt stolz, wo er herkommt.Aufgewachsen an den H\u00e4ngen des Leithabergs zeigt er, was alte Reben, Herkunft und Hingabe zu leisten verm\u00f6gen. Goldenes Strohgelb mit klaren hellen R\u00e4ndern.\" \/>\n<meta property=\"og:url\" content=\"https:\/\/suwine.at\/hr\/produkt\/gruener-veltliner-leithaberg-dac-2021\/\" \/>\n<meta property=\"og:site_name\" content=\"Suwine - Suwi Zlatic\" \/>\n<meta property=\"og:image\" content=\"https:\/\/suwine.at\/wp-content\/uploads\/2025\/07\/GV-21.avif\" \/>\n\t<meta property=\"og:image:width\" content=\"500\" \/>\n\t<meta property=\"og:image:height\" content=\"500\" \/>\n\t<meta property=\"og:image:type\" content=\"image\/jpeg\" \/>\n<meta name=\"twitter:card\" content=\"summary_large_image\" \/>\n<meta name=\"twitter:label1\" content=\"Procijenjeno vrijeme \u010ditanja\" \/>\n\t<meta name=\"twitter:data1\" content=\"1 minuta\" \/>\n<script type=\"application\/ld+json\" class=\"yoast-schema-graph\">{\"@context\":\"https:\/\/schema.org\",\"@graph\":[{\"@type\":\"WebPage\",\"@id\":\"https:\/\/suwine.at\/hr\/produkt\/gruener-veltliner-leithaberg-dac-2021\/\",\"url\":\"https:\/\/suwine.at\/hr\/produkt\/gruener-veltliner-leithaberg-dac-2021\/\",\"name\":\"Gr\u00fcner Veltliner Leithaberg DAC 2021 - Suwine - Suwi Zlatic\",\"isPartOf\":{\"@id\":\"https:\/\/suwine.at\/hr\/#website\"},\"primaryImageOfPage\":{\"@id\":\"https:\/\/suwine.at\/hr\/produkt\/gruener-veltliner-leithaberg-dac-2021\/#primaryimage\"},\"image\":{\"@id\":\"https:\/\/suwine.at\/hr\/produkt\/gruener-veltliner-leithaberg-dac-2021\/#primaryimage\"},\"thumbnailUrl\":\"https:\/\/suwine.at\/wp-content\/uploads\/2025\/07\/GV-21.avif\",\"datePublished\":\"2025-07-31T14:00:02+00:00\",\"description\":\"Diese Gr\u00fcner Veltliner zeigt stolz, wo er herkommt.Aufgewachsen an den H\u00e4ngen des Leithabergs zeigt er, was alte Reben, Herkunft und Hingabe zu leisten verm\u00f6gen. Goldenes Strohgelb mit klaren hellen R\u00e4ndern.\",\"breadcrumb\":{\"@id\":\"https:\/\/suwine.at\/hr\/produkt\/gruener-veltliner-leithaberg-dac-2021\/#breadcrumb\"},\"inLanguage\":\"hr\",\"potentialAction\":[{\"@type\":\"ReadAction\",\"target\":[\"https:\/\/suwine.at\/hr\/produkt\/gruener-veltliner-leithaberg-dac-2021\/\"]}]},{\"@type\":\"ImageObject\",\"inLanguage\":\"hr\",\"@id\":\"https:\/\/suwine.at\/hr\/produkt\/gruener-veltliner-leithaberg-dac-2021\/#primaryimage\",\"url\":\"https:\/\/suwine.at\/wp-content\/uploads\/2025\/07\/GV-21.avif\",\"contentUrl\":\"https:\/\/suwine.at\/wp-content\/uploads\/2025\/07\/GV-21.avif\",\"width\":500,\"height\":500,\"caption\":\"gv hillinger\"},{\"@type\":\"BreadcrumbList\",\"@id\":\"https:\/\/suwine.at\/hr\/produkt\/gruener-veltliner-leithaberg-dac-2021\/#breadcrumb\",\"itemListElement\":[{\"@type\":\"ListItem\",\"position\":1,\"name\":\"Startseite\",\"item\":\"https:\/\/suwine.at\/hr\/\"},{\"@type\":\"ListItem\",\"position\":2,\"name\":\"Shop\",\"item\":\"https:\/\/suwine.at\/shop\/\"},{\"@type\":\"ListItem\",\"position\":3,\"name\":\"Gr\u00fcner Veltliner Leithaberg DAC 2021\"}]},{\"@type\":\"WebSite\",\"@id\":\"https:\/\/suwine.at\/hr\/#website\",\"url\":\"https:\/\/suwine.at\/hr\/\",\"name\":\"Suwine - Suwi Zlatic\",\"description\":\"Sommelier | Gourmet Play Store | Consulting\",\"potentialAction\":[{\"@type\":\"SearchAction\",\"target\":{\"@type\":\"EntryPoint\",\"urlTemplate\":\"https:\/\/suwine.at\/hr\/?s={search_term_string}\"},\"query-input\":{\"@type\":\"PropertyValueSpecification\",\"valueRequired\":true,\"valueName\":\"search_term_string\"}}],\"inLanguage\":\"hr\"}]}<\/script>\n<!-- \/ Yoast SEO plugin. -->","yoast_head_json":{"title":"Gr\u00fcner Veltliner Leithaberg DAC 2021 - Suwine - Suwi Zlatic","description":"Diese Gr\u00fcner Veltliner zeigt stolz, wo er herkommt.Aufgewachsen an den H\u00e4ngen des Leithabergs zeigt er, was alte Reben, Herkunft und Hingabe zu leisten verm\u00f6gen. Goldenes Strohgelb mit klaren hellen R\u00e4ndern.","robots":{"index":"index","follow":"follow","max-snippet":"max-snippet:-1","max-image-preview":"max-image-preview:large","max-video-preview":"max-video-preview:-1"},"canonical":"https:\/\/suwine.at\/hr\/produkt\/gruener-veltliner-leithaberg-dac-2021\/","og_locale":"hr_HR","og_type":"article","og_title":"Gr\u00fcner Veltliner Leithaberg DAC 2021 - Suwine - Suwi Zlatic","og_description":"Diese Gr\u00fcner Veltliner zeigt stolz, wo er herkommt.Aufgewachsen an den H\u00e4ngen des Leithabergs zeigt er, was alte Reben, Herkunft und Hingabe zu leisten verm\u00f6gen. Goldenes Strohgelb mit klaren hellen R\u00e4ndern.","og_url":"https:\/\/suwine.at\/hr\/produkt\/gruener-veltliner-leithaberg-dac-2021\/","og_site_name":"Suwine - Suwi Zlatic","og_image":[{"width":500,"height":500,"url":"https:\/\/suwine.at\/wp-content\/uploads\/2025\/07\/GV-21.avif","type":"image\/jpeg"}],"twitter_card":"summary_large_image","twitter_misc":{"Procijenjeno vrijeme \u010ditanja":"1 minuta"},"schema":{"@context":"https:\/\/schema.org","@graph":[{"@type":"WebPage","@id":"https:\/\/suwine.at\/hr\/produkt\/gruener-veltliner-leithaberg-dac-2021\/","url":"https:\/\/suwine.at\/hr\/produkt\/gruener-veltliner-leithaberg-dac-2021\/","name":"Gr\u00fcner Veltliner Leithaberg DAC 2021 - Suwine - Suwi Zlatic","isPartOf":{"@id":"https:\/\/suwine.at\/hr\/#website"},"primaryImageOfPage":{"@id":"https:\/\/suwine.at\/hr\/produkt\/gruener-veltliner-leithaberg-dac-2021\/#primaryimage"},"image":{"@id":"https:\/\/suwine.at\/hr\/produkt\/gruener-veltliner-leithaberg-dac-2021\/#primaryimage"},"thumbnailUrl":"https:\/\/suwine.at\/wp-content\/uploads\/2025\/07\/GV-21.avif","datePublished":"2025-07-31T14:00:02+00:00","description":"Diese Gr\u00fcner Veltliner zeigt stolz, wo er herkommt.Aufgewachsen an den H\u00e4ngen des Leithabergs zeigt er, was alte Reben, Herkunft und Hingabe zu leisten verm\u00f6gen. Goldenes Strohgelb mit klaren hellen R\u00e4ndern.","breadcrumb":{"@id":"https:\/\/suwine.at\/hr\/produkt\/gruener-veltliner-leithaberg-dac-2021\/#breadcrumb"},"inLanguage":"hr","potentialAction":[{"@type":"ReadAction","target":["https:\/\/suwine.at\/hr\/produkt\/gruener-veltliner-leithaberg-dac-2021\/"]}]},{"@type":"ImageObject","inLanguage":"hr","@id":"https:\/\/suwine.at\/hr\/produkt\/gruener-veltliner-leithaberg-dac-2021\/#primaryimage","url":"https:\/\/suwine.at\/wp-content\/uploads\/2025\/07\/GV-21.avif","contentUrl":"https:\/\/suwine.at\/wp-content\/uploads\/2025\/07\/GV-21.avif","width":500,"height":500,"caption":"gv hillinger"},{"@type":"BreadcrumbList","@id":"https:\/\/suwine.at\/hr\/produkt\/gruener-veltliner-leithaberg-dac-2021\/#breadcrumb","itemListElement":[{"@type":"ListItem","position":1,"name":"Startseite","item":"https:\/\/suwine.at\/hr\/"},{"@type":"ListItem","position":2,"name":"Shop","item":"https:\/\/suwine.at\/shop\/"},{"@type":"ListItem","position":3,"name":"Gr\u00fcner Veltliner Leithaberg DAC 2021"}]},{"@type":"WebSite","@id":"https:\/\/suwine.at\/hr\/#website","url":"https:\/\/suwine.at\/hr\/","name":"Suwine - Suwi Zlatic","description":"Sommelier | Gourmet Play Store | Consulting","potentialAction":[{"@type":"SearchAction","target":{"@type":"EntryPoint","urlTemplate":"https:\/\/suwine.at\/hr\/?s={search_term_string}"},"query-input":{"@type":"PropertyValueSpecification","valueRequired":true,"valueName":"search_term_string"}}],"inLanguage":"hr"}]}},"_links":{"self":[{"href":"https:\/\/suwine.at\/hr\/wp-json\/wp\/v2\/product\/235560","targetHints":{"allow":["GET"]}}],"collection":[{"href":"https:\/\/suwine.at\/hr\/wp-json\/wp\/v2\/product"}],"about":[{"href":"https:\/\/suwine.at\/hr\/wp-json\/wp\/v2\/types\/product"}],"wp:featuredmedia":[{"embeddable":true,"href":"https:\/\/suwine.at\/hr\/wp-json\/wp\/v2\/media\/235561"}],"wp:attachment":[{"href":"https:\/\/suwine.at\/hr\/wp-json\/wp\/v2\/media?parent=235560"}],"wp:term":[{"taxonomy":"product_brand","embeddable":true,"href":"https:\/\/suwine.at\/hr\/wp-json\/wp\/v2\/product_brand?post=235560"},{"taxonomy":"product_cat","embeddable":true,"href":"https:\/\/suwine.at\/hr\/wp-json\/wp\/v2\/product_cat?post=235560"},{"taxonomy":"product_tag","embeddable":true,"href":"https:\/\/suwine.at\/hr\/wp-json\/wp\/v2\/product_tag?post=235560"}],"curies":[{"name":"wp","href":"https:\/\/api.w.org\/{rel}","templated":true}]}}