{"id":235568,"date":"2025-07-31T16:27:38","date_gmt":"2025-07-31T14:27:38","guid":{"rendered":"https:\/\/suwine.at\/?post_type=product&#038;p=235568"},"modified":"2025-07-31T16:50:30","modified_gmt":"2025-07-31T14:50:30","slug":"cabernet-sauvignon-2020","status":"publish","type":"product","link":"https:\/\/suwine.at\/hr\/produkt\/cabernet-sauvignon-2020\/","title":{"rendered":"Cabernet Sauvignon 2020"},"content":{"rendered":"<h2>Cabernet Sauvignon 2020<\/h2>\n<p>Das dunkle Granatrot dieses Cabernet Sauvignon wird von einem kurzen, purpurfarbenen Rand umschlossen. Er gibt den Duft von intensivem Cassis preis und zeigt dabei auch Anfl\u00fcge von Zedernholz. Am Gaumen entwickelt er die Aromen von dunklen Beeren und reifen Himbeeren sowie eingelegten Fr\u00fcchten, gepaart mit einem leichten Touch von Bourbon-Vanille und dunkler Schokolade. Er pr\u00e4sentiert sich mit trockener, sehr gut st\u00fctzender S\u00e4ure. Das Tannin ist reif und kr\u00e4ftig und verleiht dem Wein eine gute Struktur, die sich bis in den langen, animierenden Abgang zieht.<\/p>\n<span class=\"et_bloom_bottom_trigger\"><\/span>","protected":false},"excerpt":{"rendered":"<p>Maischevergoren im Stahltank, 5 Wochen Maischekontakt. 1\/3 neue franz\u00f6sische Eiche, 2\/3 gebrauchte franz\u00f6sische Eiche f\u00fcr 24 Monate. Biologischer Anbau \u2013 zertifiziert nach AT BIO 302. Enth\u00e4lt Sulfite.<\/p>\n","protected":false},"featured_media":235569,"template":"","meta":{"_et_pb_use_builder":"","_et_pb_old_content":"","_et_gb_content_width":""},"product_brand":[],"product_cat":[85,209],"product_tag":[149,217],"class_list":{"0":"post-235568","1":"product","2":"type-product","3":"status-publish","4":"has-post-thumbnail","6":"product_cat-rotwein","7":"product_cat-rotwein-oesterreich","8":"product_tag-oesterreich","9":"product_tag-cabernet-sauvignon","11":"first","12":"instock","13":"taxable","14":"shipping-taxable","15":"purchasable","16":"product-type-simple"},"yoast_head":"<!-- This site is optimized with the Yoast SEO plugin v27.2 - https:\/\/yoast.com\/product\/yoast-seo-wordpress\/ -->\n<title>Cabernet Sauvignon 2020 - Suwine - Suwi Zlatic<\/title>\n<meta name=\"description\" content=\"Das dunkle Granatrot dieses Cabernet Sauvignon wird von einem kurzen, purpurfarbenen Rand umschlossen. Er gibt den Duft von intensivem Cassis preis und zeigt dabei auch Anfl\u00fcge von Zedernholz. Am Gaumen entwickelt er die Aromen von dunklen Beeren und reifen Himbeeren sowie eingelegten Fr\u00fcchten, gepaart mit einem leichten Touch von Bourbon-Vanille und dunkler Schokolade. Er pr\u00e4sentiert sich mit trockener, sehr gut st\u00fctzender S\u00e4ure. Das Tannin ist reif und kr\u00e4ftig und verleiht dem Wein eine gute Struktur, die sich bis in den langen, animierenden Abgang zieht.Maischevergoren im Stahltank, 5 Wochen Maischekontakt. 1\/3 neue franz\u00f6sische Eiche, 2\/3 gebrauchte franz\u00f6sische Eiche f\u00fcr 24 Monate. Biologischer Anbau \u2013 zertifiziert nach AT BIO 302. Enth\u00e4lt Sulfite.\" \/>\n<meta name=\"robots\" content=\"index, follow, max-snippet:-1, max-image-preview:large, max-video-preview:-1\" \/>\n<link rel=\"canonical\" href=\"https:\/\/suwine.at\/hr\/produkt\/cabernet-sauvignon-2020\/\" \/>\n<meta property=\"og:locale\" content=\"hr_HR\" \/>\n<meta property=\"og:type\" content=\"article\" \/>\n<meta property=\"og:title\" content=\"Cabernet Sauvignon 2020 - Suwine - Suwi Zlatic\" \/>\n<meta property=\"og:description\" content=\"Das dunkle Granatrot dieses Cabernet Sauvignon wird von einem kurzen, purpurfarbenen Rand umschlossen. Er gibt den Duft von intensivem Cassis preis und zeigt dabei auch Anfl\u00fcge von Zedernholz. Am Gaumen entwickelt er die Aromen von dunklen Beeren und reifen Himbeeren sowie eingelegten Fr\u00fcchten, gepaart mit einem leichten Touch von Bourbon-Vanille und dunkler Schokolade. Er pr\u00e4sentiert sich mit trockener, sehr gut st\u00fctzender S\u00e4ure. Das Tannin ist reif und kr\u00e4ftig und verleiht dem Wein eine gute Struktur, die sich bis in den langen, animierenden Abgang zieht.Maischevergoren im Stahltank, 5 Wochen Maischekontakt. 1\/3 neue franz\u00f6sische Eiche, 2\/3 gebrauchte franz\u00f6sische Eiche f\u00fcr 24 Monate. Biologischer Anbau \u2013 zertifiziert nach AT BIO 302. Enth\u00e4lt Sulfite.\" \/>\n<meta property=\"og:url\" content=\"https:\/\/suwine.at\/hr\/produkt\/cabernet-sauvignon-2020\/\" \/>\n<meta property=\"og:site_name\" content=\"Suwine - Suwi Zlatic\" \/>\n<meta property=\"article:modified_time\" content=\"2025-07-31T14:50:30+00:00\" \/>\n<meta property=\"og:image\" content=\"https:\/\/suwine.at\/wp-content\/uploads\/2025\/07\/cabernet-s.avif\" \/>\n\t<meta property=\"og:image:width\" content=\"1600\" \/>\n\t<meta property=\"og:image:height\" content=\"1600\" \/>\n\t<meta property=\"og:image:type\" content=\"image\/jpeg\" \/>\n<meta name=\"twitter:card\" content=\"summary_large_image\" \/>\n<meta name=\"twitter:label1\" content=\"Procijenjeno vrijeme \u010ditanja\" \/>\n\t<meta name=\"twitter:data1\" content=\"1 minuta\" \/>\n<script type=\"application\/ld+json\" class=\"yoast-schema-graph\">{\"@context\":\"https:\/\/schema.org\",\"@graph\":[{\"@type\":\"WebPage\",\"@id\":\"https:\/\/suwine.at\/hr\/produkt\/cabernet-sauvignon-2020\/\",\"url\":\"https:\/\/suwine.at\/hr\/produkt\/cabernet-sauvignon-2020\/\",\"name\":\"Cabernet Sauvignon 2020 - Suwine - Suwi Zlatic\",\"isPartOf\":{\"@id\":\"https:\/\/suwine.at\/hr\/#website\"},\"primaryImageOfPage\":{\"@id\":\"https:\/\/suwine.at\/hr\/produkt\/cabernet-sauvignon-2020\/#primaryimage\"},\"image\":{\"@id\":\"https:\/\/suwine.at\/hr\/produkt\/cabernet-sauvignon-2020\/#primaryimage\"},\"thumbnailUrl\":\"https:\/\/suwine.at\/wp-content\/uploads\/2025\/07\/cabernet-s.avif\",\"datePublished\":\"2025-07-31T14:27:38+00:00\",\"dateModified\":\"2025-07-31T14:50:30+00:00\",\"description\":\"Das dunkle Granatrot dieses Cabernet Sauvignon wird von einem kurzen, purpurfarbenen Rand umschlossen. Er gibt den Duft von intensivem Cassis preis und zeigt dabei auch Anfl\u00fcge von Zedernholz. Am Gaumen entwickelt er die Aromen von dunklen Beeren und reifen Himbeeren sowie eingelegten Fr\u00fcchten, gepaart mit einem leichten Touch von Bourbon-Vanille und dunkler Schokolade. Er pr\u00e4sentiert sich mit trockener, sehr gut st\u00fctzender S\u00e4ure. Das Tannin ist reif und kr\u00e4ftig und verleiht dem Wein eine gute Struktur, die sich bis in den langen, animierenden Abgang zieht.Maischevergoren im Stahltank, 5 Wochen Maischekontakt. 1\/3 neue franz\u00f6sische Eiche, 2\/3 gebrauchte franz\u00f6sische Eiche f\u00fcr 24 Monate. Biologischer Anbau \u2013 zertifiziert nach AT BIO 302. Enth\u00e4lt Sulfite.\",\"breadcrumb\":{\"@id\":\"https:\/\/suwine.at\/hr\/produkt\/cabernet-sauvignon-2020\/#breadcrumb\"},\"inLanguage\":\"hr\",\"potentialAction\":[{\"@type\":\"ReadAction\",\"target\":[\"https:\/\/suwine.at\/hr\/produkt\/cabernet-sauvignon-2020\/\"]}]},{\"@type\":\"ImageObject\",\"inLanguage\":\"hr\",\"@id\":\"https:\/\/suwine.at\/hr\/produkt\/cabernet-sauvignon-2020\/#primaryimage\",\"url\":\"https:\/\/suwine.at\/wp-content\/uploads\/2025\/07\/cabernet-s.avif\",\"contentUrl\":\"https:\/\/suwine.at\/wp-content\/uploads\/2025\/07\/cabernet-s.avif\",\"width\":1600,\"height\":1600,\"caption\":\"Cabernet Sauvignon\"},{\"@type\":\"BreadcrumbList\",\"@id\":\"https:\/\/suwine.at\/hr\/produkt\/cabernet-sauvignon-2020\/#breadcrumb\",\"itemListElement\":[{\"@type\":\"ListItem\",\"position\":1,\"name\":\"Startseite\",\"item\":\"https:\/\/suwine.at\/hr\/\"},{\"@type\":\"ListItem\",\"position\":2,\"name\":\"Shop\",\"item\":\"https:\/\/suwine.at\/shop\/\"},{\"@type\":\"ListItem\",\"position\":3,\"name\":\"Cabernet Sauvignon 2020\"}]},{\"@type\":\"WebSite\",\"@id\":\"https:\/\/suwine.at\/hr\/#website\",\"url\":\"https:\/\/suwine.at\/hr\/\",\"name\":\"Suwine - Suwi Zlatic\",\"description\":\"Sommelier | Gourmet Play Store | Consulting\",\"potentialAction\":[{\"@type\":\"SearchAction\",\"target\":{\"@type\":\"EntryPoint\",\"urlTemplate\":\"https:\/\/suwine.at\/hr\/?s={search_term_string}\"},\"query-input\":{\"@type\":\"PropertyValueSpecification\",\"valueRequired\":true,\"valueName\":\"search_term_string\"}}],\"inLanguage\":\"hr\"}]}<\/script>\n<!-- \/ Yoast SEO plugin. -->","yoast_head_json":{"title":"Cabernet Sauvignon 2020 - Suwine - Suwi Zlatic","description":"Das dunkle Granatrot dieses Cabernet Sauvignon wird von einem kurzen, purpurfarbenen Rand umschlossen. Er gibt den Duft von intensivem Cassis preis und zeigt dabei auch Anfl\u00fcge von Zedernholz. Am Gaumen entwickelt er die Aromen von dunklen Beeren und reifen Himbeeren sowie eingelegten Fr\u00fcchten, gepaart mit einem leichten Touch von Bourbon-Vanille und dunkler Schokolade. Er pr\u00e4sentiert sich mit trockener, sehr gut st\u00fctzender S\u00e4ure. Das Tannin ist reif und kr\u00e4ftig und verleiht dem Wein eine gute Struktur, die sich bis in den langen, animierenden Abgang zieht.Maischevergoren im Stahltank, 5 Wochen Maischekontakt. 1\/3 neue franz\u00f6sische Eiche, 2\/3 gebrauchte franz\u00f6sische Eiche f\u00fcr 24 Monate. Biologischer Anbau \u2013 zertifiziert nach AT BIO 302. Enth\u00e4lt Sulfite.","robots":{"index":"index","follow":"follow","max-snippet":"max-snippet:-1","max-image-preview":"max-image-preview:large","max-video-preview":"max-video-preview:-1"},"canonical":"https:\/\/suwine.at\/hr\/produkt\/cabernet-sauvignon-2020\/","og_locale":"hr_HR","og_type":"article","og_title":"Cabernet Sauvignon 2020 - Suwine - Suwi Zlatic","og_description":"Das dunkle Granatrot dieses Cabernet Sauvignon wird von einem kurzen, purpurfarbenen Rand umschlossen. Er gibt den Duft von intensivem Cassis preis und zeigt dabei auch Anfl\u00fcge von Zedernholz. Am Gaumen entwickelt er die Aromen von dunklen Beeren und reifen Himbeeren sowie eingelegten Fr\u00fcchten, gepaart mit einem leichten Touch von Bourbon-Vanille und dunkler Schokolade. Er pr\u00e4sentiert sich mit trockener, sehr gut st\u00fctzender S\u00e4ure. Das Tannin ist reif und kr\u00e4ftig und verleiht dem Wein eine gute Struktur, die sich bis in den langen, animierenden Abgang zieht.Maischevergoren im Stahltank, 5 Wochen Maischekontakt. 1\/3 neue franz\u00f6sische Eiche, 2\/3 gebrauchte franz\u00f6sische Eiche f\u00fcr 24 Monate. Biologischer Anbau \u2013 zertifiziert nach AT BIO 302. Enth\u00e4lt Sulfite.","og_url":"https:\/\/suwine.at\/hr\/produkt\/cabernet-sauvignon-2020\/","og_site_name":"Suwine - Suwi Zlatic","article_modified_time":"2025-07-31T14:50:30+00:00","og_image":[{"width":1600,"height":1600,"url":"https:\/\/suwine.at\/wp-content\/uploads\/2025\/07\/cabernet-s.avif","type":"image\/jpeg"}],"twitter_card":"summary_large_image","twitter_misc":{"Procijenjeno vrijeme \u010ditanja":"1 minuta"},"schema":{"@context":"https:\/\/schema.org","@graph":[{"@type":"WebPage","@id":"https:\/\/suwine.at\/hr\/produkt\/cabernet-sauvignon-2020\/","url":"https:\/\/suwine.at\/hr\/produkt\/cabernet-sauvignon-2020\/","name":"Cabernet Sauvignon 2020 - Suwine - Suwi Zlatic","isPartOf":{"@id":"https:\/\/suwine.at\/hr\/#website"},"primaryImageOfPage":{"@id":"https:\/\/suwine.at\/hr\/produkt\/cabernet-sauvignon-2020\/#primaryimage"},"image":{"@id":"https:\/\/suwine.at\/hr\/produkt\/cabernet-sauvignon-2020\/#primaryimage"},"thumbnailUrl":"https:\/\/suwine.at\/wp-content\/uploads\/2025\/07\/cabernet-s.avif","datePublished":"2025-07-31T14:27:38+00:00","dateModified":"2025-07-31T14:50:30+00:00","description":"Das dunkle Granatrot dieses Cabernet Sauvignon wird von einem kurzen, purpurfarbenen Rand umschlossen. Er gibt den Duft von intensivem Cassis preis und zeigt dabei auch Anfl\u00fcge von Zedernholz. Am Gaumen entwickelt er die Aromen von dunklen Beeren und reifen Himbeeren sowie eingelegten Fr\u00fcchten, gepaart mit einem leichten Touch von Bourbon-Vanille und dunkler Schokolade. Er pr\u00e4sentiert sich mit trockener, sehr gut st\u00fctzender S\u00e4ure. Das Tannin ist reif und kr\u00e4ftig und verleiht dem Wein eine gute Struktur, die sich bis in den langen, animierenden Abgang zieht.Maischevergoren im Stahltank, 5 Wochen Maischekontakt. 1\/3 neue franz\u00f6sische Eiche, 2\/3 gebrauchte franz\u00f6sische Eiche f\u00fcr 24 Monate. Biologischer Anbau \u2013 zertifiziert nach AT BIO 302. Enth\u00e4lt Sulfite.","breadcrumb":{"@id":"https:\/\/suwine.at\/hr\/produkt\/cabernet-sauvignon-2020\/#breadcrumb"},"inLanguage":"hr","potentialAction":[{"@type":"ReadAction","target":["https:\/\/suwine.at\/hr\/produkt\/cabernet-sauvignon-2020\/"]}]},{"@type":"ImageObject","inLanguage":"hr","@id":"https:\/\/suwine.at\/hr\/produkt\/cabernet-sauvignon-2020\/#primaryimage","url":"https:\/\/suwine.at\/wp-content\/uploads\/2025\/07\/cabernet-s.avif","contentUrl":"https:\/\/suwine.at\/wp-content\/uploads\/2025\/07\/cabernet-s.avif","width":1600,"height":1600,"caption":"Cabernet Sauvignon"},{"@type":"BreadcrumbList","@id":"https:\/\/suwine.at\/hr\/produkt\/cabernet-sauvignon-2020\/#breadcrumb","itemListElement":[{"@type":"ListItem","position":1,"name":"Startseite","item":"https:\/\/suwine.at\/hr\/"},{"@type":"ListItem","position":2,"name":"Shop","item":"https:\/\/suwine.at\/shop\/"},{"@type":"ListItem","position":3,"name":"Cabernet Sauvignon 2020"}]},{"@type":"WebSite","@id":"https:\/\/suwine.at\/hr\/#website","url":"https:\/\/suwine.at\/hr\/","name":"Suwine - Suwi Zlatic","description":"Sommelier | Gourmet Play Store | Consulting","potentialAction":[{"@type":"SearchAction","target":{"@type":"EntryPoint","urlTemplate":"https:\/\/suwine.at\/hr\/?s={search_term_string}"},"query-input":{"@type":"PropertyValueSpecification","valueRequired":true,"valueName":"search_term_string"}}],"inLanguage":"hr"}]}},"_links":{"self":[{"href":"https:\/\/suwine.at\/hr\/wp-json\/wp\/v2\/product\/235568","targetHints":{"allow":["GET"]}}],"collection":[{"href":"https:\/\/suwine.at\/hr\/wp-json\/wp\/v2\/product"}],"about":[{"href":"https:\/\/suwine.at\/hr\/wp-json\/wp\/v2\/types\/product"}],"wp:featuredmedia":[{"embeddable":true,"href":"https:\/\/suwine.at\/hr\/wp-json\/wp\/v2\/media\/235569"}],"wp:attachment":[{"href":"https:\/\/suwine.at\/hr\/wp-json\/wp\/v2\/media?parent=235568"}],"wp:term":[{"taxonomy":"product_brand","embeddable":true,"href":"https:\/\/suwine.at\/hr\/wp-json\/wp\/v2\/product_brand?post=235568"},{"taxonomy":"product_cat","embeddable":true,"href":"https:\/\/suwine.at\/hr\/wp-json\/wp\/v2\/product_cat?post=235568"},{"taxonomy":"product_tag","embeddable":true,"href":"https:\/\/suwine.at\/hr\/wp-json\/wp\/v2\/product_tag?post=235568"}],"curies":[{"name":"wp","href":"https:\/\/api.w.org\/{rel}","templated":true}]}}