{"id":235756,"date":"2025-10-23T16:15:59","date_gmt":"2025-10-23T14:15:59","guid":{"rendered":"https:\/\/suwine.at\/?post_type=product&#038;p=235756"},"modified":"2026-03-30T21:46:10","modified_gmt":"2026-03-30T19:46:10","slug":"kung-fu-girl-riesling-halbflasche-2020-038-l","status":"publish","type":"product","link":"https:\/\/suwine.at\/hr\/produkt\/kung-fu-girl-riesling-halbflasche-2020-038-l\/","title":{"rendered":"Kung Fu Girl Riesling Halbflasche 2020, 0,38 l"},"content":{"rendered":"<h2 class=\"p-heading\">Kung Fu Girl Riesling Halbflasche 2020, 0,38 l<\/h2>\n<p class=\"p-subheading\">Kultiger, fruchtiger Wei\u00dfwein aus Washington State in der 0,375l Halbflasche<\/p>\n<p>Der Kung Fu Girl Riesling 2020 von Kultwinzer Charles Smith ist ein fruchtiger, vollmundiger Wei\u00dfwein mit einer perfekten Balance aus Mineralit\u00e4t, S\u00e4ure und intensiven Fruchtaromen. Ideal f\u00fcr Liebhaber aromatischer Weine \u2013 und besonders passend zur asiatischen K\u00fcche.<\/p>\n<p>&#8211; <strong>Farbe:<\/strong> Helles, leuchtendes Goldgelb.<\/p>\n<p>&#8211; <strong>Aroma:<\/strong> Intensive Noten von Pfirsich, Aprikose, Limette und Jasmin.<\/p>\n<p>&#8211; <strong>Geschmack:<\/strong> Perfekt ausbalancierte S\u00e4ure mit feinen mineralischen Nuancen.<\/p>\n<p>&#8211; <strong>Alkoholgehalt:<\/strong> 12,0 % Vol.<\/p>\n<p>&#8211; <strong>Restzucker:<\/strong> Trocken bis halbtrocken.<\/p>\n<p>&nbsp;<\/p>\n<span class=\"et_bloom_bottom_trigger\"><\/span>","protected":false},"excerpt":{"rendered":"<p>Der Kung Fu Girl Riesling 2020 von Kultwinzer Charles Smith ist ein fruchtiger, vollmundiger Wei\u00dfwein mit einer perfekten Balance aus Mineralit\u00e4t, S\u00e4ure und intensiven Fruchtaromen. Ideal f\u00fcr Liebhaber aromatischer Weine \u2013 und besonders passend zur asiatischen K\u00fcche.<\/p>\n","protected":false},"featured_media":235757,"template":"","meta":{"_et_pb_use_builder":"","_et_pb_old_content":"","_et_gb_content_width":""},"product_brand":[],"product_cat":[84,112,115,212],"product_tag":[597],"class_list":{"0":"post-235756","1":"product","2":"type-product","3":"status-publish","4":"has-post-thumbnail","6":"product_cat-weisswein","7":"product_cat-riesling","8":"product_cat-wein","9":"product_cat-weisswein-international","10":"product_tag-weisswein","12":"first","13":"instock","14":"taxable","15":"shipping-taxable","16":"purchasable","17":"product-type-simple"},"yoast_head":"<!-- This site is optimized with the Yoast SEO plugin v27.2 - https:\/\/yoast.com\/product\/yoast-seo-wordpress\/ -->\n<title>Kung Fu Girl Riesling Halbflasche 2020, 0,38 l - Suwine - Suwi Zlatic<\/title>\n<meta name=\"description\" content=\"Der Kung Fu Girl Riesling 2020 von Kultwinzer Charles Smith ist ein fruchtiger, vollmundiger Wei\u00dfwein mit einer perfekten Balance aus Mineralit\u00e4t, S\u00e4ure und intensiven Fruchtaromen. Ideal f\u00fcr Liebhaber aromatischer Weine \u2013 und besonders passend zur asiatischen K\u00fcche.\" \/>\n<meta name=\"robots\" content=\"index, follow, max-snippet:-1, max-image-preview:large, max-video-preview:-1\" \/>\n<link rel=\"canonical\" href=\"https:\/\/suwine.at\/hr\/produkt\/kung-fu-girl-riesling-halbflasche-2020-038-l\/\" \/>\n<meta property=\"og:locale\" content=\"hr_HR\" \/>\n<meta property=\"og:type\" content=\"article\" \/>\n<meta property=\"og:title\" content=\"Kung Fu Girl Riesling Halbflasche 2020, 0,38 l - Suwine - Suwi Zlatic\" \/>\n<meta property=\"og:description\" content=\"Der Kung Fu Girl Riesling 2020 von Kultwinzer Charles Smith ist ein fruchtiger, vollmundiger Wei\u00dfwein mit einer perfekten Balance aus Mineralit\u00e4t, S\u00e4ure und intensiven Fruchtaromen. Ideal f\u00fcr Liebhaber aromatischer Weine \u2013 und besonders passend zur asiatischen K\u00fcche.\" \/>\n<meta property=\"og:url\" content=\"https:\/\/suwine.at\/hr\/produkt\/kung-fu-girl-riesling-halbflasche-2020-038-l\/\" \/>\n<meta property=\"og:site_name\" content=\"Suwine - Suwi Zlatic\" \/>\n<meta property=\"article:modified_time\" content=\"2026-03-30T19:46:10+00:00\" \/>\n<meta property=\"og:image\" content=\"https:\/\/suwine.at\/wp-content\/uploads\/2025\/10\/kung-fu.avif\" \/>\n\t<meta property=\"og:image:width\" content=\"1600\" \/>\n\t<meta property=\"og:image:height\" content=\"1600\" \/>\n\t<meta property=\"og:image:type\" content=\"image\/jpeg\" \/>\n<meta name=\"twitter:card\" content=\"summary_large_image\" \/>\n<meta name=\"twitter:label1\" content=\"Procijenjeno vrijeme \u010ditanja\" \/>\n\t<meta name=\"twitter:data1\" content=\"1 minuta\" \/>\n<script type=\"application\/ld+json\" class=\"yoast-schema-graph\">{\"@context\":\"https:\/\/schema.org\",\"@graph\":[{\"@type\":\"WebPage\",\"@id\":\"https:\/\/suwine.at\/hr\/produkt\/kung-fu-girl-riesling-halbflasche-2020-038-l\/\",\"url\":\"https:\/\/suwine.at\/hr\/produkt\/kung-fu-girl-riesling-halbflasche-2020-038-l\/\",\"name\":\"Kung Fu Girl Riesling Halbflasche 2020, 0,38 l - Suwine - Suwi Zlatic\",\"isPartOf\":{\"@id\":\"https:\/\/suwine.at\/hr\/#website\"},\"primaryImageOfPage\":{\"@id\":\"https:\/\/suwine.at\/hr\/produkt\/kung-fu-girl-riesling-halbflasche-2020-038-l\/#primaryimage\"},\"image\":{\"@id\":\"https:\/\/suwine.at\/hr\/produkt\/kung-fu-girl-riesling-halbflasche-2020-038-l\/#primaryimage\"},\"thumbnailUrl\":\"https:\/\/suwine.at\/wp-content\/uploads\/2025\/10\/kung-fu.avif\",\"datePublished\":\"2025-10-23T14:15:59+00:00\",\"dateModified\":\"2026-03-30T19:46:10+00:00\",\"description\":\"Der Kung Fu Girl Riesling 2020 von Kultwinzer Charles Smith ist ein fruchtiger, vollmundiger Wei\u00dfwein mit einer perfekten Balance aus Mineralit\u00e4t, S\u00e4ure und intensiven Fruchtaromen. Ideal f\u00fcr Liebhaber aromatischer Weine \u2013 und besonders passend zur asiatischen K\u00fcche.\",\"breadcrumb\":{\"@id\":\"https:\/\/suwine.at\/hr\/produkt\/kung-fu-girl-riesling-halbflasche-2020-038-l\/#breadcrumb\"},\"inLanguage\":\"hr\",\"potentialAction\":[{\"@type\":\"ReadAction\",\"target\":[\"https:\/\/suwine.at\/hr\/produkt\/kung-fu-girl-riesling-halbflasche-2020-038-l\/\"]}]},{\"@type\":\"ImageObject\",\"inLanguage\":\"hr\",\"@id\":\"https:\/\/suwine.at\/hr\/produkt\/kung-fu-girl-riesling-halbflasche-2020-038-l\/#primaryimage\",\"url\":\"https:\/\/suwine.at\/wp-content\/uploads\/2025\/10\/kung-fu.avif\",\"contentUrl\":\"https:\/\/suwine.at\/wp-content\/uploads\/2025\/10\/kung-fu.avif\",\"width\":1600,\"height\":1600,\"caption\":\"kung fu\"},{\"@type\":\"BreadcrumbList\",\"@id\":\"https:\/\/suwine.at\/hr\/produkt\/kung-fu-girl-riesling-halbflasche-2020-038-l\/#breadcrumb\",\"itemListElement\":[{\"@type\":\"ListItem\",\"position\":1,\"name\":\"Startseite\",\"item\":\"https:\/\/suwine.at\/hr\/\"},{\"@type\":\"ListItem\",\"position\":2,\"name\":\"Shop\",\"item\":\"https:\/\/suwine.at\/shop\/\"},{\"@type\":\"ListItem\",\"position\":3,\"name\":\"Kung Fu Girl Riesling Halbflasche 2020, 0,38 l\"}]},{\"@type\":\"WebSite\",\"@id\":\"https:\/\/suwine.at\/hr\/#website\",\"url\":\"https:\/\/suwine.at\/hr\/\",\"name\":\"Suwine - Suwi Zlatic\",\"description\":\"Sommelier | Gourmet Play Store | Consulting\",\"potentialAction\":[{\"@type\":\"SearchAction\",\"target\":{\"@type\":\"EntryPoint\",\"urlTemplate\":\"https:\/\/suwine.at\/hr\/?s={search_term_string}\"},\"query-input\":{\"@type\":\"PropertyValueSpecification\",\"valueRequired\":true,\"valueName\":\"search_term_string\"}}],\"inLanguage\":\"hr\"}]}<\/script>\n<!-- \/ Yoast SEO plugin. -->","yoast_head_json":{"title":"Kung Fu Girl Riesling Halbflasche 2020, 0,38 l - Suwine - Suwi Zlatic","description":"Der Kung Fu Girl Riesling 2020 von Kultwinzer Charles Smith ist ein fruchtiger, vollmundiger Wei\u00dfwein mit einer perfekten Balance aus Mineralit\u00e4t, S\u00e4ure und intensiven Fruchtaromen. Ideal f\u00fcr Liebhaber aromatischer Weine \u2013 und besonders passend zur asiatischen K\u00fcche.","robots":{"index":"index","follow":"follow","max-snippet":"max-snippet:-1","max-image-preview":"max-image-preview:large","max-video-preview":"max-video-preview:-1"},"canonical":"https:\/\/suwine.at\/hr\/produkt\/kung-fu-girl-riesling-halbflasche-2020-038-l\/","og_locale":"hr_HR","og_type":"article","og_title":"Kung Fu Girl Riesling Halbflasche 2020, 0,38 l - Suwine - Suwi Zlatic","og_description":"Der Kung Fu Girl Riesling 2020 von Kultwinzer Charles Smith ist ein fruchtiger, vollmundiger Wei\u00dfwein mit einer perfekten Balance aus Mineralit\u00e4t, S\u00e4ure und intensiven Fruchtaromen. Ideal f\u00fcr Liebhaber aromatischer Weine \u2013 und besonders passend zur asiatischen K\u00fcche.","og_url":"https:\/\/suwine.at\/hr\/produkt\/kung-fu-girl-riesling-halbflasche-2020-038-l\/","og_site_name":"Suwine - Suwi Zlatic","article_modified_time":"2026-03-30T19:46:10+00:00","og_image":[{"width":1600,"height":1600,"url":"https:\/\/suwine.at\/wp-content\/uploads\/2025\/10\/kung-fu.avif","type":"image\/jpeg"}],"twitter_card":"summary_large_image","twitter_misc":{"Procijenjeno vrijeme \u010ditanja":"1 minuta"},"schema":{"@context":"https:\/\/schema.org","@graph":[{"@type":"WebPage","@id":"https:\/\/suwine.at\/hr\/produkt\/kung-fu-girl-riesling-halbflasche-2020-038-l\/","url":"https:\/\/suwine.at\/hr\/produkt\/kung-fu-girl-riesling-halbflasche-2020-038-l\/","name":"Kung Fu Girl Riesling Halbflasche 2020, 0,38 l - Suwine - Suwi Zlatic","isPartOf":{"@id":"https:\/\/suwine.at\/hr\/#website"},"primaryImageOfPage":{"@id":"https:\/\/suwine.at\/hr\/produkt\/kung-fu-girl-riesling-halbflasche-2020-038-l\/#primaryimage"},"image":{"@id":"https:\/\/suwine.at\/hr\/produkt\/kung-fu-girl-riesling-halbflasche-2020-038-l\/#primaryimage"},"thumbnailUrl":"https:\/\/suwine.at\/wp-content\/uploads\/2025\/10\/kung-fu.avif","datePublished":"2025-10-23T14:15:59+00:00","dateModified":"2026-03-30T19:46:10+00:00","description":"Der Kung Fu Girl Riesling 2020 von Kultwinzer Charles Smith ist ein fruchtiger, vollmundiger Wei\u00dfwein mit einer perfekten Balance aus Mineralit\u00e4t, S\u00e4ure und intensiven Fruchtaromen. Ideal f\u00fcr Liebhaber aromatischer Weine \u2013 und besonders passend zur asiatischen K\u00fcche.","breadcrumb":{"@id":"https:\/\/suwine.at\/hr\/produkt\/kung-fu-girl-riesling-halbflasche-2020-038-l\/#breadcrumb"},"inLanguage":"hr","potentialAction":[{"@type":"ReadAction","target":["https:\/\/suwine.at\/hr\/produkt\/kung-fu-girl-riesling-halbflasche-2020-038-l\/"]}]},{"@type":"ImageObject","inLanguage":"hr","@id":"https:\/\/suwine.at\/hr\/produkt\/kung-fu-girl-riesling-halbflasche-2020-038-l\/#primaryimage","url":"https:\/\/suwine.at\/wp-content\/uploads\/2025\/10\/kung-fu.avif","contentUrl":"https:\/\/suwine.at\/wp-content\/uploads\/2025\/10\/kung-fu.avif","width":1600,"height":1600,"caption":"kung fu"},{"@type":"BreadcrumbList","@id":"https:\/\/suwine.at\/hr\/produkt\/kung-fu-girl-riesling-halbflasche-2020-038-l\/#breadcrumb","itemListElement":[{"@type":"ListItem","position":1,"name":"Startseite","item":"https:\/\/suwine.at\/hr\/"},{"@type":"ListItem","position":2,"name":"Shop","item":"https:\/\/suwine.at\/shop\/"},{"@type":"ListItem","position":3,"name":"Kung Fu Girl Riesling Halbflasche 2020, 0,38 l"}]},{"@type":"WebSite","@id":"https:\/\/suwine.at\/hr\/#website","url":"https:\/\/suwine.at\/hr\/","name":"Suwine - Suwi Zlatic","description":"Sommelier | Gourmet Play Store | Consulting","potentialAction":[{"@type":"SearchAction","target":{"@type":"EntryPoint","urlTemplate":"https:\/\/suwine.at\/hr\/?s={search_term_string}"},"query-input":{"@type":"PropertyValueSpecification","valueRequired":true,"valueName":"search_term_string"}}],"inLanguage":"hr"}]}},"_links":{"self":[{"href":"https:\/\/suwine.at\/hr\/wp-json\/wp\/v2\/product\/235756","targetHints":{"allow":["GET"]}}],"collection":[{"href":"https:\/\/suwine.at\/hr\/wp-json\/wp\/v2\/product"}],"about":[{"href":"https:\/\/suwine.at\/hr\/wp-json\/wp\/v2\/types\/product"}],"wp:featuredmedia":[{"embeddable":true,"href":"https:\/\/suwine.at\/hr\/wp-json\/wp\/v2\/media\/235757"}],"wp:attachment":[{"href":"https:\/\/suwine.at\/hr\/wp-json\/wp\/v2\/media?parent=235756"}],"wp:term":[{"taxonomy":"product_brand","embeddable":true,"href":"https:\/\/suwine.at\/hr\/wp-json\/wp\/v2\/product_brand?post=235756"},{"taxonomy":"product_cat","embeddable":true,"href":"https:\/\/suwine.at\/hr\/wp-json\/wp\/v2\/product_cat?post=235756"},{"taxonomy":"product_tag","embeddable":true,"href":"https:\/\/suwine.at\/hr\/wp-json\/wp\/v2\/product_tag?post=235756"}],"curies":[{"name":"wp","href":"https:\/\/api.w.org\/{rel}","templated":true}]}}