{"id":235836,"date":"2025-11-27T19:13:53","date_gmt":"2025-11-27T18:13:53","guid":{"rendered":"https:\/\/suwine.at\/?post_type=product&#038;p=235836"},"modified":"2026-04-03T16:42:45","modified_gmt":"2026-04-03T14:42:45","slug":"mondavi-eduardo-chadwick-sena-2017","status":"publish","type":"product","link":"https:\/\/suwine.at\/hr\/produkt\/mondavi-eduardo-chadwick-sena-2017\/","title":{"rendered":"Mondavi \/ Eduardo Chadwick: Sena 2017"},"content":{"rendered":"<h2 class=\"name weglot_ignore_translation\">Mondavi \/ Eduardo Chadwick: Sena 2017<\/h2>\n<p>Der Se\u00f1a Vineyard Se\u00f1a 2017 ist das Aush\u00e4ngeschild des chilenischen Spitzenweinbaus und begeistert mit seiner au\u00dfergew\u00f6hnlichen Tiefe und Harmonie. Dieser ikonische Rotwein, eine meisterhafte Cuv\u00e9e aus f\u00fcnf renommierten Rebsorten, spiegelt das Terroir des Aconcagua-Tals in jedem Tropfen wider. Seit seiner ersten Jahrgangspr\u00e4sentation hat Se\u00f1a internationale Aufmerksamkeit erreicht und steht heute f\u00fcr Pioniergeist und nachhaltige Weinbereitung in Chile.<\/p>\n<p><strong>Geschmacksprofil<\/strong><br \/>\nIm Glas zeigt sich der Se\u00f1a 2017 in einem intensiven, tiefdunklen Rubinrot mit violetten Reflexen, die seine Jugend und Kraft andeuten. Das Bouquet ist vielschichtig und \u00f6ffnet sich mit Aromen von schwarzen Johannisbeeren, reifen Pflaumen und dunklen Kirschen, gefolgt von feinen Noten nach Tabak, dunkler Schokolade und Kr\u00e4utern, die durch einen Hauch von Graphit und exotischen Gew\u00fcrzen erg\u00e4nzt werden. Am Gaumen \u00fcberzeugt der Wein mit einer beeindruckenden Balance zwischen samtigen Tanninen und frischer, verf\u00fchrerischer S\u00e4ure. Die Aromenpalette reicht von dunklen Beeren und Cassis bis zu Ankl\u00e4ngen von Lakritz, Zedernholz und Mokka. Das Finale ist lang, komplex und elegant, mit nachhaltigen Fruchtnoten und einer mineralischen Eleganz, die den Se\u00f1a 2017 zu einem Wein mit gro\u00dfartigem Reifepotenzial machen. Dieser Jahrgang verspricht sowohl sofortigen Genuss als auch eine bemerkenswerte Lagerf\u00e4higkeit von mindestens 15-20 Jahren.<\/p>\n<div class=\"text-xs font-medium uppercase text-bh-black\">JAHRGANG 2017<\/div>\n<div>\n<div class=\"text-xs font-medium uppercase text-bh-black\">REBSORTE: Cabernet Sauvignon, Carm\u00e9n\u00e8re, Malbec, Cabernet Franc, Petit Verdot<\/div>\n<div>\n<div class=\"text-xs font-medium uppercase text-bh-black\">ALK. 13,50\u00a0%<\/div>\n<div>\n<div class=\"text-xs font-medium uppercase text-bh-black\">REGION Aconcagua<\/div>\n<div><\/div>\n<\/div>\n<\/div>\n<\/div>\n<span class=\"et_bloom_bottom_trigger\"><\/span>","protected":false},"excerpt":{"rendered":"<div class=\"text-xs font-medium uppercase text-bh-black\">NG 2017<\/div>\n<div>\n<div class=\"text-xs font-medium uppercase text-bh-black\">REBSORTE: Cabernet Sauvignon, Carm\u00e9n\u00e8re, Malbec, Cabernet Franc, Petit Verdot<\/div>\n<div>\n<div class=\"text-xs font-medium uppercase text-bh-black\">ALK. 13,50\u00a0%<\/div>\n<div>\n<div class=\"text-xs font-medium uppercase text-bh-black\">REGION Aconcagua<\/div>\n<div><\/div>\n<\/div>\n<\/div>\n<\/div>\n","protected":false},"featured_media":235826,"template":"","meta":{"_et_pb_use_builder":"","_et_pb_old_content":"","_et_gb_content_width":""},"product_brand":[],"product_cat":[85,190,210],"product_tag":[902,903],"class_list":{"0":"post-235836","1":"product","2":"type-product","3":"status-publish","4":"has-post-thumbnail","6":"product_cat-rotwein","7":"product_cat-rotwein-raritaeten","8":"product_cat-rotwein-international","9":"product_tag-sena","10":"product_tag-mondavi","12":"first","13":"instock","14":"taxable","15":"shipping-taxable","16":"purchasable","17":"product-type-simple"},"yoast_head":"<!-- This site is optimized with the Yoast SEO plugin v27.2 - https:\/\/yoast.com\/product\/yoast-seo-wordpress\/ -->\n<title>Mondavi \/ Eduardo Chadwick: Sena 2017 - Suwine - Suwi Zlatic<\/title>\n<meta name=\"description\" content=\"Dieser Jahrgang verspricht sowohl sofortigen Genuss als auch eine bemerkenswerte Lagerf\u00e4higkeit von mindestens 15-20 Jahren.\" \/>\n<meta name=\"robots\" content=\"index, follow, max-snippet:-1, max-image-preview:large, max-video-preview:-1\" \/>\n<link rel=\"canonical\" href=\"https:\/\/suwine.at\/hr\/produkt\/mondavi-eduardo-chadwick-sena-2017\/\" \/>\n<meta property=\"og:locale\" content=\"hr_HR\" \/>\n<meta property=\"og:type\" content=\"article\" \/>\n<meta property=\"og:title\" content=\"Mondavi \/ Eduardo Chadwick: Sena 2017 - Suwine - Suwi Zlatic\" \/>\n<meta property=\"og:description\" content=\"Dieser Jahrgang verspricht sowohl sofortigen Genuss als auch eine bemerkenswerte Lagerf\u00e4higkeit von mindestens 15-20 Jahren.\" \/>\n<meta property=\"og:url\" content=\"https:\/\/suwine.at\/hr\/produkt\/mondavi-eduardo-chadwick-sena-2017\/\" \/>\n<meta property=\"og:site_name\" content=\"Suwine - Suwi Zlatic\" \/>\n<meta property=\"article:modified_time\" content=\"2026-04-03T14:42:45+00:00\" \/>\n<meta property=\"og:image\" content=\"https:\/\/suwine.at\/wp-content\/uploads\/2025\/11\/IMG_0661.avif\" \/>\n\t<meta property=\"og:image:width\" content=\"1600\" \/>\n\t<meta property=\"og:image:height\" content=\"1600\" \/>\n\t<meta property=\"og:image:type\" content=\"image\/jpeg\" \/>\n<meta name=\"twitter:card\" content=\"summary_large_image\" \/>\n<meta name=\"twitter:label1\" content=\"Procijenjeno vrijeme \u010ditanja\" \/>\n\t<meta name=\"twitter:data1\" content=\"2 minute\" \/>\n<script type=\"application\/ld+json\" class=\"yoast-schema-graph\">{\"@context\":\"https:\/\/schema.org\",\"@graph\":[{\"@type\":\"WebPage\",\"@id\":\"https:\/\/suwine.at\/hr\/produkt\/mondavi-eduardo-chadwick-sena-2017\/\",\"url\":\"https:\/\/suwine.at\/hr\/produkt\/mondavi-eduardo-chadwick-sena-2017\/\",\"name\":\"Mondavi \/ Eduardo Chadwick: Sena 2017 - Suwine - Suwi Zlatic\",\"isPartOf\":{\"@id\":\"https:\/\/suwine.at\/hr\/#website\"},\"primaryImageOfPage\":{\"@id\":\"https:\/\/suwine.at\/hr\/produkt\/mondavi-eduardo-chadwick-sena-2017\/#primaryimage\"},\"image\":{\"@id\":\"https:\/\/suwine.at\/hr\/produkt\/mondavi-eduardo-chadwick-sena-2017\/#primaryimage\"},\"thumbnailUrl\":\"https:\/\/suwine.at\/wp-content\/uploads\/2025\/11\/IMG_0661.avif\",\"datePublished\":\"2025-11-27T18:13:53+00:00\",\"dateModified\":\"2026-04-03T14:42:45+00:00\",\"description\":\"Dieser Jahrgang verspricht sowohl sofortigen Genuss als auch eine bemerkenswerte Lagerf\u00e4higkeit von mindestens 15-20 Jahren.\",\"breadcrumb\":{\"@id\":\"https:\/\/suwine.at\/hr\/produkt\/mondavi-eduardo-chadwick-sena-2017\/#breadcrumb\"},\"inLanguage\":\"hr\",\"potentialAction\":[{\"@type\":\"ReadAction\",\"target\":[\"https:\/\/suwine.at\/hr\/produkt\/mondavi-eduardo-chadwick-sena-2017\/\"]}]},{\"@type\":\"ImageObject\",\"inLanguage\":\"hr\",\"@id\":\"https:\/\/suwine.at\/hr\/produkt\/mondavi-eduardo-chadwick-sena-2017\/#primaryimage\",\"url\":\"https:\/\/suwine.at\/wp-content\/uploads\/2025\/11\/IMG_0661.avif\",\"contentUrl\":\"https:\/\/suwine.at\/wp-content\/uploads\/2025\/11\/IMG_0661.avif\",\"width\":1600,\"height\":1600,\"caption\":\"Sena 2017\"},{\"@type\":\"BreadcrumbList\",\"@id\":\"https:\/\/suwine.at\/hr\/produkt\/mondavi-eduardo-chadwick-sena-2017\/#breadcrumb\",\"itemListElement\":[{\"@type\":\"ListItem\",\"position\":1,\"name\":\"Startseite\",\"item\":\"https:\/\/suwine.at\/hr\/\"},{\"@type\":\"ListItem\",\"position\":2,\"name\":\"Shop\",\"item\":\"https:\/\/suwine.at\/shop\/\"},{\"@type\":\"ListItem\",\"position\":3,\"name\":\"Mondavi \/ Eduardo Chadwick: Sena 2017\"}]},{\"@type\":\"WebSite\",\"@id\":\"https:\/\/suwine.at\/hr\/#website\",\"url\":\"https:\/\/suwine.at\/hr\/\",\"name\":\"Suwine - Suwi Zlatic\",\"description\":\"Sommelier | Gourmet Play Store | Consulting\",\"potentialAction\":[{\"@type\":\"SearchAction\",\"target\":{\"@type\":\"EntryPoint\",\"urlTemplate\":\"https:\/\/suwine.at\/hr\/?s={search_term_string}\"},\"query-input\":{\"@type\":\"PropertyValueSpecification\",\"valueRequired\":true,\"valueName\":\"search_term_string\"}}],\"inLanguage\":\"hr\"}]}<\/script>\n<!-- \/ Yoast SEO plugin. -->","yoast_head_json":{"title":"Mondavi \/ Eduardo Chadwick: Sena 2017 - Suwine - Suwi Zlatic","description":"Dieser Jahrgang verspricht sowohl sofortigen Genuss als auch eine bemerkenswerte Lagerf\u00e4higkeit von mindestens 15-20 Jahren.","robots":{"index":"index","follow":"follow","max-snippet":"max-snippet:-1","max-image-preview":"max-image-preview:large","max-video-preview":"max-video-preview:-1"},"canonical":"https:\/\/suwine.at\/hr\/produkt\/mondavi-eduardo-chadwick-sena-2017\/","og_locale":"hr_HR","og_type":"article","og_title":"Mondavi \/ Eduardo Chadwick: Sena 2017 - Suwine - Suwi Zlatic","og_description":"Dieser Jahrgang verspricht sowohl sofortigen Genuss als auch eine bemerkenswerte Lagerf\u00e4higkeit von mindestens 15-20 Jahren.","og_url":"https:\/\/suwine.at\/hr\/produkt\/mondavi-eduardo-chadwick-sena-2017\/","og_site_name":"Suwine - Suwi Zlatic","article_modified_time":"2026-04-03T14:42:45+00:00","og_image":[{"width":1600,"height":1600,"url":"https:\/\/suwine.at\/wp-content\/uploads\/2025\/11\/IMG_0661.avif","type":"image\/jpeg"}],"twitter_card":"summary_large_image","twitter_misc":{"Procijenjeno vrijeme \u010ditanja":"2 minute"},"schema":{"@context":"https:\/\/schema.org","@graph":[{"@type":"WebPage","@id":"https:\/\/suwine.at\/hr\/produkt\/mondavi-eduardo-chadwick-sena-2017\/","url":"https:\/\/suwine.at\/hr\/produkt\/mondavi-eduardo-chadwick-sena-2017\/","name":"Mondavi \/ Eduardo Chadwick: Sena 2017 - Suwine - Suwi Zlatic","isPartOf":{"@id":"https:\/\/suwine.at\/hr\/#website"},"primaryImageOfPage":{"@id":"https:\/\/suwine.at\/hr\/produkt\/mondavi-eduardo-chadwick-sena-2017\/#primaryimage"},"image":{"@id":"https:\/\/suwine.at\/hr\/produkt\/mondavi-eduardo-chadwick-sena-2017\/#primaryimage"},"thumbnailUrl":"https:\/\/suwine.at\/wp-content\/uploads\/2025\/11\/IMG_0661.avif","datePublished":"2025-11-27T18:13:53+00:00","dateModified":"2026-04-03T14:42:45+00:00","description":"Dieser Jahrgang verspricht sowohl sofortigen Genuss als auch eine bemerkenswerte Lagerf\u00e4higkeit von mindestens 15-20 Jahren.","breadcrumb":{"@id":"https:\/\/suwine.at\/hr\/produkt\/mondavi-eduardo-chadwick-sena-2017\/#breadcrumb"},"inLanguage":"hr","potentialAction":[{"@type":"ReadAction","target":["https:\/\/suwine.at\/hr\/produkt\/mondavi-eduardo-chadwick-sena-2017\/"]}]},{"@type":"ImageObject","inLanguage":"hr","@id":"https:\/\/suwine.at\/hr\/produkt\/mondavi-eduardo-chadwick-sena-2017\/#primaryimage","url":"https:\/\/suwine.at\/wp-content\/uploads\/2025\/11\/IMG_0661.avif","contentUrl":"https:\/\/suwine.at\/wp-content\/uploads\/2025\/11\/IMG_0661.avif","width":1600,"height":1600,"caption":"Sena 2017"},{"@type":"BreadcrumbList","@id":"https:\/\/suwine.at\/hr\/produkt\/mondavi-eduardo-chadwick-sena-2017\/#breadcrumb","itemListElement":[{"@type":"ListItem","position":1,"name":"Startseite","item":"https:\/\/suwine.at\/hr\/"},{"@type":"ListItem","position":2,"name":"Shop","item":"https:\/\/suwine.at\/shop\/"},{"@type":"ListItem","position":3,"name":"Mondavi \/ Eduardo Chadwick: Sena 2017"}]},{"@type":"WebSite","@id":"https:\/\/suwine.at\/hr\/#website","url":"https:\/\/suwine.at\/hr\/","name":"Suwine - Suwi Zlatic","description":"Sommelier | Gourmet Play Store | Consulting","potentialAction":[{"@type":"SearchAction","target":{"@type":"EntryPoint","urlTemplate":"https:\/\/suwine.at\/hr\/?s={search_term_string}"},"query-input":{"@type":"PropertyValueSpecification","valueRequired":true,"valueName":"search_term_string"}}],"inLanguage":"hr"}]}},"_links":{"self":[{"href":"https:\/\/suwine.at\/hr\/wp-json\/wp\/v2\/product\/235836","targetHints":{"allow":["GET"]}}],"collection":[{"href":"https:\/\/suwine.at\/hr\/wp-json\/wp\/v2\/product"}],"about":[{"href":"https:\/\/suwine.at\/hr\/wp-json\/wp\/v2\/types\/product"}],"wp:featuredmedia":[{"embeddable":true,"href":"https:\/\/suwine.at\/hr\/wp-json\/wp\/v2\/media\/235826"}],"wp:attachment":[{"href":"https:\/\/suwine.at\/hr\/wp-json\/wp\/v2\/media?parent=235836"}],"wp:term":[{"taxonomy":"product_brand","embeddable":true,"href":"https:\/\/suwine.at\/hr\/wp-json\/wp\/v2\/product_brand?post=235836"},{"taxonomy":"product_cat","embeddable":true,"href":"https:\/\/suwine.at\/hr\/wp-json\/wp\/v2\/product_cat?post=235836"},{"taxonomy":"product_tag","embeddable":true,"href":"https:\/\/suwine.at\/hr\/wp-json\/wp\/v2\/product_tag?post=235836"}],"curies":[{"name":"wp","href":"https:\/\/api.w.org\/{rel}","templated":true}]}}