{"id":235838,"date":"2025-11-27T19:39:57","date_gmt":"2025-11-27T18:39:57","guid":{"rendered":"https:\/\/suwine.at\/?post_type=product&#038;p=235838"},"modified":"2025-11-27T19:40:47","modified_gmt":"2025-11-27T18:40:47","slug":"ridge-zinfandel-pagani-ranch-2021","status":"publish","type":"product","link":"https:\/\/suwine.at\/hr\/produkt\/ridge-zinfandel-pagani-ranch-2021\/","title":{"rendered":"Ridge: Zinfandel Pagani Ranch 2021"},"content":{"rendered":"<h2>Ridge: Zinfandel Pagani Ranch 2021<\/h2>\n<p>Die Geschichte der Pagani Ranch reicht zur\u00fcck in das vorletzte Jahrhundert, etwa Ende der 1880er Jahre kaufte Felice Pagani die Wildwood Dairy Farm.<br \/>\nDie Ranch liegt am Highway 12 in der N\u00e4he von Kenwood, der Ort ist f\u00fcr sein malerisches Stadtbild und die wundersch\u00f6ne Umgebung mit sanften H\u00fcgeln bekannt und ein bevorzugtes Photomotiv.<\/p>\n<p>Angesichts des k\u00fchlen Mikroklimas von Sonoma Valley, liegt die Pagani Ranch am fr\u00fchen Nachmittag oft im Nebel. Zwischen dem 7. und 16. Oktober wird zuerst der junge Zinfandel geerntet, gefolgt vom Old Vine Zinfandel, Petite Sirah und Alicante Bouchet. Typisch f\u00fcr die Appellation: Helle S\u00e4ure und viel Frucht. Ma\u00dfst\u00e4be f\u00fcr einen \u00fcppigen Wein.<\/p>\n<table class=\"product--properties\">\n<tbody>\n<tr>\n<td><span class=\"is--bold\">Hersteller:<\/span><\/td>\n<td>Ridge Vineyards, 17100 Montebello Road Cupertino, CA 95014-5435 USA Verantwortlicher Importeur: Wein Direktimport Feinkost Scholz GmbH, Potsdamer Platz 3, D-59494 Soest<\/td>\n<\/tr>\n<tr>\n<td><span class=\"is--bold\">Alkohol in %:<\/span><\/td>\n<td>14.5<\/td>\n<\/tr>\n<tr>\n<td><span class=\"is--bold\">Allergene:<\/span><\/td>\n<td>Enth\u00e4lt Sulfite<\/td>\n<\/tr>\n<tr>\n<td><span class=\"is--bold\">Ausbauart:<\/span><\/td>\n<td>Barriquefa\u00df<\/td>\n<\/tr>\n<tr>\n<td><span class=\"is--bold\">Dekantieren:<\/span><\/td>\n<td>etwa 1 Stunde<\/td>\n<\/tr>\n<tr>\n<td><span class=\"is--bold\">Erzeugnis aus:<\/span><\/td>\n<td>USA<\/td>\n<\/tr>\n<tr>\n<td><span class=\"is--bold\">Geschmack:<\/span><\/td>\n<td>trocken<\/td>\n<\/tr>\n<tr>\n<td><span class=\"is--bold\">Jahrgang:<\/span><\/td>\n<td>2021<\/td>\n<\/tr>\n<tr>\n<td><span class=\"is--bold\">Pa\u00dft zu:<\/span><\/td>\n<td>Burger mit Paprika, Bacon und K\u00e4se, Ibericoschwein, Stilton, weitere Blauschimmelk\u00e4se<\/td>\n<\/tr>\n<tr>\n<td><span class=\"is--bold\">Qualit\u00e4t:<\/span><\/td>\n<td>Qualit\u00e4tswein, Premiumwein<\/td>\n<\/tr>\n<tr>\n<td><span class=\"is--bold\">Rebsorte:<\/span><\/td>\n<td>Petite Syrah<\/td>\n<\/tr>\n<tr>\n<td><span class=\"is--bold\">Region:<\/span><\/td>\n<td>Kalifornien, Dry Creek Valley<\/td>\n<\/tr>\n<tr>\n<td><span class=\"is--bold\">Trinktemperatur in \u00b0C:<\/span><\/td>\n<td>14 &#8211; 18<\/td>\n<\/tr>\n<tr>\n<td><span class=\"is--bold\">Trinkempfehlung:<\/span><\/td>\n<td>bis 2037<\/td>\n<\/tr>\n<tr>\n<td><span class=\"is--bold\">Verschlu\u00df:<\/span><\/td>\n<td>Naturkork<\/td>\n<\/tr>\n<tr>\n<td><span class=\"is--bold\">Wein:<\/span><\/td>\n<td>Rotwein<\/td>\n<\/tr>\n<\/tbody>\n<\/table>\n<p>&nbsp;<\/p>\n<span class=\"et_bloom_bottom_trigger\"><\/span>","protected":false},"excerpt":{"rendered":"<p>Das Weingut ist ein Sonderfall in der kalifornischen Weingeschichte, hier gibt es die seltenen, \u00fcber hundert Jahre alten Reben. Felice Pagani bewies Weitsicht, als er Zinfandel, Petite Syrah, Mataro (Mourv\u00e8dre) und Alicante Bouschet pflanzte.<br \/>\nDie Reben stehen auf kiesigem Lehm und haben sich mit den Wurzeln tief im den Boden verankert, um N\u00e4hrstoffe und Wasser zu finden. Beerengr\u00f6\u00dfe und Ertrag bleiben auch aufgrund des Alters der Reben gering, das Aroma hingegen ist sehr intensiv.<\/p>\n","protected":false},"featured_media":235827,"template":"","meta":{"_et_pb_use_builder":"","_et_pb_old_content":"","_et_gb_content_width":""},"product_brand":[],"product_cat":[210,85],"product_tag":[904,141],"class_list":{"0":"post-235838","1":"product","2":"type-product","3":"status-publish","4":"has-post-thumbnail","6":"product_cat-rotwein-international","7":"product_cat-rotwein","8":"product_tag-zinfandel","9":"product_tag-usa","11":"first","12":"instock","13":"taxable","14":"shipping-taxable","15":"purchasable","16":"product-type-simple"},"yoast_head":"<!-- This site is optimized with the Yoast SEO plugin v27.2 - https:\/\/yoast.com\/product\/yoast-seo-wordpress\/ -->\n<title>Ridge: Zinfandel Pagani Ranch 2021 - Suwine - Suwi Zlatic<\/title>\n<meta name=\"description\" content=\"Das Weingut ist ein Sonderfall in der kalifornischen Weingeschichte, hier gibt es die seltenen, \u00fcber hundert Jahre alten Reben. Felice Pagani bewies Weitsicht, als er Zinfandel, Petite Syrah, Mataro (Mourv\u00e8dre) und Alicante Bouschet pflanzte.Die Reben stehen auf kiesigem Lehm und haben sich mit den Wurzeln tief im den Boden verankert, um N\u00e4hrstoffe und Wasser zu finden. Beerengr\u00f6\u00dfe und Ertrag bleiben auch aufgrund des Alters der Reben gering, das Aroma hingegen ist sehr intensiv.\" \/>\n<meta name=\"robots\" content=\"index, follow, max-snippet:-1, max-image-preview:large, max-video-preview:-1\" \/>\n<link rel=\"canonical\" href=\"https:\/\/suwine.at\/hr\/produkt\/ridge-zinfandel-pagani-ranch-2021\/\" \/>\n<meta property=\"og:locale\" content=\"hr_HR\" \/>\n<meta property=\"og:type\" content=\"article\" \/>\n<meta property=\"og:title\" content=\"Ridge: Zinfandel Pagani Ranch 2021 - Suwine - Suwi Zlatic\" \/>\n<meta property=\"og:description\" content=\"Das Weingut ist ein Sonderfall in der kalifornischen Weingeschichte, hier gibt es die seltenen, \u00fcber hundert Jahre alten Reben. Felice Pagani bewies Weitsicht, als er Zinfandel, Petite Syrah, Mataro (Mourv\u00e8dre) und Alicante Bouschet pflanzte.Die Reben stehen auf kiesigem Lehm und haben sich mit den Wurzeln tief im den Boden verankert, um N\u00e4hrstoffe und Wasser zu finden. Beerengr\u00f6\u00dfe und Ertrag bleiben auch aufgrund des Alters der Reben gering, das Aroma hingegen ist sehr intensiv.\" \/>\n<meta property=\"og:url\" content=\"https:\/\/suwine.at\/hr\/produkt\/ridge-zinfandel-pagani-ranch-2021\/\" \/>\n<meta property=\"og:site_name\" content=\"Suwine - Suwi Zlatic\" \/>\n<meta property=\"article:modified_time\" content=\"2025-11-27T18:40:47+00:00\" \/>\n<meta property=\"og:image\" content=\"https:\/\/suwine.at\/wp-content\/uploads\/2025\/11\/IMG_0663.avif\" \/>\n\t<meta property=\"og:image:width\" content=\"1600\" \/>\n\t<meta property=\"og:image:height\" content=\"1600\" \/>\n\t<meta property=\"og:image:type\" content=\"image\/jpeg\" \/>\n<meta name=\"twitter:card\" content=\"summary_large_image\" \/>\n<meta name=\"twitter:label1\" content=\"Procijenjeno vrijeme \u010ditanja\" \/>\n\t<meta name=\"twitter:data1\" content=\"2 minute\" \/>\n<script type=\"application\/ld+json\" class=\"yoast-schema-graph\">{\"@context\":\"https:\/\/schema.org\",\"@graph\":[{\"@type\":\"WebPage\",\"@id\":\"https:\/\/suwine.at\/hr\/produkt\/ridge-zinfandel-pagani-ranch-2021\/\",\"url\":\"https:\/\/suwine.at\/hr\/produkt\/ridge-zinfandel-pagani-ranch-2021\/\",\"name\":\"Ridge: Zinfandel Pagani Ranch 2021 - Suwine - Suwi Zlatic\",\"isPartOf\":{\"@id\":\"https:\/\/suwine.at\/hr\/#website\"},\"primaryImageOfPage\":{\"@id\":\"https:\/\/suwine.at\/hr\/produkt\/ridge-zinfandel-pagani-ranch-2021\/#primaryimage\"},\"image\":{\"@id\":\"https:\/\/suwine.at\/hr\/produkt\/ridge-zinfandel-pagani-ranch-2021\/#primaryimage\"},\"thumbnailUrl\":\"https:\/\/suwine.at\/wp-content\/uploads\/2025\/11\/IMG_0663.avif\",\"datePublished\":\"2025-11-27T18:39:57+00:00\",\"dateModified\":\"2025-11-27T18:40:47+00:00\",\"description\":\"Das Weingut ist ein Sonderfall in der kalifornischen Weingeschichte, hier gibt es die seltenen, \u00fcber hundert Jahre alten Reben. Felice Pagani bewies Weitsicht, als er Zinfandel, Petite Syrah, Mataro (Mourv\u00e8dre) und Alicante Bouschet pflanzte.Die Reben stehen auf kiesigem Lehm und haben sich mit den Wurzeln tief im den Boden verankert, um N\u00e4hrstoffe und Wasser zu finden. Beerengr\u00f6\u00dfe und Ertrag bleiben auch aufgrund des Alters der Reben gering, das Aroma hingegen ist sehr intensiv.\",\"breadcrumb\":{\"@id\":\"https:\/\/suwine.at\/hr\/produkt\/ridge-zinfandel-pagani-ranch-2021\/#breadcrumb\"},\"inLanguage\":\"hr\",\"potentialAction\":[{\"@type\":\"ReadAction\",\"target\":[\"https:\/\/suwine.at\/hr\/produkt\/ridge-zinfandel-pagani-ranch-2021\/\"]}]},{\"@type\":\"ImageObject\",\"inLanguage\":\"hr\",\"@id\":\"https:\/\/suwine.at\/hr\/produkt\/ridge-zinfandel-pagani-ranch-2021\/#primaryimage\",\"url\":\"https:\/\/suwine.at\/wp-content\/uploads\/2025\/11\/IMG_0663.avif\",\"contentUrl\":\"https:\/\/suwine.at\/wp-content\/uploads\/2025\/11\/IMG_0663.avif\",\"width\":1600,\"height\":1600,\"caption\":\"Ridge Pagani\"},{\"@type\":\"BreadcrumbList\",\"@id\":\"https:\/\/suwine.at\/hr\/produkt\/ridge-zinfandel-pagani-ranch-2021\/#breadcrumb\",\"itemListElement\":[{\"@type\":\"ListItem\",\"position\":1,\"name\":\"Startseite\",\"item\":\"https:\/\/suwine.at\/hr\/\"},{\"@type\":\"ListItem\",\"position\":2,\"name\":\"Shop\",\"item\":\"https:\/\/suwine.at\/shop\/\"},{\"@type\":\"ListItem\",\"position\":3,\"name\":\"Ridge: Zinfandel Pagani Ranch 2021\"}]},{\"@type\":\"WebSite\",\"@id\":\"https:\/\/suwine.at\/hr\/#website\",\"url\":\"https:\/\/suwine.at\/hr\/\",\"name\":\"Suwine - Suwi Zlatic\",\"description\":\"Sommelier | Gourmet Play Store | Consulting\",\"potentialAction\":[{\"@type\":\"SearchAction\",\"target\":{\"@type\":\"EntryPoint\",\"urlTemplate\":\"https:\/\/suwine.at\/hr\/?s={search_term_string}\"},\"query-input\":{\"@type\":\"PropertyValueSpecification\",\"valueRequired\":true,\"valueName\":\"search_term_string\"}}],\"inLanguage\":\"hr\"}]}<\/script>\n<!-- \/ Yoast SEO plugin. -->","yoast_head_json":{"title":"Ridge: Zinfandel Pagani Ranch 2021 - Suwine - Suwi Zlatic","description":"Das Weingut ist ein Sonderfall in der kalifornischen Weingeschichte, hier gibt es die seltenen, \u00fcber hundert Jahre alten Reben. Felice Pagani bewies Weitsicht, als er Zinfandel, Petite Syrah, Mataro (Mourv\u00e8dre) und Alicante Bouschet pflanzte.Die Reben stehen auf kiesigem Lehm und haben sich mit den Wurzeln tief im den Boden verankert, um N\u00e4hrstoffe und Wasser zu finden. Beerengr\u00f6\u00dfe und Ertrag bleiben auch aufgrund des Alters der Reben gering, das Aroma hingegen ist sehr intensiv.","robots":{"index":"index","follow":"follow","max-snippet":"max-snippet:-1","max-image-preview":"max-image-preview:large","max-video-preview":"max-video-preview:-1"},"canonical":"https:\/\/suwine.at\/hr\/produkt\/ridge-zinfandel-pagani-ranch-2021\/","og_locale":"hr_HR","og_type":"article","og_title":"Ridge: Zinfandel Pagani Ranch 2021 - Suwine - Suwi Zlatic","og_description":"Das Weingut ist ein Sonderfall in der kalifornischen Weingeschichte, hier gibt es die seltenen, \u00fcber hundert Jahre alten Reben. Felice Pagani bewies Weitsicht, als er Zinfandel, Petite Syrah, Mataro (Mourv\u00e8dre) und Alicante Bouschet pflanzte.Die Reben stehen auf kiesigem Lehm und haben sich mit den Wurzeln tief im den Boden verankert, um N\u00e4hrstoffe und Wasser zu finden. Beerengr\u00f6\u00dfe und Ertrag bleiben auch aufgrund des Alters der Reben gering, das Aroma hingegen ist sehr intensiv.","og_url":"https:\/\/suwine.at\/hr\/produkt\/ridge-zinfandel-pagani-ranch-2021\/","og_site_name":"Suwine - Suwi Zlatic","article_modified_time":"2025-11-27T18:40:47+00:00","og_image":[{"width":1600,"height":1600,"url":"https:\/\/suwine.at\/wp-content\/uploads\/2025\/11\/IMG_0663.avif","type":"image\/jpeg"}],"twitter_card":"summary_large_image","twitter_misc":{"Procijenjeno vrijeme \u010ditanja":"2 minute"},"schema":{"@context":"https:\/\/schema.org","@graph":[{"@type":"WebPage","@id":"https:\/\/suwine.at\/hr\/produkt\/ridge-zinfandel-pagani-ranch-2021\/","url":"https:\/\/suwine.at\/hr\/produkt\/ridge-zinfandel-pagani-ranch-2021\/","name":"Ridge: Zinfandel Pagani Ranch 2021 - Suwine - Suwi Zlatic","isPartOf":{"@id":"https:\/\/suwine.at\/hr\/#website"},"primaryImageOfPage":{"@id":"https:\/\/suwine.at\/hr\/produkt\/ridge-zinfandel-pagani-ranch-2021\/#primaryimage"},"image":{"@id":"https:\/\/suwine.at\/hr\/produkt\/ridge-zinfandel-pagani-ranch-2021\/#primaryimage"},"thumbnailUrl":"https:\/\/suwine.at\/wp-content\/uploads\/2025\/11\/IMG_0663.avif","datePublished":"2025-11-27T18:39:57+00:00","dateModified":"2025-11-27T18:40:47+00:00","description":"Das Weingut ist ein Sonderfall in der kalifornischen Weingeschichte, hier gibt es die seltenen, \u00fcber hundert Jahre alten Reben. Felice Pagani bewies Weitsicht, als er Zinfandel, Petite Syrah, Mataro (Mourv\u00e8dre) und Alicante Bouschet pflanzte.Die Reben stehen auf kiesigem Lehm und haben sich mit den Wurzeln tief im den Boden verankert, um N\u00e4hrstoffe und Wasser zu finden. Beerengr\u00f6\u00dfe und Ertrag bleiben auch aufgrund des Alters der Reben gering, das Aroma hingegen ist sehr intensiv.","breadcrumb":{"@id":"https:\/\/suwine.at\/hr\/produkt\/ridge-zinfandel-pagani-ranch-2021\/#breadcrumb"},"inLanguage":"hr","potentialAction":[{"@type":"ReadAction","target":["https:\/\/suwine.at\/hr\/produkt\/ridge-zinfandel-pagani-ranch-2021\/"]}]},{"@type":"ImageObject","inLanguage":"hr","@id":"https:\/\/suwine.at\/hr\/produkt\/ridge-zinfandel-pagani-ranch-2021\/#primaryimage","url":"https:\/\/suwine.at\/wp-content\/uploads\/2025\/11\/IMG_0663.avif","contentUrl":"https:\/\/suwine.at\/wp-content\/uploads\/2025\/11\/IMG_0663.avif","width":1600,"height":1600,"caption":"Ridge Pagani"},{"@type":"BreadcrumbList","@id":"https:\/\/suwine.at\/hr\/produkt\/ridge-zinfandel-pagani-ranch-2021\/#breadcrumb","itemListElement":[{"@type":"ListItem","position":1,"name":"Startseite","item":"https:\/\/suwine.at\/hr\/"},{"@type":"ListItem","position":2,"name":"Shop","item":"https:\/\/suwine.at\/shop\/"},{"@type":"ListItem","position":3,"name":"Ridge: Zinfandel Pagani Ranch 2021"}]},{"@type":"WebSite","@id":"https:\/\/suwine.at\/hr\/#website","url":"https:\/\/suwine.at\/hr\/","name":"Suwine - Suwi Zlatic","description":"Sommelier | Gourmet Play Store | Consulting","potentialAction":[{"@type":"SearchAction","target":{"@type":"EntryPoint","urlTemplate":"https:\/\/suwine.at\/hr\/?s={search_term_string}"},"query-input":{"@type":"PropertyValueSpecification","valueRequired":true,"valueName":"search_term_string"}}],"inLanguage":"hr"}]}},"_links":{"self":[{"href":"https:\/\/suwine.at\/hr\/wp-json\/wp\/v2\/product\/235838","targetHints":{"allow":["GET"]}}],"collection":[{"href":"https:\/\/suwine.at\/hr\/wp-json\/wp\/v2\/product"}],"about":[{"href":"https:\/\/suwine.at\/hr\/wp-json\/wp\/v2\/types\/product"}],"wp:featuredmedia":[{"embeddable":true,"href":"https:\/\/suwine.at\/hr\/wp-json\/wp\/v2\/media\/235827"}],"wp:attachment":[{"href":"https:\/\/suwine.at\/hr\/wp-json\/wp\/v2\/media?parent=235838"}],"wp:term":[{"taxonomy":"product_brand","embeddable":true,"href":"https:\/\/suwine.at\/hr\/wp-json\/wp\/v2\/product_brand?post=235838"},{"taxonomy":"product_cat","embeddable":true,"href":"https:\/\/suwine.at\/hr\/wp-json\/wp\/v2\/product_cat?post=235838"},{"taxonomy":"product_tag","embeddable":true,"href":"https:\/\/suwine.at\/hr\/wp-json\/wp\/v2\/product_tag?post=235838"}],"curies":[{"name":"wp","href":"https:\/\/api.w.org\/{rel}","templated":true}]}}