{"id":235839,"date":"2025-11-27T19:49:05","date_gmt":"2025-11-27T18:49:05","guid":{"rendered":"https:\/\/suwine.at\/?post_type=product&#038;p=235839"},"modified":"2026-03-31T14:16:00","modified_gmt":"2026-03-31T12:16:00","slug":"chateau-de-beaucastell-perrin-2021","status":"publish","type":"product","link":"https:\/\/suwine.at\/hr\/produkt\/chateau-de-beaucastell-perrin-2021\/","title":{"rendered":"Chateau de Beaucastell\/Perrin 2021"},"content":{"rendered":"<h2>Chateau de Beaucastell\/Perrin 2021<\/h2>\n<p>Dieser Wein ist einer der seltenen Ch\u00e2teauneufs, die wirklich aus den dreizehn ber\u00fchmten Rebsorten aus dem Rhone-Tal vinifiziert werden! Diese stammen von \u00fcber 50 Jahre alten Rebst\u00f6cken mit einem begrenzten Ertrag (maximal 30 hl\/ha) und von einem Terroir, das mit Methoden des biologischen Anbaus bewirtschaftet wird. Der Wein l\u00f6st Bewunderung aus und gilt als Vorbild f\u00fcr viele Winzer der Region. Wenn auch die dreizehn Rebsorten alle vertreten sind und diesem Rotwein eine seltene Komplexit\u00e4t verleihen, so sind Mourv\u00e8dre (30 %) und Grenache (30 %) jedoch klar dominant. Nach Abschluss der malolaktische G\u00e4rung werden alle dreizehn Weine zusammen in Eichenfuder mit einem Fassungsverm\u00f6gen von 40 Hektolitern gegeben. Der junge Wein verbleibt dort \u00fcber ein Jahr. Vor der Abf\u00fcllung wird er mit Eiwei\u00df gesch\u00f6nt. Nach der Abf\u00fcllung in Flaschen ruht er ein weiteres Jahr in den Kellern des Weinguts, bevor er in den Verkauf gelangt. Die langsame Reifung der Trauben, zusammen mit einer langen und sanften Vinifikation, bringt einen Wein mit seidigen Tanninen hervor, der dennoch einen f\u00fclligen Gaumen entwickelt. Fruchtigkeit, Ausgewogenheit und Reifepotenzial sind beeindruckend.<\/p>\n<span class=\"et_bloom_bottom_trigger\"><\/span>","protected":false},"excerpt":{"rendered":"<p>Dieser Wein ist wundersch\u00f6n, mit einer bemerkenswert reinen Pr\u00e4sentation von Aromen von Cassis, Kirschp\u00fcree und Pflaumenreduktion, die sanft mit Leder, Erle und getrockneter Garrigue durchzogen sind. Das schlanke,eiserne R\u00fcckgrat ist im Abgang tief verankert, und ein Hauch von warmem Stein hallt durch die Frucht nach<\/p>\n","protected":false},"featured_media":235828,"template":"","meta":{"_et_pb_use_builder":"","_et_pb_old_content":"","_et_gb_content_width":""},"product_brand":[],"product_cat":[85,210],"product_tag":[],"class_list":{"0":"post-235839","1":"product","2":"type-product","3":"status-publish","4":"has-post-thumbnail","6":"product_cat-rotwein","7":"product_cat-rotwein-international","9":"first","10":"instock","11":"taxable","12":"shipping-taxable","13":"purchasable","14":"product-type-simple"},"yoast_head":"<!-- This site is optimized with the Yoast SEO plugin v27.2 - https:\/\/yoast.com\/product\/yoast-seo-wordpress\/ -->\n<title>Chateau de Beaucastell\/Perrin 2021 - Suwine - Suwi Zlatic<\/title>\n<meta name=\"description\" content=\"Dieser Wein ist wundersch\u00f6n, mit einer bemerkenswert reinen Pr\u00e4sentation von Aromen von Cassis, Kirschp\u00fcree und Pflaumenreduktion, die sanft mit Leder, Erle und getrockneter Garrigue durchzogen sind. Das schlanke,eiserne R\u00fcckgrat ist im Abgang tief verankert, und ein Hauch von warmem Stein hallt durch die Frucht nach.\" \/>\n<meta name=\"robots\" content=\"index, follow, max-snippet:-1, max-image-preview:large, max-video-preview:-1\" \/>\n<link rel=\"canonical\" href=\"https:\/\/suwine.at\/hr\/produkt\/chateau-de-beaucastell-perrin-2021\/\" \/>\n<meta property=\"og:locale\" content=\"hr_HR\" \/>\n<meta property=\"og:type\" content=\"article\" \/>\n<meta property=\"og:title\" content=\"Chateau de Beaucastell\/Perrin 2021 - Suwine - Suwi Zlatic\" \/>\n<meta property=\"og:description\" content=\"Dieser Wein ist wundersch\u00f6n, mit einer bemerkenswert reinen Pr\u00e4sentation von Aromen von Cassis, Kirschp\u00fcree und Pflaumenreduktion, die sanft mit Leder, Erle und getrockneter Garrigue durchzogen sind. Das schlanke,eiserne R\u00fcckgrat ist im Abgang tief verankert, und ein Hauch von warmem Stein hallt durch die Frucht nach.\" \/>\n<meta property=\"og:url\" content=\"https:\/\/suwine.at\/hr\/produkt\/chateau-de-beaucastell-perrin-2021\/\" \/>\n<meta property=\"og:site_name\" content=\"Suwine - Suwi Zlatic\" \/>\n<meta property=\"article:modified_time\" content=\"2026-03-31T12:16:00+00:00\" \/>\n<meta property=\"og:image\" content=\"https:\/\/suwine.at\/wp-content\/uploads\/2025\/11\/IMG_0664.avif\" \/>\n\t<meta property=\"og:image:width\" content=\"1600\" \/>\n\t<meta property=\"og:image:height\" content=\"1600\" \/>\n\t<meta property=\"og:image:type\" content=\"image\/jpeg\" \/>\n<meta name=\"twitter:card\" content=\"summary_large_image\" \/>\n<meta name=\"twitter:label1\" content=\"Procijenjeno vrijeme \u010ditanja\" \/>\n\t<meta name=\"twitter:data1\" content=\"2 minute\" \/>\n<script type=\"application\/ld+json\" class=\"yoast-schema-graph\">{\"@context\":\"https:\/\/schema.org\",\"@graph\":[{\"@type\":\"WebPage\",\"@id\":\"https:\/\/suwine.at\/hr\/produkt\/chateau-de-beaucastell-perrin-2021\/\",\"url\":\"https:\/\/suwine.at\/hr\/produkt\/chateau-de-beaucastell-perrin-2021\/\",\"name\":\"Chateau de Beaucastell\/Perrin 2021 - Suwine - Suwi Zlatic\",\"isPartOf\":{\"@id\":\"https:\/\/suwine.at\/hr\/#website\"},\"primaryImageOfPage\":{\"@id\":\"https:\/\/suwine.at\/hr\/produkt\/chateau-de-beaucastell-perrin-2021\/#primaryimage\"},\"image\":{\"@id\":\"https:\/\/suwine.at\/hr\/produkt\/chateau-de-beaucastell-perrin-2021\/#primaryimage\"},\"thumbnailUrl\":\"https:\/\/suwine.at\/wp-content\/uploads\/2025\/11\/IMG_0664.avif\",\"datePublished\":\"2025-11-27T18:49:05+00:00\",\"dateModified\":\"2026-03-31T12:16:00+00:00\",\"description\":\"Dieser Wein ist wundersch\u00f6n, mit einer bemerkenswert reinen Pr\u00e4sentation von Aromen von Cassis, Kirschp\u00fcree und Pflaumenreduktion, die sanft mit Leder, Erle und getrockneter Garrigue durchzogen sind. Das schlanke,eiserne R\u00fcckgrat ist im Abgang tief verankert, und ein Hauch von warmem Stein hallt durch die Frucht nach.\",\"breadcrumb\":{\"@id\":\"https:\/\/suwine.at\/hr\/produkt\/chateau-de-beaucastell-perrin-2021\/#breadcrumb\"},\"inLanguage\":\"hr\",\"potentialAction\":[{\"@type\":\"ReadAction\",\"target\":[\"https:\/\/suwine.at\/hr\/produkt\/chateau-de-beaucastell-perrin-2021\/\"]}]},{\"@type\":\"ImageObject\",\"inLanguage\":\"hr\",\"@id\":\"https:\/\/suwine.at\/hr\/produkt\/chateau-de-beaucastell-perrin-2021\/#primaryimage\",\"url\":\"https:\/\/suwine.at\/wp-content\/uploads\/2025\/11\/IMG_0664.avif\",\"contentUrl\":\"https:\/\/suwine.at\/wp-content\/uploads\/2025\/11\/IMG_0664.avif\",\"width\":1600,\"height\":1600,\"caption\":\"Chateau de Beaucastell\/Perrin\"},{\"@type\":\"BreadcrumbList\",\"@id\":\"https:\/\/suwine.at\/hr\/produkt\/chateau-de-beaucastell-perrin-2021\/#breadcrumb\",\"itemListElement\":[{\"@type\":\"ListItem\",\"position\":1,\"name\":\"Startseite\",\"item\":\"https:\/\/suwine.at\/hr\/\"},{\"@type\":\"ListItem\",\"position\":2,\"name\":\"Shop\",\"item\":\"https:\/\/suwine.at\/shop\/\"},{\"@type\":\"ListItem\",\"position\":3,\"name\":\"Chateau de Beaucastell\/Perrin 2021\"}]},{\"@type\":\"WebSite\",\"@id\":\"https:\/\/suwine.at\/hr\/#website\",\"url\":\"https:\/\/suwine.at\/hr\/\",\"name\":\"Suwine - Suwi Zlatic\",\"description\":\"Sommelier | Gourmet Play Store | Consulting\",\"potentialAction\":[{\"@type\":\"SearchAction\",\"target\":{\"@type\":\"EntryPoint\",\"urlTemplate\":\"https:\/\/suwine.at\/hr\/?s={search_term_string}\"},\"query-input\":{\"@type\":\"PropertyValueSpecification\",\"valueRequired\":true,\"valueName\":\"search_term_string\"}}],\"inLanguage\":\"hr\"}]}<\/script>\n<!-- \/ Yoast SEO plugin. -->","yoast_head_json":{"title":"Chateau de Beaucastell\/Perrin 2021 - Suwine - Suwi Zlatic","description":"Dieser Wein ist wundersch\u00f6n, mit einer bemerkenswert reinen Pr\u00e4sentation von Aromen von Cassis, Kirschp\u00fcree und Pflaumenreduktion, die sanft mit Leder, Erle und getrockneter Garrigue durchzogen sind. Das schlanke,eiserne R\u00fcckgrat ist im Abgang tief verankert, und ein Hauch von warmem Stein hallt durch die Frucht nach.","robots":{"index":"index","follow":"follow","max-snippet":"max-snippet:-1","max-image-preview":"max-image-preview:large","max-video-preview":"max-video-preview:-1"},"canonical":"https:\/\/suwine.at\/hr\/produkt\/chateau-de-beaucastell-perrin-2021\/","og_locale":"hr_HR","og_type":"article","og_title":"Chateau de Beaucastell\/Perrin 2021 - Suwine - Suwi Zlatic","og_description":"Dieser Wein ist wundersch\u00f6n, mit einer bemerkenswert reinen Pr\u00e4sentation von Aromen von Cassis, Kirschp\u00fcree und Pflaumenreduktion, die sanft mit Leder, Erle und getrockneter Garrigue durchzogen sind. Das schlanke,eiserne R\u00fcckgrat ist im Abgang tief verankert, und ein Hauch von warmem Stein hallt durch die Frucht nach.","og_url":"https:\/\/suwine.at\/hr\/produkt\/chateau-de-beaucastell-perrin-2021\/","og_site_name":"Suwine - Suwi Zlatic","article_modified_time":"2026-03-31T12:16:00+00:00","og_image":[{"width":1600,"height":1600,"url":"https:\/\/suwine.at\/wp-content\/uploads\/2025\/11\/IMG_0664.avif","type":"image\/jpeg"}],"twitter_card":"summary_large_image","twitter_misc":{"Procijenjeno vrijeme \u010ditanja":"2 minute"},"schema":{"@context":"https:\/\/schema.org","@graph":[{"@type":"WebPage","@id":"https:\/\/suwine.at\/hr\/produkt\/chateau-de-beaucastell-perrin-2021\/","url":"https:\/\/suwine.at\/hr\/produkt\/chateau-de-beaucastell-perrin-2021\/","name":"Chateau de Beaucastell\/Perrin 2021 - Suwine - Suwi Zlatic","isPartOf":{"@id":"https:\/\/suwine.at\/hr\/#website"},"primaryImageOfPage":{"@id":"https:\/\/suwine.at\/hr\/produkt\/chateau-de-beaucastell-perrin-2021\/#primaryimage"},"image":{"@id":"https:\/\/suwine.at\/hr\/produkt\/chateau-de-beaucastell-perrin-2021\/#primaryimage"},"thumbnailUrl":"https:\/\/suwine.at\/wp-content\/uploads\/2025\/11\/IMG_0664.avif","datePublished":"2025-11-27T18:49:05+00:00","dateModified":"2026-03-31T12:16:00+00:00","description":"Dieser Wein ist wundersch\u00f6n, mit einer bemerkenswert reinen Pr\u00e4sentation von Aromen von Cassis, Kirschp\u00fcree und Pflaumenreduktion, die sanft mit Leder, Erle und getrockneter Garrigue durchzogen sind. Das schlanke,eiserne R\u00fcckgrat ist im Abgang tief verankert, und ein Hauch von warmem Stein hallt durch die Frucht nach.","breadcrumb":{"@id":"https:\/\/suwine.at\/hr\/produkt\/chateau-de-beaucastell-perrin-2021\/#breadcrumb"},"inLanguage":"hr","potentialAction":[{"@type":"ReadAction","target":["https:\/\/suwine.at\/hr\/produkt\/chateau-de-beaucastell-perrin-2021\/"]}]},{"@type":"ImageObject","inLanguage":"hr","@id":"https:\/\/suwine.at\/hr\/produkt\/chateau-de-beaucastell-perrin-2021\/#primaryimage","url":"https:\/\/suwine.at\/wp-content\/uploads\/2025\/11\/IMG_0664.avif","contentUrl":"https:\/\/suwine.at\/wp-content\/uploads\/2025\/11\/IMG_0664.avif","width":1600,"height":1600,"caption":"Chateau de Beaucastell\/Perrin"},{"@type":"BreadcrumbList","@id":"https:\/\/suwine.at\/hr\/produkt\/chateau-de-beaucastell-perrin-2021\/#breadcrumb","itemListElement":[{"@type":"ListItem","position":1,"name":"Startseite","item":"https:\/\/suwine.at\/hr\/"},{"@type":"ListItem","position":2,"name":"Shop","item":"https:\/\/suwine.at\/shop\/"},{"@type":"ListItem","position":3,"name":"Chateau de Beaucastell\/Perrin 2021"}]},{"@type":"WebSite","@id":"https:\/\/suwine.at\/hr\/#website","url":"https:\/\/suwine.at\/hr\/","name":"Suwine - Suwi Zlatic","description":"Sommelier | Gourmet Play Store | Consulting","potentialAction":[{"@type":"SearchAction","target":{"@type":"EntryPoint","urlTemplate":"https:\/\/suwine.at\/hr\/?s={search_term_string}"},"query-input":{"@type":"PropertyValueSpecification","valueRequired":true,"valueName":"search_term_string"}}],"inLanguage":"hr"}]}},"_links":{"self":[{"href":"https:\/\/suwine.at\/hr\/wp-json\/wp\/v2\/product\/235839","targetHints":{"allow":["GET"]}}],"collection":[{"href":"https:\/\/suwine.at\/hr\/wp-json\/wp\/v2\/product"}],"about":[{"href":"https:\/\/suwine.at\/hr\/wp-json\/wp\/v2\/types\/product"}],"wp:featuredmedia":[{"embeddable":true,"href":"https:\/\/suwine.at\/hr\/wp-json\/wp\/v2\/media\/235828"}],"wp:attachment":[{"href":"https:\/\/suwine.at\/hr\/wp-json\/wp\/v2\/media?parent=235839"}],"wp:term":[{"taxonomy":"product_brand","embeddable":true,"href":"https:\/\/suwine.at\/hr\/wp-json\/wp\/v2\/product_brand?post=235839"},{"taxonomy":"product_cat","embeddable":true,"href":"https:\/\/suwine.at\/hr\/wp-json\/wp\/v2\/product_cat?post=235839"},{"taxonomy":"product_tag","embeddable":true,"href":"https:\/\/suwine.at\/hr\/wp-json\/wp\/v2\/product_tag?post=235839"}],"curies":[{"name":"wp","href":"https:\/\/api.w.org\/{rel}","templated":true}]}}