{"id":236080,"date":"2026-02-27T12:46:13","date_gmt":"2026-02-27T11:46:13","guid":{"rendered":"https:\/\/suwine.at\/?post_type=product&#038;p=236080"},"modified":"2026-03-30T09:53:12","modified_gmt":"2026-03-30T07:53:12","slug":"toscana-selection-box","status":"publish","type":"product","link":"https:\/\/suwine.at\/hr\/produkt\/toscana-selection-box\/","title":{"rendered":"Toscana Selection Box"},"content":{"rendered":"<h2><span class=\"s1\">Exklusive Kollektion<\/span> t<span class=\"s1\">oskanischer Legenden in ihrer kraftvollsten Form<\/span><\/h2>\n<p class=\"p3\"><span class=\"s2\">Diese exklusive Tuscan Selection Box vereint sechs au\u00dfergew\u00f6hnliche Rotwein-Ikonen aus der Toskana und repr\u00e4sentiert die moderne Spitzenklasse italienischer Weinkunst.<br \/>\nDie sorgf\u00e4ltig ausgew\u00e4hlte Kollektion umfasst sowohl weltbekannte Ikonen als auch charakterstarke Weine renommierter Weing\u00fcter und bietet ein beeindruckendes Geschmackserlebnis auf h\u00f6chstem Niveau.<\/span><\/p>\n<p class=\"p3\"><span class=\"s2\">Diese Weine stehen f\u00fcr Innovation, Qualit\u00e4t und internationale Anerkennung. Sie verbinden die toskanische Weintradition mit modernen \u00f6nologischen Ans\u00e4tzen und zeichnen sich durch Tiefe, Eleganz und hervorragendes Reifepotenzial aus.<\/span><\/p>\n<h4><span class=\"s1\">Inhalt der Box<\/span><\/h4>\n<ul>\n<li>\n<p class=\"p1\"><span class=\"s1\"><strong>Le Volte dell\u2019Ornellaia 2023: <\/strong>Elegant, zug\u00e4nglich und harmonisch<\/span><\/p>\n<\/li>\n<li>\n<p class=\"p1\"><span class=\"s1\"><strong>Volpaia Balifico Toscana 2018: <\/strong>Komplex, strukturiert und ausdrucksstark<\/span><\/p>\n<\/li>\n<li>\n<p class=\"p1\"><span class=\"s1\"><strong>Terra di Monteverro Toscana 2020: <\/strong>Kraftvoll, fein und modern<\/span><\/p>\n<\/li>\n<li>\n<p class=\"p1\"><span class=\"s1\"><strong>Tignanello Marchesi Antinori\u00a0 2022: <\/strong>Ikonisch, tiefgr\u00fcndig und weltweit gesch\u00e4tzt<\/span><\/p>\n<\/li>\n<li>\n<p class=\"p1\"><span class=\"s1\"><strong>Ameri Governo all\u2019Uso Toscano,\u00a0 Podere San Cristoforo 2018: <\/strong>Reichhaltig, weich und vollmundig<\/span><\/p>\n<\/li>\n<li>\n<p class=\"p1\"><span class=\"s1\"><strong>100 % Petit Verdot Toscana, Podere San Cristoforo 2018: <\/strong>Intensiv, charaktervoll und besonders<\/span><\/p>\n<\/li>\n<\/ul>\n<p>Je 1 Flasche (0,75 l).<\/p>\n<h4><span class=\"s1\">Details:<\/span><\/h4>\n<ul>\n<li>\n<p class=\"p1\"><span class=\"s1\">6 x 0,75 l Premium-Rotwein<\/span><\/p>\n<\/li>\n<li>\n<p class=\"p1\"><span class=\"s1\">Herkunft: Toskana, Italien<\/span><\/p>\n<\/li>\n<li>\n<p class=\"p1\"><span class=\"s1\">Auswahl renommierter Spitzenweing\u00fcter<\/span><\/p>\n<\/li>\n<li>\n<p class=\"p1\"><span class=\"s1\">Ideal als Geschenk oder f\u00fcr anspruchsvolle Weinliebhaber<\/span><\/p>\n<\/li>\n<li>\n<p class=\"p1\"><span class=\"s1\">Perfekt f\u00fcr Verkostungen, besondere Anl\u00e4sse oder exklusive Genussmomente<\/span><\/p>\n<\/li>\n<\/ul>\n<p class=\"p3\"><span class=\"s2\">Eine au\u00dfergew\u00f6hnliche Kollektion, die die Vielfalt, Eleganz und internationale Bedeutung der legend\u00e4ren Super Tuscans eindrucksvoll widerspiegelt.<\/span><\/p>\n<span class=\"et_bloom_bottom_trigger\"><\/span>","protected":false},"excerpt":{"rendered":"<p>Ikonen der Toskana in einer kraftvollen, hochkar\u00e4tigen Auswahl. Von Super-Tuscan-Legenden bis zu ausdrucksstarken Charakterweinen.<br \/>\nMaximale Qualit\u00e4t, starke Jahrg\u00e4nge und ein Preis, der diese Kollektion zur echten Ausnahme macht.<br \/>\n6 Flaschen zu je 0,75 l.<\/p>\n","protected":false},"featured_media":236079,"template":"","meta":{"_et_pb_use_builder":"","_et_pb_old_content":"","_et_gb_content_width":""},"product_brand":[],"product_cat":[206,210],"product_tag":[80,364],"class_list":{"0":"post-236080","1":"product","2":"type-product","3":"status-publish","4":"has-post-thumbnail","6":"product_cat-weinboxen-rotwein","7":"product_cat-rotwein-international","8":"product_tag-italien","9":"product_tag-toscana","11":"first","12":"instock","13":"taxable","14":"shipping-taxable","15":"purchasable","16":"product-type-simple"},"yoast_head":"<!-- This site is optimized with the Yoast SEO plugin v27.2 - https:\/\/yoast.com\/product\/yoast-seo-wordpress\/ -->\n<title>Toscana Selection Box - Suwine - Suwi Zlatic<\/title>\n<meta name=\"description\" content=\"Ikonische Toskana-Weine im exklusiven 6er-Paket. Super Tuscans &amp; Top-Jahrg\u00e4nge jetzt stark reduziert entdecken. Tignanello, Monteverro, etc.\" \/>\n<meta name=\"robots\" content=\"index, follow, max-snippet:-1, max-image-preview:large, max-video-preview:-1\" \/>\n<link rel=\"canonical\" href=\"https:\/\/suwine.at\/hr\/produkt\/toscana-selection-box\/\" \/>\n<meta property=\"og:locale\" content=\"hr_HR\" \/>\n<meta property=\"og:type\" content=\"article\" \/>\n<meta property=\"og:title\" content=\"Toscana Selection Box - Suwine - Suwi Zlatic\" \/>\n<meta property=\"og:description\" content=\"Ikonische Toskana-Weine im exklusiven 6er-Paket. Super Tuscans &amp; Top-Jahrg\u00e4nge jetzt stark reduziert entdecken. Tignanello, Monteverro, etc.\" \/>\n<meta property=\"og:url\" content=\"https:\/\/suwine.at\/hr\/produkt\/toscana-selection-box\/\" \/>\n<meta property=\"og:site_name\" content=\"Suwine - Suwi Zlatic\" \/>\n<meta property=\"article:modified_time\" content=\"2026-03-30T07:53:12+00:00\" \/>\n<meta property=\"og:image\" content=\"https:\/\/suwine.at\/wp-content\/uploads\/2026\/02\/image2-scaled.avif\" \/>\n\t<meta property=\"og:image:width\" content=\"2560\" \/>\n\t<meta property=\"og:image:height\" content=\"2410\" \/>\n\t<meta property=\"og:image:type\" content=\"image\/jpeg\" \/>\n<meta name=\"twitter:card\" content=\"summary_large_image\" \/>\n<meta name=\"twitter:label1\" content=\"Procijenjeno vrijeme \u010ditanja\" \/>\n\t<meta name=\"twitter:data1\" content=\"2 minute\" \/>\n<script type=\"application\/ld+json\" class=\"yoast-schema-graph\">{\"@context\":\"https:\/\/schema.org\",\"@graph\":[{\"@type\":\"WebPage\",\"@id\":\"https:\/\/suwine.at\/hr\/produkt\/toscana-selection-box\/\",\"url\":\"https:\/\/suwine.at\/hr\/produkt\/toscana-selection-box\/\",\"name\":\"Toscana Selection Box - Suwine - Suwi Zlatic\",\"isPartOf\":{\"@id\":\"https:\/\/suwine.at\/hr\/#website\"},\"primaryImageOfPage\":{\"@id\":\"https:\/\/suwine.at\/hr\/produkt\/toscana-selection-box\/#primaryimage\"},\"image\":{\"@id\":\"https:\/\/suwine.at\/hr\/produkt\/toscana-selection-box\/#primaryimage\"},\"thumbnailUrl\":\"https:\/\/suwine.at\/wp-content\/uploads\/2026\/02\/image2-scaled.avif\",\"datePublished\":\"2026-02-27T11:46:13+00:00\",\"dateModified\":\"2026-03-30T07:53:12+00:00\",\"description\":\"Ikonische Toskana-Weine im exklusiven 6er-Paket. Super Tuscans & Top-Jahrg\u00e4nge jetzt stark reduziert entdecken. Tignanello, Monteverro, etc.\",\"breadcrumb\":{\"@id\":\"https:\/\/suwine.at\/hr\/produkt\/toscana-selection-box\/#breadcrumb\"},\"inLanguage\":\"hr\",\"potentialAction\":[{\"@type\":\"ReadAction\",\"target\":[\"https:\/\/suwine.at\/hr\/produkt\/toscana-selection-box\/\"]}]},{\"@type\":\"ImageObject\",\"inLanguage\":\"hr\",\"@id\":\"https:\/\/suwine.at\/hr\/produkt\/toscana-selection-box\/#primaryimage\",\"url\":\"https:\/\/suwine.at\/wp-content\/uploads\/2026\/02\/image2-scaled.avif\",\"contentUrl\":\"https:\/\/suwine.at\/wp-content\/uploads\/2026\/02\/image2-scaled.avif\",\"width\":2560,\"height\":2410,\"caption\":\"Ikonische Weine aus der Toscana. Tiganello, Monteverro, etc.\"},{\"@type\":\"BreadcrumbList\",\"@id\":\"https:\/\/suwine.at\/hr\/produkt\/toscana-selection-box\/#breadcrumb\",\"itemListElement\":[{\"@type\":\"ListItem\",\"position\":1,\"name\":\"Startseite\",\"item\":\"https:\/\/suwine.at\/hr\/\"},{\"@type\":\"ListItem\",\"position\":2,\"name\":\"Shop\",\"item\":\"https:\/\/suwine.at\/shop\/\"},{\"@type\":\"ListItem\",\"position\":3,\"name\":\"Toscana Selection Box\"}]},{\"@type\":\"WebSite\",\"@id\":\"https:\/\/suwine.at\/hr\/#website\",\"url\":\"https:\/\/suwine.at\/hr\/\",\"name\":\"Suwine - Suwi Zlatic\",\"description\":\"Sommelier | Gourmet Play Store | Consulting\",\"potentialAction\":[{\"@type\":\"SearchAction\",\"target\":{\"@type\":\"EntryPoint\",\"urlTemplate\":\"https:\/\/suwine.at\/hr\/?s={search_term_string}\"},\"query-input\":{\"@type\":\"PropertyValueSpecification\",\"valueRequired\":true,\"valueName\":\"search_term_string\"}}],\"inLanguage\":\"hr\"}]}<\/script>\n<!-- \/ Yoast SEO plugin. -->","yoast_head_json":{"title":"Toscana Selection Box - Suwine - Suwi Zlatic","description":"Ikonische Toskana-Weine im exklusiven 6er-Paket. Super Tuscans & Top-Jahrg\u00e4nge jetzt stark reduziert entdecken. Tignanello, Monteverro, etc.","robots":{"index":"index","follow":"follow","max-snippet":"max-snippet:-1","max-image-preview":"max-image-preview:large","max-video-preview":"max-video-preview:-1"},"canonical":"https:\/\/suwine.at\/hr\/produkt\/toscana-selection-box\/","og_locale":"hr_HR","og_type":"article","og_title":"Toscana Selection Box - Suwine - Suwi Zlatic","og_description":"Ikonische Toskana-Weine im exklusiven 6er-Paket. Super Tuscans & Top-Jahrg\u00e4nge jetzt stark reduziert entdecken. Tignanello, Monteverro, etc.","og_url":"https:\/\/suwine.at\/hr\/produkt\/toscana-selection-box\/","og_site_name":"Suwine - Suwi Zlatic","article_modified_time":"2026-03-30T07:53:12+00:00","og_image":[{"width":2560,"height":2410,"url":"https:\/\/suwine.at\/wp-content\/uploads\/2026\/02\/image2-scaled.avif","type":"image\/jpeg"}],"twitter_card":"summary_large_image","twitter_misc":{"Procijenjeno vrijeme \u010ditanja":"2 minute"},"schema":{"@context":"https:\/\/schema.org","@graph":[{"@type":"WebPage","@id":"https:\/\/suwine.at\/hr\/produkt\/toscana-selection-box\/","url":"https:\/\/suwine.at\/hr\/produkt\/toscana-selection-box\/","name":"Toscana Selection Box - Suwine - Suwi Zlatic","isPartOf":{"@id":"https:\/\/suwine.at\/hr\/#website"},"primaryImageOfPage":{"@id":"https:\/\/suwine.at\/hr\/produkt\/toscana-selection-box\/#primaryimage"},"image":{"@id":"https:\/\/suwine.at\/hr\/produkt\/toscana-selection-box\/#primaryimage"},"thumbnailUrl":"https:\/\/suwine.at\/wp-content\/uploads\/2026\/02\/image2-scaled.avif","datePublished":"2026-02-27T11:46:13+00:00","dateModified":"2026-03-30T07:53:12+00:00","description":"Ikonische Toskana-Weine im exklusiven 6er-Paket. Super Tuscans & Top-Jahrg\u00e4nge jetzt stark reduziert entdecken. Tignanello, Monteverro, etc.","breadcrumb":{"@id":"https:\/\/suwine.at\/hr\/produkt\/toscana-selection-box\/#breadcrumb"},"inLanguage":"hr","potentialAction":[{"@type":"ReadAction","target":["https:\/\/suwine.at\/hr\/produkt\/toscana-selection-box\/"]}]},{"@type":"ImageObject","inLanguage":"hr","@id":"https:\/\/suwine.at\/hr\/produkt\/toscana-selection-box\/#primaryimage","url":"https:\/\/suwine.at\/wp-content\/uploads\/2026\/02\/image2-scaled.avif","contentUrl":"https:\/\/suwine.at\/wp-content\/uploads\/2026\/02\/image2-scaled.avif","width":2560,"height":2410,"caption":"Ikonische Weine aus der Toscana. Tiganello, Monteverro, etc."},{"@type":"BreadcrumbList","@id":"https:\/\/suwine.at\/hr\/produkt\/toscana-selection-box\/#breadcrumb","itemListElement":[{"@type":"ListItem","position":1,"name":"Startseite","item":"https:\/\/suwine.at\/hr\/"},{"@type":"ListItem","position":2,"name":"Shop","item":"https:\/\/suwine.at\/shop\/"},{"@type":"ListItem","position":3,"name":"Toscana Selection Box"}]},{"@type":"WebSite","@id":"https:\/\/suwine.at\/hr\/#website","url":"https:\/\/suwine.at\/hr\/","name":"Suwine - Suwi Zlatic","description":"Sommelier | Gourmet Play Store | Consulting","potentialAction":[{"@type":"SearchAction","target":{"@type":"EntryPoint","urlTemplate":"https:\/\/suwine.at\/hr\/?s={search_term_string}"},"query-input":{"@type":"PropertyValueSpecification","valueRequired":true,"valueName":"search_term_string"}}],"inLanguage":"hr"}]}},"_links":{"self":[{"href":"https:\/\/suwine.at\/hr\/wp-json\/wp\/v2\/product\/236080","targetHints":{"allow":["GET"]}}],"collection":[{"href":"https:\/\/suwine.at\/hr\/wp-json\/wp\/v2\/product"}],"about":[{"href":"https:\/\/suwine.at\/hr\/wp-json\/wp\/v2\/types\/product"}],"wp:featuredmedia":[{"embeddable":true,"href":"https:\/\/suwine.at\/hr\/wp-json\/wp\/v2\/media\/236079"}],"wp:attachment":[{"href":"https:\/\/suwine.at\/hr\/wp-json\/wp\/v2\/media?parent=236080"}],"wp:term":[{"taxonomy":"product_brand","embeddable":true,"href":"https:\/\/suwine.at\/hr\/wp-json\/wp\/v2\/product_brand?post=236080"},{"taxonomy":"product_cat","embeddable":true,"href":"https:\/\/suwine.at\/hr\/wp-json\/wp\/v2\/product_cat?post=236080"},{"taxonomy":"product_tag","embeddable":true,"href":"https:\/\/suwine.at\/hr\/wp-json\/wp\/v2\/product_tag?post=236080"}],"curies":[{"name":"wp","href":"https:\/\/api.w.org\/{rel}","templated":true}]}}