{"id":236118,"date":"2026-03-30T21:54:22","date_gmt":"2026-03-30T19:54:22","guid":{"rendered":"https:\/\/suwine.at\/?post_type=product&#038;p=236118"},"modified":"2026-04-01T14:30:33","modified_gmt":"2026-04-01T12:30:33","slug":"le-carillon-dangelus-2016","status":"publish","type":"product","link":"https:\/\/suwine.at\/hr\/produkt\/le-carillon-dangelus-2016\/","title":{"rendered":"Le Carillon d&#8217;Angelus 2016"},"content":{"rendered":"<h2 class=\"ProductActions_title__TO7Lo\">Le Carillon d&#8217;Angelus 2016<\/h2>\n<p>Ein fruchtiger und eleganter Zweitwein aus Saint-\u00c9milion.<\/p>\n<p>Das Ch\u00e2teau Angelus\u00a0ist einer der prestigetr\u00e4chtigen Premiers Grands Crus Class\u00e9s A aus der Appellation Saint-\u00c9milion. Das legend\u00e4re Anwesen am rechten Ufer von Bordeaux wurde 1782 gegr\u00fcndet, und seit acht Generationen wacht die Familie de Bo\u00fcard de Laforest \u00fcber dieses au\u00dfergew\u00f6hnliche Erbe.<\/p>\n<p>Rebsorte:<\/p>\n<p>Merlot (70%)<br \/>\nCabernet Franc (25%)<br \/>\nCabernet Sauvignon (5%)<\/p>\n<p><strong>Verkostung<\/strong><\/p>\n<p><em>Nase<\/em><br \/>\nDie Nase offenbart leichte R\u00f6stnoten, die sich harmonisch mit Aromen von reifen Fr\u00fcchten vereinen.<\/p>\n<p><em>Gaumen<\/em><br \/>\nEin geschmeidiger Auftakt geht einem Mund voraus, der Zartheit und Struktur mit dichten Tanninen verbindet. Der Abgang ist lang anhaltend und verstr\u00f6mt Noten von frischen Fr\u00fcchten.<\/p>\n<table class=\"ProductAttributesTable_table__o60u_\">\n<caption>Einzelheiten<\/caption>\n<tbody>\n<tr>\n<td>Herkunftsland<\/td>\n<td>Frankreich<\/td>\n<\/tr>\n<tr>\n<td>Region<\/td>\n<td>Bordeaux<\/td>\n<\/tr>\n<tr>\n<td>Appellation<\/td>\n<td>Saint-Emilion<\/td>\n<\/tr>\n<tr>\n<td>Farbe<\/td>\n<td>Rot<\/td>\n<\/tr>\n<tr>\n<td>Umweltzertifikat<\/td>\n<td>Nachhaltiger Weinbau<\/td>\n<\/tr>\n<tr>\n<td>Traubensorten<\/td>\n<td>Merlot\/Cabernet Franc\/Cabernet Sauvignon<\/td>\n<\/tr>\n<tr>\n<td>Alkohol<\/td>\n<td>13<\/td>\n<\/tr>\n<tr>\n<td>Herkunftszertifikat<\/td>\n<td>AOC<\/td>\n<\/tr>\n<tr>\n<td>Klassifikation<\/td>\n<td>Zweitwein von Ch. Angelus<\/td>\n<\/tr>\n<tr>\n<td>am Lager<\/td>\n<td>Lieferbarer Wein<\/td>\n<\/tr>\n<tr>\n<td>Allergene<\/td>\n<td>Enth\u00e4lt Sulfite<\/td>\n<\/tr>\n<\/tbody>\n<\/table>\n<span class=\"et_bloom_bottom_trigger\"><\/span>","protected":false},"excerpt":{"rendered":"<p>Ein fruchtiger und eleganter Zweitwein aus Saint-\u00c9milion.<\/p>\n","protected":false},"featured_media":233787,"template":"","meta":{"_et_pb_use_builder":"","_et_pb_old_content":"","_et_gb_content_width":""},"product_brand":[],"product_cat":[190,85,115],"product_tag":[126,263],"class_list":{"0":"post-236118","1":"product","2":"type-product","3":"status-publish","4":"has-post-thumbnail","6":"product_cat-rotwein-raritaeten","7":"product_cat-rotwein","8":"product_cat-wein","9":"product_tag-frankreich","10":"product_tag-bordeaux","12":"first","13":"instock","14":"taxable","15":"shipping-taxable","16":"purchasable","17":"product-type-simple"},"yoast_head":"<!-- This site is optimized with the Yoast SEO plugin v27.2 - https:\/\/yoast.com\/product\/yoast-seo-wordpress\/ -->\n<title>Le Carillon d&#039;Angelus 2016 - Suwine - Suwi Zlatic<\/title>\n<meta name=\"description\" content=\"Das Ch\u00e2teau Angelus\u00a0ist einer der prestigetr\u00e4chtigen Premiers Grands Crus Class\u00e9s A aus der Appellation Saint-\u00c9milion. Das legend\u00e4re Anwesen am rechten Ufer von Bordeaux wurde 1782 gegr\u00fcndet, und seit acht Generationen wacht die Familie de Bo\u00fcard de Laforest \u00fcber dieses au\u00dfergew\u00f6hnliche Erbe.\" \/>\n<meta name=\"robots\" content=\"index, follow, max-snippet:-1, max-image-preview:large, max-video-preview:-1\" \/>\n<link rel=\"canonical\" href=\"https:\/\/suwine.at\/hr\/produkt\/le-carillon-dangelus-2016\/\" \/>\n<meta property=\"og:locale\" content=\"hr_HR\" \/>\n<meta property=\"og:type\" content=\"article\" \/>\n<meta property=\"og:title\" content=\"Le Carillon d&#039;Angelus 2016 - Suwine - Suwi Zlatic\" \/>\n<meta property=\"og:description\" content=\"Das Ch\u00e2teau Angelus\u00a0ist einer der prestigetr\u00e4chtigen Premiers Grands Crus Class\u00e9s A aus der Appellation Saint-\u00c9milion. Das legend\u00e4re Anwesen am rechten Ufer von Bordeaux wurde 1782 gegr\u00fcndet, und seit acht Generationen wacht die Familie de Bo\u00fcard de Laforest \u00fcber dieses au\u00dfergew\u00f6hnliche Erbe.\" \/>\n<meta property=\"og:url\" content=\"https:\/\/suwine.at\/hr\/produkt\/le-carillon-dangelus-2016\/\" \/>\n<meta property=\"og:site_name\" content=\"Suwine - Suwi Zlatic\" \/>\n<meta property=\"article:modified_time\" content=\"2026-04-01T12:30:33+00:00\" \/>\n<meta property=\"og:image\" content=\"https:\/\/suwine.at\/wp-content\/uploads\/2024\/05\/IMG_2399-jpg.webp\" \/>\n\t<meta property=\"og:image:width\" content=\"1600\" \/>\n\t<meta property=\"og:image:height\" content=\"1600\" \/>\n\t<meta property=\"og:image:type\" content=\"image\/jpeg\" \/>\n<meta name=\"twitter:card\" content=\"summary_large_image\" \/>\n<meta name=\"twitter:label1\" content=\"Procijenjeno vrijeme \u010ditanja\" \/>\n\t<meta name=\"twitter:data1\" content=\"1 minuta\" \/>\n<script type=\"application\/ld+json\" class=\"yoast-schema-graph\">{\"@context\":\"https:\/\/schema.org\",\"@graph\":[{\"@type\":\"WebPage\",\"@id\":\"https:\/\/suwine.at\/hr\/produkt\/le-carillon-dangelus-2016\/\",\"url\":\"https:\/\/suwine.at\/hr\/produkt\/le-carillon-dangelus-2016\/\",\"name\":\"Le Carillon d'Angelus 2016 - Suwine - Suwi Zlatic\",\"isPartOf\":{\"@id\":\"https:\/\/suwine.at\/hr\/#website\"},\"primaryImageOfPage\":{\"@id\":\"https:\/\/suwine.at\/hr\/produkt\/le-carillon-dangelus-2016\/#primaryimage\"},\"image\":{\"@id\":\"https:\/\/suwine.at\/hr\/produkt\/le-carillon-dangelus-2016\/#primaryimage\"},\"thumbnailUrl\":\"https:\/\/suwine.at\/wp-content\/uploads\/2024\/05\/IMG_2399-jpg.webp\",\"datePublished\":\"2026-03-30T19:54:22+00:00\",\"dateModified\":\"2026-04-01T12:30:33+00:00\",\"description\":\"Das Ch\u00e2teau Angelus\u00a0ist einer der prestigetr\u00e4chtigen Premiers Grands Crus Class\u00e9s A aus der Appellation Saint-\u00c9milion. Das legend\u00e4re Anwesen am rechten Ufer von Bordeaux wurde 1782 gegr\u00fcndet, und seit acht Generationen wacht die Familie de Bo\u00fcard de Laforest \u00fcber dieses au\u00dfergew\u00f6hnliche Erbe.\",\"breadcrumb\":{\"@id\":\"https:\/\/suwine.at\/hr\/produkt\/le-carillon-dangelus-2016\/#breadcrumb\"},\"inLanguage\":\"hr\",\"potentialAction\":[{\"@type\":\"ReadAction\",\"target\":[\"https:\/\/suwine.at\/hr\/produkt\/le-carillon-dangelus-2016\/\"]}]},{\"@type\":\"ImageObject\",\"inLanguage\":\"hr\",\"@id\":\"https:\/\/suwine.at\/hr\/produkt\/le-carillon-dangelus-2016\/#primaryimage\",\"url\":\"https:\/\/suwine.at\/wp-content\/uploads\/2024\/05\/IMG_2399-jpg.webp\",\"contentUrl\":\"https:\/\/suwine.at\/wp-content\/uploads\/2024\/05\/IMG_2399-jpg.webp\",\"width\":1600,\"height\":1600,\"caption\":\"le carillon\"},{\"@type\":\"BreadcrumbList\",\"@id\":\"https:\/\/suwine.at\/hr\/produkt\/le-carillon-dangelus-2016\/#breadcrumb\",\"itemListElement\":[{\"@type\":\"ListItem\",\"position\":1,\"name\":\"Startseite\",\"item\":\"https:\/\/suwine.at\/hr\/\"},{\"@type\":\"ListItem\",\"position\":2,\"name\":\"Shop\",\"item\":\"https:\/\/suwine.at\/shop\/\"},{\"@type\":\"ListItem\",\"position\":3,\"name\":\"Le Carillon d&#8217;Angelus 2016\"}]},{\"@type\":\"WebSite\",\"@id\":\"https:\/\/suwine.at\/hr\/#website\",\"url\":\"https:\/\/suwine.at\/hr\/\",\"name\":\"Suwine - Suwi Zlatic\",\"description\":\"Sommelier | Gourmet Play Store | Consulting\",\"potentialAction\":[{\"@type\":\"SearchAction\",\"target\":{\"@type\":\"EntryPoint\",\"urlTemplate\":\"https:\/\/suwine.at\/hr\/?s={search_term_string}\"},\"query-input\":{\"@type\":\"PropertyValueSpecification\",\"valueRequired\":true,\"valueName\":\"search_term_string\"}}],\"inLanguage\":\"hr\"}]}<\/script>\n<!-- \/ Yoast SEO plugin. -->","yoast_head_json":{"title":"Le Carillon d'Angelus 2016 - Suwine - Suwi Zlatic","description":"Das Ch\u00e2teau Angelus\u00a0ist einer der prestigetr\u00e4chtigen Premiers Grands Crus Class\u00e9s A aus der Appellation Saint-\u00c9milion. Das legend\u00e4re Anwesen am rechten Ufer von Bordeaux wurde 1782 gegr\u00fcndet, und seit acht Generationen wacht die Familie de Bo\u00fcard de Laforest \u00fcber dieses au\u00dfergew\u00f6hnliche Erbe.","robots":{"index":"index","follow":"follow","max-snippet":"max-snippet:-1","max-image-preview":"max-image-preview:large","max-video-preview":"max-video-preview:-1"},"canonical":"https:\/\/suwine.at\/hr\/produkt\/le-carillon-dangelus-2016\/","og_locale":"hr_HR","og_type":"article","og_title":"Le Carillon d'Angelus 2016 - Suwine - Suwi Zlatic","og_description":"Das Ch\u00e2teau Angelus\u00a0ist einer der prestigetr\u00e4chtigen Premiers Grands Crus Class\u00e9s A aus der Appellation Saint-\u00c9milion. Das legend\u00e4re Anwesen am rechten Ufer von Bordeaux wurde 1782 gegr\u00fcndet, und seit acht Generationen wacht die Familie de Bo\u00fcard de Laforest \u00fcber dieses au\u00dfergew\u00f6hnliche Erbe.","og_url":"https:\/\/suwine.at\/hr\/produkt\/le-carillon-dangelus-2016\/","og_site_name":"Suwine - Suwi Zlatic","article_modified_time":"2026-04-01T12:30:33+00:00","og_image":[{"width":1600,"height":1600,"url":"https:\/\/suwine.at\/wp-content\/uploads\/2024\/05\/IMG_2399-jpg.webp","type":"image\/jpeg"}],"twitter_card":"summary_large_image","twitter_misc":{"Procijenjeno vrijeme \u010ditanja":"1 minuta"},"schema":{"@context":"https:\/\/schema.org","@graph":[{"@type":"WebPage","@id":"https:\/\/suwine.at\/hr\/produkt\/le-carillon-dangelus-2016\/","url":"https:\/\/suwine.at\/hr\/produkt\/le-carillon-dangelus-2016\/","name":"Le Carillon d'Angelus 2016 - Suwine - Suwi Zlatic","isPartOf":{"@id":"https:\/\/suwine.at\/hr\/#website"},"primaryImageOfPage":{"@id":"https:\/\/suwine.at\/hr\/produkt\/le-carillon-dangelus-2016\/#primaryimage"},"image":{"@id":"https:\/\/suwine.at\/hr\/produkt\/le-carillon-dangelus-2016\/#primaryimage"},"thumbnailUrl":"https:\/\/suwine.at\/wp-content\/uploads\/2024\/05\/IMG_2399-jpg.webp","datePublished":"2026-03-30T19:54:22+00:00","dateModified":"2026-04-01T12:30:33+00:00","description":"Das Ch\u00e2teau Angelus\u00a0ist einer der prestigetr\u00e4chtigen Premiers Grands Crus Class\u00e9s A aus der Appellation Saint-\u00c9milion. Das legend\u00e4re Anwesen am rechten Ufer von Bordeaux wurde 1782 gegr\u00fcndet, und seit acht Generationen wacht die Familie de Bo\u00fcard de Laforest \u00fcber dieses au\u00dfergew\u00f6hnliche Erbe.","breadcrumb":{"@id":"https:\/\/suwine.at\/hr\/produkt\/le-carillon-dangelus-2016\/#breadcrumb"},"inLanguage":"hr","potentialAction":[{"@type":"ReadAction","target":["https:\/\/suwine.at\/hr\/produkt\/le-carillon-dangelus-2016\/"]}]},{"@type":"ImageObject","inLanguage":"hr","@id":"https:\/\/suwine.at\/hr\/produkt\/le-carillon-dangelus-2016\/#primaryimage","url":"https:\/\/suwine.at\/wp-content\/uploads\/2024\/05\/IMG_2399-jpg.webp","contentUrl":"https:\/\/suwine.at\/wp-content\/uploads\/2024\/05\/IMG_2399-jpg.webp","width":1600,"height":1600,"caption":"le carillon"},{"@type":"BreadcrumbList","@id":"https:\/\/suwine.at\/hr\/produkt\/le-carillon-dangelus-2016\/#breadcrumb","itemListElement":[{"@type":"ListItem","position":1,"name":"Startseite","item":"https:\/\/suwine.at\/hr\/"},{"@type":"ListItem","position":2,"name":"Shop","item":"https:\/\/suwine.at\/shop\/"},{"@type":"ListItem","position":3,"name":"Le Carillon d&#8217;Angelus 2016"}]},{"@type":"WebSite","@id":"https:\/\/suwine.at\/hr\/#website","url":"https:\/\/suwine.at\/hr\/","name":"Suwine - Suwi Zlatic","description":"Sommelier | Gourmet Play Store | Consulting","potentialAction":[{"@type":"SearchAction","target":{"@type":"EntryPoint","urlTemplate":"https:\/\/suwine.at\/hr\/?s={search_term_string}"},"query-input":{"@type":"PropertyValueSpecification","valueRequired":true,"valueName":"search_term_string"}}],"inLanguage":"hr"}]}},"_links":{"self":[{"href":"https:\/\/suwine.at\/hr\/wp-json\/wp\/v2\/product\/236118","targetHints":{"allow":["GET"]}}],"collection":[{"href":"https:\/\/suwine.at\/hr\/wp-json\/wp\/v2\/product"}],"about":[{"href":"https:\/\/suwine.at\/hr\/wp-json\/wp\/v2\/types\/product"}],"wp:featuredmedia":[{"embeddable":true,"href":"https:\/\/suwine.at\/hr\/wp-json\/wp\/v2\/media\/233787"}],"wp:attachment":[{"href":"https:\/\/suwine.at\/hr\/wp-json\/wp\/v2\/media?parent=236118"}],"wp:term":[{"taxonomy":"product_brand","embeddable":true,"href":"https:\/\/suwine.at\/hr\/wp-json\/wp\/v2\/product_brand?post=236118"},{"taxonomy":"product_cat","embeddable":true,"href":"https:\/\/suwine.at\/hr\/wp-json\/wp\/v2\/product_cat?post=236118"},{"taxonomy":"product_tag","embeddable":true,"href":"https:\/\/suwine.at\/hr\/wp-json\/wp\/v2\/product_tag?post=236118"}],"curies":[{"name":"wp","href":"https:\/\/api.w.org\/{rel}","templated":true}]}}