{"id":236119,"date":"2026-03-30T22:18:03","date_gmt":"2026-03-30T20:18:03","guid":{"rendered":"https:\/\/suwine.at\/?post_type=product&#038;p=236119"},"modified":"2026-03-30T22:18:03","modified_gmt":"2026-03-30T20:18:03","slug":"ortus-roter-veltliner-ried-steinbruch-2023","status":"publish","type":"product","link":"https:\/\/suwine.at\/hr\/produkt\/ortus-roter-veltliner-ried-steinbruch-2023\/","title":{"rendered":"ORTUS Roter Veltliner Ried Steinbruch 2023"},"content":{"rendered":"<h2>ORTUS Roter Veltliner Ried Steinbruch 2023<\/h2>\n<p>Ortus ist die Kreation der Sortenliebhaber Jungwinzer Manuel Humer und Sommelier Pascal Krasa, die sich zu Aufgabe gemacht haben, die selten gewordene Roter Veltliner Traube zur\u00fcck ins Glas zu bringen. Dezente F\u00fclle und zart vanillig vom Holz, Honignoten und feiner Pfirsich, saftiger feiner K\u00f6rper und saftige Frucht, leicht minerarisch im Abgang!<\/p>\n<span class=\"et_bloom_bottom_trigger\"><\/span>","protected":false},"excerpt":{"rendered":"<p>ORTUS Roter Veltliner Ried Steinbruch 2023<\/p>\n","protected":false},"featured_media":236120,"template":"","meta":{"_et_pb_use_builder":"","_et_pb_old_content":"","_et_gb_content_width":""},"product_brand":[],"product_cat":[84,115,211],"product_tag":[511],"class_list":{"0":"post-236119","1":"product","2":"type-product","3":"status-publish","4":"has-post-thumbnail","6":"product_cat-weisswein","7":"product_cat-wein","8":"product_cat-weisswein-oesterreich","9":"product_tag-roter-veltliner","11":"first","12":"instock","13":"taxable","14":"shipping-taxable","15":"purchasable","16":"product-type-simple"},"yoast_head":"<!-- This site is optimized with the Yoast SEO plugin v27.2 - https:\/\/yoast.com\/product\/yoast-seo-wordpress\/ -->\n<title>ORTUS Roter Veltliner Ried Steinbruch 2023 - Suwine - Suwi Zlatic<\/title>\n<meta name=\"description\" content=\"Ortus ist die Kreation der Sortenliebhaber Jungwinzer Manuel Humer und Sommelier Pascal Krasa, die sich zu Aufgabe gemacht haben, die selten gewordene Roter Veltliner Traube zur\u00fcck ins Glas zu bringen. Dezente F\u00fclle und zart vanillig vom Holz, Honignoten und feiner Pfirsich, saftiger feiner K\u00f6rper und saftige Frucht, leicht minerarisch im Abgang!\" \/>\n<meta name=\"robots\" content=\"index, follow, max-snippet:-1, max-image-preview:large, max-video-preview:-1\" \/>\n<link rel=\"canonical\" href=\"https:\/\/suwine.at\/hr\/produkt\/ortus-roter-veltliner-ried-steinbruch-2023\/\" \/>\n<meta property=\"og:locale\" content=\"hr_HR\" \/>\n<meta property=\"og:type\" content=\"article\" \/>\n<meta property=\"og:title\" content=\"ORTUS Roter Veltliner Ried Steinbruch 2023 - Suwine - Suwi Zlatic\" \/>\n<meta property=\"og:description\" content=\"Ortus ist die Kreation der Sortenliebhaber Jungwinzer Manuel Humer und Sommelier Pascal Krasa, die sich zu Aufgabe gemacht haben, die selten gewordene Roter Veltliner Traube zur\u00fcck ins Glas zu bringen. Dezente F\u00fclle und zart vanillig vom Holz, Honignoten und feiner Pfirsich, saftiger feiner K\u00f6rper und saftige Frucht, leicht minerarisch im Abgang!\" \/>\n<meta property=\"og:url\" content=\"https:\/\/suwine.at\/hr\/produkt\/ortus-roter-veltliner-ried-steinbruch-2023\/\" \/>\n<meta property=\"og:site_name\" content=\"Suwine - Suwi Zlatic\" \/>\n<meta property=\"og:image\" content=\"https:\/\/suwine.at\/wp-content\/uploads\/2026\/03\/IMG_2271.avif\" \/>\n\t<meta property=\"og:image:width\" content=\"1600\" \/>\n\t<meta property=\"og:image:height\" content=\"1600\" \/>\n\t<meta property=\"og:image:type\" content=\"image\/jpeg\" \/>\n<meta name=\"twitter:card\" content=\"summary_large_image\" \/>\n<meta name=\"twitter:label1\" content=\"Procijenjeno vrijeme \u010ditanja\" \/>\n\t<meta name=\"twitter:data1\" content=\"1 minuta\" \/>\n<script type=\"application\/ld+json\" class=\"yoast-schema-graph\">{\"@context\":\"https:\/\/schema.org\",\"@graph\":[{\"@type\":\"WebPage\",\"@id\":\"https:\/\/suwine.at\/hr\/produkt\/ortus-roter-veltliner-ried-steinbruch-2023\/\",\"url\":\"https:\/\/suwine.at\/hr\/produkt\/ortus-roter-veltliner-ried-steinbruch-2023\/\",\"name\":\"ORTUS Roter Veltliner Ried Steinbruch 2023 - Suwine - Suwi Zlatic\",\"isPartOf\":{\"@id\":\"https:\/\/suwine.at\/hr\/#website\"},\"primaryImageOfPage\":{\"@id\":\"https:\/\/suwine.at\/hr\/produkt\/ortus-roter-veltliner-ried-steinbruch-2023\/#primaryimage\"},\"image\":{\"@id\":\"https:\/\/suwine.at\/hr\/produkt\/ortus-roter-veltliner-ried-steinbruch-2023\/#primaryimage\"},\"thumbnailUrl\":\"https:\/\/suwine.at\/wp-content\/uploads\/2026\/03\/IMG_2271.avif\",\"datePublished\":\"2026-03-30T20:18:03+00:00\",\"description\":\"Ortus ist die Kreation der Sortenliebhaber Jungwinzer Manuel Humer und Sommelier Pascal Krasa, die sich zu Aufgabe gemacht haben, die selten gewordene Roter Veltliner Traube zur\u00fcck ins Glas zu bringen. Dezente F\u00fclle und zart vanillig vom Holz, Honignoten und feiner Pfirsich, saftiger feiner K\u00f6rper und saftige Frucht, leicht minerarisch im Abgang!\",\"breadcrumb\":{\"@id\":\"https:\/\/suwine.at\/hr\/produkt\/ortus-roter-veltliner-ried-steinbruch-2023\/#breadcrumb\"},\"inLanguage\":\"hr\",\"potentialAction\":[{\"@type\":\"ReadAction\",\"target\":[\"https:\/\/suwine.at\/hr\/produkt\/ortus-roter-veltliner-ried-steinbruch-2023\/\"]}]},{\"@type\":\"ImageObject\",\"inLanguage\":\"hr\",\"@id\":\"https:\/\/suwine.at\/hr\/produkt\/ortus-roter-veltliner-ried-steinbruch-2023\/#primaryimage\",\"url\":\"https:\/\/suwine.at\/wp-content\/uploads\/2026\/03\/IMG_2271.avif\",\"contentUrl\":\"https:\/\/suwine.at\/wp-content\/uploads\/2026\/03\/IMG_2271.avif\",\"width\":1600,\"height\":1600,\"caption\":\"ortus\"},{\"@type\":\"BreadcrumbList\",\"@id\":\"https:\/\/suwine.at\/hr\/produkt\/ortus-roter-veltliner-ried-steinbruch-2023\/#breadcrumb\",\"itemListElement\":[{\"@type\":\"ListItem\",\"position\":1,\"name\":\"Startseite\",\"item\":\"https:\/\/suwine.at\/hr\/\"},{\"@type\":\"ListItem\",\"position\":2,\"name\":\"Shop\",\"item\":\"https:\/\/suwine.at\/shop\/\"},{\"@type\":\"ListItem\",\"position\":3,\"name\":\"ORTUS Roter Veltliner Ried Steinbruch 2023\"}]},{\"@type\":\"WebSite\",\"@id\":\"https:\/\/suwine.at\/hr\/#website\",\"url\":\"https:\/\/suwine.at\/hr\/\",\"name\":\"Suwine - Suwi Zlatic\",\"description\":\"Sommelier | Gourmet Play Store | Consulting\",\"potentialAction\":[{\"@type\":\"SearchAction\",\"target\":{\"@type\":\"EntryPoint\",\"urlTemplate\":\"https:\/\/suwine.at\/hr\/?s={search_term_string}\"},\"query-input\":{\"@type\":\"PropertyValueSpecification\",\"valueRequired\":true,\"valueName\":\"search_term_string\"}}],\"inLanguage\":\"hr\"}]}<\/script>\n<!-- \/ Yoast SEO plugin. -->","yoast_head_json":{"title":"ORTUS Roter Veltliner Ried Steinbruch 2023 - Suwine - Suwi Zlatic","description":"Ortus ist die Kreation der Sortenliebhaber Jungwinzer Manuel Humer und Sommelier Pascal Krasa, die sich zu Aufgabe gemacht haben, die selten gewordene Roter Veltliner Traube zur\u00fcck ins Glas zu bringen. Dezente F\u00fclle und zart vanillig vom Holz, Honignoten und feiner Pfirsich, saftiger feiner K\u00f6rper und saftige Frucht, leicht minerarisch im Abgang!","robots":{"index":"index","follow":"follow","max-snippet":"max-snippet:-1","max-image-preview":"max-image-preview:large","max-video-preview":"max-video-preview:-1"},"canonical":"https:\/\/suwine.at\/hr\/produkt\/ortus-roter-veltliner-ried-steinbruch-2023\/","og_locale":"hr_HR","og_type":"article","og_title":"ORTUS Roter Veltliner Ried Steinbruch 2023 - Suwine - Suwi Zlatic","og_description":"Ortus ist die Kreation der Sortenliebhaber Jungwinzer Manuel Humer und Sommelier Pascal Krasa, die sich zu Aufgabe gemacht haben, die selten gewordene Roter Veltliner Traube zur\u00fcck ins Glas zu bringen. Dezente F\u00fclle und zart vanillig vom Holz, Honignoten und feiner Pfirsich, saftiger feiner K\u00f6rper und saftige Frucht, leicht minerarisch im Abgang!","og_url":"https:\/\/suwine.at\/hr\/produkt\/ortus-roter-veltliner-ried-steinbruch-2023\/","og_site_name":"Suwine - Suwi Zlatic","og_image":[{"width":1600,"height":1600,"url":"https:\/\/suwine.at\/wp-content\/uploads\/2026\/03\/IMG_2271.avif","type":"image\/jpeg"}],"twitter_card":"summary_large_image","twitter_misc":{"Procijenjeno vrijeme \u010ditanja":"1 minuta"},"schema":{"@context":"https:\/\/schema.org","@graph":[{"@type":"WebPage","@id":"https:\/\/suwine.at\/hr\/produkt\/ortus-roter-veltliner-ried-steinbruch-2023\/","url":"https:\/\/suwine.at\/hr\/produkt\/ortus-roter-veltliner-ried-steinbruch-2023\/","name":"ORTUS Roter Veltliner Ried Steinbruch 2023 - Suwine - Suwi Zlatic","isPartOf":{"@id":"https:\/\/suwine.at\/hr\/#website"},"primaryImageOfPage":{"@id":"https:\/\/suwine.at\/hr\/produkt\/ortus-roter-veltliner-ried-steinbruch-2023\/#primaryimage"},"image":{"@id":"https:\/\/suwine.at\/hr\/produkt\/ortus-roter-veltliner-ried-steinbruch-2023\/#primaryimage"},"thumbnailUrl":"https:\/\/suwine.at\/wp-content\/uploads\/2026\/03\/IMG_2271.avif","datePublished":"2026-03-30T20:18:03+00:00","description":"Ortus ist die Kreation der Sortenliebhaber Jungwinzer Manuel Humer und Sommelier Pascal Krasa, die sich zu Aufgabe gemacht haben, die selten gewordene Roter Veltliner Traube zur\u00fcck ins Glas zu bringen. Dezente F\u00fclle und zart vanillig vom Holz, Honignoten und feiner Pfirsich, saftiger feiner K\u00f6rper und saftige Frucht, leicht minerarisch im Abgang!","breadcrumb":{"@id":"https:\/\/suwine.at\/hr\/produkt\/ortus-roter-veltliner-ried-steinbruch-2023\/#breadcrumb"},"inLanguage":"hr","potentialAction":[{"@type":"ReadAction","target":["https:\/\/suwine.at\/hr\/produkt\/ortus-roter-veltliner-ried-steinbruch-2023\/"]}]},{"@type":"ImageObject","inLanguage":"hr","@id":"https:\/\/suwine.at\/hr\/produkt\/ortus-roter-veltliner-ried-steinbruch-2023\/#primaryimage","url":"https:\/\/suwine.at\/wp-content\/uploads\/2026\/03\/IMG_2271.avif","contentUrl":"https:\/\/suwine.at\/wp-content\/uploads\/2026\/03\/IMG_2271.avif","width":1600,"height":1600,"caption":"ortus"},{"@type":"BreadcrumbList","@id":"https:\/\/suwine.at\/hr\/produkt\/ortus-roter-veltliner-ried-steinbruch-2023\/#breadcrumb","itemListElement":[{"@type":"ListItem","position":1,"name":"Startseite","item":"https:\/\/suwine.at\/hr\/"},{"@type":"ListItem","position":2,"name":"Shop","item":"https:\/\/suwine.at\/shop\/"},{"@type":"ListItem","position":3,"name":"ORTUS Roter Veltliner Ried Steinbruch 2023"}]},{"@type":"WebSite","@id":"https:\/\/suwine.at\/hr\/#website","url":"https:\/\/suwine.at\/hr\/","name":"Suwine - Suwi Zlatic","description":"Sommelier | Gourmet Play Store | Consulting","potentialAction":[{"@type":"SearchAction","target":{"@type":"EntryPoint","urlTemplate":"https:\/\/suwine.at\/hr\/?s={search_term_string}"},"query-input":{"@type":"PropertyValueSpecification","valueRequired":true,"valueName":"search_term_string"}}],"inLanguage":"hr"}]}},"_links":{"self":[{"href":"https:\/\/suwine.at\/hr\/wp-json\/wp\/v2\/product\/236119","targetHints":{"allow":["GET"]}}],"collection":[{"href":"https:\/\/suwine.at\/hr\/wp-json\/wp\/v2\/product"}],"about":[{"href":"https:\/\/suwine.at\/hr\/wp-json\/wp\/v2\/types\/product"}],"wp:featuredmedia":[{"embeddable":true,"href":"https:\/\/suwine.at\/hr\/wp-json\/wp\/v2\/media\/236120"}],"wp:attachment":[{"href":"https:\/\/suwine.at\/hr\/wp-json\/wp\/v2\/media?parent=236119"}],"wp:term":[{"taxonomy":"product_brand","embeddable":true,"href":"https:\/\/suwine.at\/hr\/wp-json\/wp\/v2\/product_brand?post=236119"},{"taxonomy":"product_cat","embeddable":true,"href":"https:\/\/suwine.at\/hr\/wp-json\/wp\/v2\/product_cat?post=236119"},{"taxonomy":"product_tag","embeddable":true,"href":"https:\/\/suwine.at\/hr\/wp-json\/wp\/v2\/product_tag?post=236119"}],"curies":[{"name":"wp","href":"https:\/\/api.w.org\/{rel}","templated":true}]}}