{"id":236121,"date":"2026-03-30T22:28:40","date_gmt":"2026-03-30T20:28:40","guid":{"rendered":"https:\/\/suwine.at\/?post_type=product&#038;p=236121"},"modified":"2026-03-30T22:28:40","modified_gmt":"2026-03-30T20:28:40","slug":"alter-ego-de-palmer-margaux-ac-chateau-palmer-margaux-bordeaux-2017","status":"publish","type":"product","link":"https:\/\/suwine.at\/hr\/produkt\/alter-ego-de-palmer-margaux-ac-chateau-palmer-margaux-bordeaux-2017\/","title":{"rendered":"Alter Ego de Palmer, Margaux AC, Ch\u00e2teau Palmer, Margaux, Bordeaux 2017"},"content":{"rendered":"<div class=\"shrink\">\n<h2 id=\"content-header\" class=\"content-header--title view-content-header--title\">Alter Ego de Palmer, Margaux AC, Ch\u00e2teau Palmer, Margaux, Bordeaux 2017<\/h2>\n<p>&#8220;<strong>Alter Ego<\/strong>&#8221; ist kein gew\u00f6hnlicher Zweitwein. Jedes Jahr wird ein bestimmter Anteil der Trauben speziell f\u00fcr diesen Wein reserviert. Die Trauben f\u00fcr sowohl den &#8220;Ch\u00e2teau Palmer&#8221; als auch den &#8220;Alter Ego&#8221; stammen aus denselben Weinbergen, werden jedoch separat nach Parzellen ausgebaut. Bei der Zusammenstellung des Weins entscheidet man, dass nur ein Teil den hohen Standards des &#8220;<strong>Ch\u00e2teau Palmer<\/strong>&#8221; entspricht. Je nach Jahrgang kann der Anteil des &#8220;Alter Ego&#8221; daher gr\u00f6\u00dfer sein. Im Grunde verfolgen beide Weine unterschiedliche Philosophien.<\/p>\n<p>Der &#8220;<strong>Alter Ego de Ch\u00e2teau Palmer<\/strong>&#8220;, ein Zweitwein aus Margaux, passt hervorragend zu allen kr\u00e4ftigen Fleischgerichten, sei es Lamm, Wild oder auch schwarze Tr\u00fcffel.<\/p>\n<table class=\"uk-table uk-table-small uk-table-striped\">\n<tbody>\n<tr>\n<td class=\"extra_fields_name\"><span class=\"field_val\">Rebsorte(n)<\/span><\/td>\n<td class=\"extra_fields_value\"><span class=\"field_val\">Cabernet Sauvignon<\/span>, <span class=\"field_val\">Merlot<\/span>, <span class=\"field_val\">Petit Verdot<\/span><\/td>\n<\/tr>\n<tr>\n<td class=\"extra_fields_name\"><span class=\"field_val\">Alkoholgehalt<\/span><\/td>\n<td class=\"extra_fields_value\"><span class=\"field_val\">14<\/span> <span class=\"extra_fields_description\">% <\/span><\/td>\n<\/tr>\n<tr>\n<td class=\"extra_fields_name\"><span class=\"field_val\">Jahrgang<\/span><\/td>\n<td class=\"extra_fields_value\"><span class=\"field_val\">2017<\/span><\/td>\n<\/tr>\n<tr>\n<td class=\"extra_fields_name\"><span class=\"field_val\">Trinktemperatur<\/span><\/td>\n<td class=\"extra_fields_value\"><span class=\"field_val\">16-18\u00b0C<\/span><\/td>\n<\/tr>\n<tr>\n<td class=\"extra_fields_name\"><span class=\"field_val\">Lagerf\u00e4higkeit<\/span><\/td>\n<td class=\"extra_fields_value\"><span class=\"field_val\">2023\u20132040<\/span><\/td>\n<\/tr>\n<\/tbody>\n<\/table>\n<\/div>\n<div class=\"grid-content overflow-visible\"><\/div>\n<span class=\"et_bloom_bottom_trigger\"><\/span>","protected":false},"excerpt":{"rendered":"<p>&#8220;<strong>Alter Ego<\/strong>&#8221; ist kein gew\u00f6hnlicher Zweitwein. Jedes Jahr wird ein bestimmter Anteil der Trauben speziell f\u00fcr diesen Wein reserviert. Die Trauben f\u00fcr sowohl den &#8220;Ch\u00e2teau Palmer&#8221; als auch den &#8220;Alter Ego&#8221; stammen aus denselben Weinbergen, werden jedoch separat nach Parzellen ausgebaut. Bei der Zusammenstellung des Weins entscheidet man, dass nur ein Teil den hohen Standards des &#8220;<strong>Ch\u00e2teau Palmer<\/strong>&#8221; entspricht. Je nach Jahrgang kann der Anteil des &#8220;Alter Ego&#8221; daher gr\u00f6\u00dfer sein. Im Grunde verfolgen beide Weine unterschiedliche Philosophien.<\/p>\n","protected":false},"featured_media":236122,"template":"","meta":{"_et_pb_use_builder":"","_et_pb_old_content":"","_et_gb_content_width":""},"product_brand":[],"product_cat":[85,210],"product_tag":[217,541],"class_list":{"0":"post-236121","1":"product","2":"type-product","3":"status-publish","4":"has-post-thumbnail","6":"product_cat-rotwein","7":"product_cat-rotwein-international","8":"product_tag-cabernet-sauvignon","9":"product_tag-merlot","11":"first","12":"instock","13":"taxable","14":"shipping-taxable","15":"purchasable","16":"product-type-simple"},"yoast_head":"<!-- This site is optimized with the Yoast SEO plugin v27.2 - https:\/\/yoast.com\/product\/yoast-seo-wordpress\/ -->\n<title>Alter Ego de Palmer, Margaux AC, Ch\u00e2teau Palmer, Margaux, Bordeaux 2017 - Suwine - Suwi Zlatic<\/title>\n<meta name=\"description\" content=\"Alter Ego de Palmer, Margaux AC, Ch\u00e2teau Palmer, Margaux, Bordeaux 2017&quot;Alter Ego&quot; ist kein gew\u00f6hnlicher Zweitwein. Jedes Jahr wird ein bestimmter Anteil der Trauben speziell f\u00fcr diesen Wein reserviert. Die Trauben f\u00fcr sowohl den &quot;Ch\u00e2teau Palmer&quot; als auch den &quot;Alter Ego&quot; stammen aus denselben Weinbergen, werden jedoch separat nach Parzellen ausgebaut.\" \/>\n<meta name=\"robots\" content=\"index, follow, max-snippet:-1, max-image-preview:large, max-video-preview:-1\" \/>\n<link rel=\"canonical\" href=\"https:\/\/suwine.at\/hr\/produkt\/alter-ego-de-palmer-margaux-ac-chateau-palmer-margaux-bordeaux-2017\/\" \/>\n<meta property=\"og:locale\" content=\"hr_HR\" \/>\n<meta property=\"og:type\" content=\"article\" \/>\n<meta property=\"og:title\" content=\"Alter Ego de Palmer, Margaux AC, Ch\u00e2teau Palmer, Margaux, Bordeaux 2017 - Suwine - Suwi Zlatic\" \/>\n<meta property=\"og:description\" content=\"Alter Ego de Palmer, Margaux AC, Ch\u00e2teau Palmer, Margaux, Bordeaux 2017&quot;Alter Ego&quot; ist kein gew\u00f6hnlicher Zweitwein. Jedes Jahr wird ein bestimmter Anteil der Trauben speziell f\u00fcr diesen Wein reserviert. Die Trauben f\u00fcr sowohl den &quot;Ch\u00e2teau Palmer&quot; als auch den &quot;Alter Ego&quot; stammen aus denselben Weinbergen, werden jedoch separat nach Parzellen ausgebaut.\" \/>\n<meta property=\"og:url\" content=\"https:\/\/suwine.at\/hr\/produkt\/alter-ego-de-palmer-margaux-ac-chateau-palmer-margaux-bordeaux-2017\/\" \/>\n<meta property=\"og:site_name\" content=\"Suwine - Suwi Zlatic\" \/>\n<meta property=\"og:image\" content=\"https:\/\/suwine.at\/wp-content\/uploads\/2026\/03\/IMG_2275.avif\" \/>\n\t<meta property=\"og:image:width\" content=\"1600\" \/>\n\t<meta property=\"og:image:height\" content=\"1600\" \/>\n\t<meta property=\"og:image:type\" content=\"image\/jpeg\" \/>\n<meta name=\"twitter:card\" content=\"summary_large_image\" \/>\n<meta name=\"twitter:label1\" content=\"Procijenjeno vrijeme \u010ditanja\" \/>\n\t<meta name=\"twitter:data1\" content=\"1 minuta\" \/>\n<script type=\"application\/ld+json\" class=\"yoast-schema-graph\">{\"@context\":\"https:\/\/schema.org\",\"@graph\":[{\"@type\":\"WebPage\",\"@id\":\"https:\/\/suwine.at\/hr\/produkt\/alter-ego-de-palmer-margaux-ac-chateau-palmer-margaux-bordeaux-2017\/\",\"url\":\"https:\/\/suwine.at\/hr\/produkt\/alter-ego-de-palmer-margaux-ac-chateau-palmer-margaux-bordeaux-2017\/\",\"name\":\"Alter Ego de Palmer, Margaux AC, Ch\u00e2teau Palmer, Margaux, Bordeaux 2017 - Suwine - Suwi Zlatic\",\"isPartOf\":{\"@id\":\"https:\/\/suwine.at\/hr\/#website\"},\"primaryImageOfPage\":{\"@id\":\"https:\/\/suwine.at\/hr\/produkt\/alter-ego-de-palmer-margaux-ac-chateau-palmer-margaux-bordeaux-2017\/#primaryimage\"},\"image\":{\"@id\":\"https:\/\/suwine.at\/hr\/produkt\/alter-ego-de-palmer-margaux-ac-chateau-palmer-margaux-bordeaux-2017\/#primaryimage\"},\"thumbnailUrl\":\"https:\/\/suwine.at\/wp-content\/uploads\/2026\/03\/IMG_2275.avif\",\"datePublished\":\"2026-03-30T20:28:40+00:00\",\"description\":\"Alter Ego de Palmer, Margaux AC, Ch\u00e2teau Palmer, Margaux, Bordeaux 2017\\\"Alter Ego\\\" ist kein gew\u00f6hnlicher Zweitwein. Jedes Jahr wird ein bestimmter Anteil der Trauben speziell f\u00fcr diesen Wein reserviert. Die Trauben f\u00fcr sowohl den \\\"Ch\u00e2teau Palmer\\\" als auch den \\\"Alter Ego\\\" stammen aus denselben Weinbergen, werden jedoch separat nach Parzellen ausgebaut.\",\"breadcrumb\":{\"@id\":\"https:\/\/suwine.at\/hr\/produkt\/alter-ego-de-palmer-margaux-ac-chateau-palmer-margaux-bordeaux-2017\/#breadcrumb\"},\"inLanguage\":\"hr\",\"potentialAction\":[{\"@type\":\"ReadAction\",\"target\":[\"https:\/\/suwine.at\/hr\/produkt\/alter-ego-de-palmer-margaux-ac-chateau-palmer-margaux-bordeaux-2017\/\"]}]},{\"@type\":\"ImageObject\",\"inLanguage\":\"hr\",\"@id\":\"https:\/\/suwine.at\/hr\/produkt\/alter-ego-de-palmer-margaux-ac-chateau-palmer-margaux-bordeaux-2017\/#primaryimage\",\"url\":\"https:\/\/suwine.at\/wp-content\/uploads\/2026\/03\/IMG_2275.avif\",\"contentUrl\":\"https:\/\/suwine.at\/wp-content\/uploads\/2026\/03\/IMG_2275.avif\",\"width\":1600,\"height\":1600,\"caption\":\"alter ego\"},{\"@type\":\"BreadcrumbList\",\"@id\":\"https:\/\/suwine.at\/hr\/produkt\/alter-ego-de-palmer-margaux-ac-chateau-palmer-margaux-bordeaux-2017\/#breadcrumb\",\"itemListElement\":[{\"@type\":\"ListItem\",\"position\":1,\"name\":\"Startseite\",\"item\":\"https:\/\/suwine.at\/hr\/\"},{\"@type\":\"ListItem\",\"position\":2,\"name\":\"Shop\",\"item\":\"https:\/\/suwine.at\/shop\/\"},{\"@type\":\"ListItem\",\"position\":3,\"name\":\"Alter Ego de Palmer, Margaux AC, Ch\u00e2teau Palmer, Margaux, Bordeaux 2017\"}]},{\"@type\":\"WebSite\",\"@id\":\"https:\/\/suwine.at\/hr\/#website\",\"url\":\"https:\/\/suwine.at\/hr\/\",\"name\":\"Suwine - Suwi Zlatic\",\"description\":\"Sommelier | Gourmet Play Store | Consulting\",\"potentialAction\":[{\"@type\":\"SearchAction\",\"target\":{\"@type\":\"EntryPoint\",\"urlTemplate\":\"https:\/\/suwine.at\/hr\/?s={search_term_string}\"},\"query-input\":{\"@type\":\"PropertyValueSpecification\",\"valueRequired\":true,\"valueName\":\"search_term_string\"}}],\"inLanguage\":\"hr\"}]}<\/script>\n<!-- \/ Yoast SEO plugin. -->","yoast_head_json":{"title":"Alter Ego de Palmer, Margaux AC, Ch\u00e2teau Palmer, Margaux, Bordeaux 2017 - Suwine - Suwi Zlatic","description":"Alter Ego de Palmer, Margaux AC, Ch\u00e2teau Palmer, Margaux, Bordeaux 2017\"Alter Ego\" ist kein gew\u00f6hnlicher Zweitwein. Jedes Jahr wird ein bestimmter Anteil der Trauben speziell f\u00fcr diesen Wein reserviert. Die Trauben f\u00fcr sowohl den \"Ch\u00e2teau Palmer\" als auch den \"Alter Ego\" stammen aus denselben Weinbergen, werden jedoch separat nach Parzellen ausgebaut.","robots":{"index":"index","follow":"follow","max-snippet":"max-snippet:-1","max-image-preview":"max-image-preview:large","max-video-preview":"max-video-preview:-1"},"canonical":"https:\/\/suwine.at\/hr\/produkt\/alter-ego-de-palmer-margaux-ac-chateau-palmer-margaux-bordeaux-2017\/","og_locale":"hr_HR","og_type":"article","og_title":"Alter Ego de Palmer, Margaux AC, Ch\u00e2teau Palmer, Margaux, Bordeaux 2017 - Suwine - Suwi Zlatic","og_description":"Alter Ego de Palmer, Margaux AC, Ch\u00e2teau Palmer, Margaux, Bordeaux 2017\"Alter Ego\" ist kein gew\u00f6hnlicher Zweitwein. Jedes Jahr wird ein bestimmter Anteil der Trauben speziell f\u00fcr diesen Wein reserviert. Die Trauben f\u00fcr sowohl den \"Ch\u00e2teau Palmer\" als auch den \"Alter Ego\" stammen aus denselben Weinbergen, werden jedoch separat nach Parzellen ausgebaut.","og_url":"https:\/\/suwine.at\/hr\/produkt\/alter-ego-de-palmer-margaux-ac-chateau-palmer-margaux-bordeaux-2017\/","og_site_name":"Suwine - Suwi Zlatic","og_image":[{"width":1600,"height":1600,"url":"https:\/\/suwine.at\/wp-content\/uploads\/2026\/03\/IMG_2275.avif","type":"image\/jpeg"}],"twitter_card":"summary_large_image","twitter_misc":{"Procijenjeno vrijeme \u010ditanja":"1 minuta"},"schema":{"@context":"https:\/\/schema.org","@graph":[{"@type":"WebPage","@id":"https:\/\/suwine.at\/hr\/produkt\/alter-ego-de-palmer-margaux-ac-chateau-palmer-margaux-bordeaux-2017\/","url":"https:\/\/suwine.at\/hr\/produkt\/alter-ego-de-palmer-margaux-ac-chateau-palmer-margaux-bordeaux-2017\/","name":"Alter Ego de Palmer, Margaux AC, Ch\u00e2teau Palmer, Margaux, Bordeaux 2017 - Suwine - Suwi Zlatic","isPartOf":{"@id":"https:\/\/suwine.at\/hr\/#website"},"primaryImageOfPage":{"@id":"https:\/\/suwine.at\/hr\/produkt\/alter-ego-de-palmer-margaux-ac-chateau-palmer-margaux-bordeaux-2017\/#primaryimage"},"image":{"@id":"https:\/\/suwine.at\/hr\/produkt\/alter-ego-de-palmer-margaux-ac-chateau-palmer-margaux-bordeaux-2017\/#primaryimage"},"thumbnailUrl":"https:\/\/suwine.at\/wp-content\/uploads\/2026\/03\/IMG_2275.avif","datePublished":"2026-03-30T20:28:40+00:00","description":"Alter Ego de Palmer, Margaux AC, Ch\u00e2teau Palmer, Margaux, Bordeaux 2017\"Alter Ego\" ist kein gew\u00f6hnlicher Zweitwein. Jedes Jahr wird ein bestimmter Anteil der Trauben speziell f\u00fcr diesen Wein reserviert. Die Trauben f\u00fcr sowohl den \"Ch\u00e2teau Palmer\" als auch den \"Alter Ego\" stammen aus denselben Weinbergen, werden jedoch separat nach Parzellen ausgebaut.","breadcrumb":{"@id":"https:\/\/suwine.at\/hr\/produkt\/alter-ego-de-palmer-margaux-ac-chateau-palmer-margaux-bordeaux-2017\/#breadcrumb"},"inLanguage":"hr","potentialAction":[{"@type":"ReadAction","target":["https:\/\/suwine.at\/hr\/produkt\/alter-ego-de-palmer-margaux-ac-chateau-palmer-margaux-bordeaux-2017\/"]}]},{"@type":"ImageObject","inLanguage":"hr","@id":"https:\/\/suwine.at\/hr\/produkt\/alter-ego-de-palmer-margaux-ac-chateau-palmer-margaux-bordeaux-2017\/#primaryimage","url":"https:\/\/suwine.at\/wp-content\/uploads\/2026\/03\/IMG_2275.avif","contentUrl":"https:\/\/suwine.at\/wp-content\/uploads\/2026\/03\/IMG_2275.avif","width":1600,"height":1600,"caption":"alter ego"},{"@type":"BreadcrumbList","@id":"https:\/\/suwine.at\/hr\/produkt\/alter-ego-de-palmer-margaux-ac-chateau-palmer-margaux-bordeaux-2017\/#breadcrumb","itemListElement":[{"@type":"ListItem","position":1,"name":"Startseite","item":"https:\/\/suwine.at\/hr\/"},{"@type":"ListItem","position":2,"name":"Shop","item":"https:\/\/suwine.at\/shop\/"},{"@type":"ListItem","position":3,"name":"Alter Ego de Palmer, Margaux AC, Ch\u00e2teau Palmer, Margaux, Bordeaux 2017"}]},{"@type":"WebSite","@id":"https:\/\/suwine.at\/hr\/#website","url":"https:\/\/suwine.at\/hr\/","name":"Suwine - Suwi Zlatic","description":"Sommelier | Gourmet Play Store | Consulting","potentialAction":[{"@type":"SearchAction","target":{"@type":"EntryPoint","urlTemplate":"https:\/\/suwine.at\/hr\/?s={search_term_string}"},"query-input":{"@type":"PropertyValueSpecification","valueRequired":true,"valueName":"search_term_string"}}],"inLanguage":"hr"}]}},"_links":{"self":[{"href":"https:\/\/suwine.at\/hr\/wp-json\/wp\/v2\/product\/236121","targetHints":{"allow":["GET"]}}],"collection":[{"href":"https:\/\/suwine.at\/hr\/wp-json\/wp\/v2\/product"}],"about":[{"href":"https:\/\/suwine.at\/hr\/wp-json\/wp\/v2\/types\/product"}],"wp:featuredmedia":[{"embeddable":true,"href":"https:\/\/suwine.at\/hr\/wp-json\/wp\/v2\/media\/236122"}],"wp:attachment":[{"href":"https:\/\/suwine.at\/hr\/wp-json\/wp\/v2\/media?parent=236121"}],"wp:term":[{"taxonomy":"product_brand","embeddable":true,"href":"https:\/\/suwine.at\/hr\/wp-json\/wp\/v2\/product_brand?post=236121"},{"taxonomy":"product_cat","embeddable":true,"href":"https:\/\/suwine.at\/hr\/wp-json\/wp\/v2\/product_cat?post=236121"},{"taxonomy":"product_tag","embeddable":true,"href":"https:\/\/suwine.at\/hr\/wp-json\/wp\/v2\/product_tag?post=236121"}],"curies":[{"name":"wp","href":"https:\/\/api.w.org\/{rel}","templated":true}]}}