{"id":236125,"date":"2026-03-30T22:47:46","date_gmt":"2026-03-30T20:47:46","guid":{"rendered":"https:\/\/suwine.at\/?post_type=product&#038;p=236125"},"modified":"2026-03-31T14:15:22","modified_gmt":"2026-03-31T12:15:22","slug":"chateau-la-lagune-3eme-cru-classe-chateau-la-lagune-haut-medoc-bordeaux-2015","status":"publish","type":"product","link":"https:\/\/suwine.at\/hr\/produkt\/chateau-la-lagune-3eme-cru-classe-chateau-la-lagune-haut-medoc-bordeaux-2015\/","title":{"rendered":"Ch\u00e2teau La Lagune, 3\u00e8me Cru Class\u00e9, Ch\u00e2teau La Lagune, Haut-M\u00e9doc, Bordeaux 2015"},"content":{"rendered":"<h2 id=\"content-header\" class=\"content-header--title view-content-header--title\">Ch\u00e2teau La Lagune, 3\u00e8me Cru Class\u00e9, Ch\u00e2teau La Lagune, Haut-M\u00e9doc, Bordeaux 2015<\/h2>\n<p>Der gro\u00dfe Bordeaux-Klassiker Ch\u00e2teau La Lagune ist ein sicherer Wert, der mit einer \u00fcberzeugenden Regelm\u00e4\u00dfigkeit aufwartet. Die Weine von La Lagune unterscheiden sich von anderen M\u00e9doc-Weinen durch ihre Pers\u00f6nlichkeit und ihren Charakter und spiegeln die Qualit\u00e4ten ihres Terroirs wider \u0085 Dieser Jahrgang 2015 bietet ein intensives aromatisches Bouquet aus schwarzen Fr\u00fcchten, holzigen Noten, Vanille und sanften Gew\u00fcrzen. Am Gaumen zeigt er sich als au\u00dfergew\u00f6hnlich ausgewogener Wein, der die Finesse seiner Tannine mit einer seidigen und sinnlichen Textur verbindet. Der Abgang ist hervorragend und voller Frische. Ein Haut-M\u00e9doc, den man sich nicht entgehen lassen darf!<\/p>\n<p>&nbsp;<\/p>\n<span class=\"et_bloom_bottom_trigger\"><\/span>","protected":false},"excerpt":{"rendered":"<p id=\"content-header\" class=\"content-header--title view-content-header--title\">Ch\u00e2teau La Lagune, 3\u00e8me Cru Class\u00e9, Ch\u00e2teau La Lagune, Haut-M\u00e9doc, Bordeaux 2015<\/p>\n","protected":false},"featured_media":236126,"template":"","meta":{"_et_pb_use_builder":"","_et_pb_old_content":"","_et_gb_content_width":""},"product_brand":[],"product_cat":[85,210],"product_tag":[263,126],"class_list":{"0":"post-236125","1":"product","2":"type-product","3":"status-publish","4":"has-post-thumbnail","6":"product_cat-rotwein","7":"product_cat-rotwein-international","8":"product_tag-bordeaux","9":"product_tag-frankreich","11":"first","12":"instock","13":"taxable","14":"shipping-taxable","15":"purchasable","16":"product-type-simple"},"yoast_head":"<!-- This site is optimized with the Yoast SEO plugin v27.2 - https:\/\/yoast.com\/product\/yoast-seo-wordpress\/ -->\n<title>Ch\u00e2teau La Lagune, 3\u00e8me Cru Class\u00e9, Ch\u00e2teau La Lagune, Haut-M\u00e9doc, Bordeaux 2015 - Suwine - Suwi Zlatic<\/title>\n<meta name=\"description\" content=\"Ch\u00e2teau La Lagune, 3\u00e8me Cru Class\u00e9, Ch\u00e2teau La Lagune, Haut-M\u00e9doc, Bordeaux 2015\" \/>\n<meta name=\"robots\" content=\"index, follow, max-snippet:-1, max-image-preview:large, max-video-preview:-1\" \/>\n<link rel=\"canonical\" href=\"https:\/\/suwine.at\/hr\/produkt\/chateau-la-lagune-3eme-cru-classe-chateau-la-lagune-haut-medoc-bordeaux-2015\/\" \/>\n<meta property=\"og:locale\" content=\"hr_HR\" \/>\n<meta property=\"og:type\" content=\"article\" \/>\n<meta property=\"og:title\" content=\"Ch\u00e2teau La Lagune, 3\u00e8me Cru Class\u00e9, Ch\u00e2teau La Lagune, Haut-M\u00e9doc, Bordeaux 2015 - Suwine - Suwi Zlatic\" \/>\n<meta property=\"og:description\" content=\"Ch\u00e2teau La Lagune, 3\u00e8me Cru Class\u00e9, Ch\u00e2teau La Lagune, Haut-M\u00e9doc, Bordeaux 2015\" \/>\n<meta property=\"og:url\" content=\"https:\/\/suwine.at\/hr\/produkt\/chateau-la-lagune-3eme-cru-classe-chateau-la-lagune-haut-medoc-bordeaux-2015\/\" \/>\n<meta property=\"og:site_name\" content=\"Suwine - Suwi Zlatic\" \/>\n<meta property=\"article:modified_time\" content=\"2026-03-31T12:15:22+00:00\" \/>\n<meta property=\"og:image\" content=\"https:\/\/suwine.at\/wp-content\/uploads\/2026\/03\/IMG_2279.avif\" \/>\n\t<meta property=\"og:image:width\" content=\"1600\" \/>\n\t<meta property=\"og:image:height\" content=\"1600\" \/>\n\t<meta property=\"og:image:type\" content=\"image\/jpeg\" \/>\n<meta name=\"twitter:card\" content=\"summary_large_image\" \/>\n<meta name=\"twitter:label1\" content=\"Procijenjeno vrijeme \u010ditanja\" \/>\n\t<meta name=\"twitter:data1\" content=\"1 minuta\" \/>\n<script type=\"application\/ld+json\" class=\"yoast-schema-graph\">{\"@context\":\"https:\/\/schema.org\",\"@graph\":[{\"@type\":\"WebPage\",\"@id\":\"https:\/\/suwine.at\/hr\/produkt\/chateau-la-lagune-3eme-cru-classe-chateau-la-lagune-haut-medoc-bordeaux-2015\/\",\"url\":\"https:\/\/suwine.at\/hr\/produkt\/chateau-la-lagune-3eme-cru-classe-chateau-la-lagune-haut-medoc-bordeaux-2015\/\",\"name\":\"Ch\u00e2teau La Lagune, 3\u00e8me Cru Class\u00e9, Ch\u00e2teau La Lagune, Haut-M\u00e9doc, Bordeaux 2015 - Suwine - Suwi Zlatic\",\"isPartOf\":{\"@id\":\"https:\/\/suwine.at\/hr\/#website\"},\"primaryImageOfPage\":{\"@id\":\"https:\/\/suwine.at\/hr\/produkt\/chateau-la-lagune-3eme-cru-classe-chateau-la-lagune-haut-medoc-bordeaux-2015\/#primaryimage\"},\"image\":{\"@id\":\"https:\/\/suwine.at\/hr\/produkt\/chateau-la-lagune-3eme-cru-classe-chateau-la-lagune-haut-medoc-bordeaux-2015\/#primaryimage\"},\"thumbnailUrl\":\"https:\/\/suwine.at\/wp-content\/uploads\/2026\/03\/IMG_2279.avif\",\"datePublished\":\"2026-03-30T20:47:46+00:00\",\"dateModified\":\"2026-03-31T12:15:22+00:00\",\"description\":\"Ch\u00e2teau La Lagune, 3\u00e8me Cru Class\u00e9, Ch\u00e2teau La Lagune, Haut-M\u00e9doc, Bordeaux 2015\",\"breadcrumb\":{\"@id\":\"https:\/\/suwine.at\/hr\/produkt\/chateau-la-lagune-3eme-cru-classe-chateau-la-lagune-haut-medoc-bordeaux-2015\/#breadcrumb\"},\"inLanguage\":\"hr\",\"potentialAction\":[{\"@type\":\"ReadAction\",\"target\":[\"https:\/\/suwine.at\/hr\/produkt\/chateau-la-lagune-3eme-cru-classe-chateau-la-lagune-haut-medoc-bordeaux-2015\/\"]}]},{\"@type\":\"ImageObject\",\"inLanguage\":\"hr\",\"@id\":\"https:\/\/suwine.at\/hr\/produkt\/chateau-la-lagune-3eme-cru-classe-chateau-la-lagune-haut-medoc-bordeaux-2015\/#primaryimage\",\"url\":\"https:\/\/suwine.at\/wp-content\/uploads\/2026\/03\/IMG_2279.avif\",\"contentUrl\":\"https:\/\/suwine.at\/wp-content\/uploads\/2026\/03\/IMG_2279.avif\",\"width\":1600,\"height\":1600,\"caption\":\"Lagune\"},{\"@type\":\"BreadcrumbList\",\"@id\":\"https:\/\/suwine.at\/hr\/produkt\/chateau-la-lagune-3eme-cru-classe-chateau-la-lagune-haut-medoc-bordeaux-2015\/#breadcrumb\",\"itemListElement\":[{\"@type\":\"ListItem\",\"position\":1,\"name\":\"Startseite\",\"item\":\"https:\/\/suwine.at\/hr\/\"},{\"@type\":\"ListItem\",\"position\":2,\"name\":\"Shop\",\"item\":\"https:\/\/suwine.at\/shop\/\"},{\"@type\":\"ListItem\",\"position\":3,\"name\":\"Ch\u00e2teau La Lagune, 3\u00e8me Cru Class\u00e9, Ch\u00e2teau La Lagune, Haut-M\u00e9doc, Bordeaux 2015\"}]},{\"@type\":\"WebSite\",\"@id\":\"https:\/\/suwine.at\/hr\/#website\",\"url\":\"https:\/\/suwine.at\/hr\/\",\"name\":\"Suwine - Suwi Zlatic\",\"description\":\"Sommelier | Gourmet Play Store | Consulting\",\"potentialAction\":[{\"@type\":\"SearchAction\",\"target\":{\"@type\":\"EntryPoint\",\"urlTemplate\":\"https:\/\/suwine.at\/hr\/?s={search_term_string}\"},\"query-input\":{\"@type\":\"PropertyValueSpecification\",\"valueRequired\":true,\"valueName\":\"search_term_string\"}}],\"inLanguage\":\"hr\"}]}<\/script>\n<!-- \/ Yoast SEO plugin. -->","yoast_head_json":{"title":"Ch\u00e2teau La Lagune, 3\u00e8me Cru Class\u00e9, Ch\u00e2teau La Lagune, Haut-M\u00e9doc, Bordeaux 2015 - Suwine - Suwi Zlatic","description":"Ch\u00e2teau La Lagune, 3\u00e8me Cru Class\u00e9, Ch\u00e2teau La Lagune, Haut-M\u00e9doc, Bordeaux 2015","robots":{"index":"index","follow":"follow","max-snippet":"max-snippet:-1","max-image-preview":"max-image-preview:large","max-video-preview":"max-video-preview:-1"},"canonical":"https:\/\/suwine.at\/hr\/produkt\/chateau-la-lagune-3eme-cru-classe-chateau-la-lagune-haut-medoc-bordeaux-2015\/","og_locale":"hr_HR","og_type":"article","og_title":"Ch\u00e2teau La Lagune, 3\u00e8me Cru Class\u00e9, Ch\u00e2teau La Lagune, Haut-M\u00e9doc, Bordeaux 2015 - Suwine - Suwi Zlatic","og_description":"Ch\u00e2teau La Lagune, 3\u00e8me Cru Class\u00e9, Ch\u00e2teau La Lagune, Haut-M\u00e9doc, Bordeaux 2015","og_url":"https:\/\/suwine.at\/hr\/produkt\/chateau-la-lagune-3eme-cru-classe-chateau-la-lagune-haut-medoc-bordeaux-2015\/","og_site_name":"Suwine - Suwi Zlatic","article_modified_time":"2026-03-31T12:15:22+00:00","og_image":[{"width":1600,"height":1600,"url":"https:\/\/suwine.at\/wp-content\/uploads\/2026\/03\/IMG_2279.avif","type":"image\/jpeg"}],"twitter_card":"summary_large_image","twitter_misc":{"Procijenjeno vrijeme \u010ditanja":"1 minuta"},"schema":{"@context":"https:\/\/schema.org","@graph":[{"@type":"WebPage","@id":"https:\/\/suwine.at\/hr\/produkt\/chateau-la-lagune-3eme-cru-classe-chateau-la-lagune-haut-medoc-bordeaux-2015\/","url":"https:\/\/suwine.at\/hr\/produkt\/chateau-la-lagune-3eme-cru-classe-chateau-la-lagune-haut-medoc-bordeaux-2015\/","name":"Ch\u00e2teau La Lagune, 3\u00e8me Cru Class\u00e9, Ch\u00e2teau La Lagune, Haut-M\u00e9doc, Bordeaux 2015 - Suwine - Suwi Zlatic","isPartOf":{"@id":"https:\/\/suwine.at\/hr\/#website"},"primaryImageOfPage":{"@id":"https:\/\/suwine.at\/hr\/produkt\/chateau-la-lagune-3eme-cru-classe-chateau-la-lagune-haut-medoc-bordeaux-2015\/#primaryimage"},"image":{"@id":"https:\/\/suwine.at\/hr\/produkt\/chateau-la-lagune-3eme-cru-classe-chateau-la-lagune-haut-medoc-bordeaux-2015\/#primaryimage"},"thumbnailUrl":"https:\/\/suwine.at\/wp-content\/uploads\/2026\/03\/IMG_2279.avif","datePublished":"2026-03-30T20:47:46+00:00","dateModified":"2026-03-31T12:15:22+00:00","description":"Ch\u00e2teau La Lagune, 3\u00e8me Cru Class\u00e9, Ch\u00e2teau La Lagune, Haut-M\u00e9doc, Bordeaux 2015","breadcrumb":{"@id":"https:\/\/suwine.at\/hr\/produkt\/chateau-la-lagune-3eme-cru-classe-chateau-la-lagune-haut-medoc-bordeaux-2015\/#breadcrumb"},"inLanguage":"hr","potentialAction":[{"@type":"ReadAction","target":["https:\/\/suwine.at\/hr\/produkt\/chateau-la-lagune-3eme-cru-classe-chateau-la-lagune-haut-medoc-bordeaux-2015\/"]}]},{"@type":"ImageObject","inLanguage":"hr","@id":"https:\/\/suwine.at\/hr\/produkt\/chateau-la-lagune-3eme-cru-classe-chateau-la-lagune-haut-medoc-bordeaux-2015\/#primaryimage","url":"https:\/\/suwine.at\/wp-content\/uploads\/2026\/03\/IMG_2279.avif","contentUrl":"https:\/\/suwine.at\/wp-content\/uploads\/2026\/03\/IMG_2279.avif","width":1600,"height":1600,"caption":"Lagune"},{"@type":"BreadcrumbList","@id":"https:\/\/suwine.at\/hr\/produkt\/chateau-la-lagune-3eme-cru-classe-chateau-la-lagune-haut-medoc-bordeaux-2015\/#breadcrumb","itemListElement":[{"@type":"ListItem","position":1,"name":"Startseite","item":"https:\/\/suwine.at\/hr\/"},{"@type":"ListItem","position":2,"name":"Shop","item":"https:\/\/suwine.at\/shop\/"},{"@type":"ListItem","position":3,"name":"Ch\u00e2teau La Lagune, 3\u00e8me Cru Class\u00e9, Ch\u00e2teau La Lagune, Haut-M\u00e9doc, Bordeaux 2015"}]},{"@type":"WebSite","@id":"https:\/\/suwine.at\/hr\/#website","url":"https:\/\/suwine.at\/hr\/","name":"Suwine - Suwi Zlatic","description":"Sommelier | Gourmet Play Store | Consulting","potentialAction":[{"@type":"SearchAction","target":{"@type":"EntryPoint","urlTemplate":"https:\/\/suwine.at\/hr\/?s={search_term_string}"},"query-input":{"@type":"PropertyValueSpecification","valueRequired":true,"valueName":"search_term_string"}}],"inLanguage":"hr"}]}},"_links":{"self":[{"href":"https:\/\/suwine.at\/hr\/wp-json\/wp\/v2\/product\/236125","targetHints":{"allow":["GET"]}}],"collection":[{"href":"https:\/\/suwine.at\/hr\/wp-json\/wp\/v2\/product"}],"about":[{"href":"https:\/\/suwine.at\/hr\/wp-json\/wp\/v2\/types\/product"}],"wp:featuredmedia":[{"embeddable":true,"href":"https:\/\/suwine.at\/hr\/wp-json\/wp\/v2\/media\/236126"}],"wp:attachment":[{"href":"https:\/\/suwine.at\/hr\/wp-json\/wp\/v2\/media?parent=236125"}],"wp:term":[{"taxonomy":"product_brand","embeddable":true,"href":"https:\/\/suwine.at\/hr\/wp-json\/wp\/v2\/product_brand?post=236125"},{"taxonomy":"product_cat","embeddable":true,"href":"https:\/\/suwine.at\/hr\/wp-json\/wp\/v2\/product_cat?post=236125"},{"taxonomy":"product_tag","embeddable":true,"href":"https:\/\/suwine.at\/hr\/wp-json\/wp\/v2\/product_tag?post=236125"}],"curies":[{"name":"wp","href":"https:\/\/api.w.org\/{rel}","templated":true}]}}