{"id":236127,"date":"2026-03-30T22:56:03","date_gmt":"2026-03-30T20:56:03","guid":{"rendered":"https:\/\/suwine.at\/?post_type=product&#038;p=236127"},"modified":"2026-03-31T14:13:11","modified_gmt":"2026-03-31T12:13:11","slug":"petit-figeac-2-wein-2019","status":"publish","type":"product","link":"https:\/\/suwine.at\/hr\/produkt\/petit-figeac-2-wein-2019\/","title":{"rendered":"Petit Figeac &#8211; (2.Wein) 2019"},"content":{"rendered":"<h2>Petit Figeac &#8211; (2.Wein) 2019<\/h2>\n<p>Direkte, fokussierte Aromen von Cassis und Pflaume, mit subtiler Unterst\u00fctzung von Lakritz, rotem Tee und s\u00fc\u00dfem Tabak. Leichtes, seidig anmutendes Finale. Merlot, Cabernet Sauvignon und Cabernet Franc. 2.652 Kisten produziert.<\/p>\n<table class=\"ProductAttributesTable_table__o60u_\">\n<tbody>\n<tr>\n<td>Herkunftsland<\/td>\n<td>Frankreich<\/td>\n<\/tr>\n<tr>\n<td>Region<\/td>\n<td>Bordeaux<\/td>\n<\/tr>\n<tr>\n<td>Appellation<\/td>\n<td>Saint-Emilion<\/td>\n<\/tr>\n<tr>\n<td>Farbe<\/td>\n<td>Rot<\/td>\n<\/tr>\n<tr>\n<td>Klassifikation<\/td>\n<td>Zweitwein von Ch. Figeac<\/td>\n<\/tr>\n<tr>\n<td>am Lager<\/td>\n<td>Lieferbarer Wein<\/td>\n<\/tr>\n<tr>\n<td>Alkohol<\/td>\n<td>14<\/td>\n<\/tr>\n<tr>\n<td>Traubensorten<\/td>\n<td>Cabernet Sauvignon\/Cabernet Franc\/Merlot<\/td>\n<\/tr>\n<tr>\n<td>Herkunftszertifikat<\/td>\n<td>AOC<\/td>\n<\/tr>\n<tr>\n<td>Allergene<\/td>\n<td>Enth\u00e4lt Sulfite<\/td>\n<\/tr>\n<\/tbody>\n<\/table>\n<span class=\"et_bloom_bottom_trigger\"><\/span>","protected":false},"excerpt":{"rendered":"<p>Petit Figeac &#8211; (2.Wein) 2019<\/p>\n<p>&nbsp;<\/p>\n","protected":false},"featured_media":236128,"template":"","meta":{"_et_pb_use_builder":"","_et_pb_old_content":"","_et_gb_content_width":""},"product_brand":[],"product_cat":[210,85],"product_tag":[],"class_list":{"0":"post-236127","1":"product","2":"type-product","3":"status-publish","4":"has-post-thumbnail","6":"product_cat-rotwein-international","7":"product_cat-rotwein","9":"first","10":"instock","11":"taxable","12":"shipping-taxable","13":"purchasable","14":"product-type-simple"},"yoast_head":"<!-- This site is optimized with the Yoast SEO plugin v27.2 - https:\/\/yoast.com\/product\/yoast-seo-wordpress\/ -->\n<title>Petit Figeac - (2.Wein) 2019 - Suwine - Suwi Zlatic<\/title>\n<meta name=\"description\" content=\"Petit Figeac - (2.Wein) 2019\" \/>\n<meta name=\"robots\" content=\"index, follow, max-snippet:-1, max-image-preview:large, max-video-preview:-1\" \/>\n<link rel=\"canonical\" href=\"https:\/\/suwine.at\/hr\/produkt\/petit-figeac-2-wein-2019\/\" \/>\n<meta property=\"og:locale\" content=\"hr_HR\" \/>\n<meta property=\"og:type\" content=\"article\" \/>\n<meta property=\"og:title\" content=\"Petit Figeac - (2.Wein) 2019 - Suwine - Suwi Zlatic\" \/>\n<meta property=\"og:description\" content=\"Petit Figeac - (2.Wein) 2019\" \/>\n<meta property=\"og:url\" content=\"https:\/\/suwine.at\/hr\/produkt\/petit-figeac-2-wein-2019\/\" \/>\n<meta property=\"og:site_name\" content=\"Suwine - Suwi Zlatic\" \/>\n<meta property=\"article:modified_time\" content=\"2026-03-31T12:13:11+00:00\" \/>\n<meta property=\"og:image\" content=\"https:\/\/suwine.at\/wp-content\/uploads\/2026\/03\/petit-figeac.avif\" \/>\n\t<meta property=\"og:image:width\" content=\"1600\" \/>\n\t<meta property=\"og:image:height\" content=\"1600\" \/>\n\t<meta property=\"og:image:type\" content=\"image\/jpeg\" \/>\n<meta name=\"twitter:card\" content=\"summary_large_image\" \/>\n<meta name=\"twitter:label1\" content=\"Procijenjeno vrijeme \u010ditanja\" \/>\n\t<meta name=\"twitter:data1\" content=\"1 minuta\" \/>\n<script type=\"application\/ld+json\" class=\"yoast-schema-graph\">{\"@context\":\"https:\/\/schema.org\",\"@graph\":[{\"@type\":\"WebPage\",\"@id\":\"https:\/\/suwine.at\/hr\/produkt\/petit-figeac-2-wein-2019\/\",\"url\":\"https:\/\/suwine.at\/hr\/produkt\/petit-figeac-2-wein-2019\/\",\"name\":\"Petit Figeac - (2.Wein) 2019 - Suwine - Suwi Zlatic\",\"isPartOf\":{\"@id\":\"https:\/\/suwine.at\/hr\/#website\"},\"primaryImageOfPage\":{\"@id\":\"https:\/\/suwine.at\/hr\/produkt\/petit-figeac-2-wein-2019\/#primaryimage\"},\"image\":{\"@id\":\"https:\/\/suwine.at\/hr\/produkt\/petit-figeac-2-wein-2019\/#primaryimage\"},\"thumbnailUrl\":\"https:\/\/suwine.at\/wp-content\/uploads\/2026\/03\/petit-figeac.avif\",\"datePublished\":\"2026-03-30T20:56:03+00:00\",\"dateModified\":\"2026-03-31T12:13:11+00:00\",\"description\":\"Petit Figeac - (2.Wein) 2019\",\"breadcrumb\":{\"@id\":\"https:\/\/suwine.at\/hr\/produkt\/petit-figeac-2-wein-2019\/#breadcrumb\"},\"inLanguage\":\"hr\",\"potentialAction\":[{\"@type\":\"ReadAction\",\"target\":[\"https:\/\/suwine.at\/hr\/produkt\/petit-figeac-2-wein-2019\/\"]}]},{\"@type\":\"ImageObject\",\"inLanguage\":\"hr\",\"@id\":\"https:\/\/suwine.at\/hr\/produkt\/petit-figeac-2-wein-2019\/#primaryimage\",\"url\":\"https:\/\/suwine.at\/wp-content\/uploads\/2026\/03\/petit-figeac.avif\",\"contentUrl\":\"https:\/\/suwine.at\/wp-content\/uploads\/2026\/03\/petit-figeac.avif\",\"width\":1600,\"height\":1600,\"caption\":\"petit figeac\"},{\"@type\":\"BreadcrumbList\",\"@id\":\"https:\/\/suwine.at\/hr\/produkt\/petit-figeac-2-wein-2019\/#breadcrumb\",\"itemListElement\":[{\"@type\":\"ListItem\",\"position\":1,\"name\":\"Startseite\",\"item\":\"https:\/\/suwine.at\/hr\/\"},{\"@type\":\"ListItem\",\"position\":2,\"name\":\"Shop\",\"item\":\"https:\/\/suwine.at\/shop\/\"},{\"@type\":\"ListItem\",\"position\":3,\"name\":\"Petit Figeac &#8211; (2.Wein) 2019\"}]},{\"@type\":\"WebSite\",\"@id\":\"https:\/\/suwine.at\/hr\/#website\",\"url\":\"https:\/\/suwine.at\/hr\/\",\"name\":\"Suwine - Suwi Zlatic\",\"description\":\"Sommelier | Gourmet Play Store | Consulting\",\"potentialAction\":[{\"@type\":\"SearchAction\",\"target\":{\"@type\":\"EntryPoint\",\"urlTemplate\":\"https:\/\/suwine.at\/hr\/?s={search_term_string}\"},\"query-input\":{\"@type\":\"PropertyValueSpecification\",\"valueRequired\":true,\"valueName\":\"search_term_string\"}}],\"inLanguage\":\"hr\"}]}<\/script>\n<!-- \/ Yoast SEO plugin. -->","yoast_head_json":{"title":"Petit Figeac - (2.Wein) 2019 - Suwine - Suwi Zlatic","description":"Petit Figeac - (2.Wein) 2019","robots":{"index":"index","follow":"follow","max-snippet":"max-snippet:-1","max-image-preview":"max-image-preview:large","max-video-preview":"max-video-preview:-1"},"canonical":"https:\/\/suwine.at\/hr\/produkt\/petit-figeac-2-wein-2019\/","og_locale":"hr_HR","og_type":"article","og_title":"Petit Figeac - (2.Wein) 2019 - Suwine - Suwi Zlatic","og_description":"Petit Figeac - (2.Wein) 2019","og_url":"https:\/\/suwine.at\/hr\/produkt\/petit-figeac-2-wein-2019\/","og_site_name":"Suwine - Suwi Zlatic","article_modified_time":"2026-03-31T12:13:11+00:00","og_image":[{"width":1600,"height":1600,"url":"https:\/\/suwine.at\/wp-content\/uploads\/2026\/03\/petit-figeac.avif","type":"image\/jpeg"}],"twitter_card":"summary_large_image","twitter_misc":{"Procijenjeno vrijeme \u010ditanja":"1 minuta"},"schema":{"@context":"https:\/\/schema.org","@graph":[{"@type":"WebPage","@id":"https:\/\/suwine.at\/hr\/produkt\/petit-figeac-2-wein-2019\/","url":"https:\/\/suwine.at\/hr\/produkt\/petit-figeac-2-wein-2019\/","name":"Petit Figeac - (2.Wein) 2019 - Suwine - Suwi Zlatic","isPartOf":{"@id":"https:\/\/suwine.at\/hr\/#website"},"primaryImageOfPage":{"@id":"https:\/\/suwine.at\/hr\/produkt\/petit-figeac-2-wein-2019\/#primaryimage"},"image":{"@id":"https:\/\/suwine.at\/hr\/produkt\/petit-figeac-2-wein-2019\/#primaryimage"},"thumbnailUrl":"https:\/\/suwine.at\/wp-content\/uploads\/2026\/03\/petit-figeac.avif","datePublished":"2026-03-30T20:56:03+00:00","dateModified":"2026-03-31T12:13:11+00:00","description":"Petit Figeac - (2.Wein) 2019","breadcrumb":{"@id":"https:\/\/suwine.at\/hr\/produkt\/petit-figeac-2-wein-2019\/#breadcrumb"},"inLanguage":"hr","potentialAction":[{"@type":"ReadAction","target":["https:\/\/suwine.at\/hr\/produkt\/petit-figeac-2-wein-2019\/"]}]},{"@type":"ImageObject","inLanguage":"hr","@id":"https:\/\/suwine.at\/hr\/produkt\/petit-figeac-2-wein-2019\/#primaryimage","url":"https:\/\/suwine.at\/wp-content\/uploads\/2026\/03\/petit-figeac.avif","contentUrl":"https:\/\/suwine.at\/wp-content\/uploads\/2026\/03\/petit-figeac.avif","width":1600,"height":1600,"caption":"petit figeac"},{"@type":"BreadcrumbList","@id":"https:\/\/suwine.at\/hr\/produkt\/petit-figeac-2-wein-2019\/#breadcrumb","itemListElement":[{"@type":"ListItem","position":1,"name":"Startseite","item":"https:\/\/suwine.at\/hr\/"},{"@type":"ListItem","position":2,"name":"Shop","item":"https:\/\/suwine.at\/shop\/"},{"@type":"ListItem","position":3,"name":"Petit Figeac &#8211; (2.Wein) 2019"}]},{"@type":"WebSite","@id":"https:\/\/suwine.at\/hr\/#website","url":"https:\/\/suwine.at\/hr\/","name":"Suwine - Suwi Zlatic","description":"Sommelier | Gourmet Play Store | Consulting","potentialAction":[{"@type":"SearchAction","target":{"@type":"EntryPoint","urlTemplate":"https:\/\/suwine.at\/hr\/?s={search_term_string}"},"query-input":{"@type":"PropertyValueSpecification","valueRequired":true,"valueName":"search_term_string"}}],"inLanguage":"hr"}]}},"_links":{"self":[{"href":"https:\/\/suwine.at\/hr\/wp-json\/wp\/v2\/product\/236127","targetHints":{"allow":["GET"]}}],"collection":[{"href":"https:\/\/suwine.at\/hr\/wp-json\/wp\/v2\/product"}],"about":[{"href":"https:\/\/suwine.at\/hr\/wp-json\/wp\/v2\/types\/product"}],"wp:featuredmedia":[{"embeddable":true,"href":"https:\/\/suwine.at\/hr\/wp-json\/wp\/v2\/media\/236128"}],"wp:attachment":[{"href":"https:\/\/suwine.at\/hr\/wp-json\/wp\/v2\/media?parent=236127"}],"wp:term":[{"taxonomy":"product_brand","embeddable":true,"href":"https:\/\/suwine.at\/hr\/wp-json\/wp\/v2\/product_brand?post=236127"},{"taxonomy":"product_cat","embeddable":true,"href":"https:\/\/suwine.at\/hr\/wp-json\/wp\/v2\/product_cat?post=236127"},{"taxonomy":"product_tag","embeddable":true,"href":"https:\/\/suwine.at\/hr\/wp-json\/wp\/v2\/product_tag?post=236127"}],"curies":[{"name":"wp","href":"https:\/\/api.w.org\/{rel}","templated":true}]}}