{"id":236189,"date":"2026-04-24T10:42:54","date_gmt":"2026-04-24T08:42:54","guid":{"rendered":"https:\/\/suwine.at\/?post_type=product&#038;p=236189"},"modified":"2026-04-24T16:38:19","modified_gmt":"2026-04-24T14:38:19","slug":"chablis-2022-domaine-jean-dauvissat-osietra-zefir-kaviar","status":"publish","type":"product","link":"https:\/\/suwine.at\/hr\/produkt\/chablis-2022-domaine-jean-dauvissat-osietra-zefir-kaviar\/","title":{"rendered":"Chablis 2022 Domaine Jean Dauvissat &amp; Osietra Zefir Kaviar"},"content":{"rendered":"<h2>Chablis 2022 Domaine Jean Dauvissat &amp; Osietra Zefir Kaviar<\/h2>\n<p class=\"p1\">Ein raffiniertes Genuss-Set f\u00fcr Liebhaber feiner Kombinationen. Der elegante Chablis 2022 von <span class=\"s2\">Domaine Jean Dauvissat<\/span><span class=\"s1\">begeistert mit seiner typischen Mineralit\u00e4t, frischer S\u00e4ure und Aromen von Zitrusfr\u00fcchten, gr\u00fcnem Apfel und wei\u00dfen Bl\u00fcten.<\/span><\/p>\n<p class=\"p1\">Der Osietra Zefir Kaviar erg\u00e4nzt dieses Profil perfekt mit seiner feinen K\u00f6rnung, cremigen Textur und seinem nussig-milden Geschmack. Die salzige Finesse des Kaviars unterstreicht die Frische des Chablis und sorgt f\u00fcr ein au\u00dfergew\u00f6hnlich harmonisches Geschmackserlebnis.<\/p>\n<p class=\"p1\">Ein ideales Set f\u00fcr besondere Anl\u00e4sse, stilvolle Aperitifs oder als exklusives Geschenk.<\/p>\n<p class=\"p1\"><b>Jetzt zum Spezialpreis erh\u00e4ltlich \u2013 limitiert verf\u00fcgbar.<\/b><\/p>\n<p>Inhalt:<\/p>\n<ul>\n<li>Chablis 2022 Domaine Jean Dauvissat x1<\/li>\n<li>Zefir Osietra Kaviar 30 g x1<\/li>\n<\/ul>\n<p>&nbsp;<\/p>\n<span class=\"et_bloom_bottom_trigger\"><\/span>","protected":false},"excerpt":{"rendered":"<p class=\"p1\">Feine Mineralit\u00e4t trifft auf zarte Meeresnoten. Dieses exklusive Set verbindet die Frische eines klassischen Chablis mit der eleganten Tiefe von Osietra Kaviar. Ein Spiel aus Struktur, Salzigkeit und Finesse \u2013 geschaffen f\u00fcr Momente, die nach etwas Besonderem verlangen.<\/p>\n","protected":false},"featured_media":236188,"template":"","meta":{"_et_pb_use_builder":"","_et_pb_old_content":"","_et_gb_content_width":""},"product_brand":[],"product_cat":[84,212],"product_tag":[126,498],"class_list":{"0":"post-236189","1":"product","2":"type-product","3":"status-publish","4":"has-post-thumbnail","6":"product_cat-weisswein","7":"product_cat-weisswein-international","8":"product_tag-frankreich","9":"product_tag-chablis","11":"first","12":"instock","13":"taxable","14":"shipping-taxable","15":"purchasable","16":"product-type-simple"},"yoast_head":"<!-- This site is optimized with the Yoast SEO plugin v27.2 - https:\/\/yoast.com\/product\/yoast-seo-wordpress\/ -->\n<title>Chablis 2022 Domaine Jean Dauvissat &amp; Osietra Zefir Kaviar - Suwine - Suwi Zlatic<\/title>\n<meta name=\"robots\" content=\"index, follow, max-snippet:-1, max-image-preview:large, max-video-preview:-1\" \/>\n<link rel=\"canonical\" href=\"https:\/\/suwine.at\/hr\/produkt\/chablis-2022-domaine-jean-dauvissat-osietra-zefir-kaviar\/\" \/>\n<meta property=\"og:locale\" content=\"hr_HR\" \/>\n<meta property=\"og:type\" content=\"article\" \/>\n<meta property=\"og:title\" content=\"Chablis 2022 Domaine Jean Dauvissat &amp; Osietra Zefir Kaviar - Suwine - Suwi Zlatic\" \/>\n<meta property=\"og:description\" content=\"Feine Mineralit\u00e4t trifft auf zarte Meeresnoten. Dieses exklusive Set verbindet die Frische eines klassischen Chablis mit der eleganten Tiefe von Osietra Kaviar. Ein Spiel aus Struktur, Salzigkeit und Finesse \u2013 geschaffen f\u00fcr Momente, die nach etwas Besonderem verlangen.\" \/>\n<meta property=\"og:url\" content=\"https:\/\/suwine.at\/hr\/produkt\/chablis-2022-domaine-jean-dauvissat-osietra-zefir-kaviar\/\" \/>\n<meta property=\"og:site_name\" content=\"Suwine - Suwi Zlatic\" \/>\n<meta property=\"article:modified_time\" content=\"2026-04-24T14:38:19+00:00\" \/>\n<meta property=\"og:image\" content=\"https:\/\/suwine.at\/wp-content\/uploads\/2026\/04\/Chablis-kaviar.avif\" \/>\n\t<meta property=\"og:image:width\" content=\"1402\" \/>\n\t<meta property=\"og:image:height\" content=\"1122\" \/>\n\t<meta property=\"og:image:type\" content=\"image\/png\" \/>\n<meta name=\"twitter:card\" content=\"summary_large_image\" \/>\n<meta name=\"twitter:label1\" content=\"Procijenjeno vrijeme \u010ditanja\" \/>\n\t<meta name=\"twitter:data1\" content=\"1 minuta\" \/>\n<script type=\"application\/ld+json\" class=\"yoast-schema-graph\">{\"@context\":\"https:\/\/schema.org\",\"@graph\":[{\"@type\":\"WebPage\",\"@id\":\"https:\/\/suwine.at\/hr\/produkt\/chablis-2022-domaine-jean-dauvissat-osietra-zefir-kaviar\/\",\"url\":\"https:\/\/suwine.at\/hr\/produkt\/chablis-2022-domaine-jean-dauvissat-osietra-zefir-kaviar\/\",\"name\":\"Chablis 2022 Domaine Jean Dauvissat &amp; Osietra Zefir Kaviar - Suwine - Suwi Zlatic\",\"isPartOf\":{\"@id\":\"https:\/\/suwine.at\/hr\/#website\"},\"primaryImageOfPage\":{\"@id\":\"https:\/\/suwine.at\/hr\/produkt\/chablis-2022-domaine-jean-dauvissat-osietra-zefir-kaviar\/#primaryimage\"},\"image\":{\"@id\":\"https:\/\/suwine.at\/hr\/produkt\/chablis-2022-domaine-jean-dauvissat-osietra-zefir-kaviar\/#primaryimage\"},\"thumbnailUrl\":\"https:\/\/suwine.at\/wp-content\/uploads\/2026\/04\/Chablis-kaviar.avif\",\"datePublished\":\"2026-04-24T08:42:54+00:00\",\"dateModified\":\"2026-04-24T14:38:19+00:00\",\"breadcrumb\":{\"@id\":\"https:\/\/suwine.at\/hr\/produkt\/chablis-2022-domaine-jean-dauvissat-osietra-zefir-kaviar\/#breadcrumb\"},\"inLanguage\":\"hr\",\"potentialAction\":[{\"@type\":\"ReadAction\",\"target\":[\"https:\/\/suwine.at\/hr\/produkt\/chablis-2022-domaine-jean-dauvissat-osietra-zefir-kaviar\/\"]}]},{\"@type\":\"ImageObject\",\"inLanguage\":\"hr\",\"@id\":\"https:\/\/suwine.at\/hr\/produkt\/chablis-2022-domaine-jean-dauvissat-osietra-zefir-kaviar\/#primaryimage\",\"url\":\"https:\/\/suwine.at\/wp-content\/uploads\/2026\/04\/Chablis-kaviar.avif\",\"contentUrl\":\"https:\/\/suwine.at\/wp-content\/uploads\/2026\/04\/Chablis-kaviar.avif\",\"width\":1402,\"height\":1122,\"caption\":\"Dauvissat 2022\"},{\"@type\":\"BreadcrumbList\",\"@id\":\"https:\/\/suwine.at\/hr\/produkt\/chablis-2022-domaine-jean-dauvissat-osietra-zefir-kaviar\/#breadcrumb\",\"itemListElement\":[{\"@type\":\"ListItem\",\"position\":1,\"name\":\"Startseite\",\"item\":\"https:\/\/suwine.at\/hr\/\"},{\"@type\":\"ListItem\",\"position\":2,\"name\":\"Shop\",\"item\":\"https:\/\/suwine.at\/shop\/\"},{\"@type\":\"ListItem\",\"position\":3,\"name\":\"Chablis 2022 Domaine Jean Dauvissat &amp; Osietra Zefir Kaviar\"}]},{\"@type\":\"WebSite\",\"@id\":\"https:\/\/suwine.at\/hr\/#website\",\"url\":\"https:\/\/suwine.at\/hr\/\",\"name\":\"Suwine - Suwi Zlatic\",\"description\":\"Sommelier | Gourmet Play Store | Consulting\",\"potentialAction\":[{\"@type\":\"SearchAction\",\"target\":{\"@type\":\"EntryPoint\",\"urlTemplate\":\"https:\/\/suwine.at\/hr\/?s={search_term_string}\"},\"query-input\":{\"@type\":\"PropertyValueSpecification\",\"valueRequired\":true,\"valueName\":\"search_term_string\"}}],\"inLanguage\":\"hr\"}]}<\/script>\n<!-- \/ Yoast SEO plugin. -->","yoast_head_json":{"title":"Chablis 2022 Domaine Jean Dauvissat &amp; Osietra Zefir Kaviar - Suwine - Suwi Zlatic","robots":{"index":"index","follow":"follow","max-snippet":"max-snippet:-1","max-image-preview":"max-image-preview:large","max-video-preview":"max-video-preview:-1"},"canonical":"https:\/\/suwine.at\/hr\/produkt\/chablis-2022-domaine-jean-dauvissat-osietra-zefir-kaviar\/","og_locale":"hr_HR","og_type":"article","og_title":"Chablis 2022 Domaine Jean Dauvissat &amp; Osietra Zefir Kaviar - Suwine - Suwi Zlatic","og_description":"Feine Mineralit\u00e4t trifft auf zarte Meeresnoten. Dieses exklusive Set verbindet die Frische eines klassischen Chablis mit der eleganten Tiefe von Osietra Kaviar. Ein Spiel aus Struktur, Salzigkeit und Finesse \u2013 geschaffen f\u00fcr Momente, die nach etwas Besonderem verlangen.","og_url":"https:\/\/suwine.at\/hr\/produkt\/chablis-2022-domaine-jean-dauvissat-osietra-zefir-kaviar\/","og_site_name":"Suwine - Suwi Zlatic","article_modified_time":"2026-04-24T14:38:19+00:00","og_image":[{"width":1402,"height":1122,"url":"https:\/\/suwine.at\/wp-content\/uploads\/2026\/04\/Chablis-kaviar.avif","type":"image\/png"}],"twitter_card":"summary_large_image","twitter_misc":{"Procijenjeno vrijeme \u010ditanja":"1 minuta"},"schema":{"@context":"https:\/\/schema.org","@graph":[{"@type":"WebPage","@id":"https:\/\/suwine.at\/hr\/produkt\/chablis-2022-domaine-jean-dauvissat-osietra-zefir-kaviar\/","url":"https:\/\/suwine.at\/hr\/produkt\/chablis-2022-domaine-jean-dauvissat-osietra-zefir-kaviar\/","name":"Chablis 2022 Domaine Jean Dauvissat &amp; Osietra Zefir Kaviar - Suwine - Suwi Zlatic","isPartOf":{"@id":"https:\/\/suwine.at\/hr\/#website"},"primaryImageOfPage":{"@id":"https:\/\/suwine.at\/hr\/produkt\/chablis-2022-domaine-jean-dauvissat-osietra-zefir-kaviar\/#primaryimage"},"image":{"@id":"https:\/\/suwine.at\/hr\/produkt\/chablis-2022-domaine-jean-dauvissat-osietra-zefir-kaviar\/#primaryimage"},"thumbnailUrl":"https:\/\/suwine.at\/wp-content\/uploads\/2026\/04\/Chablis-kaviar.avif","datePublished":"2026-04-24T08:42:54+00:00","dateModified":"2026-04-24T14:38:19+00:00","breadcrumb":{"@id":"https:\/\/suwine.at\/hr\/produkt\/chablis-2022-domaine-jean-dauvissat-osietra-zefir-kaviar\/#breadcrumb"},"inLanguage":"hr","potentialAction":[{"@type":"ReadAction","target":["https:\/\/suwine.at\/hr\/produkt\/chablis-2022-domaine-jean-dauvissat-osietra-zefir-kaviar\/"]}]},{"@type":"ImageObject","inLanguage":"hr","@id":"https:\/\/suwine.at\/hr\/produkt\/chablis-2022-domaine-jean-dauvissat-osietra-zefir-kaviar\/#primaryimage","url":"https:\/\/suwine.at\/wp-content\/uploads\/2026\/04\/Chablis-kaviar.avif","contentUrl":"https:\/\/suwine.at\/wp-content\/uploads\/2026\/04\/Chablis-kaviar.avif","width":1402,"height":1122,"caption":"Dauvissat 2022"},{"@type":"BreadcrumbList","@id":"https:\/\/suwine.at\/hr\/produkt\/chablis-2022-domaine-jean-dauvissat-osietra-zefir-kaviar\/#breadcrumb","itemListElement":[{"@type":"ListItem","position":1,"name":"Startseite","item":"https:\/\/suwine.at\/hr\/"},{"@type":"ListItem","position":2,"name":"Shop","item":"https:\/\/suwine.at\/shop\/"},{"@type":"ListItem","position":3,"name":"Chablis 2022 Domaine Jean Dauvissat &amp; Osietra Zefir Kaviar"}]},{"@type":"WebSite","@id":"https:\/\/suwine.at\/hr\/#website","url":"https:\/\/suwine.at\/hr\/","name":"Suwine - Suwi Zlatic","description":"Sommelier | Gourmet Play Store | Consulting","potentialAction":[{"@type":"SearchAction","target":{"@type":"EntryPoint","urlTemplate":"https:\/\/suwine.at\/hr\/?s={search_term_string}"},"query-input":{"@type":"PropertyValueSpecification","valueRequired":true,"valueName":"search_term_string"}}],"inLanguage":"hr"}]}},"_links":{"self":[{"href":"https:\/\/suwine.at\/hr\/wp-json\/wp\/v2\/product\/236189","targetHints":{"allow":["GET"]}}],"collection":[{"href":"https:\/\/suwine.at\/hr\/wp-json\/wp\/v2\/product"}],"about":[{"href":"https:\/\/suwine.at\/hr\/wp-json\/wp\/v2\/types\/product"}],"wp:featuredmedia":[{"embeddable":true,"href":"https:\/\/suwine.at\/hr\/wp-json\/wp\/v2\/media\/236188"}],"wp:attachment":[{"href":"https:\/\/suwine.at\/hr\/wp-json\/wp\/v2\/media?parent=236189"}],"wp:term":[{"taxonomy":"product_brand","embeddable":true,"href":"https:\/\/suwine.at\/hr\/wp-json\/wp\/v2\/product_brand?post=236189"},{"taxonomy":"product_cat","embeddable":true,"href":"https:\/\/suwine.at\/hr\/wp-json\/wp\/v2\/product_cat?post=236189"},{"taxonomy":"product_tag","embeddable":true,"href":"https:\/\/suwine.at\/hr\/wp-json\/wp\/v2\/product_tag?post=236189"}],"curies":[{"name":"wp","href":"https:\/\/api.w.org\/{rel}","templated":true}]}}